{"id":220740,"date":"2019-03-25T14:40:55","date_gmt":"2019-03-25T21:40:55","guid":{"rendered":"https:\/\/lundbergtechnologies.com\/evaporadores\/"},"modified":"2019-03-25T21:19:45","modified_gmt":"2019-03-26T04:19:45","slug":"evaporadores","status":"publish","type":"page","link":"https:\/\/lundbergtechnologies.com\/es\/evaporadores\/","title":{"rendered":"Evaporadores"},"content":{"rendered":"<p>[et_pb_section fb_built=\u00bb1&#8243; custom_padding_last_edited=\u00bbon|phone\u00bb module_class=\u00bbvb-hero\u00bb _builder_version=\u00bb3.15&#8243; use_background_color_gradient=\u00bbon\u00bb background_color_gradient_start=\u00bbrgba(0,75,141,0.96)\u00bb background_color_gradient_end=\u00bbrgba(0,75,141,0)\u00bb background_color_gradient_direction=\u00bb128deg\u00bb background_color_gradient_start_position=\u00bb45%\u00bb background_color_gradient_end_position=\u00bb27%\u00bb background_color_gradient_overlays_image=\u00bbon\u00bb background_image=\u00bbhttps:\/\/lundbergtechnologies.com\/wp-content\/uploads\/2018\/09\/Evaporation-Demopolis-Overfiew-Evaporators.jpg\u00bb background_position=\u00bbcenter_right\u00bb background_repeat=\u00bbrepeat\u00bb max_width_last_edited=\u00bbon|phone\u00bb custom_margin=\u00bb|||0px\u00bb custom_padding=\u00bb30px||30px||true\u00bb custom_padding_phone=\u00bb0px|0px|0px|0px\u00bb][et_pb_row custom_padding=\u00bb50px|||\u00bb custom_padding_tablet=\u00bb25px|||\u00bb custom_padding_phone=\u00bb38px|||\u00bb custom_margin=\u00bb|0px||44px\u00bb custom_padding_last_edited=\u00bbon|phone\u00bb _builder_version=\u00bb3.14&#8243; module_alignment=\u00bbleft\u00bb custom_margin_phone=\u00bb|||0px\u00bb custom_margin_last_edited=\u00bbon|phone\u00bb][et_pb_column type=\u00bb4_4&#8243; _builder_version=\u00bb3.0.47&#8243;][et_pb_post_title meta=\u00bboff\u00bb featured_image=\u00bboff\u00bb _builder_version=\u00bb3.14&#8243; title_font=\u00bbLato|700|||||||\u00bb title_text_align=\u00bbleft\u00bb title_font_size=\u00bb42px\u00bb title_font_size_tablet=\u00bb33px\u00bb title_font_size_phone=\u00bb26px\u00bb title_font_size_last_edited=\u00bbon|phone\u00bb background_color=\u00bb#042038&#8243; custom_margin=\u00bb|100px|0px|\u00bb custom_margin_tablet=\u00bb|100px||\u00bb custom_margin_phone=\u00bb|60px||\u00bb custom_margin_last_edited=\u00bbon|phone\u00bb custom_padding=\u00bb33px||10px|35px\u00bb custom_padding_tablet=\u00bb30px|0px|15px|14px\u00bb custom_padding_phone=\u00bb|||7px\u00bb custom_padding_last_edited=\u00bbon|tablet\u00bb][\/et_pb_post_title][et_pb_text _builder_version=\u00bb3.15&#8243; text_text_color=\u00bb#ffffff\u00bb text_font_size=\u00bb18px\u00bb text_font_size_tablet=\u00bb17px\u00bb text_font_size_phone=\u00bb16px\u00bb text_font_size_last_edited=\u00bbon|phone\u00bb text_line_height=\u00bb1.6em\u00bb background_color=\u00bb#042038&#8243; custom_margin=\u00bb0px|100px|0px|\u00bb custom_margin_phone=\u00bb|60px||\u00bb custom_margin_last_edited=\u00bbon|phone\u00bb custom_padding=\u00bb10px|24px|34px|40px||false\u00bb custom_padding_tablet=\u00bb10px|20px||10px||false\u00bb custom_padding_phone=\u00bb10px|20px|18px|20px||true\u00bb custom_padding_last_edited=\u00bbon|desktop\u00bb]Lundberg es un proveedor l\u00edder de tecnolog\u00eda de evaporaci\u00f3n. Las aplicaciones de nuestra tecnolog\u00eda incluyen: juegos completos con strippers de condensados integrados y concentradores de alto contenido en s\u00f3lidos, reconfiguraci\u00f3n de sus sistemas de evaporadores existentes, sistemas de pre-evaporaci\u00f3n  y evaporadores flash. La tecnolog\u00eda utilizada se ajusta a los requisitos espec\u00edficos de cada aplicaci\u00f3n.<br \/>\n[\/et_pb_text][\/et_pb_column][\/et_pb_row][\/et_pb_section][et_pb_section fb_built=\u00bb1&#8243; _builder_version=\u00bb3.15&#8243; background_color=\u00bb#ffffff\u00bb custom_padding=\u00bb|||\u00bb top_divider_color=\u00bb#004b8d\u00bb bottom_divider_color=\u00bb#004b8d\u00bb bottom_divider_flip=\u00bbhorizontal\u00bb bottom_divider_height_last_edited=\u00bbon|desktop\u00bb][et_pb_row use_custom_width=\u00bbon\u00bb width_unit=\u00bboff\u00bb custom_padding=\u00bb||71px|\u00bb custom_margin=\u00bb0px||1px|\u00bb custom_padding_last_edited=\u00bbon|desktop\u00bb padding_top_bottom_link_1=\u00bbfalse\u00bb padding_left_right_link_1=\u00bbtrue\u00bb padding_top_1=\u00bb0px\u00bb padding_bottom_1=\u00bb0px\u00bb _builder_version=\u00bb3.15&#8243;][et_pb_column type=\u00bb4_4&#8243; _builder_version=\u00bb3.0.47&#8243;][et_pb_text _builder_version=\u00bb3.15&#8243; header_2_text_color=\u00bb#003c72&#8243; header_2_font_size=\u00bb27px\u00bb header_2_line_height=\u00bb1.7em\u00bb header_4_line_height=\u00bb1.7em\u00bb custom_margin=\u00bb||-1px|\u00bb custom_padding=\u00bb0px||0px||true\u00bb]<\/p>\n<h2>Tecnolog\u00edas de evaporaci\u00f3n<\/h2>\n<p>Lundberg ofrece una gama completa de tecnolog\u00edas de evaporaci\u00f3n tubular, que incluyen pel\u00edcula descendente, tubo largo vertical y nuestros dise\u00f1os de circulaci\u00f3n forzada inundada con REX mejorados. Nuestra experiencia en la evaporaci\u00f3n abarca desde la producci\u00f3n de etanol hasta los sistemas cl\u00e1sicos de licor de kraft de madera blanda o madera dura que se encuentran en las f\u00e1bricas de celulosa. Tambi\u00e9n somos expertos en tratar con licores dif\u00edciles de evaporar, como la paja de trigo y el bagazo.<\/p>\n<p>La aplicaci\u00f3n de nuestra tecnolog\u00eda incluye l\u00edneas completas con strippers de condensados integrados y concentradores de alto contenido en s\u00f3lidos, sistemas de pre-evaporaci\u00f3n y evaporadores  flash. La tecnolog\u00eda tubular utilizada se ajusta a los requisitos espec\u00edficos de cada aplicaci\u00f3n.<\/p>\n<p>Lundberg es el proveedor l\u00edder de modificaciones de ingenier\u00eda a los sistemas de evaporadores existentes. Tenemos las soluciones para una amplia variedad de problemas que incluyen aumento de capacidad, mayor concentraci\u00f3n en  s\u00f3lidos, mejora del consumo de vapor, segregaci\u00f3n de condensados y reducci\u00f3n de arrastres de licor.<br \/>\n[\/et_pb_text][\/et_pb_column][\/et_pb_row][\/et_pb_section][et_pb_section fb_built=\u00bb1&#8243; _builder_version=\u00bb3.15&#8243; use_background_color_gradient=\u00bbon\u00bb background_color_gradient_start=\u00bbrgba(235,235,235,0.17)\u00bb background_color_gradient_end=\u00bb#ebebeb\u00bb custom_padding=\u00bb0px||0px|\u00bb][et_pb_row make_fullwidth=\u00bbon\u00bb use_custom_gutter=\u00bbon\u00bb gutter_width=\u00bb1&#8243; custom_padding=\u00bb0px||0px|\u00bb make_equal=\u00bbon\u00bb padding_left_right_link_2=\u00bbtrue\u00bb padding_right_2=\u00bb50px\u00bb padding_left_2=\u00bb50px\u00bb module_class_1=\u00bbimage-column\u00bb module_class=\u00bbfifty-fifty\u00bb _builder_version=\u00bb3.15&#8243; border_color_bottom=\u00bb#004b8d\u00bb][et_pb_column type=\u00bb2_5&#8243; _builder_version=\u00bb3.0.47&#8243;][et_pb_image src=\u00bbhttps:\/\/lundbergtechnologies.com\/wp-content\/uploads\/2018\/09\/Evaporation-173-Evaporators.jpg\u00bb show_bottom_space=\u00bboff\u00bb _builder_version=\u00bb3.15&#8243;][\/et_pb_image][\/et_pb_column][et_pb_column type=\u00bb3_5&#8243; _builder_version=\u00bb3.0.47&#8243;][et_pb_text _builder_version=\u00bb3.15&#8243; header_3_text_color=\u00bb#004b8d\u00bb header_3_font_size=\u00bb23px\u00bb header_3_font_size_tablet=\u00bb21px\u00bb header_3_font_size_phone=\u00bb19px\u00bb header_3_font_size_last_edited=\u00bbon|phone\u00bb header_3_line_height=\u00bb1.7em\u00bb custom_padding=\u00bb5%||0px|0px\u00bb]<\/p>\n<h3>Evaporadores de Efecto M\u00faltiple<\/h3>\n<p>Lundberg proporciona tecnolog\u00eda de evaporador de efecto m\u00faltiple para uso en muchas aplicaciones diferentes. El dise\u00f1o de nuestro sistema se basa en nuestra amplia experiencia tanto en la modificaci\u00f3n de evaporadores existentes como en la construcci\u00f3n de nuevas instalaciones. Cada proyecto est\u00e1 totalmente personalizado a los requisitos de proceso del cliente. Lundberg utilizar\u00e1 una combinaci\u00f3n de tecnolog\u00edas disponibles para proporcionar un sistema que optimice los costos, la eficiencia y la fiabilidad.<br \/>\n[\/et_pb_text][et_pb_button button_url=\u00bb\/es\/evaporadores\/evaporadores-de-efecto-multiple\/\u00bb button_text=\u00bbLEER M\u00c1S\u00bb _builder_version=\u00bb3.21.1&#8243; background_layout=\u00bbdark\u00bb custom_margin=\u00bb20px||5%|\u00bb custom_padding=\u00bb||0%|\u00bb button_text_size__hover_enabled=\u00bboff\u00bb button_one_text_size__hover_enabled=\u00bboff\u00bb button_two_text_size__hover_enabled=\u00bboff\u00bb button_text_color__hover_enabled=\u00bboff\u00bb button_one_text_color__hover_enabled=\u00bboff\u00bb button_two_text_color__hover_enabled=\u00bboff\u00bb button_border_width__hover_enabled=\u00bboff\u00bb button_one_border_width__hover_enabled=\u00bboff\u00bb button_two_border_width__hover_enabled=\u00bboff\u00bb button_border_color__hover_enabled=\u00bboff\u00bb button_one_border_color__hover_enabled=\u00bboff\u00bb button_two_border_color__hover_enabled=\u00bboff\u00bb button_border_radius__hover_enabled=\u00bboff\u00bb button_one_border_radius__hover_enabled=\u00bboff\u00bb button_two_border_radius__hover_enabled=\u00bboff\u00bb button_letter_spacing__hover_enabled=\u00bboff\u00bb button_one_letter_spacing__hover_enabled=\u00bboff\u00bb button_two_letter_spacing__hover_enabled=\u00bboff\u00bb button_bg_color__hover_enabled=\u00bboff\u00bb button_one_bg_color__hover_enabled=\u00bboff\u00bb button_two_bg_color__hover_enabled=\u00bboff\u00bb][\/et_pb_button][\/et_pb_column][\/et_pb_row][\/et_pb_section][et_pb_section fb_built=\u00bb1&#8243; _builder_version=\u00bb3.15&#8243; use_background_color_gradient=\u00bbon\u00bb background_color_gradient_start=\u00bbrgba(235,235,235,0.17)\u00bb background_color_gradient_end=\u00bb#ebebeb\u00bb custom_padding=\u00bb0px||0px|\u00bb][et_pb_row make_fullwidth=\u00bbon\u00bb use_custom_gutter=\u00bbon\u00bb gutter_width=\u00bb1&#8243; custom_padding=\u00bb0px||0px|\u00bb make_equal=\u00bbon\u00bb padding_left_right_link_1=\u00bbtrue\u00bb padding_right_1=\u00bb50px\u00bb padding_left_1=\u00bb50px\u00bb module_class_2=\u00bbimage-column\u00bb module_class=\u00bbfifty-fifty reorder\u00bb _builder_version=\u00bb3.15&#8243; border_color_bottom=\u00bb#004b8d\u00bb][et_pb_column type=\u00bb3_5&#8243; _builder_version=\u00bb3.0.47&#8243;][et_pb_text _builder_version=\u00bb3.15&#8243; header_2_line_height=\u00bb1.7em\u00bb header_3_text_color=\u00bb#004b8d\u00bb header_3_font_size=\u00bb23px\u00bb header_3_font_size_tablet=\u00bb21px\u00bb header_3_font_size_phone=\u00bb19px\u00bb header_3_font_size_last_edited=\u00bbon|phone\u00bb header_3_line_height=\u00bb1.7em\u00bb custom_padding=\u00bb5%||0px|0px\u00bb]<\/p>\n<h3>Cristalizadores<\/h3>\n<p>Lundberg suministra el cristalizador de circulaci\u00f3n forzada REX para sistemas de evaporadores donde se requieren s\u00f3lidos altos. El sistema REX incluye insertos de tubos en espiral, que rompen la capa l\u00edmite en la pared del tubo, lo que causa un flujo turbulento en los tubos incluso a altas viscosidades. Las ventajas incluyen altos coeficientes de transferencia del calentador, velocidades de tubo m\u00e1s bajas y una reducci\u00f3n en la potencia requerida en comparaci\u00f3n con otros dise\u00f1os de cristalizador de alto contenido de s\u00f3lidos.<br \/>\n[\/et_pb_text][et_pb_button button_url=\u00bb\/es\/evaporadores\/cristalizadores\/\u00bb button_text=\u00bbLEER M\u00c1S\u00bb _builder_version=\u00bb3.21.1&#8243; background_layout=\u00bbdark\u00bb custom_margin=\u00bb20px||5%|\u00bb custom_padding=\u00bb||0%|\u00bb button_text_size__hover_enabled=\u00bboff\u00bb button_one_text_size__hover_enabled=\u00bboff\u00bb button_two_text_size__hover_enabled=\u00bboff\u00bb button_text_color__hover_enabled=\u00bboff\u00bb button_one_text_color__hover_enabled=\u00bboff\u00bb button_two_text_color__hover_enabled=\u00bboff\u00bb button_border_width__hover_enabled=\u00bboff\u00bb button_one_border_width__hover_enabled=\u00bboff\u00bb button_two_border_width__hover_enabled=\u00bboff\u00bb button_border_color__hover_enabled=\u00bboff\u00bb button_one_border_color__hover_enabled=\u00bboff\u00bb button_two_border_color__hover_enabled=\u00bboff\u00bb button_border_radius__hover_enabled=\u00bboff\u00bb button_one_border_radius__hover_enabled=\u00bboff\u00bb button_two_border_radius__hover_enabled=\u00bboff\u00bb button_letter_spacing__hover_enabled=\u00bboff\u00bb button_one_letter_spacing__hover_enabled=\u00bboff\u00bb button_two_letter_spacing__hover_enabled=\u00bboff\u00bb button_bg_color__hover_enabled=\u00bboff\u00bb button_one_bg_color__hover_enabled=\u00bboff\u00bb button_two_bg_color__hover_enabled=\u00bboff\u00bb][\/et_pb_button][\/et_pb_column][et_pb_column type=\u00bb2_5&#8243; _builder_version=\u00bb3.0.47&#8243;][et_pb_image src=\u00bbhttps:\/\/lundbergtechnologies.com\/wp-content\/uploads\/2018\/09\/Rex-installation-1.jpg\u00bb _builder_version=\u00bb3.15&#8243;][\/et_pb_image][\/et_pb_column][\/et_pb_row][\/et_pb_section][et_pb_section fb_built=\u00bb1&#8243; _builder_version=\u00bb3.15&#8243; use_background_color_gradient=\u00bbon\u00bb background_color_gradient_start=\u00bbrgba(235,235,235,0.17)\u00bb background_color_gradient_end=\u00bb#ebebeb\u00bb custom_padding=\u00bb0px||0px|\u00bb][et_pb_row make_fullwidth=\u00bbon\u00bb use_custom_gutter=\u00bbon\u00bb gutter_width=\u00bb1&#8243; custom_padding=\u00bb0px||0px|\u00bb make_equal=\u00bbon\u00bb padding_left_right_link_2=\u00bbtrue\u00bb padding_right_2=\u00bb50px\u00bb padding_left_2=\u00bb50px\u00bb module_class_1=\u00bbimage-column\u00bb module_class=\u00bbfifty-fifty\u00bb _builder_version=\u00bb3.15&#8243; border_color_bottom=\u00bb#004b8d\u00bb][et_pb_column type=\u00bb2_5&#8243; _builder_version=\u00bb3.0.47&#8243;][et_pb_image src=\u00bbhttps:\/\/lundbergtechnologies.com\/wp-content\/uploads\/2018\/08\/lundberg_home_hero.jpg\u00bb show_bottom_space=\u00bboff\u00bb _builder_version=\u00bb3.15&#8243;][\/et_pb_image][\/et_pb_column][et_pb_column type=\u00bb3_5&#8243; _builder_version=\u00bb3.0.47&#8243;][et_pb_text _builder_version=\u00bb3.15&#8243; header_3_text_color=\u00bb#004b8d\u00bb header_3_font_size=\u00bb23px\u00bb header_3_font_size_tablet=\u00bb21px\u00bb header_3_font_size_phone=\u00bb19px\u00bb header_3_font_size_last_edited=\u00bbon|phone\u00bb header_3_line_height=\u00bb1.7em\u00bb custom_padding=\u00bb5%||0px|0px\u00bb]<\/p>\n<h3>Pre-Evaporadores<\/h3>\n<p>Los sistemas de pre-evaporaci\u00f3n  utilizan calor residual de bajo nivel para evaporar el licor d\u00e9bil antes de la serie principal de evaporaci\u00f3n. Las tres fuentes de calor que se utilizan m\u00e1s a menudo en un sistema de pre-evaporador son: calor de un sistema de  soplado, calor de un concentrador independiente o calor de un tanque flash de licor  del digestor continuo. Un pre-evaporador Lundberg puede mejorar el ahorro de vapor y \/ o aumentar la capacidad del evaporador.<br \/>\n[\/et_pb_text][et_pb_button button_url=\u00bb\/es\/evaporadores\/pre-evaporadores\/\u00bb button_text=\u00bbLEER M\u00c1S\u00bb _builder_version=\u00bb3.21.1&#8243; background_layout=\u00bbdark\u00bb custom_margin=\u00bb20px||5%|\u00bb custom_padding=\u00bb||0%|\u00bb button_text_size__hover_enabled=\u00bboff\u00bb button_one_text_size__hover_enabled=\u00bboff\u00bb button_two_text_size__hover_enabled=\u00bboff\u00bb button_text_color__hover_enabled=\u00bboff\u00bb button_one_text_color__hover_enabled=\u00bboff\u00bb button_two_text_color__hover_enabled=\u00bboff\u00bb button_border_width__hover_enabled=\u00bboff\u00bb button_one_border_width__hover_enabled=\u00bboff\u00bb button_two_border_width__hover_enabled=\u00bboff\u00bb button_border_color__hover_enabled=\u00bboff\u00bb button_one_border_color__hover_enabled=\u00bboff\u00bb button_two_border_color__hover_enabled=\u00bboff\u00bb button_border_radius__hover_enabled=\u00bboff\u00bb button_one_border_radius__hover_enabled=\u00bboff\u00bb button_two_border_radius__hover_enabled=\u00bboff\u00bb button_letter_spacing__hover_enabled=\u00bboff\u00bb button_one_letter_spacing__hover_enabled=\u00bboff\u00bb button_two_letter_spacing__hover_enabled=\u00bboff\u00bb button_bg_color__hover_enabled=\u00bboff\u00bb button_one_bg_color__hover_enabled=\u00bboff\u00bb button_two_bg_color__hover_enabled=\u00bboff\u00bb][\/et_pb_button][\/et_pb_column][\/et_pb_row][\/et_pb_section][et_pb_section fb_built=\u00bb1&#8243; _builder_version=\u00bb3.15&#8243; use_background_color_gradient=\u00bbon\u00bb background_color_gradient_start=\u00bbrgba(235,235,235,0.17)\u00bb background_color_gradient_end=\u00bb#ebebeb\u00bb custom_padding=\u00bb0px||0px|\u00bb][et_pb_row make_fullwidth=\u00bbon\u00bb use_custom_gutter=\u00bbon\u00bb gutter_width=\u00bb1&#8243; custom_padding=\u00bb0px||0px|\u00bb make_equal=\u00bbon\u00bb padding_left_right_link_1=\u00bbtrue\u00bb padding_right_1=\u00bb50px\u00bb padding_left_1=\u00bb50px\u00bb module_class_2=\u00bbimage-column\u00bb module_class=\u00bbfifty-fifty reorder\u00bb _builder_version=\u00bb3.15&#8243; border_color_bottom=\u00bb#004b8d\u00bb][et_pb_column type=\u00bb3_5&#8243; _builder_version=\u00bb3.0.47&#8243;][et_pb_text _builder_version=\u00bb3.15&#8243; header_2_line_height=\u00bb1.7em\u00bb header_3_text_color=\u00bb#004b8d\u00bb header_3_font_size=\u00bb23px\u00bb header_3_font_size_tablet=\u00bb21px\u00bb header_3_font_size_phone=\u00bb19px\u00bb header_3_font_size_last_edited=\u00bbon|phone\u00bb header_3_line_height=\u00bb1.7em\u00bb custom_padding=\u00bb5%||0px|0px\u00bb]<\/p>\n<h3>Condensadores de Superficie<\/h3>\n<p><span>Lundberg suministra condensadores de superficie para diferentes tipos de vapor y condiciones de operaci\u00f3n.<\/span><\/p>\n<p>[\/et_pb_text][et_pb_button button_url=\u00bb\/es\/evaporadores\/condensadores-de-superficie\/\u00bb button_text=\u00bbLEER M\u00c1S\u00bb _builder_version=\u00bb3.21.1&#8243; background_layout=\u00bbdark\u00bb custom_margin=\u00bb20px||5%|\u00bb custom_padding=\u00bb||0%|\u00bb button_text_size__hover_enabled=\u00bboff\u00bb button_one_text_size__hover_enabled=\u00bboff\u00bb button_two_text_size__hover_enabled=\u00bboff\u00bb button_text_color__hover_enabled=\u00bboff\u00bb button_one_text_color__hover_enabled=\u00bboff\u00bb button_two_text_color__hover_enabled=\u00bboff\u00bb button_border_width__hover_enabled=\u00bboff\u00bb button_one_border_width__hover_enabled=\u00bboff\u00bb button_two_border_width__hover_enabled=\u00bboff\u00bb button_border_color__hover_enabled=\u00bboff\u00bb button_one_border_color__hover_enabled=\u00bboff\u00bb button_two_border_color__hover_enabled=\u00bboff\u00bb button_border_radius__hover_enabled=\u00bboff\u00bb button_one_border_radius__hover_enabled=\u00bboff\u00bb button_two_border_radius__hover_enabled=\u00bboff\u00bb button_letter_spacing__hover_enabled=\u00bboff\u00bb button_one_letter_spacing__hover_enabled=\u00bboff\u00bb button_two_letter_spacing__hover_enabled=\u00bboff\u00bb button_bg_color__hover_enabled=\u00bboff\u00bb button_one_bg_color__hover_enabled=\u00bboff\u00bb button_two_bg_color__hover_enabled=\u00bboff\u00bb][\/et_pb_button][\/et_pb_column][et_pb_column type=\u00bb2_5&#8243; _builder_version=\u00bb3.0.47&#8243;][et_pb_image src=\u00bbhttps:\/\/lundbergtechnologies.com\/wp-content\/uploads\/2018\/09\/Evaporation-E-6-dome-Falling-Film-Evaporator-Vapor-Body.jpg\u00bb _builder_version=\u00bb3.15&#8243;][\/et_pb_image][\/et_pb_column][\/et_pb_row][\/et_pb_section][et_pb_section fb_built=\u00bb1&#8243; _builder_version=\u00bb3.15&#8243; background_color=\u00bb#ffffff\u00bb custom_padding=\u00bb125px|||\u00bb top_divider_style=\u00bbramp2&#8243; top_divider_color=\u00bb#ebebeb\u00bb top_divider_height=\u00bb147px\u00bb top_divider_flip=\u00bbvertical\u00bb top_divider_height_last_edited=\u00bbon|phone\u00bb][et_pb_row use_custom_width=\u00bbon\u00bb width_unit=\u00bboff\u00bb _builder_version=\u00bb3.15&#8243;][et_pb_column type=\u00bb3_5&#8243; _builder_version=\u00bb3.15&#8243;][et_pb_text module_class=\u00bbrelated_header\u00bb _builder_version=\u00bb3.21.1&#8243; text_font=\u00bb||||||||\u00bb header_font=\u00bb||||||||\u00bb header_3_font=\u00bb||||||||\u00bb header_3_font_size_tablet=\u00bb20px\u00bb header_3_font_size_last_edited=\u00bbon|phone\u00bb border_width_bottom=\u00bb1px\u00bb border_color_bottom=\u00bb#004b8d\u00bb]<\/p>\n<h3>Documentos Relacionados<\/h3>\n<p>[\/et_pb_text][et_pb_text _builder_version=\u00bb3.15&#8243;]<br \/>\n[\/et_pb_text][\/et_pb_column][et_pb_column type=\u00bb2_5&#8243; _builder_version=\u00bb3.15&#8243;][et_pb_text module_class=\u00bbrelated_header\u00bb _builder_version=\u00bb3.15&#8243; text_font=\u00bb||||||||\u00bb header_font=\u00bb||||||||\u00bb header_3_font=\u00bb||||||||\u00bb header_3_font_size_tablet=\u00bb20px\u00bb header_3_font_size_last_edited=\u00bbon|phone\u00bb border_width_bottom=\u00bb1px\u00bb border_color_bottom=\u00bb#004b8d\u00bb]<\/p>\n<h3>Proyectos Relacionados<\/h3>\n<p>[\/et_pb_text][et_pb_filterable_portfolio fullwidth=\u00bboff\u00bb posts_number=\u00bb2&#8243; include_categories=\u00bb28&#8243; show_categories=\u00bboff\u00bb hover_icon=\u00bb%%137%%\u00bb zoom_icon_color=\u00bb#003c72&#8243; hover_overlay_color=\u00bbrgba(4,32,56,0.23)\u00bb module_class=\u00bbrelated_project\u00bb _builder_version=\u00bb3.19.14&#8243;][\/et_pb_filterable_portfolio][\/et_pb_column][\/et_pb_row][\/et_pb_section]<\/p>\n","protected":false},"excerpt":{"rendered":"<p>Lundberg es un proveedor l\u00edder de tecnolog\u00eda de evaporaci\u00f3n. Las aplicaciones de nuestra tecnolog\u00eda incluyen: juegos completos con strippers de condensados integrados y concentradores de alto contenido en s\u00f3lidos, reconfiguraci\u00f3n de sus sistemas de evaporadores existentes, sistemas de pre-evaporaci\u00f3n y evaporadores flash. La tecnolog\u00eda utilizada se ajusta a los requisitos espec\u00edficos de cada aplicaci\u00f3n. Tecnolog\u00edas [&hellip;]<\/p>\n","protected":false},"author":1,"featured_media":0,"parent":0,"menu_order":0,"comment_status":"closed","ping_status":"closed","template":"","meta":{"_acf_changed":false,"_et_pb_use_builder":"on","_et_pb_old_content":"","_et_gb_content_width":"","_monsterinsights_skip_tracking":false,"_monsterinsights_sitenote_active":false,"_monsterinsights_sitenote_note":"","_monsterinsights_sitenote_category":0,"footnotes":""},"class_list":["post-220740","page","type-page","status-publish","hentry"],"acf":[],"_links":{"self":[{"href":"https:\/\/lundbergtechnologies.com\/es\/wp-json\/wp\/v2\/pages\/220740","targetHints":{"allow":["GET"]}}],"collection":[{"href":"https:\/\/lundbergtechnologies.com\/es\/wp-json\/wp\/v2\/pages"}],"about":[{"href":"https:\/\/lundbergtechnologies.com\/es\/wp-json\/wp\/v2\/types\/page"}],"author":[{"embeddable":true,"href":"https:\/\/lundbergtechnologies.com\/es\/wp-json\/wp\/v2\/users\/1"}],"replies":[{"embeddable":true,"href":"https:\/\/lundbergtechnologies.com\/es\/wp-json\/wp\/v2\/comments?post=220740"}],"version-history":[{"count":0,"href":"https:\/\/lundbergtechnologies.com\/es\/wp-json\/wp\/v2\/pages\/220740\/revisions"}],"wp:attachment":[{"href":"https:\/\/lundbergtechnologies.com\/es\/wp-json\/wp\/v2\/media?parent=220740"}],"curies":[{"name":"wp","href":"https:\/\/api.w.org\/{rel}","templated":true}]}}