{"id":220744,"date":"2019-03-25T14:48:56","date_gmt":"2019-03-25T21:48:56","guid":{"rendered":"https:\/\/lundbergtechnologies.com\/evaporadores\/evaporadores-de-efecto-multiple\/"},"modified":"2019-03-25T14:48:59","modified_gmt":"2019-03-25T21:48:59","slug":"evaporadores-de-efecto-multiple","status":"publish","type":"page","link":"https:\/\/lundbergtechnologies.com\/es\/evaporadores\/evaporadores-de-efecto-multiple\/","title":{"rendered":"Evaporadores de Efecto M\u00faltiple"},"content":{"rendered":"<p>[et_pb_section bb_built=\u00bb1&#8243; custom_padding_last_edited=\u00bbon|phone\u00bb module_class=\u00bbvb-hero\u00bb _builder_version=\u00bb3.15&#8243; background_color_gradient_direction=\u00bb128deg\u00bb background_image=\u00bb\/wp-content\/uploads\/2018\/08\/lundberg_home_hero.jpg\u00bb background_position=\u00bbcenter_right\u00bb max_width_last_edited=\u00bbon|phone\u00bb custom_margin=\u00bb|||0px\u00bb custom_padding=\u00bb30px||30px||true\u00bb custom_padding_phone=\u00bb0px|0px|0px|0px\u00bb next_background_color=\u00bb#ffffff\u00bb][et_pb_row custom_padding=\u00bb|||\u00bb custom_padding_tablet=\u00bb25px|||\u00bb custom_padding_phone=\u00bb38px|||\u00bb custom_margin=\u00bb|||39px\u00bb custom_padding_last_edited=\u00bbon|phone\u00bb _builder_version=\u00bb3.15&#8243; module_alignment=\u00bbleft\u00bb custom_margin_phone=\u00bb|||0px\u00bb custom_margin_last_edited=\u00bbon|phone\u00bb use_custom_width=\u00bbon\u00bb width_unit=\u00bboff\u00bb custom_width_percent=\u00bb70%\u00bb custom_margin_tablet=\u00bb|||45px\u00bb][et_pb_column type=\u00bb4_4&#8243;][et_pb_post_title meta=\u00bboff\u00bb featured_image=\u00bboff\u00bb module_class=\u00bbtitle-text\u00bb _builder_version=\u00bb3.15&#8243; title_font=\u00bbLato|700|||||||\u00bb title_text_align=\u00bbleft\u00bb title_font_size=\u00bb42px\u00bb title_font_size_tablet=\u00bb33px\u00bb title_font_size_phone=\u00bb26px\u00bb title_font_size_last_edited=\u00bbon|phone\u00bb background_color=\u00bbrgba(4,32,56,0.9)\u00bb custom_margin=\u00bb|100px|0px|\u00bb custom_margin_tablet=\u00bb|100px||\u00bb custom_margin_phone=\u00bb|60px||\u00bb custom_margin_last_edited=\u00bbon|phone\u00bb custom_padding=\u00bb33px||10px|35px\u00bb custom_padding_tablet=\u00bb30px|0px|15px|14px\u00bb custom_padding_phone=\u00bb|||7px\u00bb custom_padding_last_edited=\u00bbon|tablet\u00bb \/][et_pb_text module_class=\u00bbtitle-sub-text\u00bb _builder_version=\u00bb3.15&#8243; text_text_color=\u00bb#ffffff\u00bb text_font_size=\u00bb18px\u00bb text_font_size_tablet=\u00bb17px\u00bb text_font_size_phone=\u00bb16px\u00bb text_font_size_last_edited=\u00bbon|phone\u00bb text_line_height=\u00bb1.6em\u00bb background_color=\u00bb#042038&#8243; custom_margin=\u00bb0px|100px|0px|\u00bb custom_margin_phone=\u00bb|60px||\u00bb custom_margin_last_edited=\u00bbon|phone\u00bb custom_padding=\u00bb10px|24px|34px|40px||false\u00bb custom_padding_tablet=\u00bb10px|20px||10px||false\u00bb custom_padding_phone=\u00bb10px|20px|18px|20px||true\u00bb custom_padding_last_edited=\u00bbon|desktop\u00bb]<\/p>\n<p>Lundberg ofrece conjuntos completos de evaporadores que incluyen concentrador integrado y sistemas de stripping de condensados, seg\u00fan corresponda.<\/p>\n<p>[\/et_pb_text][\/et_pb_column][\/et_pb_row][\/et_pb_section][et_pb_section bb_built=\u00bb1&#8243; prev_background_color=\u00bb#000000&#8243;][et_pb_row _builder_version=\u00bb3.15&#8243;][et_pb_column type=\u00bb2_5&#8243;][et_pb_image _builder_version=\u00bb3.15&#8243; src=\u00bbhttps:\/\/lundbergtechnologies.com\/wp-content\/uploads\/2018\/09\/multiple-effect-evaporators.jpg\u00bb always_center_on_mobile=\u00bboff\u00bb \/][\/et_pb_column][et_pb_column type=\u00bb3_5&#8243;][et_pb_text _builder_version=\u00bb3.15&#8243; header_4_line_height=\u00bb1.4em\u00bb]<\/p>\n<p>Los sistemas que ofrecemos est\u00e1n dise\u00f1ados para tratar el licor que corresponda, desde el licor de madera blanda m\u00e1s f\u00e1cil hasta el m\u00e1s dif\u00edcil de los licores, incluido el bagazo y la paja de trigo. Ofrecemos sistemas para todo tipo de procesos de cocci\u00f3n, incluidos los sistemas basados en kraft, sulfito y sosa. Todos los sistemas de evaporadores de Lundberg son de dise\u00f1o tubular. Consideramos una serie de factores en el dise\u00f1o de un sistema de evaporador para proporcionar la mejor soluci\u00f3n para el licor correpondiente, incluido el consumo de vapor, la tendencia a ensuciarse y los s\u00f3lidos deseados .<\/p>\n<p>La secuencia de flujo de licor para el sistema del evaporador est\u00e1 dise\u00f1ada para maximizar el ahorro de vapor del sistema y la segregaci\u00f3n del condensado. La cantidad de efectos del evaporador puede ser de cinco a ocho efectos, seg\u00fan las necesidades del cliente y las tecnolog\u00edas seleccionadas.<\/p>\n<p>El calor del condensado de stripping se puede recuperar en el conjunto del evaporador mediante la integraci\u00f3n del condensador de reflujo. El condensador de reflujo puede calentar el licor entre efectos, generar vapor limpio para alimentar el primer efecto del evaporador o puede usarse como un cuerpo de evaporador de pel\u00edcula descendente.<\/p>\n<p>[\/et_pb_text][\/et_pb_column][\/et_pb_row][\/et_pb_section]<\/p>\n","protected":false},"excerpt":{"rendered":"<p>Lundberg ofrece conjuntos completos de evaporadores que incluyen concentrador integrado y sistemas de stripping de condensados, seg\u00fan corresponda. Los sistemas que ofrecemos est\u00e1n dise\u00f1ados para tratar el licor que corresponda, desde el licor de madera blanda m\u00e1s f\u00e1cil hasta el m\u00e1s dif\u00edcil de los licores, incluido el bagazo y la paja de trigo. Ofrecemos sistemas [&hellip;]<\/p>\n","protected":false},"author":1,"featured_media":0,"parent":220740,"menu_order":0,"comment_status":"closed","ping_status":"closed","template":"","meta":{"_acf_changed":false,"_et_pb_use_builder":"on","_et_pb_old_content":"","_et_gb_content_width":"","_monsterinsights_skip_tracking":false,"_monsterinsights_sitenote_active":false,"_monsterinsights_sitenote_note":"","_monsterinsights_sitenote_category":0,"footnotes":""},"class_list":["post-220744","page","type-page","status-publish","hentry"],"acf":[],"_links":{"self":[{"href":"https:\/\/lundbergtechnologies.com\/es\/wp-json\/wp\/v2\/pages\/220744","targetHints":{"allow":["GET"]}}],"collection":[{"href":"https:\/\/lundbergtechnologies.com\/es\/wp-json\/wp\/v2\/pages"}],"about":[{"href":"https:\/\/lundbergtechnologies.com\/es\/wp-json\/wp\/v2\/types\/page"}],"author":[{"embeddable":true,"href":"https:\/\/lundbergtechnologies.com\/es\/wp-json\/wp\/v2\/users\/1"}],"replies":[{"embeddable":true,"href":"https:\/\/lundbergtechnologies.com\/es\/wp-json\/wp\/v2\/comments?post=220744"}],"version-history":[{"count":0,"href":"https:\/\/lundbergtechnologies.com\/es\/wp-json\/wp\/v2\/pages\/220744\/revisions"}],"up":[{"embeddable":true,"href":"https:\/\/lundbergtechnologies.com\/es\/wp-json\/wp\/v2\/pages\/220740"}],"wp:attachment":[{"href":"https:\/\/lundbergtechnologies.com\/es\/wp-json\/wp\/v2\/media?parent=220744"}],"curies":[{"name":"wp","href":"https:\/\/api.w.org\/{rel}","templated":true}]}}