{"id":220766,"date":"2019-03-25T15:39:12","date_gmt":"2019-03-25T22:39:12","guid":{"rendered":"https:\/\/lundbergtechnologies.com\/medio-ambiente\/"},"modified":"2019-07-02T14:58:58","modified_gmt":"2019-07-02T21:58:58","slug":"medio-ambiente","status":"publish","type":"page","link":"https:\/\/lundbergtechnologies.com\/es\/medio-ambiente\/","title":{"rendered":"Medio ambiente"},"content":{"rendered":"<p>[et_pb_section fb_built=\u00bb1&#8243; custom_padding_last_edited=\u00bbon|phone\u00bb _builder_version=\u00bb3.22.3&#8243; use_background_color_gradient=\u00bbon\u00bb background_color_gradient_start=\u00bbrgba(0,75,141,0.96)\u00bb background_color_gradient_end=\u00bbrgba(0,75,141,0)\u00bb background_color_gradient_direction=\u00bb128deg\u00bb background_color_gradient_start_position=\u00bb45%\u00bb background_color_gradient_end_position=\u00bb27%\u00bb background_color_gradient_overlays_image=\u00bbon\u00bb background_image=\u00bbhttps:\/\/lundbergtechnologies.com\/wp-content\/uploads\/2018\/09\/Environmental-Lime-Kiln-NCG-Nozzle-IP-Georgetown.jpg\u00bb background_position=\u00bbcenter_right\u00bb background_repeat=\u00bbrepeat\u00bb max_width_last_edited=\u00bbon|phone\u00bb custom_margin=\u00bb|||0px\u00bb custom_padding=\u00bb30px||30px||true\u00bb custom_padding_phone=\u00bb0px|0px|0px|0px\u00bb][et_pb_row custom_padding=\u00bb50px|||\u00bb custom_padding_tablet=\u00bb25px|||\u00bb custom_padding_phone=\u00bb38px|||\u00bb custom_margin=\u00bb|0px||44px\u00bb custom_padding_last_edited=\u00bbon|phone\u00bb _builder_version=\u00bb3.25&#8243; module_alignment=\u00bbleft\u00bb custom_margin_phone=\u00bb|||0px\u00bb custom_margin_last_edited=\u00bbon|phone\u00bb][et_pb_column type=\u00bb4_4&#8243; _builder_version=\u00bb3.25&#8243; custom_padding=\u00bb|||\u00bb custom_padding__hover=\u00bb|||\u00bb][et_pb_post_title meta=\u00bboff\u00bb featured_image=\u00bboff\u00bb _builder_version=\u00bb3.14&#8243; title_font=\u00bbLato|700|||||||\u00bb title_text_align=\u00bbleft\u00bb title_font_size=\u00bb42px\u00bb background_color=\u00bb#042038&#8243; custom_margin=\u00bb|100px|0px|\u00bb custom_margin_tablet=\u00bb|100px||\u00bb custom_margin_phone=\u00bb|60px||\u00bb custom_margin_last_edited=\u00bbon|phone\u00bb custom_padding=\u00bb33px||10px|35px\u00bb custom_padding_tablet=\u00bb30px|0px|15px|14px\u00bb custom_padding_phone=\u00bb|||7px\u00bb custom_padding_last_edited=\u00bbon|tablet\u00bb title_font_size_tablet=\u00bb33px\u00bb title_font_size_phone=\u00bb26px\u00bb title_font_size_last_edited=\u00bbon|phone\u00bb]<br \/>\n[\/et_pb_post_title][et_pb_text _builder_version=\u00bb3.15&#8243; text_text_color=\u00bb#ffffff\u00bb text_font_size=\u00bb18px\u00bb text_line_height=\u00bb1.6em\u00bb background_color=\u00bb#042038&#8243; custom_margin=\u00bb0px|100px|0px|\u00bb custom_margin_phone=\u00bb|60px||\u00bb custom_margin_last_edited=\u00bbon|phone\u00bb custom_padding=\u00bb10px|24px|34px|40px||false\u00bb custom_padding_tablet=\u00bb10px|20px||10px||false\u00bb custom_padding_phone=\u00bb10px|20px|18px|20px||true\u00bb custom_padding_last_edited=\u00bbon|desktop\u00bb text_font_size_tablet=\u00bb17px\u00bb text_font_size_phone=\u00bb16px\u00bb text_font_size_last_edited=\u00bbon|phone\u00bb]<\/p>\n<p>Lundberg es un proveedor l\u00edder de sistemas de control de contaminaci\u00f3n atmosf\u00e9rica personalizados.<\/p>\n<p>[\/et_pb_text][\/et_pb_column][\/et_pb_row][\/et_pb_section][et_pb_section fb_built=\u00bb1&#8243; _builder_version=\u00bb3.22.3&#8243; background_color=\u00bb#ffffff\u00bb custom_padding=\u00bb|||\u00bb top_divider_color=\u00bb#004b8d\u00bb bottom_divider_color=\u00bb#004b8d\u00bb bottom_divider_flip=\u00bbhorizontal\u00bb bottom_divider_height_last_edited=\u00bbon|desktop\u00bb][et_pb_row custom_padding=\u00bb||71px|\u00bb custom_margin=\u00bb0px||1px|\u00bb custom_padding_last_edited=\u00bbon|desktop\u00bb padding_top_bottom_link_1=\u00bbfalse\u00bb padding_left_right_link_1=\u00bbtrue\u00bb _builder_version=\u00bb3.25&#8243; max_width=\u00bb80%\u00bb use_custom_width=\u00bbon\u00bb width_unit=\u00bboff\u00bb][et_pb_column type=\u00bb4_4&#8243; _builder_version=\u00bb3.25&#8243; custom_padding=\u00bb0px||0px|\u00bb custom_padding__hover=\u00bb|||\u00bb][et_pb_text _builder_version=\u00bb3.15&#8243; header_2_text_color=\u00bb#003c72&#8243; header_2_font_size=\u00bb27px\u00bb header_2_line_height=\u00bb1.7em\u00bb header_4_line_height=\u00bb1.7em\u00bb custom_margin=\u00bb||-1px|\u00bb custom_padding=\u00bb0px||0px||true\u00bb]<\/p>\n<h2>Desde estudios hasta instalaci\u00f3n llave en mano<\/h2>\n<p>Lundberg dise\u00f1a y construye sistemas para el control de gases no condensables, VOC (Compuestos Org\u00e1nicos Vol\u00e1tiles), HAP (Contaminantes atmosf\u00e9ricos peligrosos) y particulas en suspensi\u00f3n. Lundberg ofrece toda  una gama de opciones dede  estudios e ingenier\u00eda de procesos hasta proyectos llave en mano.<\/p>\n<p>[\/et_pb_text][\/et_pb_column][\/et_pb_row][\/et_pb_section][et_pb_section fb_built=\u00bb1&#8243; _builder_version=\u00bb3.22.3&#8243; use_background_color_gradient=\u00bbon\u00bb background_color_gradient_start=\u00bbrgba(235,235,235,0.17)\u00bb background_color_gradient_end=\u00bb#ebebeb\u00bb custom_padding=\u00bb0px||0px|\u00bb][et_pb_row use_custom_gutter=\u00bbon\u00bb gutter_width=\u00bb1&#8243; custom_padding=\u00bb0px||0px|\u00bb make_equal=\u00bbon\u00bb padding_left_right_link_2=\u00bbtrue\u00bb module_class=\u00bbfifty-fifty et_pb_row_fullwidth\u00bb _builder_version=\u00bb3.25&#8243; border_color_bottom=\u00bb#004b8d\u00bb width=\u00bb100%\u00bb width_tablet=\u00bb100%\u00bb width_last_edited=\u00bbon|desktop\u00bb max_width=\u00bb100%\u00bb max_width_tablet=\u00bb100%\u00bb max_width_last_edited=\u00bbon|desktop\u00bb make_fullwidth=\u00bbon\u00bb column_structure=\u00bb2_5,3_5&#8243;][et_pb_column type=\u00bb2_5&#8243; module_class=\u00bbimage-column\u00bb _builder_version=\u00bb3.25&#8243; custom_padding=\u00bb|||\u00bb custom_padding__hover=\u00bb|||\u00bb][et_pb_image src=\u00bbhttps:\/\/lundbergtechnologies.com\/wp-content\/uploads\/2018\/09\/Environmental-HVLC-NCG-Scrubber-Cooler-and-Fan.jpg\u00bb show_bottom_space=\u00bboff\u00bb align_tablet=\u00bbcenter\u00bb align_last_edited=\u00bbon|desktop\u00bb _builder_version=\u00bb3.23&#8243;]<br \/>\n[\/et_pb_image][\/et_pb_column][et_pb_column type=\u00bb3_5&#8243; _builder_version=\u00bb3.25&#8243; custom_padding=\u00bb|50px||50px\u00bb custom_padding__hover=\u00bb|||\u00bb][et_pb_text _builder_version=\u00bb3.15&#8243; header_3_text_color=\u00bb#004b8d\u00bb header_3_font_size=\u00bb23px\u00bb header_3_line_height=\u00bb1.7em\u00bb custom_padding=\u00bb5%||0px|0px\u00bb header_3_font_size_tablet=\u00bb21px\u00bb header_3_font_size_phone=\u00bb19px\u00bb header_3_font_size_last_edited=\u00bbon|phone\u00bb]<\/p>\n<h3>Sistemas NCG<\/h3>\n<p>Lundberg es el proveedor l\u00edder de sistemas de tratamiento de gases no condensables (NCG) en la industria de pasta y papel con d\u00e9cadas de experiencia. Esto incluye una amplia experiencia con la recogida de todos los tipos de fuentes NCG, incluyendo los concentrados (HVLC), los diluidos (LVHC), y los gases de estripeado de (SOG.).<\/p>\n<p>[\/et_pb_text][et_pb_button button_url=\u00bb\/es\/medio-ambiente\/sistemas-ncg\/\u00bb button_text=\u00bbLEER M\u00c1S\u00bb _builder_version=\u00bb3.21.1&#8243; background_layout=\u00bbdark\u00bb custom_margin=\u00bb20px||5%|\u00bb custom_padding=\u00bb||0%|\u00bb button_text_size__hover_enabled=\u00bboff\u00bb button_text_size__hover=\u00bbnull\u00bb button_one_text_size__hover_enabled=\u00bboff\u00bb button_one_text_size__hover=\u00bbnull\u00bb button_two_text_size__hover_enabled=\u00bboff\u00bb button_two_text_size__hover=\u00bbnull\u00bb button_text_color__hover_enabled=\u00bboff\u00bb button_text_color__hover=\u00bbnull\u00bb button_one_text_color__hover_enabled=\u00bboff\u00bb button_one_text_color__hover=\u00bbnull\u00bb button_two_text_color__hover_enabled=\u00bboff\u00bb button_two_text_color__hover=\u00bbnull\u00bb button_border_width__hover_enabled=\u00bboff\u00bb button_border_width__hover=\u00bbnull\u00bb button_one_border_width__hover_enabled=\u00bboff\u00bb button_one_border_width__hover=\u00bbnull\u00bb button_two_border_width__hover_enabled=\u00bboff\u00bb button_two_border_width__hover=\u00bbnull\u00bb button_border_color__hover_enabled=\u00bboff\u00bb button_border_color__hover=\u00bbnull\u00bb button_one_border_color__hover_enabled=\u00bboff\u00bb button_one_border_color__hover=\u00bbnull\u00bb button_two_border_color__hover_enabled=\u00bboff\u00bb button_two_border_color__hover=\u00bbnull\u00bb button_border_radius__hover_enabled=\u00bboff\u00bb button_border_radius__hover=\u00bbnull\u00bb button_one_border_radius__hover_enabled=\u00bboff\u00bb button_one_border_radius__hover=\u00bbnull\u00bb button_two_border_radius__hover_enabled=\u00bboff\u00bb button_two_border_radius__hover=\u00bbnull\u00bb button_letter_spacing__hover_enabled=\u00bboff\u00bb button_letter_spacing__hover=\u00bbnull\u00bb button_one_letter_spacing__hover_enabled=\u00bboff\u00bb button_one_letter_spacing__hover=\u00bbnull\u00bb button_two_letter_spacing__hover_enabled=\u00bboff\u00bb button_two_letter_spacing__hover=\u00bbnull\u00bb button_bg_color__hover_enabled=\u00bboff\u00bb button_bg_color__hover=\u00bbnull\u00bb button_one_bg_color__hover_enabled=\u00bboff\u00bb button_one_bg_color__hover=\u00bbnull\u00bb button_two_bg_color__hover_enabled=\u00bboff\u00bb button_two_bg_color__hover=\u00bbnull\u00bb]<br \/>\n[\/et_pb_button][\/et_pb_column][\/et_pb_row][\/et_pb_section][et_pb_section fb_built=\u00bb1&#8243; _builder_version=\u00bb3.22.3&#8243; use_background_color_gradient=\u00bbon\u00bb background_color_gradient_start=\u00bbrgba(235,235,235,0.17)\u00bb background_color_gradient_end=\u00bb#ebebeb\u00bb custom_padding=\u00bb0px||0px|\u00bb][et_pb_row use_custom_gutter=\u00bbon\u00bb gutter_width=\u00bb1&#8243; custom_padding=\u00bb0px||0px|\u00bb make_equal=\u00bbon\u00bb padding_left_right_link_1=\u00bbtrue\u00bb module_class=\u00bbfifty-fifty reorder et_pb_row_fullwidth\u00bb _builder_version=\u00bb3.25&#8243; border_color_bottom=\u00bb#004b8d\u00bb width=\u00bb100%\u00bb width_tablet=\u00bb100%\u00bb width_last_edited=\u00bbon|desktop\u00bb max_width=\u00bb100%\u00bb max_width_tablet=\u00bb100%\u00bb max_width_last_edited=\u00bbon|desktop\u00bb make_fullwidth=\u00bbon\u00bb column_structure=\u00bb3_5,2_5&#8243;][et_pb_column type=\u00bb3_5&#8243; _builder_version=\u00bb3.25&#8243; custom_padding=\u00bb|50px||50px\u00bb custom_padding__hover=\u00bb|||\u00bb][et_pb_text _builder_version=\u00bb3.15&#8243; header_2_line_height=\u00bb1.7em\u00bb header_3_text_color=\u00bb#004b8d\u00bb header_3_font_size=\u00bb23px\u00bb header_3_line_height=\u00bb1.7em\u00bb custom_padding=\u00bb5%||0px|0px\u00bb header_3_font_size_tablet=\u00bb21px\u00bb header_3_font_size_phone=\u00bb19px\u00bb header_3_font_size_last_edited=\u00bbon|phone\u00bb]<\/p>\n<h3>Oxidaci\u00f3n del licor negro<\/h3>\n<p>Lundberg fue pionera en la ciencia de la oxidaci\u00f3n del licor negro en la industria de pasta y papel hace m\u00e1s de 45 a\u00f1os. El prop\u00f3sito de la oxidaci\u00f3n del licor negro es eliminar el  Na2S residual del licor negro, oxid\u00e1ndolo hasta el nivel de tiosulfato de sodio estable antes de pasar a un evaporador de contacto directo. Hemos desarrollado dos enfoques diferentes para el dise\u00f1o del sistema. Donde el espacio no es un problema, la oxidaci\u00f3n se produce en dos tanques de igual tama\u00f1o en serie. Cuando el espacio est\u00e1 restringido, el uso de tanques conc\u00e9ntricos permite una operaci\u00f3n en dos etapas en un area m\u00e1s peque\u00f1a. Los sistemas se dise\u00f1an generalmente para el licor con mayor contenido de s\u00f3lidos, para evitar problemas de espuma.<\/p>\n<p>[\/et_pb_text][et_pb_button button_url=\u00bb\/es\/medio-ambiente\/oxidacion-licor-negro\/\u00bb button_text=\u00bbLEER M\u00c1S\u00bb _builder_version=\u00bb3.21.1&#8243; background_layout=\u00bbdark\u00bb custom_margin=\u00bb20px||5%|\u00bb custom_padding=\u00bb||0%|\u00bb button_text_size__hover_enabled=\u00bboff\u00bb button_text_size__hover=\u00bbnull\u00bb button_one_text_size__hover_enabled=\u00bboff\u00bb button_one_text_size__hover=\u00bbnull\u00bb button_two_text_size__hover_enabled=\u00bboff\u00bb button_two_text_size__hover=\u00bbnull\u00bb button_text_color__hover_enabled=\u00bboff\u00bb button_text_color__hover=\u00bbnull\u00bb button_one_text_color__hover_enabled=\u00bboff\u00bb button_one_text_color__hover=\u00bbnull\u00bb button_two_text_color__hover_enabled=\u00bboff\u00bb button_two_text_color__hover=\u00bbnull\u00bb button_border_width__hover_enabled=\u00bboff\u00bb button_border_width__hover=\u00bbnull\u00bb button_one_border_width__hover_enabled=\u00bboff\u00bb button_one_border_width__hover=\u00bbnull\u00bb button_two_border_width__hover_enabled=\u00bboff\u00bb button_two_border_width__hover=\u00bbnull\u00bb button_border_color__hover_enabled=\u00bboff\u00bb button_border_color__hover=\u00bbnull\u00bb button_one_border_color__hover_enabled=\u00bboff\u00bb button_one_border_color__hover=\u00bbnull\u00bb button_two_border_color__hover_enabled=\u00bboff\u00bb button_two_border_color__hover=\u00bbnull\u00bb button_border_radius__hover_enabled=\u00bboff\u00bb button_border_radius__hover=\u00bbnull\u00bb button_one_border_radius__hover_enabled=\u00bboff\u00bb button_one_border_radius__hover=\u00bbnull\u00bb button_two_border_radius__hover_enabled=\u00bboff\u00bb button_two_border_radius__hover=\u00bbnull\u00bb button_letter_spacing__hover_enabled=\u00bboff\u00bb button_letter_spacing__hover=\u00bbnull\u00bb button_one_letter_spacing__hover_enabled=\u00bboff\u00bb button_one_letter_spacing__hover=\u00bbnull\u00bb button_two_letter_spacing__hover_enabled=\u00bboff\u00bb button_two_letter_spacing__hover=\u00bbnull\u00bb button_bg_color__hover_enabled=\u00bboff\u00bb button_bg_color__hover=\u00bbnull\u00bb button_one_bg_color__hover_enabled=\u00bboff\u00bb button_one_bg_color__hover=\u00bbnull\u00bb button_two_bg_color__hover_enabled=\u00bboff\u00bb button_two_bg_color__hover=\u00bbnull\u00bb]<br \/>\n[\/et_pb_button][\/et_pb_column][et_pb_column type=\u00bb2_5&#8243; module_class=\u00bbimage-column\u00bb _builder_version=\u00bb3.25&#8243; custom_padding=\u00bb|||\u00bb custom_padding__hover=\u00bb|||\u00bb][et_pb_image src=\u00bbhttps:\/\/lundbergtechnologies.com\/wp-content\/uploads\/2018\/09\/Environmental-HVLC-NCG-Scrubber-Cooler-and-Fan-2.jpg\u00bb align_tablet=\u00bbcenter\u00bb align_last_edited=\u00bbon|desktop\u00bb _builder_version=\u00bb3.23&#8243;]<br \/>\n[\/et_pb_image][\/et_pb_column][\/et_pb_row][\/et_pb_section][et_pb_section fb_built=\u00bb1&#8243; _builder_version=\u00bb3.22.3&#8243; use_background_color_gradient=\u00bbon\u00bb background_color_gradient_start=\u00bbrgba(235,235,235,0.17)\u00bb background_color_gradient_end=\u00bb#ebebeb\u00bb custom_padding=\u00bb0px||0px|\u00bb][et_pb_row use_custom_gutter=\u00bbon\u00bb gutter_width=\u00bb1&#8243; custom_padding=\u00bb0px||0px|\u00bb make_equal=\u00bbon\u00bb padding_left_right_link_2=\u00bbtrue\u00bb module_class=\u00bbfifty-fifty et_pb_row_fullwidth\u00bb _builder_version=\u00bb3.25&#8243; border_color_bottom=\u00bb#004b8d\u00bb width=\u00bb100%\u00bb width_tablet=\u00bb100%\u00bb width_last_edited=\u00bbon|desktop\u00bb max_width=\u00bb100%\u00bb max_width_tablet=\u00bb100%\u00bb max_width_last_edited=\u00bbon|desktop\u00bb make_fullwidth=\u00bbon\u00bb column_structure=\u00bb2_5,3_5&#8243;][et_pb_column type=\u00bb2_5&#8243; module_class=\u00bbimage-column\u00bb _builder_version=\u00bb3.25&#8243; custom_padding=\u00bb|||\u00bb custom_padding__hover=\u00bb|||\u00bb][et_pb_image src=\u00bbhttps:\/\/lundbergtechnologies.com\/wp-content\/uploads\/2018\/09\/Stripper-Island-1-GP-Camas-large.jpg\u00bb show_bottom_space=\u00bboff\u00bb align_tablet=\u00bbcenter\u00bb align_last_edited=\u00bbon|desktop\u00bb _builder_version=\u00bb3.23&#8243;]<br \/>\n[\/et_pb_image][\/et_pb_column][et_pb_column type=\u00bb3_5&#8243; _builder_version=\u00bb3.25&#8243; custom_padding=\u00bb|50px||50px\u00bb custom_padding__hover=\u00bb|||\u00bb][et_pb_text _builder_version=\u00bb3.15&#8243; header_3_text_color=\u00bb#004b8d\u00bb header_3_font_size=\u00bb23px\u00bb header_3_line_height=\u00bb1.7em\u00bb custom_padding=\u00bb5%||0px|0px\u00bb header_3_font_size_tablet=\u00bb21px\u00bb header_3_font_size_phone=\u00bb19px\u00bb header_3_font_size_last_edited=\u00bbon|phone\u00bb]<\/p>\n<h3>Estripeado de condensados<\/h3>\n<p>El Stripping de vapor de condensados sucios de proceso es reconocido como un m\u00e9todo eficiente para la eliminaci\u00f3n de metanol, compuestos de azufre reducido (TRS) y otros contaminantes atmosf\u00e9ricos peligrosos (HAPs). Lundberg cuenta con dise\u00f1os y sistemas independientes que se pueden integrar en su tren de evaporaci\u00f3n existente u otro proceso de planta de pasta\/papel para optimizar la eficiencia energ\u00e9tica. Nuestros sistemas de stripping pueden suministrar condensados limpios para su reutilizaci\u00f3n en su proceso, y tambi\u00e9n pueden estar equipados con sistemas de licuefacci\u00f3n para permitir la captura y reutilizaci\u00f3n de vol\u00e1tiles condensados en el propio sistema.\n<\/p>\n<p>[\/et_pb_text][et_pb_button button_url=\u00bb\/es\/medio-ambiente\/condensados-stripping\/\u00bb button_text=\u00bbLEER M\u00c1S\u00bb _builder_version=\u00bb3.21.1&#8243; background_layout=\u00bbdark\u00bb custom_margin=\u00bb20px||5%|\u00bb custom_padding=\u00bb||0%|\u00bb button_text_size__hover_enabled=\u00bboff\u00bb button_text_size__hover=\u00bbnull\u00bb button_one_text_size__hover_enabled=\u00bboff\u00bb button_one_text_size__hover=\u00bbnull\u00bb button_two_text_size__hover_enabled=\u00bboff\u00bb button_two_text_size__hover=\u00bbnull\u00bb button_text_color__hover_enabled=\u00bboff\u00bb button_text_color__hover=\u00bbnull\u00bb button_one_text_color__hover_enabled=\u00bboff\u00bb button_one_text_color__hover=\u00bbnull\u00bb button_two_text_color__hover_enabled=\u00bboff\u00bb button_two_text_color__hover=\u00bbnull\u00bb button_border_width__hover_enabled=\u00bboff\u00bb button_border_width__hover=\u00bbnull\u00bb button_one_border_width__hover_enabled=\u00bboff\u00bb button_one_border_width__hover=\u00bbnull\u00bb button_two_border_width__hover_enabled=\u00bboff\u00bb button_two_border_width__hover=\u00bbnull\u00bb button_border_color__hover_enabled=\u00bboff\u00bb button_border_color__hover=\u00bbnull\u00bb button_one_border_color__hover_enabled=\u00bboff\u00bb button_one_border_color__hover=\u00bbnull\u00bb button_two_border_color__hover_enabled=\u00bboff\u00bb button_two_border_color__hover=\u00bbnull\u00bb button_border_radius__hover_enabled=\u00bboff\u00bb button_border_radius__hover=\u00bbnull\u00bb button_one_border_radius__hover_enabled=\u00bboff\u00bb button_one_border_radius__hover=\u00bbnull\u00bb button_two_border_radius__hover_enabled=\u00bboff\u00bb button_two_border_radius__hover=\u00bbnull\u00bb button_letter_spacing__hover_enabled=\u00bboff\u00bb button_letter_spacing__hover=\u00bbnull\u00bb button_one_letter_spacing__hover_enabled=\u00bboff\u00bb button_one_letter_spacing__hover=\u00bbnull\u00bb button_two_letter_spacing__hover_enabled=\u00bboff\u00bb button_two_letter_spacing__hover=\u00bbnull\u00bb button_bg_color__hover_enabled=\u00bboff\u00bb button_bg_color__hover=\u00bbnull\u00bb button_one_bg_color__hover_enabled=\u00bboff\u00bb button_one_bg_color__hover=\u00bbnull\u00bb button_two_bg_color__hover_enabled=\u00bboff\u00bb button_two_bg_color__hover=\u00bbnull\u00bb]<br \/>\n[\/et_pb_button][\/et_pb_column][\/et_pb_row][\/et_pb_section][et_pb_section fb_built=\u00bb1&#8243; _builder_version=\u00bb3.22.3&#8243; background_color=\u00bb#ffffff\u00bb custom_padding=\u00bb125px|||\u00bb top_divider_style=\u00bbramp2&#8243; top_divider_color=\u00bb#ebebeb\u00bb top_divider_height=\u00bb147px\u00bb top_divider_flip=\u00bbvertical\u00bb top_divider_height_last_edited=\u00bbon|phone\u00bb][et_pb_row _builder_version=\u00bb3.25&#8243; max_width=\u00bb80%\u00bb use_custom_width=\u00bbon\u00bb width_unit=\u00bboff\u00bb column_structure=\u00bb3_5,2_5&#8243;][et_pb_column type=\u00bb3_5&#8243; _builder_version=\u00bb3.25&#8243; custom_padding=\u00bb|||\u00bb custom_padding__hover=\u00bb|||\u00bb][et_pb_text module_class=\u00bbrelated_header\u00bb _builder_version=\u00bb3.15&#8243; text_font=\u00bb||||||||\u00bb header_font=\u00bb||||||||\u00bb header_3_font=\u00bb||||||||\u00bb border_width_bottom=\u00bb1px\u00bb border_color_bottom=\u00bb#004b8d\u00bb header_3_font_size_tablet=\u00bb20px\u00bb header_3_font_size_last_edited=\u00bbon|phone\u00bb]<\/p>\n<h3>Documentos Relacionados<\/h3>\n<p>[\/et_pb_text][et_pb_text _builder_version=\u00bb3.15&#8243;]<\/p>\n\n<p>[\/et_pb_text][\/et_pb_column][et_pb_column type=\u00bb2_5&#8243; _builder_version=\u00bb3.25&#8243; custom_padding=\u00bb|||\u00bb custom_padding__hover=\u00bb|||\u00bb][et_pb_text module_class=\u00bbrelated_header\u00bb _builder_version=\u00bb3.15&#8243; text_font=\u00bb||||||||\u00bb header_font=\u00bb||||||||\u00bb header_3_font=\u00bb||||||||\u00bb border_width_bottom=\u00bb1px\u00bb border_color_bottom=\u00bb#004b8d\u00bb header_3_font_size_tablet=\u00bb20px\u00bb header_3_font_size_last_edited=\u00bbon|phone\u00bb]<\/p>\n<h3>Proyectos Relacionados<\/h3>\n<p>[\/et_pb_text][et_pb_filterable_portfolio fullwidth=\u00bboff\u00bb posts_number=\u00bb2&#8243; include_categories=\u00bb16&#8243; show_categories=\u00bboff\u00bb zoom_icon_color=\u00bb#003c72&#8243; hover_overlay_color=\u00bbrgba(4,32,56,0.23)\u00bb hover_icon=\u00bb%%137%%\u00bb module_class=\u00bbrelated_project\u00bb _builder_version=\u00bb3.19.14&#8243;]<br \/>\n[\/et_pb_filterable_portfolio][\/et_pb_column][\/et_pb_row][\/et_pb_section]<\/p>\n","protected":false},"excerpt":{"rendered":"<p>Lundberg es un proveedor l\u00edder de sistemas de control de contaminaci\u00f3n atmosf\u00e9rica personalizados. Desde estudios hasta instalaci\u00f3n llave en mano Lundberg dise\u00f1a y construye sistemas para el control de gases no condensables, VOC (Compuestos Org\u00e1nicos Vol\u00e1tiles), HAP (Contaminantes atmosf\u00e9ricos peligrosos) y particulas en suspensi\u00f3n. Lundberg ofrece toda una gama de opciones dede estudios e ingenier\u00eda [&hellip;]<\/p>\n","protected":false},"author":1,"featured_media":0,"parent":0,"menu_order":0,"comment_status":"closed","ping_status":"closed","template":"","meta":{"_acf_changed":false,"_et_pb_use_builder":"on","_et_pb_old_content":"","_et_gb_content_width":"","_monsterinsights_skip_tracking":false,"_monsterinsights_sitenote_active":false,"_monsterinsights_sitenote_note":"","_monsterinsights_sitenote_category":0,"footnotes":""},"class_list":["post-220766","page","type-page","status-publish","hentry"],"acf":[],"_links":{"self":[{"href":"https:\/\/lundbergtechnologies.com\/es\/wp-json\/wp\/v2\/pages\/220766","targetHints":{"allow":["GET"]}}],"collection":[{"href":"https:\/\/lundbergtechnologies.com\/es\/wp-json\/wp\/v2\/pages"}],"about":[{"href":"https:\/\/lundbergtechnologies.com\/es\/wp-json\/wp\/v2\/types\/page"}],"author":[{"embeddable":true,"href":"https:\/\/lundbergtechnologies.com\/es\/wp-json\/wp\/v2\/users\/1"}],"replies":[{"embeddable":true,"href":"https:\/\/lundbergtechnologies.com\/es\/wp-json\/wp\/v2\/comments?post=220766"}],"version-history":[{"count":0,"href":"https:\/\/lundbergtechnologies.com\/es\/wp-json\/wp\/v2\/pages\/220766\/revisions"}],"wp:attachment":[{"href":"https:\/\/lundbergtechnologies.com\/es\/wp-json\/wp\/v2\/media?parent=220766"}],"curies":[{"name":"wp","href":"https:\/\/api.w.org\/{rel}","templated":true}]}}