{"id":220771,"date":"2019-03-25T15:47:56","date_gmt":"2019-03-25T22:47:56","guid":{"rendered":"https:\/\/lundbergtechnologies.com\/medio-ambiente\/oxidadores-termicos-oxidadores-termicos-regenerativos-rtos-y-oxidadadores-cataliticos-regenerativos-rcos\/"},"modified":"2019-03-25T21:16:10","modified_gmt":"2019-03-26T04:16:10","slug":"oxidadores-termicos","status":"publish","type":"page","link":"https:\/\/lundbergtechnologies.com\/es\/medio-ambiente\/oxidadores-termicos\/","title":{"rendered":"Oxidadores T\u00e9rmicos, Oxidadores T\u00e9rmicos Regenerativos (RTOs) y Oxidadadores Catal\u00edticos Regenerativos (RCOs)"},"content":{"rendered":"<p>[et_pb_section fb_built=\u00bb1&#8243; custom_padding_last_edited=\u00bbon|phone\u00bb module_class=\u00bbvb-hero\u00bb _builder_version=\u00bb3.15&#8243; background_color_gradient_direction=\u00bb128deg\u00bb background_image=\u00bb\/wp-content\/uploads\/2018\/08\/lundberg_home_hero.jpg\u00bb background_position=\u00bbcenter_right\u00bb max_width_last_edited=\u00bbon|phone\u00bb custom_margin=\u00bb|||0px\u00bb custom_padding=\u00bb30px||30px||true\u00bb custom_padding_phone=\u00bb0px|0px|0px|0px\u00bb][et_pb_row use_custom_width=\u00bbon\u00bb width_unit=\u00bboff\u00bb custom_width_percent=\u00bb70%\u00bb custom_padding=\u00bb|||\u00bb custom_padding_tablet=\u00bb25px|||\u00bb custom_padding_phone=\u00bb38px|||\u00bb custom_margin=\u00bb|||39px\u00bb custom_padding_last_edited=\u00bbon|phone\u00bb _builder_version=\u00bb3.15&#8243; module_alignment=\u00bbleft\u00bb custom_margin_tablet=\u00bb|||45px\u00bb custom_margin_phone=\u00bb|||0px\u00bb custom_margin_last_edited=\u00bbon|phone\u00bb][et_pb_column type=\u00bb4_4&#8243; _builder_version=\u00bb3.0.47&#8243;][et_pb_post_title meta=\u00bboff\u00bb featured_image=\u00bboff\u00bb module_class=\u00bbtitle-text\u00bb _builder_version=\u00bb3.15&#8243; title_font=\u00bbLato|700|||||||\u00bb title_text_align=\u00bbleft\u00bb title_font_size=\u00bb42px\u00bb title_font_size_tablet=\u00bb33px\u00bb title_font_size_phone=\u00bb26px\u00bb title_font_size_last_edited=\u00bbon|phone\u00bb background_color=\u00bbrgba(4,32,56,0.9)\u00bb custom_margin=\u00bb|100px|0px|\u00bb custom_margin_tablet=\u00bb|100px||\u00bb custom_margin_phone=\u00bb|60px||\u00bb custom_margin_last_edited=\u00bbon|phone\u00bb custom_padding=\u00bb33px||10px|35px\u00bb custom_padding_tablet=\u00bb30px|0px|15px|14px\u00bb custom_padding_phone=\u00bb|||7px\u00bb custom_padding_last_edited=\u00bbon|tablet\u00bb][\/et_pb_post_title][et_pb_text module_class=\u00bbtitle-sub-text\u00bb _builder_version=\u00bb3.15&#8243; text_text_color=\u00bb#ffffff\u00bb text_font_size=\u00bb18px\u00bb text_font_size_tablet=\u00bb17px\u00bb text_font_size_phone=\u00bb16px\u00bb text_font_size_last_edited=\u00bbon|phone\u00bb text_line_height=\u00bb1.6em\u00bb background_color=\u00bb#042038&#8243; custom_margin=\u00bb0px|100px|0px|\u00bb custom_margin_phone=\u00bb|60px||\u00bb custom_margin_last_edited=\u00bbon|phone\u00bb custom_padding=\u00bb10px|24px|34px|40px||false\u00bb custom_padding_tablet=\u00bb10px|20px||10px||false\u00bb custom_padding_phone=\u00bb10px|20px|18px|20px||true\u00bb custom_padding_last_edited=\u00bbon|desktop\u00bb]Los sistemas exclusivos de oxidaci\u00f3n t\u00e9rmica de Lundberg se han desarrollado a lo largo de los a\u00f1os para entornos industriales adversos. Nuestros dise\u00f1os incluyen oxidadores de combusti\u00f3n directa, oxidadores t\u00e9rmicos regenerativos y oxidadores catal\u00edticos regenerativos.<br \/>\n[\/et_pb_text][\/et_pb_column][\/et_pb_row][\/et_pb_section][et_pb_section fb_built=\u00bb1&#8243; _builder_version=\u00bb3.0.47&#8243;][et_pb_row _builder_version=\u00bb3.15&#8243;][et_pb_column type=\u00bb2_5&#8243; _builder_version=\u00bb3.0.47&#8243;][et_pb_image src=\u00bbhttps:\/\/lundbergtechnologies.com\/wp-content\/uploads\/2018\/09\/thermal-oxidizers.jpg\u00bb always_center_on_mobile=\u00bboff\u00bb _builder_version=\u00bb3.15&#8243;][\/et_pb_image][\/et_pb_column][et_pb_column type=\u00bb3_5&#8243; _builder_version=\u00bb3.0.47&#8243;][et_pb_text _builder_version=\u00bb3.15&#8243; header_4_line_height=\u00bb1.4em\u00bb]<\/p>\n<h4>Estos sistemas est\u00e1n dise\u00f1ados para quemar una amplia variedad de contaminantes industriales y para cumplir o superar todos los requisitos ambientales.<\/h4>\n<ul>\n<li>Nuestros oxidadores de combusti\u00f3n directa pueden servir como punto de incineraci\u00f3n primario o punto de incineraci\u00f3n alternativo para una amplia variedad de contaminantes del aire.<\/li>\n<li>Las caracter\u00edsticas del encendido r\u00e1pido para un punto de incineraci\u00f3n de seguridad o alternativo minimizan el consumo de combustible.<\/li>\n<li>El oxidador t\u00e9rmico de Lundberg puede cumplir con todos los l\u00edmites actuales para las emisiones de NOx, di\u00f3xido de azufre, mon\u00f3xido de carbono, \u00e1cido sulf\u00farico, componentes de azufre reducido (TRS), componentes org\u00e1nicos vol\u00e1tiles (VOC) y part\u00edculas.<\/li>\n<li>Se puede instalar una caldera de recuperaci\u00f3n para generar vapor de presi\u00f3n media tras su oxidador de \u00a0combusti\u00f3n directa si se desea producir vapor adicional.<\/li>\n<li>El GeoTherm\u00ae oxidador t\u00e9rmico regenerativo (RTO) de Lundberg y el GeoCat\u00ae oxidador catal\u00edtico regenerativo (RCO) son\u00a0 tecnolog\u00edas probadas econ\u00f3micamente y \u00a0desde el punto de vista de eficiencia energ\u00e9tica, \u00a0que maximizan la destrucci\u00f3n de componentes org\u00e1nicos vol\u00e1tiles (VOC) a la vez que se minimiza el consumo de combustible.<\/li>\n<li>Un GeoCat\u00ae oxidador t\u00e9rmico regenerativo (RTO) puede reducir los costos operativos al trabajar a temperaturas m\u00e1s bajas que otros\u00a0 RTOs.<\/li>\n<\/ul>\n<p>[\/et_pb_text][et_pb_button button_url=\u00bbhttps:\/\/www.dustexes.com\/technologies\/geotherm-rto-and-geocat-rco\/\u00bb url_new_window=\u00bbon\u00bb button_text=\u00bbCONTACTAR CON DUSTEX PARA M\u00c1S INFORMACI\u00d3N\u00bb admin_label=\u00bbButton &#8211; Dustex\u00bb module_class=\u00bbbutton_green\u00bb _builder_version=\u00bb3.21.1&#8243; custom_button=\u00bbon\u00bb button_text_color=\u00bb#ffffff\u00bb button_bg_color=\u00bb#008001&#8243; button_border_color=\u00bb#008001&#8243; button_font=\u00bb||||||||\u00bb button_bg_color_hover=\u00bb#008001&#8243; button_text_size__hover_enabled=\u00bboff\u00bb button_one_text_size__hover_enabled=\u00bboff\u00bb button_two_text_size__hover_enabled=\u00bboff\u00bb button_text_color__hover_enabled=\u00bboff\u00bb button_one_text_color__hover_enabled=\u00bboff\u00bb button_two_text_color__hover_enabled=\u00bboff\u00bb button_border_width__hover_enabled=\u00bboff\u00bb button_one_border_width__hover_enabled=\u00bboff\u00bb button_two_border_width__hover_enabled=\u00bboff\u00bb button_border_color__hover_enabled=\u00bboff\u00bb button_one_border_color__hover_enabled=\u00bboff\u00bb button_two_border_color__hover_enabled=\u00bboff\u00bb button_border_radius__hover_enabled=\u00bboff\u00bb button_one_border_radius__hover_enabled=\u00bboff\u00bb button_two_border_radius__hover_enabled=\u00bboff\u00bb button_letter_spacing__hover_enabled=\u00bboff\u00bb button_one_letter_spacing__hover_enabled=\u00bboff\u00bb button_two_letter_spacing__hover_enabled=\u00bboff\u00bb button_bg_color__hover_enabled=\u00bbon\u00bb button_bg_color__hover=\u00bb#008001&#8243; button_one_bg_color__hover_enabled=\u00bboff\u00bb button_two_bg_color__hover_enabled=\u00bboff\u00bb][\/et_pb_button][\/et_pb_column][\/et_pb_row][\/et_pb_section]<\/p>\n","protected":false},"excerpt":{"rendered":"<p>Los sistemas exclusivos de oxidaci\u00f3n t\u00e9rmica de Lundberg se han desarrollado a lo largo de los a\u00f1os para entornos industriales adversos. Nuestros dise\u00f1os incluyen oxidadores de combusti\u00f3n directa, oxidadores t\u00e9rmicos regenerativos y oxidadores catal\u00edticos regenerativos. Estos sistemas est\u00e1n dise\u00f1ados para quemar una amplia variedad de contaminantes industriales y para cumplir o superar todos los requisitos [&hellip;]<\/p>\n","protected":false},"author":1,"featured_media":0,"parent":220766,"menu_order":0,"comment_status":"closed","ping_status":"closed","template":"","meta":{"_acf_changed":false,"_et_pb_use_builder":"on","_et_pb_old_content":"","_et_gb_content_width":"","_monsterinsights_skip_tracking":false,"_monsterinsights_sitenote_active":false,"_monsterinsights_sitenote_note":"","_monsterinsights_sitenote_category":0,"footnotes":""},"class_list":["post-220771","page","type-page","status-publish","hentry"],"acf":[],"_links":{"self":[{"href":"https:\/\/lundbergtechnologies.com\/es\/wp-json\/wp\/v2\/pages\/220771","targetHints":{"allow":["GET"]}}],"collection":[{"href":"https:\/\/lundbergtechnologies.com\/es\/wp-json\/wp\/v2\/pages"}],"about":[{"href":"https:\/\/lundbergtechnologies.com\/es\/wp-json\/wp\/v2\/types\/page"}],"author":[{"embeddable":true,"href":"https:\/\/lundbergtechnologies.com\/es\/wp-json\/wp\/v2\/users\/1"}],"replies":[{"embeddable":true,"href":"https:\/\/lundbergtechnologies.com\/es\/wp-json\/wp\/v2\/comments?post=220771"}],"version-history":[{"count":0,"href":"https:\/\/lundbergtechnologies.com\/es\/wp-json\/wp\/v2\/pages\/220771\/revisions"}],"up":[{"embeddable":true,"href":"https:\/\/lundbergtechnologies.com\/es\/wp-json\/wp\/v2\/pages\/220766"}],"wp:attachment":[{"href":"https:\/\/lundbergtechnologies.com\/es\/wp-json\/wp\/v2\/media?parent=220771"}],"curies":[{"name":"wp","href":"https:\/\/api.w.org\/{rel}","templated":true}]}}