{"id":220772,"date":"2019-03-25T15:49:44","date_gmt":"2019-03-25T22:49:44","guid":{"rendered":"https:\/\/lundbergtechnologies.com\/medio-ambiente\/sistemas-ncg\/"},"modified":"2019-03-25T15:49:47","modified_gmt":"2019-03-25T22:49:47","slug":"sistemas-ncg","status":"publish","type":"page","link":"https:\/\/lundbergtechnologies.com\/es\/medio-ambiente\/sistemas-ncg\/","title":{"rendered":"Sistemas NCG"},"content":{"rendered":"<p>[et_pb_section fb_built=\u00bb1&#8243; custom_padding_last_edited=\u00bbon|phone\u00bb module_class=\u00bbvb-hero\u00bb _builder_version=\u00bb3.15&#8243; background_color_gradient_direction=\u00bb128deg\u00bb background_image=\u00bb\/wp-content\/uploads\/2018\/08\/lundberg_home_hero.jpg\u00bb background_position=\u00bbcenter_right\u00bb max_width_last_edited=\u00bbon|phone\u00bb custom_margin=\u00bb|||0px\u00bb custom_padding=\u00bb30px||30px||true\u00bb custom_padding_phone=\u00bb0px|0px|0px|0px\u00bb][et_pb_row use_custom_width=\u00bbon\u00bb width_unit=\u00bboff\u00bb custom_width_percent=\u00bb70%\u00bb custom_padding=\u00bb|||\u00bb custom_padding_tablet=\u00bb25px|||\u00bb custom_padding_phone=\u00bb38px|||\u00bb custom_margin=\u00bb|||39px\u00bb custom_padding_last_edited=\u00bbon|phone\u00bb _builder_version=\u00bb3.15&#8243; module_alignment=\u00bbleft\u00bb custom_margin_tablet=\u00bb|||45px\u00bb custom_margin_phone=\u00bb|||0px\u00bb custom_margin_last_edited=\u00bbon|phone\u00bb][et_pb_column type=\u00bb4_4&#8243; _builder_version=\u00bb3.0.47&#8243; parallax=\u00bboff\u00bb parallax_method=\u00bbon\u00bb][et_pb_post_title meta=\u00bboff\u00bb featured_image=\u00bboff\u00bb module_class=\u00bbtitle-text\u00bb _builder_version=\u00bb3.15&#8243; title_font=\u00bbLato|700|||||||\u00bb title_text_align=\u00bbleft\u00bb title_font_size=\u00bb42px\u00bb title_font_size_tablet=\u00bb33px\u00bb title_font_size_phone=\u00bb26px\u00bb title_font_size_last_edited=\u00bbon|phone\u00bb background_color=\u00bbrgba(4,32,56,0.9)\u00bb custom_margin=\u00bb|100px|0px|\u00bb custom_margin_tablet=\u00bb|100px||\u00bb custom_margin_phone=\u00bb|60px||\u00bb custom_margin_last_edited=\u00bbon|phone\u00bb custom_padding=\u00bb33px||10px|35px\u00bb custom_padding_tablet=\u00bb30px|0px|15px|14px\u00bb custom_padding_phone=\u00bb|||7px\u00bb custom_padding_last_edited=\u00bbon|tablet\u00bb][\/et_pb_post_title][et_pb_text module_class=\u00bbtitle-sub-text\u00bb _builder_version=\u00bb3.15&#8243; text_font=\u00bb||||||||\u00bb text_text_color=\u00bb#ffffff\u00bb text_font_size=\u00bb18px\u00bb text_font_size_tablet=\u00bb17px\u00bb text_font_size_phone=\u00bb16px\u00bb text_font_size_last_edited=\u00bbon|phone\u00bb text_line_height=\u00bb1.6em\u00bb background_color=\u00bb#042038&#8243; custom_margin=\u00bb0px|100px|0px|\u00bb custom_margin_phone=\u00bb|60px||\u00bb custom_margin_last_edited=\u00bbon|phone\u00bb custom_padding=\u00bb10px|24px|34px|40px||false\u00bb custom_padding_tablet=\u00bb10px|20px||10px||false\u00bb custom_padding_phone=\u00bb10px|20px|18px|20px||true\u00bb custom_padding_last_edited=\u00bbon|desktop\u00bb]Lundberg dise\u00f1a sistemas de tratamiento de gases no condensables de \u00faltima generaci\u00f3n para sistemas de gas diluido, concentrado y de stripper. Estos sistemas est\u00e1n dise\u00f1ados para operar de la forma m\u00e1s segura posible,  para cumplir con los requisitos m\u00e1s estrictos y con las regulaciones ambientales y para minimizar cualquier posible  venteo.<br \/>\n[\/et_pb_text][\/et_pb_column][\/et_pb_row][\/et_pb_section][et_pb_section fb_built=\u00bb1&#8243; _builder_version=\u00bb3.0.47&#8243;][et_pb_row _builder_version=\u00bb3.0.48&#8243; background_size=\u00bbinitial\u00bb background_position=\u00bbtop_left\u00bb background_repeat=\u00bbrepeat\u00bb][et_pb_column type=\u00bb2_5&#8243; _builder_version=\u00bb3.0.47&#8243; parallax=\u00bboff\u00bb parallax_method=\u00bbon\u00bb][et_pb_image src=\u00bbhttps:\/\/lundbergtechnologies.com\/wp-content\/uploads\/2018\/10\/Tech-Env-NCG-Systems.jpg\u00bb _builder_version=\u00bb3.15&#8243;][\/et_pb_image][\/et_pb_column][et_pb_column type=\u00bb3_5&#8243; _builder_version=\u00bb3.0.47&#8243; parallax=\u00bboff\u00bb parallax_method=\u00bbon\u00bb][et_pb_text _builder_version=\u00bb3.15&#8243;]<\/p>\n<h4><strong>Las ventajas de un sistema de Lundberg incluyen:<\/strong><\/h4>\n<p>&nbsp;<\/p>\n<ul>\n<li>Nuestros sistemas est\u00e1n dise\u00f1ados para recoger, transportar y tratar los gases residuales de manera segura y eficiente.<\/li>\n<li>La alta disponibilidad del sistema cumple y supera f\u00e1cilmente los nuevos requisitos RTR(US) y BREF(EU).<\/li>\n<li>La oxidaci\u00f3n t\u00e9rmica de los gases residuales se puede lograr en la caldera de recuperaci\u00f3n, el horno de cal o un incinerador dedicado a tal fin.<\/li>\n<li>Los sistemas est\u00e1n dise\u00f1ados para cumplir o superar a las normativas BLRBAC cuando se queman los gases residuales en la caldera de recuperaci\u00f3n.<\/li>\n<li>Tambi\u00e9n se puede suminsitrar un lavador de gases (scrubber) despu\u00e9s de la oxidaci\u00f3n.<\/li>\n<li>Los sistemas \u00a0se pueden dise\u00f1ar con transferencia autom\u00e1tica entre varios puntos de incineraci\u00f3n sin venteo .<\/li>\n<li>Nuestros sistemas est\u00e1n dise\u00f1ados para minimizar el exceso de aire en el sistema de venteo.<\/li>\n<li>Los enclavamientos del sistema est\u00e1n dise\u00f1ados para proteger la integridad del personal y del sistema.<\/li>\n<li>Los sistemas de tuber\u00edas y drenaje est\u00e1n dise\u00f1ados para eliminar la potencial acumulaci\u00f3n de condensados en las tuber\u00edas y otros equipos.<\/li>\n<\/ul>\n<p>[\/et_pb_text][\/et_pb_column][\/et_pb_row][\/et_pb_section]<\/p>\n","protected":false},"excerpt":{"rendered":"<p>Lundberg dise\u00f1a sistemas de tratamiento de gases no condensables de \u00faltima generaci\u00f3n para sistemas de gas diluido, concentrado y de stripper. Estos sistemas est\u00e1n dise\u00f1ados para operar de la forma m\u00e1s segura posible, para cumplir con los requisitos m\u00e1s estrictos y con las regulaciones ambientales y para minimizar cualquier posible venteo. Las ventajas de un [&hellip;]<\/p>\n","protected":false},"author":1,"featured_media":0,"parent":220766,"menu_order":0,"comment_status":"closed","ping_status":"closed","template":"","meta":{"_acf_changed":false,"_et_pb_use_builder":"on","_et_pb_old_content":"","_et_gb_content_width":"","_monsterinsights_skip_tracking":false,"_monsterinsights_sitenote_active":false,"_monsterinsights_sitenote_note":"","_monsterinsights_sitenote_category":0,"footnotes":""},"class_list":["post-220772","page","type-page","status-publish","hentry"],"acf":[],"_links":{"self":[{"href":"https:\/\/lundbergtechnologies.com\/es\/wp-json\/wp\/v2\/pages\/220772","targetHints":{"allow":["GET"]}}],"collection":[{"href":"https:\/\/lundbergtechnologies.com\/es\/wp-json\/wp\/v2\/pages"}],"about":[{"href":"https:\/\/lundbergtechnologies.com\/es\/wp-json\/wp\/v2\/types\/page"}],"author":[{"embeddable":true,"href":"https:\/\/lundbergtechnologies.com\/es\/wp-json\/wp\/v2\/users\/1"}],"replies":[{"embeddable":true,"href":"https:\/\/lundbergtechnologies.com\/es\/wp-json\/wp\/v2\/comments?post=220772"}],"version-history":[{"count":0,"href":"https:\/\/lundbergtechnologies.com\/es\/wp-json\/wp\/v2\/pages\/220772\/revisions"}],"up":[{"embeddable":true,"href":"https:\/\/lundbergtechnologies.com\/es\/wp-json\/wp\/v2\/pages\/220766"}],"wp:attachment":[{"href":"https:\/\/lundbergtechnologies.com\/es\/wp-json\/wp\/v2\/media?parent=220772"}],"curies":[{"name":"wp","href":"https:\/\/api.w.org\/{rel}","templated":true}]}}