{"id":220779,"date":"2019-03-25T16:01:56","date_gmt":"2019-03-25T23:01:56","guid":{"rendered":"https:\/\/lundbergtechnologies.com\/ahorro-energetico\/"},"modified":"2019-03-25T16:44:20","modified_gmt":"2019-03-25T23:44:20","slug":"ahorro-energetico","status":"publish","type":"page","link":"https:\/\/lundbergtechnologies.com\/es\/ahorro-energetico\/","title":{"rendered":"Ahorro Energ\u00e9tico"},"content":{"rendered":"<p>[et_pb_section fb_built=\u00bb1&#8243; custom_padding_last_edited=\u00bbon|phone\u00bb module_class=\u00bbvb-hero\u00bb _builder_version=\u00bb3.15&#8243; use_background_color_gradient=\u00bbon\u00bb background_color_gradient_start=\u00bbrgba(0,75,141,0.96)\u00bb background_color_gradient_end=\u00bbrgba(0,75,141,0)\u00bb background_color_gradient_direction=\u00bb128deg\u00bb background_color_gradient_start_position=\u00bb45%\u00bb background_color_gradient_end_position=\u00bb27%\u00bb background_color_gradient_overlays_image=\u00bbon\u00bb background_image=\u00bbhttps:\/\/lundbergtechnologies.com\/wp-content\/uploads\/2018\/09\/Environmental-Recovery-Boiler-CNCG-Burner-Weyco-Oglethorpe.jpg\u00bb background_position=\u00bbcenter_right\u00bb background_repeat=\u00bbrepeat\u00bb max_width_last_edited=\u00bbon|phone\u00bb custom_margin=\u00bb|||0px\u00bb custom_padding=\u00bb30px||30px||true\u00bb custom_padding_phone=\u00bb0px|0px|0px|0px\u00bb][et_pb_row custom_padding=\u00bb50px|||\u00bb custom_padding_tablet=\u00bb25px|||\u00bb custom_padding_phone=\u00bb38px|||\u00bb custom_margin=\u00bb|0px||44px\u00bb custom_padding_last_edited=\u00bbon|phone\u00bb _builder_version=\u00bb3.14&#8243; module_alignment=\u00bbleft\u00bb custom_margin_phone=\u00bb|||0px\u00bb custom_margin_last_edited=\u00bbon|phone\u00bb][et_pb_column type=\u00bb4_4&#8243; _builder_version=\u00bb3.0.47&#8243;][et_pb_post_title meta=\u00bboff\u00bb featured_image=\u00bboff\u00bb _builder_version=\u00bb3.14&#8243; title_font=\u00bbLato|700|||||||\u00bb title_text_align=\u00bbleft\u00bb title_font_size=\u00bb42px\u00bb title_font_size_tablet=\u00bb33px\u00bb title_font_size_phone=\u00bb26px\u00bb title_font_size_last_edited=\u00bbon|phone\u00bb background_color=\u00bb#042038&#8243; custom_margin=\u00bb|100px|0px|\u00bb custom_margin_tablet=\u00bb|100px||\u00bb custom_margin_phone=\u00bb|60px||\u00bb custom_margin_last_edited=\u00bbon|phone\u00bb custom_padding=\u00bb33px||10px|35px\u00bb custom_padding_tablet=\u00bb30px|0px|15px|14px\u00bb custom_padding_phone=\u00bb|||7px\u00bb custom_padding_last_edited=\u00bbon|tablet\u00bb]<\/p>\n<p>&nbsp;<\/p>\n<p>[\/et_pb_post_title][et_pb_text _builder_version=\u00bb3.15&#8243; text_text_color=\u00bb#ffffff\u00bb text_font_size=\u00bb18px\u00bb text_font_size_tablet=\u00bb17px\u00bb text_font_size_phone=\u00bb16px\u00bb text_font_size_last_edited=\u00bbon|phone\u00bb text_line_height=\u00bb1.6em\u00bb background_color=\u00bb#042038&#8243; custom_margin=\u00bb0px|100px|0px|\u00bb custom_margin_phone=\u00bb|60px||\u00bb custom_margin_last_edited=\u00bbon|phone\u00bb custom_padding=\u00bb10px|24px|34px|40px||false\u00bb custom_padding_tablet=\u00bb10px|20px||10px||false\u00bb custom_padding_phone=\u00bb10px|20px|18px|20px||true\u00bb custom_padding_last_edited=\u00bbon|desktop\u00bb]Lundberg ofrece soluciones pr\u00e1cticas y econ\u00f3micamente s\u00f3lidas para una eficiencia energ\u00e9tica duradera.<br \/>\n[\/et_pb_text][\/et_pb_column][\/et_pb_row][\/et_pb_section][et_pb_section fb_built=\u00bb1&#8243; _builder_version=\u00bb3.15&#8243; background_color=\u00bb#ffffff\u00bb custom_padding=\u00bb|||\u00bb top_divider_color=\u00bb#004b8d\u00bb bottom_divider_color=\u00bb#004b8d\u00bb bottom_divider_flip=\u00bbhorizontal\u00bb bottom_divider_height_last_edited=\u00bbon|desktop\u00bb][et_pb_row use_custom_width=\u00bbon\u00bb width_unit=\u00bboff\u00bb custom_padding=\u00bb||71px|\u00bb custom_margin=\u00bb0px||1px|\u00bb custom_padding_last_edited=\u00bbon|desktop\u00bb padding_top_bottom_link_1=\u00bbfalse\u00bb padding_left_right_link_1=\u00bbtrue\u00bb padding_top_1=\u00bb0px\u00bb padding_bottom_1=\u00bb0px\u00bb _builder_version=\u00bb3.15&#8243;][et_pb_column type=\u00bb4_4&#8243; _builder_version=\u00bb3.0.47&#8243;][et_pb_text _builder_version=\u00bb3.15&#8243; header_2_text_color=\u00bb#003c72&#8243; header_2_font_size=\u00bb27px\u00bb header_2_line_height=\u00bb1.7em\u00bb header_4_line_height=\u00bb1.7em\u00bb custom_margin=\u00bb||-1px|\u00bb custom_padding=\u00bb0px||0px||true\u00bb]<\/p>\n<h2>Eficiencias de Fabricaci\u00f3n<\/h2>\n<p>Lundberg trabaja con un amplio espectro de clientes para mejorar la eficiencia en la fabricaci\u00f3n de pasta. Ayudamos a reducir las emisiones de gases de efecto invernadero, reducimos los costos operativos y eliminamos los costosos problemas de mantenimiento. Podemos personalizar un plan que reduce el impacto de su organizaci\u00f3n en el medio ambiente a la vez que ahorra dinero y mejora sus resultados.<\/p>\n<p>Lundberg ayuda a nuestros clientes a reducir los costos de energ\u00eda a trav\u00e9s de aplicaciones eficientes de nuestras tecnolog\u00edas, as\u00ed como a trav\u00e9s de la recuperaci\u00f3n y el uso eficiente del calor residual y las fuentes de energ\u00eda de bajo nivel.<br \/>\n[\/et_pb_text][\/et_pb_column][\/et_pb_row][\/et_pb_section][et_pb_section fb_built=\u00bb1&#8243; _builder_version=\u00bb3.15&#8243; use_background_color_gradient=\u00bbon\u00bb background_color_gradient_start=\u00bbrgba(235,235,235,0.17)\u00bb background_color_gradient_end=\u00bb#ebebeb\u00bb custom_padding=\u00bb0px||0px|\u00bb][et_pb_row make_fullwidth=\u00bbon\u00bb use_custom_gutter=\u00bbon\u00bb gutter_width=\u00bb1&#8243; custom_padding=\u00bb0px||0px|\u00bb make_equal=\u00bbon\u00bb padding_left_right_link_2=\u00bbtrue\u00bb padding_right_2=\u00bb50px\u00bb padding_left_2=\u00bb50px\u00bb module_class_1=\u00bbimage-column\u00bb module_class=\u00bbfifty-fifty\u00bb _builder_version=\u00bb3.15&#8243; border_color_bottom=\u00bb#004b8d\u00bb][et_pb_column type=\u00bb2_5&#8243; _builder_version=\u00bb3.0.47&#8243;][et_pb_image src=\u00bbhttps:\/\/lundbergtechnologies.com\/wp-content\/uploads\/2018\/09\/Energy_Blow-heat-No.-6.jpg\u00bb show_bottom_space=\u00bboff\u00bb _builder_version=\u00bb3.15&#8243;]<\/p>\n<h3>Proyectos Relacionados\/h3><br \/>\n[\/et_pb_image][\/et_pb_column][et_pb_column type=\u00bb3_5&#8243; _builder_version=\u00bb3.0.47&#8243;][et_pb_text _builder_version=\u00bb3.15&#8243; header_3_text_color=\u00bb#004b8d\u00bb header_3_font_size=\u00bb23px\u00bb header_3_font_size_tablet=\u00bb21px\u00bb header_3_font_size_phone=\u00bb19px\u00bb header_3_font_size_last_edited=\u00bbon|phone\u00bb header_3_line_height=\u00bb1.7em\u00bb custom_padding=\u00bb5%||0px|0px\u00bb]<\/p>\n<h3>Recuperaci\u00f3n del Calor en el Soplado del digestor<\/h3>\n<p>Nuestro sistema de recuperaci\u00f3n de calor en el soplado est\u00e1 dise\u00f1ado para tomar un proceso discontinuo y convertirlo en una fuente de calor fiable y continua que pueda aplicarse a otros usos dentro de la planta. Los sistemas de Lundberg est\u00e1n dise\u00f1ados para capturar los vapores calientes del tanque de soplado del digestor discontinuo y recuperar el calor latente. La recuperaci\u00f3n de calor se logra calentando el agua del proceso, calentando el agua de alimentaci\u00f3n de la caldera o de la pre-evaporaci\u00f3n de licor negro.<br \/>\n[\/et_pb_text][et_pb_button button_url=\u00bb\/es\/ahorro-energetico\/recuperacion-calor-soplado\/\u00bb button_text=\u00bbLEER M\u00c1S\u00bb _builder_version=\u00bb3.21.1&#8243; background_layout=\u00bbdark\u00bb custom_margin=\u00bb20px||5%|\u00bb custom_padding=\u00bb||0%|\u00bb button_text_size__hover_enabled=\u00bboff\u00bb button_text_size__hover=\u00bbnull\u00bb button_one_text_size__hover_enabled=\u00bboff\u00bb button_one_text_size__hover=\u00bbnull\u00bb button_two_text_size__hover_enabled=\u00bboff\u00bb button_two_text_size__hover=\u00bbnull\u00bb button_text_color__hover_enabled=\u00bboff\u00bb button_text_color__hover=\u00bbnull\u00bb button_one_text_color__hover_enabled=\u00bboff\u00bb button_one_text_color__hover=\u00bbnull\u00bb button_two_text_color__hover_enabled=\u00bboff\u00bb button_two_text_color__hover=\u00bbnull\u00bb button_border_width__hover_enabled=\u00bboff\u00bb button_border_width__hover=\u00bbnull\u00bb button_one_border_width__hover_enabled=\u00bboff\u00bb button_one_border_width__hover=\u00bbnull\u00bb button_two_border_width__hover_enabled=\u00bboff\u00bb button_two_border_width__hover=\u00bbnull\u00bb button_border_color__hover_enabled=\u00bboff\u00bb button_border_color__hover=\u00bbnull\u00bb button_one_border_color__hover_enabled=\u00bboff\u00bb button_one_border_color__hover=\u00bbnull\u00bb button_two_border_color__hover_enabled=\u00bboff\u00bb button_two_border_color__hover=\u00bbnull\u00bb button_border_radius__hover_enabled=\u00bboff\u00bb button_border_radius__hover=\u00bbnull\u00bb button_one_border_radius__hover_enabled=\u00bboff\u00bb button_one_border_radius__hover=\u00bbnull\u00bb button_two_border_radius__hover_enabled=\u00bboff\u00bb button_two_border_radius__hover=\u00bbnull\u00bb button_letter_spacing__hover_enabled=\u00bboff\u00bb button_letter_spacing__hover=\u00bbnull\u00bb button_one_letter_spacing__hover_enabled=\u00bboff\u00bb button_one_letter_spacing__hover=\u00bbnull\u00bb button_two_letter_spacing__hover_enabled=\u00bboff\u00bb button_two_letter_spacing__hover=\u00bbnull\u00bb button_bg_color__hover_enabled=\u00bboff\u00bb button_bg_color__hover=\u00bbnull\u00bb button_one_bg_color__hover_enabled=\u00bboff\u00bb button_one_bg_color__hover=\u00bbnull\u00bb button_two_bg_color__hover_enabled=\u00bboff\u00bb button_two_bg_color__hover=\u00bbnull\u00bb]<\/p>\n<h3>Proyectos Relacionados\/h3><br \/>\n[\/et_pb_button][\/et_pb_column][\/et_pb_row][\/et_pb_section][et_pb_section fb_built=\u00bb1&#8243; _builder_version=\u00bb3.15&#8243; use_background_color_gradient=\u00bbon\u00bb background_color_gradient_start=\u00bbrgba(235,235,235,0.17)\u00bb background_color_gradient_end=\u00bb#ebebeb\u00bb custom_padding=\u00bb0px||0px|\u00bb][et_pb_row make_fullwidth=\u00bbon\u00bb use_custom_gutter=\u00bbon\u00bb gutter_width=\u00bb1&#8243; custom_padding=\u00bb0px||0px|\u00bb make_equal=\u00bbon\u00bb padding_left_right_link_1=\u00bbtrue\u00bb padding_right_1=\u00bb50px\u00bb padding_left_1=\u00bb50px\u00bb module_class_2=\u00bbimage-column\u00bb module_class=\u00bbfifty-fifty reorder\u00bb _builder_version=\u00bb3.15&#8243; border_color_bottom=\u00bb#004b8d\u00bb][et_pb_column type=\u00bb3_5&#8243; _builder_version=\u00bb3.0.47&#8243;][et_pb_text _builder_version=\u00bb3.15&#8243; header_2_line_height=\u00bb1.7em\u00bb header_3_text_color=\u00bb#004b8d\u00bb header_3_font_size=\u00bb23px\u00bb header_3_font_size_tablet=\u00bb21px\u00bb header_3_font_size_phone=\u00bb19px\u00bb header_3_font_size_last_edited=\u00bbon|phone\u00bb header_3_line_height=\u00bb1.7em\u00bb custom_padding=\u00bb5%||0px|0px\u00bb]<\/p>\n<h3>Recuperaci\u00f3n de calor en Pasta Termomec\u00e1nica (TMP)<\/h3>\n<p>La recuperaci\u00f3n de calor de una planta de pasta termomec\u00e1nica (TMP) es una opci\u00f3n, pero los m\u00e9todos dependen del proceso de su planta y de los requisitos de utilizaci\u00f3n del calor. Nuestros sistemas est\u00e1n dise\u00f1ados para minimizar el arrastre de fibra al tiempo que utilizan temperatura y presi\u00f3n elevadas creadas en los refinadores primarios para proporcionar vapor limpio utilizando un intercambiador de pel\u00edcula descendente. El agua de alimentaci\u00f3n del intercambiador circula en el lado de la carcasa para proporcionar vapor limpio para su reutilizaci\u00f3n en el proceso. Tambi\u00e9n proporcionamos sistemas que pueden generar agua caliente si el vapor adicional no es necesario en sus instalaciones.<br \/>\n[\/et_pb_text][et_pb_button button_url=\u00bb\/es\/ahorro-energetico\/recuperacion-calor-tmp\/\u00bb button_text=\u00bbLEER M\u00c1S\u00bb _builder_version=\u00bb3.21.1&#8243; background_layout=\u00bbdark\u00bb custom_margin=\u00bb20px||5%|\u00bb custom_padding=\u00bb||0%|\u00bb button_text_size__hover_enabled=\u00bboff\u00bb button_text_size__hover=\u00bbnull\u00bb button_one_text_size__hover_enabled=\u00bboff\u00bb button_one_text_size__hover=\u00bbnull\u00bb button_two_text_size__hover_enabled=\u00bboff\u00bb button_two_text_size__hover=\u00bbnull\u00bb button_text_color__hover_enabled=\u00bboff\u00bb button_text_color__hover=\u00bbnull\u00bb button_one_text_color__hover_enabled=\u00bboff\u00bb button_one_text_color__hover=\u00bbnull\u00bb button_two_text_color__hover_enabled=\u00bboff\u00bb button_two_text_color__hover=\u00bbnull\u00bb button_border_width__hover_enabled=\u00bboff\u00bb button_border_width__hover=\u00bbnull\u00bb button_one_border_width__hover_enabled=\u00bboff\u00bb button_one_border_width__hover=\u00bbnull\u00bb button_two_border_width__hover_enabled=\u00bboff\u00bb button_two_border_width__hover=\u00bbnull\u00bb button_border_color__hover_enabled=\u00bboff\u00bb button_border_color__hover=\u00bbnull\u00bb button_one_border_color__hover_enabled=\u00bboff\u00bb button_one_border_color__hover=\u00bbnull\u00bb button_two_border_color__hover_enabled=\u00bboff\u00bb button_two_border_color__hover=\u00bbnull\u00bb button_border_radius__hover_enabled=\u00bboff\u00bb button_border_radius__hover=\u00bbnull\u00bb button_one_border_radius__hover_enabled=\u00bboff\u00bb button_one_border_radius__hover=\u00bbnull\u00bb button_two_border_radius__hover_enabled=\u00bboff\u00bb button_two_border_radius__hover=\u00bbnull\u00bb button_letter_spacing__hover_enabled=\u00bboff\u00bb button_letter_spacing__hover=\u00bbnull\u00bb button_one_letter_spacing__hover_enabled=\u00bboff\u00bb button_one_letter_spacing__hover=\u00bbnull\u00bb button_two_letter_spacing__hover_enabled=\u00bboff\u00bb button_two_letter_spacing__hover=\u00bbnull\u00bb button_bg_color__hover_enabled=\u00bboff\u00bb button_bg_color__hover=\u00bbnull\u00bb button_one_bg_color__hover_enabled=\u00bboff\u00bb button_one_bg_color__hover=\u00bbnull\u00bb button_two_bg_color__hover_enabled=\u00bboff\u00bb button_two_bg_color__hover=\u00bbnull\u00bb]<\/p>\n<h3>Proyectos Relacionados\/h3><br \/>\n[\/et_pb_button][\/et_pb_column][et_pb_column type=\u00bb2_5&#8243; _builder_version=\u00bb3.0.47&#8243;][et_pb_image src=\u00bbhttps:\/\/lundbergtechnologies.com\/wp-content\/uploads\/2018\/09\/TMP-heat-recovery.jpg\u00bb _builder_version=\u00bb3.15&#8243;]<\/p>\n<h3>Proyectos Relacionados\/h3><br \/>\n[\/et_pb_image][\/et_pb_column][\/et_pb_row][\/et_pb_section][et_pb_section fb_built=\u00bb1&#8243; _builder_version=\u00bb3.15&#8243; use_background_color_gradient=\u00bbon\u00bb background_color_gradient_start=\u00bbrgba(235,235,235,0.17)\u00bb background_color_gradient_end=\u00bb#ebebeb\u00bb custom_padding=\u00bb0px||0px|\u00bb][et_pb_row make_fullwidth=\u00bbon\u00bb use_custom_gutter=\u00bbon\u00bb gutter_width=\u00bb1&#8243; custom_padding=\u00bb0px||0px|\u00bb make_equal=\u00bbon\u00bb padding_left_right_link_2=\u00bbtrue\u00bb padding_right_2=\u00bb50px\u00bb padding_left_2=\u00bb50px\u00bb module_class_1=\u00bbimage-column\u00bb module_class=\u00bbfifty-fifty\u00bb _builder_version=\u00bb3.15&#8243; border_color_bottom=\u00bb#004b8d\u00bb][et_pb_column type=\u00bb2_5&#8243; _builder_version=\u00bb3.0.47&#8243;][et_pb_image src=\u00bbhttps:\/\/lundbergtechnologies.com\/wp-content\/uploads\/2018\/09\/indirect-black-liquor-heating.jpg\u00bb show_bottom_space=\u00bboff\u00bb _builder_version=\u00bb3.15&#8243;]<\/p>\n<h3>Proyectos Relacionados\/h3><br \/>\n[\/et_pb_image][\/et_pb_column][et_pb_column type=\u00bb3_5&#8243; _builder_version=\u00bb3.0.47&#8243;][et_pb_text _builder_version=\u00bb3.15&#8243; header_3_text_color=\u00bb#004b8d\u00bb header_3_font_size=\u00bb23px\u00bb header_3_font_size_tablet=\u00bb21px\u00bb header_3_font_size_phone=\u00bb19px\u00bb header_3_font_size_last_edited=\u00bbon|phone\u00bb header_3_line_height=\u00bb1.7em\u00bb custom_padding=\u00bb5%||0px|0px\u00bb]<\/p>\n<h3>Intercambiador indirecto de Licor Negro<\/h3>\n<p>Para las f\u00e1bricas de pasta y papel, el calentamiento indirecto del licor negro con alto contenido de s\u00f3lidos que se quema en una caldera de recuperaci\u00f3n tiene muchos beneficios en comparaci\u00f3n con la inyecci\u00f3n directa de vapor. La temperatura del licor se puede mantener mejor que una unidad directa, lo que permite un mejor control de la combusti\u00f3n y la reducci\u00f3n de arrastres. No hay diluci\u00f3n del licor con condensado de vapor, y la ausencia de contacto directo minimiza el riesgo de diluir el licor negro por debajo de la concentraci\u00f3n de combusti\u00f3n segura. Estos beneficios mejoran la seguridad del sistema y reducen el consumo de energ\u00eda.<br \/>\n[\/et_pb_text][et_pb_button button_url=\u00bb\/es\/ahorro-energetico\/calentamiento-indirecto-licor-negro\/\u00bb button_text=\u00bbLEER M\u00c1S\u00bb _builder_version=\u00bb3.21.1&#8243; background_layout=\u00bbdark\u00bb custom_margin=\u00bb20px||5%|\u00bb custom_padding=\u00bb||0%|\u00bb button_text_size__hover_enabled=\u00bboff\u00bb button_text_size__hover=\u00bbnull\u00bb button_one_text_size__hover_enabled=\u00bboff\u00bb button_one_text_size__hover=\u00bbnull\u00bb button_two_text_size__hover_enabled=\u00bboff\u00bb button_two_text_size__hover=\u00bbnull\u00bb button_text_color__hover_enabled=\u00bboff\u00bb button_text_color__hover=\u00bbnull\u00bb button_one_text_color__hover_enabled=\u00bboff\u00bb button_one_text_color__hover=\u00bbnull\u00bb button_two_text_color__hover_enabled=\u00bboff\u00bb button_two_text_color__hover=\u00bbnull\u00bb button_border_width__hover_enabled=\u00bboff\u00bb button_border_width__hover=\u00bbnull\u00bb button_one_border_width__hover_enabled=\u00bboff\u00bb button_one_border_width__hover=\u00bbnull\u00bb button_two_border_width__hover_enabled=\u00bboff\u00bb button_two_border_width__hover=\u00bbnull\u00bb button_border_color__hover_enabled=\u00bboff\u00bb button_border_color__hover=\u00bbnull\u00bb button_one_border_color__hover_enabled=\u00bboff\u00bb button_one_border_color__hover=\u00bbnull\u00bb button_two_border_color__hover_enabled=\u00bboff\u00bb button_two_border_color__hover=\u00bbnull\u00bb button_border_radius__hover_enabled=\u00bboff\u00bb button_border_radius__hover=\u00bbnull\u00bb button_one_border_radius__hover_enabled=\u00bboff\u00bb button_one_border_radius__hover=\u00bbnull\u00bb button_two_border_radius__hover_enabled=\u00bboff\u00bb button_two_border_radius__hover=\u00bbnull\u00bb button_letter_spacing__hover_enabled=\u00bboff\u00bb button_letter_spacing__hover=\u00bbnull\u00bb button_one_letter_spacing__hover_enabled=\u00bboff\u00bb button_one_letter_spacing__hover=\u00bbnull\u00bb button_two_letter_spacing__hover_enabled=\u00bboff\u00bb button_two_letter_spacing__hover=\u00bbnull\u00bb button_bg_color__hover_enabled=\u00bboff\u00bb button_bg_color__hover=\u00bbnull\u00bb button_one_bg_color__hover_enabled=\u00bboff\u00bb button_one_bg_color__hover=\u00bbnull\u00bb button_two_bg_color__hover_enabled=\u00bboff\u00bb button_two_bg_color__hover=\u00bbnull\u00bb]<\/p>\n<h3>Proyectos Relacionados\/h3><br \/>\n[\/et_pb_button][\/et_pb_column][\/et_pb_row][\/et_pb_section][et_pb_section fb_built=\u00bb1&#8243; _builder_version=\u00bb3.15&#8243; use_background_color_gradient=\u00bbon\u00bb background_color_gradient_start=\u00bbrgba(235,235,235,0.17)\u00bb background_color_gradient_end=\u00bb#ebebeb\u00bb custom_padding=\u00bb0px||0px|\u00bb][et_pb_row make_fullwidth=\u00bbon\u00bb use_custom_gutter=\u00bbon\u00bb gutter_width=\u00bb1&#8243; custom_padding=\u00bb0px||0px|\u00bb make_equal=\u00bbon\u00bb padding_left_right_link_1=\u00bbtrue\u00bb padding_right_1=\u00bb50px\u00bb padding_left_1=\u00bb50px\u00bb module_class_2=\u00bbimage-column\u00bb module_class=\u00bbfifty-fifty reorder\u00bb _builder_version=\u00bb3.15&#8243; border_color_bottom=\u00bb#004b8d\u00bb][et_pb_column type=\u00bb3_5&#8243; _builder_version=\u00bb3.0.47&#8243;][et_pb_text _builder_version=\u00bb3.15&#8243; header_2_line_height=\u00bb1.7em\u00bb header_3_text_color=\u00bb#004b8d\u00bb header_3_font_size=\u00bb23px\u00bb header_3_font_size_tablet=\u00bb21px\u00bb header_3_font_size_phone=\u00bb19px\u00bb header_3_font_size_last_edited=\u00bbon|phone\u00bb header_3_line_height=\u00bb1.7em\u00bb custom_padding=\u00bb5%||0px|0px\u00bb]<\/p>\n<h3>Recuperaci\u00f3n de Calor del Digestor<\/h3>\n<p>Lundberg dise\u00f1a sistemas de recuperaci\u00f3n de calor para la mayor\u00eda de los digestores continuos que se encuentran en las f\u00e1bricas de pasta y papel. Estos sistemas de recuperaci\u00f3n de calor pueden dise\u00f1arse para los digestores Kamyr \u2122, Pandia \u2122, M &amp; D \u2122 y otros digestores continuos. Dado que existen muchas diferencias en el proceso y el equipo de fabricaci\u00f3n de pasta, los sistemas de recuperaci\u00f3n de calor est\u00e1n personalizados para aplicaciones individuales. Los sistemas de Lundberg pueden reducir el consumo de energ\u00eda y mejorar la recuperaci\u00f3n de trementina.<br \/>\n[\/et_pb_text][et_pb_button button_url=\u00bb\/es\/ahorro-energetico\/recuperacion-calor-digestor\/\u00bb button_text=\u00bbLEER M\u00c1S\u00bb _builder_version=\u00bb3.21.1&#8243; background_layout=\u00bbdark\u00bb custom_margin=\u00bb20px||5%|\u00bb custom_padding=\u00bb||0%|\u00bb button_text_size__hover_enabled=\u00bboff\u00bb button_text_size__hover=\u00bbnull\u00bb button_one_text_size__hover_enabled=\u00bboff\u00bb button_one_text_size__hover=\u00bbnull\u00bb button_two_text_size__hover_enabled=\u00bboff\u00bb button_two_text_size__hover=\u00bbnull\u00bb button_text_color__hover_enabled=\u00bboff\u00bb button_text_color__hover=\u00bbnull\u00bb button_one_text_color__hover_enabled=\u00bboff\u00bb button_one_text_color__hover=\u00bbnull\u00bb button_two_text_color__hover_enabled=\u00bboff\u00bb button_two_text_color__hover=\u00bbnull\u00bb button_border_width__hover_enabled=\u00bboff\u00bb button_border_width__hover=\u00bbnull\u00bb button_one_border_width__hover_enabled=\u00bboff\u00bb button_one_border_width__hover=\u00bbnull\u00bb button_two_border_width__hover_enabled=\u00bboff\u00bb button_two_border_width__hover=\u00bbnull\u00bb button_border_color__hover_enabled=\u00bboff\u00bb button_border_color__hover=\u00bbnull\u00bb button_one_border_color__hover_enabled=\u00bboff\u00bb button_one_border_color__hover=\u00bbnull\u00bb button_two_border_color__hover_enabled=\u00bboff\u00bb button_two_border_color__hover=\u00bbnull\u00bb button_border_radius__hover_enabled=\u00bboff\u00bb button_border_radius__hover=\u00bbnull\u00bb button_one_border_radius__hover_enabled=\u00bboff\u00bb button_one_border_radius__hover=\u00bbnull\u00bb button_two_border_radius__hover_enabled=\u00bboff\u00bb button_two_border_radius__hover=\u00bbnull\u00bb button_letter_spacing__hover_enabled=\u00bboff\u00bb button_letter_spacing__hover=\u00bbnull\u00bb button_one_letter_spacing__hover_enabled=\u00bboff\u00bb button_one_letter_spacing__hover=\u00bbnull\u00bb button_two_letter_spacing__hover_enabled=\u00bboff\u00bb button_two_letter_spacing__hover=\u00bbnull\u00bb button_bg_color__hover_enabled=\u00bboff\u00bb button_bg_color__hover=\u00bbnull\u00bb button_one_bg_color__hover_enabled=\u00bboff\u00bb button_one_bg_color__hover=\u00bbnull\u00bb button_two_bg_color__hover_enabled=\u00bboff\u00bb button_two_bg_color__hover=\u00bbnull\u00bb]<\/p>\n<h3>Proyectos Relacionados\/h3><br \/>\n[\/et_pb_button][\/et_pb_column][et_pb_column type=\u00bb2_5&#8243; _builder_version=\u00bb3.0.47&#8243;][et_pb_image src=\u00bbhttps:\/\/lundbergtechnologies.com\/wp-content\/uploads\/2018\/09\/digester-heat-recovery.jpg\u00bb _builder_version=\u00bb3.15&#8243;]<\/p>\n<h3>Proyectos Relacionados\/h3><br \/>\n[\/et_pb_image][\/et_pb_column][\/et_pb_row][\/et_pb_section][et_pb_section fb_built=\u00bb1&#8243; _builder_version=\u00bb3.15&#8243; background_color=\u00bb#ffffff\u00bb custom_padding=\u00bb125px|||\u00bb top_divider_style=\u00bbramp2&#8243; top_divider_color=\u00bb#ebebeb\u00bb top_divider_height=\u00bb147px\u00bb top_divider_flip=\u00bbvertical\u00bb top_divider_height_last_edited=\u00bbon|phone\u00bb][et_pb_row use_custom_width=\u00bbon\u00bb width_unit=\u00bboff\u00bb _builder_version=\u00bb3.15&#8243;][et_pb_column type=\u00bb3_5&#8243; _builder_version=\u00bb3.0.47&#8243;][et_pb_text module_class=\u00bbrelated_header\u00bb _builder_version=\u00bb3.15&#8243; text_font=\u00bb||||||||\u00bb header_font=\u00bb||||||||\u00bb header_3_font=\u00bb||||||||\u00bb header_3_font_size_tablet=\u00bb20px\u00bb header_3_font_size_last_edited=\u00bbon|phone\u00bb border_width_bottom=\u00bb1px\u00bb border_color_bottom=\u00bb#004b8d\u00bb]<\/p>\n<h3>Documentos Relacionados<\/h3>\n<p>[\/et_pb_text][et_pb_text _builder_version=\u00bb3.15&#8243;]<br \/>\n[\/et_pb_text][\/et_pb_column][et_pb_column type=\u00bb2_5&#8243; _builder_version=\u00bb3.0.47&#8243;][et_pb_text module_class=\u00bbrelated_header\u00bb _builder_version=\u00bb3.15&#8243; text_font=\u00bb||||||||\u00bb header_font=\u00bb||||||||\u00bb header_3_font=\u00bb||||||||\u00bb header_3_font_size_tablet=\u00bb20px\u00bb header_3_font_size_last_edited=\u00bbon|phone\u00bb border_width_bottom=\u00bb1px\u00bb border_color_bottom=\u00bb#004b8d\u00bb]<\/p>\n<h3>Proyectos Relacionados<\/h3>\n<p>[\/et_pb_text][et_pb_filterable_portfolio fullwidth=\u00bboff\u00bb posts_number=\u00bb2&#8243; include_categories=\u00bb26&#8243; show_categories=\u00bboff\u00bb hover_icon=\u00bb%%137%%\u00bb zoom_icon_color=\u00bb#003c72&#8243; hover_overlay_color=\u00bbrgba(4,32,56,0.23)\u00bb module_class=\u00bbrelated_project\u00bb _builder_version=\u00bb3.19.14&#8243;]<br \/>\n[\/et_pb_filterable_portfolio][\/et_pb_column][\/et_pb_row][\/et_pb_section]<\/p>\n","protected":false},"excerpt":{"rendered":"<p>&nbsp; Lundberg ofrece soluciones pr\u00e1cticas y econ\u00f3micamente s\u00f3lidas para una eficiencia energ\u00e9tica duradera. Eficiencias de Fabricaci\u00f3n Lundberg trabaja con un amplio espectro de clientes para mejorar la eficiencia en la fabricaci\u00f3n de pasta. Ayudamos a reducir las emisiones de gases de efecto invernadero, reducimos los costos operativos y eliminamos los costosos problemas de mantenimiento. Podemos [&hellip;]<\/p>\n","protected":false},"author":1,"featured_media":0,"parent":0,"menu_order":0,"comment_status":"closed","ping_status":"closed","template":"","meta":{"_acf_changed":false,"_et_pb_use_builder":"on","_et_pb_old_content":"","_et_gb_content_width":"","_monsterinsights_skip_tracking":false,"_monsterinsights_sitenote_active":false,"_monsterinsights_sitenote_note":"","_monsterinsights_sitenote_category":0,"footnotes":""},"class_list":["post-220779","page","type-page","status-publish","hentry"],"acf":[],"_links":{"self":[{"href":"https:\/\/lundbergtechnologies.com\/es\/wp-json\/wp\/v2\/pages\/220779","targetHints":{"allow":["GET"]}}],"collection":[{"href":"https:\/\/lundbergtechnologies.com\/es\/wp-json\/wp\/v2\/pages"}],"about":[{"href":"https:\/\/lundbergtechnologies.com\/es\/wp-json\/wp\/v2\/types\/page"}],"author":[{"embeddable":true,"href":"https:\/\/lundbergtechnologies.com\/es\/wp-json\/wp\/v2\/users\/1"}],"replies":[{"embeddable":true,"href":"https:\/\/lundbergtechnologies.com\/es\/wp-json\/wp\/v2\/comments?post=220779"}],"version-history":[{"count":0,"href":"https:\/\/lundbergtechnologies.com\/es\/wp-json\/wp\/v2\/pages\/220779\/revisions"}],"wp:attachment":[{"href":"https:\/\/lundbergtechnologies.com\/es\/wp-json\/wp\/v2\/media?parent=220779"}],"curies":[{"name":"wp","href":"https:\/\/api.w.org\/{rel}","templated":true}]}}