{"id":220782,"date":"2019-03-25T16:12:37","date_gmt":"2019-03-25T23:12:37","guid":{"rendered":"https:\/\/lundbergtechnologies.com\/ahorro-energetico\/calentamiento-indirecto-de-licor-negro\/"},"modified":"2019-03-25T16:15:51","modified_gmt":"2019-03-25T23:15:51","slug":"calentamiento-indirecto-licor-negro","status":"publish","type":"page","link":"https:\/\/lundbergtechnologies.com\/es\/ahorro-energetico\/calentamiento-indirecto-licor-negro\/","title":{"rendered":"Calentamiento Indirecto de Licor Negro"},"content":{"rendered":"<p>[et_pb_section bb_built=\u00bb1&#8243; custom_padding_last_edited=\u00bbon|phone\u00bb module_class=\u00bbvb-hero\u00bb _builder_version=\u00bb3.15&#8243; background_color_gradient_direction=\u00bb128deg\u00bb background_image=\u00bb\/wp-content\/uploads\/2018\/08\/lundberg_home_hero.jpg\u00bb background_position=\u00bbcenter_right\u00bb max_width_last_edited=\u00bbon|phone\u00bb custom_margin=\u00bb|||0px\u00bb custom_padding=\u00bb30px||30px||true\u00bb custom_padding_phone=\u00bb0px|0px|0px|0px\u00bb next_background_color=\u00bb#ffffff\u00bb][et_pb_row custom_padding=\u00bb|||\u00bb custom_padding_tablet=\u00bb25px|||\u00bb custom_padding_phone=\u00bb38px|||\u00bb custom_margin=\u00bb|||39px\u00bb custom_padding_last_edited=\u00bbon|phone\u00bb _builder_version=\u00bb3.15&#8243; module_alignment=\u00bbleft\u00bb custom_margin_phone=\u00bb|||0px\u00bb custom_margin_last_edited=\u00bbon|phone\u00bb use_custom_width=\u00bbon\u00bb width_unit=\u00bboff\u00bb custom_width_percent=\u00bb70%\u00bb custom_margin_tablet=\u00bb|||45px\u00bb][et_pb_column type=\u00bb4_4&#8243;][et_pb_post_title meta=\u00bboff\u00bb featured_image=\u00bboff\u00bb module_class=\u00bbtitle-text\u00bb _builder_version=\u00bb3.15&#8243; title_font=\u00bbLato|700|||||||\u00bb title_text_align=\u00bbleft\u00bb title_font_size=\u00bb42px\u00bb title_font_size_tablet=\u00bb33px\u00bb title_font_size_phone=\u00bb26px\u00bb title_font_size_last_edited=\u00bbon|phone\u00bb background_color=\u00bbrgba(4,32,56,0.9)\u00bb custom_margin=\u00bb|100px|0px|\u00bb custom_margin_tablet=\u00bb|100px||\u00bb custom_margin_phone=\u00bb|60px||\u00bb custom_margin_last_edited=\u00bbon|phone\u00bb custom_padding=\u00bb33px||10px|35px\u00bb custom_padding_tablet=\u00bb30px|0px|15px|14px\u00bb custom_padding_phone=\u00bb|||7px\u00bb custom_padding_last_edited=\u00bbon|tablet\u00bb \/][et_pb_text module_class=\u00bbtitle-sub-text\u00bb _builder_version=\u00bb3.15&#8243; text_text_color=\u00bb#ffffff\u00bb text_font_size=\u00bb18px\u00bb text_font_size_tablet=\u00bb17px\u00bb text_font_size_phone=\u00bb16px\u00bb text_font_size_last_edited=\u00bbon|phone\u00bb text_line_height=\u00bb1.6em\u00bb background_color=\u00bb#042038&#8243; custom_margin=\u00bb0px|100px|0px|\u00bb custom_margin_phone=\u00bb|60px||\u00bb custom_margin_last_edited=\u00bbon|phone\u00bb custom_padding=\u00bb10px|24px|34px|40px||false\u00bb custom_padding_tablet=\u00bb10px|20px||10px||false\u00bb custom_padding_phone=\u00bb10px|20px|18px|20px||true\u00bb custom_padding_last_edited=\u00bbon|desktop\u00bb]<\/p>\n<p>Lundberg fue pionero en la tecnolog\u00eda de calentamiento indirecto de licor negro en la combusti\u00f3n de s\u00f3lidos en 1982.<\/p>\n<p>[\/et_pb_text][\/et_pb_column][\/et_pb_row][\/et_pb_section][et_pb_section bb_built=\u00bb1&#8243; prev_background_color=\u00bb#000000&#8243;][et_pb_row _builder_version=\u00bb3.15&#8243;][et_pb_column type=\u00bb2_5&#8243;][et_pb_image _builder_version=\u00bb3.15&#8243; src=\u00bbhttps:\/\/lundbergtechnologies.com\/wp-content\/uploads\/2018\/09\/indirect-black-liquor-heating.jpg\u00bb always_center_on_mobile=\u00bboff\u00bb \/][\/et_pb_column][et_pb_column type=\u00bb3_5&#8243;][et_pb_text _builder_version=\u00bb3.15&#8243; header_4_line_height=\u00bb1.4em\u00bb]<\/p>\n<h4>Hay varios beneficios para el calentamiento indirecto de licor negro:<\/h4>\n<ul>\n<li>La temperatura del licor se puede mantener m\u00e1s estable que una unidad directa, lo que brinda un mejor control de la combusti\u00f3n y la reducci\u00f3n de arrastres.<\/li>\n<li>No hay diluci\u00f3n del licor con condensado de vapor. Esto da como resultado un aumento en los s\u00f3lidos de combusti\u00f3n en el evaporador \/ concentrador.<\/li>\n<li>El calentamiento indirecto del licor permite recuperar el condensado de vapor limpio.<\/li>\n<li>La ausencia de inyecci\u00f3n directa de vapor elimina el riesgo de diluir el licor negro por debajo de la concentraci\u00f3n de combusti\u00f3n segura.<\/li>\n<\/ul>\n<p>Los sistemas de calentamiento de Lundberg utilizan la circulaci\u00f3n del licor para mantener la velocidad dentro del calentador a pesar del rango variable de operaci\u00f3n de la caldera. La ubicaci\u00f3n del calentador aguas abajo de las bombas de alimentaci\u00f3n de las boquillas de la caldera y el uso de una bomba de recirculaci\u00f3n para compensar la ca\u00edda de presi\u00f3n a trav\u00e9s del calentador consigue que el cliente no necesite modificar o cambiar sus bombas de alimentaci\u00f3n de las boquillas. La ca\u00edda de presi\u00f3n en el calentador se minimiza mediante el uso de inserciones REX en los tubos, que aumentan la turbulencia, lo que permite reducir la cantidad total de flujo recirculado.<\/p>\n<p>El sistema recirculado de Lundberg operar\u00e1 m\u00e1s de un mes entre limpiezas y en muchos lugares hasta que la caldera de recuperaci\u00f3n se apague para un lavado con agua. El calentador de contacto directo se puede utilizar como alterantiva cuando se requiera limpieza. La limpieza del calentador se realiza con un licor negro d\u00e9bil, condensado de proceso o agua de la planta. Una vez finalizada la limpieza, el calentador se puede volver a poner en marcha sin interrumpir el funcionamiento de la caldera.<\/p>\n<p>[\/et_pb_text][\/et_pb_column][\/et_pb_row][\/et_pb_section]<\/p>\n","protected":false},"excerpt":{"rendered":"<p>Lundberg fue pionero en la tecnolog\u00eda de calentamiento indirecto de licor negro en la combusti\u00f3n de s\u00f3lidos en 1982. Hay varios beneficios para el calentamiento indirecto de licor negro: La temperatura del licor se puede mantener m\u00e1s estable que una unidad directa, lo que brinda un mejor control de la combusti\u00f3n y la reducci\u00f3n de [&hellip;]<\/p>\n","protected":false},"author":1,"featured_media":0,"parent":220779,"menu_order":0,"comment_status":"closed","ping_status":"closed","template":"","meta":{"_acf_changed":false,"_et_pb_use_builder":"on","_et_pb_old_content":"","_et_gb_content_width":"","_monsterinsights_skip_tracking":false,"_monsterinsights_sitenote_active":false,"_monsterinsights_sitenote_note":"","_monsterinsights_sitenote_category":0,"footnotes":""},"class_list":["post-220782","page","type-page","status-publish","hentry"],"acf":[],"_links":{"self":[{"href":"https:\/\/lundbergtechnologies.com\/es\/wp-json\/wp\/v2\/pages\/220782","targetHints":{"allow":["GET"]}}],"collection":[{"href":"https:\/\/lundbergtechnologies.com\/es\/wp-json\/wp\/v2\/pages"}],"about":[{"href":"https:\/\/lundbergtechnologies.com\/es\/wp-json\/wp\/v2\/types\/page"}],"author":[{"embeddable":true,"href":"https:\/\/lundbergtechnologies.com\/es\/wp-json\/wp\/v2\/users\/1"}],"replies":[{"embeddable":true,"href":"https:\/\/lundbergtechnologies.com\/es\/wp-json\/wp\/v2\/comments?post=220782"}],"version-history":[{"count":0,"href":"https:\/\/lundbergtechnologies.com\/es\/wp-json\/wp\/v2\/pages\/220782\/revisions"}],"up":[{"embeddable":true,"href":"https:\/\/lundbergtechnologies.com\/es\/wp-json\/wp\/v2\/pages\/220779"}],"wp:attachment":[{"href":"https:\/\/lundbergtechnologies.com\/es\/wp-json\/wp\/v2\/media?parent=220782"}],"curies":[{"name":"wp","href":"https:\/\/api.w.org\/{rel}","templated":true}]}}