{"id":220783,"date":"2019-03-25T16:14:03","date_gmt":"2019-03-25T23:14:03","guid":{"rendered":"https:\/\/lundbergtechnologies.com\/ahorro-energetico\/recuperacion-de-calor-en-pasta-termomecanica-tmp\/"},"modified":"2019-03-25T16:15:37","modified_gmt":"2019-03-25T23:15:37","slug":"recuperacion-calor-tmp","status":"publish","type":"page","link":"https:\/\/lundbergtechnologies.com\/es\/ahorro-energetico\/recuperacion-calor-tmp\/","title":{"rendered":"Recuperaci\u00f3n de Calor en Pasta Termomec\u00e1nica (TMP)"},"content":{"rendered":"<p>[et_pb_section bb_built=\u00bb1&#8243; custom_padding_last_edited=\u00bbon|phone\u00bb module_class=\u00bbvb-hero\u00bb _builder_version=\u00bb3.15&#8243; background_color_gradient_direction=\u00bb128deg\u00bb background_image=\u00bb\/wp-content\/uploads\/2018\/08\/lundberg_home_hero.jpg\u00bb background_position=\u00bbcenter_right\u00bb max_width_last_edited=\u00bbon|phone\u00bb custom_margin=\u00bb|||0px\u00bb custom_padding=\u00bb30px||30px||true\u00bb custom_padding_phone=\u00bb0px|0px|0px|0px\u00bb next_background_color=\u00bb#ffffff\u00bb][et_pb_row use_custom_width=\u00bbon\u00bb width_unit=\u00bboff\u00bb custom_width_percent=\u00bb70%\u00bb custom_padding=\u00bb|||\u00bb custom_padding_tablet=\u00bb25px|||\u00bb custom_padding_phone=\u00bb38px|||\u00bb custom_margin=\u00bb|||39px\u00bb custom_padding_last_edited=\u00bbon|phone\u00bb _builder_version=\u00bb3.15&#8243; module_alignment=\u00bbleft\u00bb custom_margin_tablet=\u00bb|||45px\u00bb custom_margin_phone=\u00bb|||0px\u00bb custom_margin_last_edited=\u00bbon|phone\u00bb][et_pb_column type=\u00bb4_4&#8243;][et_pb_post_title meta=\u00bboff\u00bb featured_image=\u00bboff\u00bb module_class=\u00bbtitle-text\u00bb _builder_version=\u00bb3.15&#8243; title_font=\u00bbLato|700|||||||\u00bb title_text_align=\u00bbleft\u00bb title_font_size=\u00bb42px\u00bb title_font_size_tablet=\u00bb33px\u00bb title_font_size_phone=\u00bb26px\u00bb title_font_size_last_edited=\u00bbon|phone\u00bb background_color=\u00bbrgba(4,32,56,0.9)\u00bb custom_margin=\u00bb|100px|0px|\u00bb custom_margin_tablet=\u00bb|100px||\u00bb custom_margin_phone=\u00bb|60px||\u00bb custom_margin_last_edited=\u00bbon|phone\u00bb custom_padding=\u00bb33px||10px|35px\u00bb custom_padding_tablet=\u00bb30px|0px|15px|14px\u00bb custom_padding_phone=\u00bb|||7px\u00bb custom_padding_last_edited=\u00bbon|tablet\u00bb]<br \/>\n[\/et_pb_post_title][et_pb_text module_class=\u00bbtitle-sub-text\u00bb _builder_version=\u00bb3.15&#8243; text_text_color=\u00bb#ffffff\u00bb text_font_size=\u00bb18px\u00bb text_font_size_tablet=\u00bb17px\u00bb text_font_size_phone=\u00bb16px\u00bb text_font_size_last_edited=\u00bbon|phone\u00bb text_line_height=\u00bb1.6em\u00bb background_color=\u00bb#042038&#8243; custom_margin=\u00bb0px|100px|0px|\u00bb custom_margin_phone=\u00bb|60px||\u00bb custom_margin_last_edited=\u00bbon|phone\u00bb custom_padding=\u00bb10px|24px|34px|40px||false\u00bb custom_padding_tablet=\u00bb10px|20px||10px||false\u00bb custom_padding_phone=\u00bb10px|20px|18px|20px||true\u00bb custom_padding_last_edited=\u00bbon|desktop\u00bb]<\/p>\n<p>La recuperaci\u00f3n de calor de una planta de Pasta Termomec\u00e1nica (TMP) es posible en varios niveles diferentes seg\u00fan el proceso de su planta y las necesidades de utilizaci\u00f3n de calor.<\/p>\n<p>[\/et_pb_text][\/et_pb_column][\/et_pb_row][\/et_pb_section][et_pb_section bb_built=\u00bb1&#8243; _builder_version=\u00bb3.0.47&#8243; prev_background_color=\u00bb#000000&#8243;][et_pb_row _builder_version=\u00bb3.15&#8243;][et_pb_column type=\u00bb2_5&#8243;][et_pb_image src=\u00bbhttps:\/\/lundbergtechnologies.com\/wp-content\/uploads\/2018\/09\/TMP-heat-recovery.jpg\u00bb always_center_on_mobile=\u00bboff\u00bb _builder_version=\u00bb3.15&#8243;]<br \/>\n[\/et_pb_image][\/et_pb_column][et_pb_column type=\u00bb3_5&#8243;][et_pb_text _builder_version=\u00bb3.15&#8243; header_4_line_height=\u00bb1.4em\u00bb]<\/p>\n<p>La recuperaci\u00f3n de calor de una planta de Pasta Termomec\u00e1nica (TMP) es posible en varios niveles diferentes seg\u00fan el proceso de su planta y las necesidades de utilizaci\u00f3n de calor.<\/p>\n<p>Los refinadores primarios de TMP que operan a presiones elevadas soplan la pasta a presiones altas, generando vapor sucio. Este vapor se puede recuperar como vapor limpio a una presi\u00f3n ligeramente reducida utilizando un intercambiador de pel\u00edcula descendente.<br \/>\nDebido a que los vapores de TMP contienen gases no condensables (NCG), una porci\u00f3n del vapor debe ser venteada desde el intercambiador a un condensador secundario. El condensador secundario se usa para precalentar el agua de alimentaci\u00f3n de la caldera que va al lado de la carcasa del intercambiador. Otros procesos de refino que operan bajo presi\u00f3n tambi\u00e9n pueden recuperar condensado limpio.<\/p>\n<p>A menudo, los refinos secundarios, terciarios y de rechazo operan a presi\u00f3n atmosf\u00e9rica y generan vapor contaminado que contiene una cantidad sustancial de aire. Este calor puede recuperarse tanto como agua caliente de proceso  utilizando condensadores de carcasa y tubos , como condensado caliente de proceso  utilizando un condensador barom\u00e9trico.<\/p>\n<p>[\/et_pb_text][\/et_pb_column][\/et_pb_row][\/et_pb_section]<\/p>\n","protected":false},"excerpt":{"rendered":"<p>La recuperaci\u00f3n de calor de una planta de Pasta Termomec\u00e1nica (TMP) es posible en varios niveles diferentes seg\u00fan el proceso de su planta y las necesidades de utilizaci\u00f3n de calor. La recuperaci\u00f3n de calor de una planta de Pasta Termomec\u00e1nica (TMP) es posible en varios niveles diferentes seg\u00fan el proceso de su planta y las [&hellip;]<\/p>\n","protected":false},"author":1,"featured_media":0,"parent":220779,"menu_order":0,"comment_status":"closed","ping_status":"closed","template":"","meta":{"_acf_changed":false,"_et_pb_use_builder":"on","_et_pb_old_content":"","_et_gb_content_width":"","_monsterinsights_skip_tracking":false,"_monsterinsights_sitenote_active":false,"_monsterinsights_sitenote_note":"","_monsterinsights_sitenote_category":0,"footnotes":""},"class_list":["post-220783","page","type-page","status-publish","hentry"],"acf":[],"_links":{"self":[{"href":"https:\/\/lundbergtechnologies.com\/es\/wp-json\/wp\/v2\/pages\/220783","targetHints":{"allow":["GET"]}}],"collection":[{"href":"https:\/\/lundbergtechnologies.com\/es\/wp-json\/wp\/v2\/pages"}],"about":[{"href":"https:\/\/lundbergtechnologies.com\/es\/wp-json\/wp\/v2\/types\/page"}],"author":[{"embeddable":true,"href":"https:\/\/lundbergtechnologies.com\/es\/wp-json\/wp\/v2\/users\/1"}],"replies":[{"embeddable":true,"href":"https:\/\/lundbergtechnologies.com\/es\/wp-json\/wp\/v2\/comments?post=220783"}],"version-history":[{"count":0,"href":"https:\/\/lundbergtechnologies.com\/es\/wp-json\/wp\/v2\/pages\/220783\/revisions"}],"up":[{"embeddable":true,"href":"https:\/\/lundbergtechnologies.com\/es\/wp-json\/wp\/v2\/pages\/220779"}],"wp:attachment":[{"href":"https:\/\/lundbergtechnologies.com\/es\/wp-json\/wp\/v2\/media?parent=220783"}],"curies":[{"name":"wp","href":"https:\/\/api.w.org\/{rel}","templated":true}]}}