{"id":220791,"date":"2019-03-25T16:29:53","date_gmt":"2019-03-25T23:29:53","guid":{"rendered":"https:\/\/lundbergtechnologies.com\/procesamiento-quimico\/quemadores-de-azufre\/"},"modified":"2019-03-25T16:34:37","modified_gmt":"2019-03-25T23:34:37","slug":"quemadores-azufre","status":"publish","type":"page","link":"https:\/\/lundbergtechnologies.com\/es\/procesamiento-quimico\/quemadores-azufre\/","title":{"rendered":"Quemadores de Azufre"},"content":{"rendered":"<p>[et_pb_section bb_built=\u00bb1&#8243; custom_padding_last_edited=\u00bbon|phone\u00bb module_class=\u00bbvb-hero\u00bb _builder_version=\u00bb3.15&#8243; background_color_gradient_direction=\u00bb128deg\u00bb background_image=\u00bb\/wp-content\/uploads\/2018\/08\/lundberg_home_hero.jpg\u00bb background_position=\u00bbcenter_right\u00bb max_width_last_edited=\u00bbon|phone\u00bb custom_margin=\u00bb|||0px\u00bb custom_padding=\u00bb30px||30px||true\u00bb custom_padding_phone=\u00bb0px|0px|0px|0px\u00bb next_background_color=\u00bb#ffffff\u00bb][et_pb_row custom_padding=\u00bb|||\u00bb custom_padding_tablet=\u00bb25px|||\u00bb custom_padding_phone=\u00bb38px|||\u00bb custom_margin=\u00bb|||39px\u00bb custom_padding_last_edited=\u00bbon|phone\u00bb _builder_version=\u00bb3.15&#8243; module_alignment=\u00bbleft\u00bb custom_margin_phone=\u00bb|||0px\u00bb custom_margin_last_edited=\u00bbon|phone\u00bb use_custom_width=\u00bbon\u00bb width_unit=\u00bboff\u00bb custom_width_percent=\u00bb70%\u00bb custom_margin_tablet=\u00bb|||45px\u00bb][et_pb_column type=\u00bb4_4&#8243;][et_pb_post_title meta=\u00bboff\u00bb featured_image=\u00bboff\u00bb module_class=\u00bbtitle-text\u00bb _builder_version=\u00bb3.15&#8243; title_font=\u00bbLato|700|||||||\u00bb title_text_align=\u00bbleft\u00bb title_font_size=\u00bb42px\u00bb title_font_size_tablet=\u00bb33px\u00bb title_font_size_phone=\u00bb26px\u00bb title_font_size_last_edited=\u00bbon|phone\u00bb background_color=\u00bbrgba(4,32,56,0.9)\u00bb custom_margin=\u00bb|100px|0px|\u00bb custom_margin_tablet=\u00bb|100px||\u00bb custom_margin_phone=\u00bb|60px||\u00bb custom_margin_last_edited=\u00bbon|phone\u00bb custom_padding=\u00bb33px||10px|35px\u00bb custom_padding_tablet=\u00bb30px|0px|15px|14px\u00bb custom_padding_phone=\u00bb|||7px\u00bb custom_padding_last_edited=\u00bbon|tablet\u00bb \/][et_pb_text module_class=\u00bbtitle-sub-text\u00bb _builder_version=\u00bb3.15&#8243; text_text_color=\u00bb#ffffff\u00bb text_font_size=\u00bb18px\u00bb text_font_size_tablet=\u00bb17px\u00bb text_font_size_phone=\u00bb16px\u00bb text_font_size_last_edited=\u00bbon|phone\u00bb text_line_height=\u00bb1.6em\u00bb background_color=\u00bb#042038&#8243; custom_margin=\u00bb0px|100px|0px|\u00bb custom_margin_phone=\u00bb|60px||\u00bb custom_margin_last_edited=\u00bbon|phone\u00bb custom_padding=\u00bb10px|24px|34px|40px||false\u00bb custom_padding_tablet=\u00bb10px|20px||10px||false\u00bb custom_padding_phone=\u00bb10px|20px|18px|20px||true\u00bb custom_padding_last_edited=\u00bbon|desktop\u00bb]<\/p>\n<p>La generaci\u00f3n de di\u00f3xido de azufre a partir de la quema de azufre elemental tiene una amplia gama de aplicaciones. Se utiliza en el proceso de fabricaci\u00f3n de pasta y en otras industrias, desde la molienda de ma\u00edz hasta la fabricaci\u00f3n de jab\u00f3n. El sistema Lundberg es adecuado para todas estas aplicaciones.<\/p>\n<p>[\/et_pb_text][\/et_pb_column][\/et_pb_row][\/et_pb_section][et_pb_section bb_built=\u00bb1&#8243; prev_background_color=\u00bb#000000&#8243;][et_pb_row _builder_version=\u00bb3.15&#8243;][et_pb_column type=\u00bb2_5&#8243;][et_pb_image _builder_version=\u00bb3.15&#8243; src=\u00bbhttps:\/\/lundbergtechnologies.com\/wp-content\/uploads\/2018\/09\/sulfer-burners.jpg\u00bb always_center_on_mobile=\u00bboff\u00bb \/][\/et_pb_column][et_pb_column type=\u00bb3_5&#8243;][et_pb_text _builder_version=\u00bb3.15&#8243; header_4_line_height=\u00bb1.4em\u00bb]<\/p>\n<p>El tama\u00f1o del sistema es dise\u00f1ado a medida para cada planta, y la gama de tama\u00f1os ofrecidos va de 1 tonelada por d\u00eda a m\u00e1s de 60 toneladas por d\u00eda de di\u00f3xido de azufre. <\/p>\n<p>La alimentaci\u00f3n al sistema de quemador de azufre de Lundberg puede ser azufre s\u00f3lido o azufre fundido. El azufre fundido se alimenta directamente desde un fundidor de azufre y se quema en una c\u00e1mara presurizada utilizando aire de atomizaci\u00f3n. Esto da como resultado una alta temperatura de combusti\u00f3n as\u00ed como una alta concentraci\u00f3n de di\u00f3xido de azufre, minimizando as\u00ed la generaci\u00f3n de tri\u00f3xido de azufre. Los productos de combusti\u00f3n pueden enfriarse para su absorci\u00f3n en agua o en una soluci\u00f3n c\u00e1ustica. Adem\u00e1s, el gas caliente de di\u00f3xido de azufre puede ser enfriado al aire y enviado a una planta de \u00e1cido sulf\u00farico. El sistema est\u00e1 dise\u00f1ado para una automatizaci\u00f3n completa de modo que los cambios en la demanda de di\u00f3xido de azufre se compensen directamente en la cantidad de azufre quemado. El sistema funciona a presi\u00f3n, por lo que no se requiere un ventilador de tiro inducido en la mayor\u00eda de las aplicaciones.<\/p>\n<p>[\/et_pb_text][\/et_pb_column][\/et_pb_row][\/et_pb_section]<\/p>\n","protected":false},"excerpt":{"rendered":"<p>La generaci\u00f3n de di\u00f3xido de azufre a partir de la quema de azufre elemental tiene una amplia gama de aplicaciones. Se utiliza en el proceso de fabricaci\u00f3n de pasta y en otras industrias, desde la molienda de ma\u00edz hasta la fabricaci\u00f3n de jab\u00f3n. El sistema Lundberg es adecuado para todas estas aplicaciones. El tama\u00f1o del [&hellip;]<\/p>\n","protected":false},"author":1,"featured_media":0,"parent":220789,"menu_order":0,"comment_status":"closed","ping_status":"closed","template":"","meta":{"_acf_changed":false,"_et_pb_use_builder":"on","_et_pb_old_content":"","_et_gb_content_width":"","_monsterinsights_skip_tracking":false,"_monsterinsights_sitenote_active":false,"_monsterinsights_sitenote_note":"","_monsterinsights_sitenote_category":0,"footnotes":""},"class_list":["post-220791","page","type-page","status-publish","hentry"],"acf":[],"_links":{"self":[{"href":"https:\/\/lundbergtechnologies.com\/es\/wp-json\/wp\/v2\/pages\/220791","targetHints":{"allow":["GET"]}}],"collection":[{"href":"https:\/\/lundbergtechnologies.com\/es\/wp-json\/wp\/v2\/pages"}],"about":[{"href":"https:\/\/lundbergtechnologies.com\/es\/wp-json\/wp\/v2\/types\/page"}],"author":[{"embeddable":true,"href":"https:\/\/lundbergtechnologies.com\/es\/wp-json\/wp\/v2\/users\/1"}],"replies":[{"embeddable":true,"href":"https:\/\/lundbergtechnologies.com\/es\/wp-json\/wp\/v2\/comments?post=220791"}],"version-history":[{"count":0,"href":"https:\/\/lundbergtechnologies.com\/es\/wp-json\/wp\/v2\/pages\/220791\/revisions"}],"up":[{"embeddable":true,"href":"https:\/\/lundbergtechnologies.com\/es\/wp-json\/wp\/v2\/pages\/220789"}],"wp:attachment":[{"href":"https:\/\/lundbergtechnologies.com\/es\/wp-json\/wp\/v2\/media?parent=220791"}],"curies":[{"name":"wp","href":"https:\/\/api.w.org\/{rel}","templated":true}]}}