{"id":220792,"date":"2019-03-25T16:31:07","date_gmt":"2019-03-25T23:31:07","guid":{"rendered":"https:\/\/lundbergtechnologies.com\/procesamiento-quimico\/recuperacion-de-jabon-tall-oil\/"},"modified":"2019-03-25T16:34:51","modified_gmt":"2019-03-25T23:34:51","slug":"recuperacion-jabon-tall-oil","status":"publish","type":"page","link":"https:\/\/lundbergtechnologies.com\/es\/procesamiento-quimico\/recuperacion-jabon-tall-oil\/","title":{"rendered":"Recuperaci\u00f3n de Jab\u00f3n Tall Oil"},"content":{"rendered":"<p>[et_pb_section bb_built=\u00bb1&#8243; custom_padding_last_edited=\u00bbon|phone\u00bb module_class=\u00bbvb-hero\u00bb _builder_version=\u00bb3.15&#8243; background_color_gradient_direction=\u00bb128deg\u00bb background_image=\u00bb\/wp-content\/uploads\/2018\/08\/lundberg_home_hero.jpg\u00bb background_position=\u00bbcenter_right\u00bb max_width_last_edited=\u00bbon|phone\u00bb custom_margin=\u00bb|||0px\u00bb custom_padding=\u00bb30px||30px||true\u00bb custom_padding_phone=\u00bb0px|0px|0px|0px\u00bb next_background_color=\u00bb#ffffff\u00bb][et_pb_row custom_padding=\u00bb|||\u00bb custom_padding_tablet=\u00bb25px|||\u00bb custom_padding_phone=\u00bb38px|||\u00bb custom_margin=\u00bb|||39px\u00bb custom_padding_last_edited=\u00bbon|phone\u00bb _builder_version=\u00bb3.15&#8243; module_alignment=\u00bbleft\u00bb custom_margin_phone=\u00bb|||0px\u00bb custom_margin_last_edited=\u00bbon|phone\u00bb use_custom_width=\u00bbon\u00bb width_unit=\u00bboff\u00bb custom_width_percent=\u00bb70%\u00bb custom_margin_tablet=\u00bb|||45px\u00bb][et_pb_column type=\u00bb4_4&#8243;][et_pb_post_title meta=\u00bboff\u00bb featured_image=\u00bboff\u00bb module_class=\u00bbtitle-text\u00bb _builder_version=\u00bb3.15&#8243; title_font=\u00bbLato|700|||||||\u00bb title_text_align=\u00bbleft\u00bb title_font_size=\u00bb42px\u00bb title_font_size_tablet=\u00bb33px\u00bb title_font_size_phone=\u00bb26px\u00bb title_font_size_last_edited=\u00bbon|phone\u00bb background_color=\u00bbrgba(4,32,56,0.9)\u00bb custom_margin=\u00bb|100px|0px|\u00bb custom_margin_tablet=\u00bb|100px||\u00bb custom_margin_phone=\u00bb|60px||\u00bb custom_margin_last_edited=\u00bbon|phone\u00bb custom_padding=\u00bb33px||10px|35px\u00bb custom_padding_tablet=\u00bb30px|0px|15px|14px\u00bb custom_padding_phone=\u00bb|||7px\u00bb custom_padding_last_edited=\u00bbon|tablet\u00bb \/][et_pb_text module_class=\u00bbtitle-sub-text\u00bb _builder_version=\u00bb3.15&#8243; text_text_color=\u00bb#ffffff\u00bb text_font_size=\u00bb18px\u00bb text_font_size_tablet=\u00bb17px\u00bb text_font_size_phone=\u00bb16px\u00bb text_font_size_last_edited=\u00bbon|phone\u00bb text_line_height=\u00bb1.6em\u00bb background_color=\u00bb#042038&#8243; custom_margin=\u00bb0px|100px|0px|\u00bb custom_margin_phone=\u00bb|60px||\u00bb custom_margin_last_edited=\u00bbon|phone\u00bb custom_padding=\u00bb10px|24px|34px|40px||false\u00bb custom_padding_tablet=\u00bb10px|20px||10px||false\u00bb custom_padding_phone=\u00bb10px|20px|18px|20px||true\u00bb custom_padding_last_edited=\u00bbon|desktop\u00bb]<\/p>\n<p>En las plantas Kraft de madera blanda de pino, el jab\u00f3n de tall oil es un subproducto valioso, as\u00ed como una toxina en el sistema de tratamiento de aguas residuales. Por lo tanto, es necesario manejar adecuadamente la espuma y el jab\u00f3n en la planta.<\/p>\n<p>[\/et_pb_text][\/et_pb_column][\/et_pb_row][\/et_pb_section][et_pb_section bb_built=\u00bb1&#8243; prev_background_color=\u00bb#000000&#8243;][et_pb_row _builder_version=\u00bb3.15&#8243;][et_pb_column type=\u00bb2_5&#8243;][et_pb_image _builder_version=\u00bb3.15&#8243; src=\u00bbhttps:\/\/lundbergtechnologies.com\/wp-content\/uploads\/2018\/09\/tall-oil-soap-recovery.jpg\u00bb always_center_on_mobile=\u00bboff\u00bb \/][\/et_pb_column][et_pb_column type=\u00bb3_5&#8243;][et_pb_text _builder_version=\u00bb3.15&#8243; header_4_line_height=\u00bb1.4em\u00bb]<\/p>\n<p>El manejo de este problema requiere una serie de pasos que incluyen el tratamiento y desaireaci\u00f3n de la espuma, la separaci\u00f3n del jab\u00f3n del licor y la separaci\u00f3n del licor del jab\u00f3n. Lundberg puede proporcionar un sistema completo para tratar y recoger jab\u00f3n dentro de su sistema de licor negro. Nuestros sistemas incluyen equipos para romper la espuma, concentradores para desairear a\u00fan m\u00e1s el jab\u00f3n, desespumadores de flotaci\u00f3n para retirar el jab\u00f3n y separadores de jab\u00f3n para eliminar el licor negro del jab\u00f3n recogido.<\/p>\n<p>El jab\u00f3n en licor negro est\u00e1 en su punto m\u00e1s bajo de solubilidad a mitad de camino en la l\u00ednea de evaporadores. Aqu\u00ed se deja que el jab\u00f3n se decante del licor en un tanque de barrido superficial (Skim Tank) con un mecanismo de rastrillo continuo que remueve el jab\u00f3n desde la parte superior. Dependiendo del cuidado tomado en varios de los pasos de recuperaci\u00f3n anteriores, el jab\u00f3n separado puede contener una gran cantidad de licor negro. El licor negro no solo cuesta dinero para enviarlo a la planta de procesamiento de tall oil, sino que tambi\u00e9n representa un problema  en la planta de procesamiento de tall oil. El separador de jab\u00f3n de Lundberg est\u00e1 dise\u00f1ado para reducir el contenido de licor del jab\u00f3n a menos del 5%.<\/p>\n<p>[\/et_pb_text][\/et_pb_column][\/et_pb_row][\/et_pb_section]<\/p>\n","protected":false},"excerpt":{"rendered":"<p>En las plantas Kraft de madera blanda de pino, el jab\u00f3n de tall oil es un subproducto valioso, as\u00ed como una toxina en el sistema de tratamiento de aguas residuales. Por lo tanto, es necesario manejar adecuadamente la espuma y el jab\u00f3n en la planta. El manejo de este problema requiere una serie de pasos [&hellip;]<\/p>\n","protected":false},"author":1,"featured_media":0,"parent":220789,"menu_order":0,"comment_status":"closed","ping_status":"closed","template":"","meta":{"_acf_changed":false,"_et_pb_use_builder":"on","_et_pb_old_content":"","_et_gb_content_width":"","_monsterinsights_skip_tracking":false,"_monsterinsights_sitenote_active":false,"_monsterinsights_sitenote_note":"","_monsterinsights_sitenote_category":0,"footnotes":""},"class_list":["post-220792","page","type-page","status-publish","hentry"],"acf":[],"_links":{"self":[{"href":"https:\/\/lundbergtechnologies.com\/es\/wp-json\/wp\/v2\/pages\/220792","targetHints":{"allow":["GET"]}}],"collection":[{"href":"https:\/\/lundbergtechnologies.com\/es\/wp-json\/wp\/v2\/pages"}],"about":[{"href":"https:\/\/lundbergtechnologies.com\/es\/wp-json\/wp\/v2\/types\/page"}],"author":[{"embeddable":true,"href":"https:\/\/lundbergtechnologies.com\/es\/wp-json\/wp\/v2\/users\/1"}],"replies":[{"embeddable":true,"href":"https:\/\/lundbergtechnologies.com\/es\/wp-json\/wp\/v2\/comments?post=220792"}],"version-history":[{"count":0,"href":"https:\/\/lundbergtechnologies.com\/es\/wp-json\/wp\/v2\/pages\/220792\/revisions"}],"up":[{"embeddable":true,"href":"https:\/\/lundbergtechnologies.com\/es\/wp-json\/wp\/v2\/pages\/220789"}],"wp:attachment":[{"href":"https:\/\/lundbergtechnologies.com\/es\/wp-json\/wp\/v2\/media?parent=220792"}],"curies":[{"name":"wp","href":"https:\/\/api.w.org\/{rel}","templated":true}]}}