{"id":220818,"date":"2019-03-25T18:37:37","date_gmt":"2019-03-26T01:37:37","guid":{"rendered":"https:\/\/lundbergtechnologies.com\/capacidades\/"},"modified":"2019-03-25T18:54:08","modified_gmt":"2019-03-26T01:54:08","slug":"capacidades","status":"publish","type":"page","link":"https:\/\/lundbergtechnologies.com\/es\/capacidades\/","title":{"rendered":"Capacidades"},"content":{"rendered":"<p>[et_pb_section fb_built=\u00bb1&#8243; custom_padding_last_edited=\u00bbon|phone\u00bb module_class=\u00bbvb-hero\u00bb _builder_version=\u00bb3.15&#8243; use_background_color_gradient=\u00bbon\u00bb background_color_gradient_start=\u00bbrgba(0,75,141,0.96)\u00bb background_color_gradient_end=\u00bbrgba(0,75,141,0)\u00bb background_color_gradient_direction=\u00bb128deg\u00bb background_color_gradient_start_position=\u00bb45%\u00bb background_color_gradient_end_position=\u00bb27%\u00bb background_color_gradient_overlays_image=\u00bbon\u00bb background_image=\u00bbhttps:\/\/lundbergtechnologies.com\/wp-content\/uploads\/2018\/09\/Capabilities.jpg\u00bb background_position=\u00bbtop_right\u00bb background_repeat=\u00bbrepeat-x\u00bb max_width_last_edited=\u00bbon|phone\u00bb custom_margin=\u00bb|||0px\u00bb custom_padding=\u00bb30px||30px||true\u00bb custom_padding_phone=\u00bb0px|0px|0px|0px\u00bb][et_pb_row custom_padding=\u00bb50px|||\u00bb custom_padding_tablet=\u00bb25px|||\u00bb custom_padding_phone=\u00bb38px|||\u00bb custom_margin=\u00bb|0px||44px\u00bb custom_padding_last_edited=\u00bbon|phone\u00bb _builder_version=\u00bb3.14&#8243; module_alignment=\u00bbleft\u00bb custom_margin_phone=\u00bb|||0px\u00bb custom_margin_last_edited=\u00bbon|phone\u00bb][et_pb_column type=\u00bb4_4&#8243; _builder_version=\u00bb3.0.47&#8243;][et_pb_post_title meta=\u00bboff\u00bb featured_image=\u00bboff\u00bb _builder_version=\u00bb3.15&#8243; title_font=\u00bbLato|700|||||||\u00bb title_text_align=\u00bbleft\u00bb title_font_size=\u00bb42px\u00bb title_font_size_tablet=\u00bb33px\u00bb title_font_size_phone=\u00bb26px\u00bb title_font_size_last_edited=\u00bbon|phone\u00bb background_color=\u00bb#042038&#8243; max_width=\u00bb68%\u00bb max_width_tablet=\u00bb57%\u00bb max_width_phone=\u00bb68%\u00bb max_width_last_edited=\u00bbon|phone\u00bb custom_margin=\u00bb|100px|0px|\u00bb custom_margin_tablet=\u00bb|100px||\u00bb custom_margin_phone=\u00bb|60px||\u00bb custom_margin_last_edited=\u00bbon|phone\u00bb custom_padding=\u00bb33px||10px|35px\u00bb custom_padding_tablet=\u00bb30px|0px|15px|14px\u00bb custom_padding_phone=\u00bb|||7px\u00bb custom_padding_last_edited=\u00bbon|tablet\u00bb]&nbsp;<br \/>\n[\/et_pb_post_title][et_pb_text _builder_version=\u00bb3.15&#8243; text_font=\u00bb||||||||\u00bb text_text_color=\u00bb#ffffff\u00bb text_font_size=\u00bb18px\u00bb text_font_size_tablet=\u00bb17px\u00bb text_font_size_phone=\u00bb16px\u00bb text_font_size_last_edited=\u00bbon|phone\u00bb text_line_height=\u00bb1.6em\u00bb background_color=\u00bb#042038&#8243; max_width=\u00bb68%\u00bb max_width_tablet=\u00bb57%\u00bb max_width_phone=\u00bb68%\u00bb max_width_last_edited=\u00bbon|phone\u00bb custom_margin=\u00bb0px|100px|0px|\u00bb custom_margin_phone=\u00bb|60px||\u00bb custom_margin_last_edited=\u00bbon|phone\u00bb custom_padding=\u00bb10px|24px|34px|40px||false\u00bb custom_padding_tablet=\u00bb10px|20px||10px||false\u00bb custom_padding_phone=\u00bb10px|20px|18px|20px||true\u00bb custom_padding_last_edited=\u00bbon|desktop\u00bb]Lundberg tiene los recursos y la capacidad para satisfacer las necesidades de su proyecto, sin importar las que sean.<br \/>\n[\/et_pb_text][\/et_pb_column][\/et_pb_row][\/et_pb_section][et_pb_section fb_built=\u00bb1&#8243; _builder_version=\u00bb3.15&#8243; background_color=\u00bb#ffffff\u00bb custom_margin=\u00bb0px||0px|\u00bb custom_padding=\u00bb82px||82px|0px|true\u00bb top_divider_color=\u00bb#004b8d\u00bb bottom_divider_color=\u00bb#004b8d\u00bb bottom_divider_height_last_edited=\u00bbon|desktop\u00bb][et_pb_row use_custom_width=\u00bbon\u00bb width_unit=\u00bboff\u00bb custom_padding=\u00bb||71px|\u00bb custom_margin=\u00bb0px||1px|\u00bb custom_padding_last_edited=\u00bbon|desktop\u00bb padding_top_bottom_link_1=\u00bbfalse\u00bb padding_left_right_link_1=\u00bbtrue\u00bb padding_top_1=\u00bb0px\u00bb padding_bottom_1=\u00bb0px\u00bb _builder_version=\u00bb3.15&#8243;][et_pb_column type=\u00bb4_4&#8243; _builder_version=\u00bb3.0.47&#8243;][et_pb_text _builder_version=\u00bb3.15&#8243; header_font=\u00bb||||||||\u00bb header_2_font=\u00bb||||||||\u00bb header_2_text_color=\u00bb#003c72&#8243; header_2_font_size=\u00bb27px\u00bb header_2_line_height=\u00bb1.7em\u00bb header_4_font=\u00bb||||||||\u00bb header_4_line_height=\u00bb1.7em\u00bb custom_margin=\u00bb||-1px|\u00bb custom_padding=\u00bb0px||0px||true\u00bb]<\/p>\n<h2>Capacidades de ingenier\u00eda que satisfacen las expectativas de los clientes<\/h2>\n<p>Desde peque\u00f1os estudios de ingenier\u00eda hasta grandes instalaciones llave en mano de varios millones de euros, Lundberg tiene un reputado historial de entregas en plazo y en presupuesto. Nuestras auditor\u00edas de ingenier\u00eda pueden ayudarle a solucionar problemas de un sistema existente o desarrollar un estudio de proyecto para un nuevo sistema.<br \/>\nUna vez que se adquiere un sistema, Lundberg proporcionar\u00e1 el dise\u00f1o del proceso para el mismo, as\u00ed como el dise\u00f1o y suministro de todo el equipo necesario para el funcionamiento correcto de dicho sistema. <\/p>\n<p>Tambi\u00e9n ofrecemos completos servicios de dise\u00f1o de ingenier\u00eda en detalle, incluyendo: civil, mec\u00e1nica, tuber\u00edas, instrumentos y el\u00e9ctricos. Y Lundberg ofrece servicios de instalaci\u00f3n que van desde gerentes de construcci\u00f3n in situ hasta proyectos EPC completos.<br \/>\n[\/et_pb_text][\/et_pb_column][\/et_pb_row][\/et_pb_section][et_pb_section fb_built=\u00bb1&#8243; fullwidth=\u00bbon\u00bb _builder_version=\u00bb3.15&#8243;][\/et_pb_section][et_pb_section fb_built=\u00bb1&#8243; _builder_version=\u00bb3.15&#8243; use_background_color_gradient=\u00bbon\u00bb background_color_gradient_start=\u00bbrgba(235,235,235,0.17)\u00bb background_color_gradient_end=\u00bb#ebebeb\u00bb custom_padding=\u00bb0px||0px|\u00bb][et_pb_row make_fullwidth=\u00bbon\u00bb use_custom_gutter=\u00bbon\u00bb gutter_width=\u00bb1&#8243; custom_padding=\u00bb0px||0px|\u00bb make_equal=\u00bbon\u00bb padding_left_right_link_2=\u00bbtrue\u00bb padding_right_2=\u00bb50px\u00bb padding_left_2=\u00bb50px\u00bb module_class_1=\u00bbimage-column\u00bb module_class=\u00bbfifty-fifty\u00bb _builder_version=\u00bb3.15&#8243; border_color_bottom=\u00bb#004b8d\u00bb][et_pb_column type=\u00bb2_5&#8243; _builder_version=\u00bb3.0.47&#8243;][et_pb_image src=\u00bbhttps:\/\/lundbergtechnologies.com\/wp-content\/uploads\/2018\/09\/contact_us.jpg\u00bb show_bottom_space=\u00bboff\u00bb _builder_version=\u00bb3.15&#8243;][\/et_pb_image][\/et_pb_column][et_pb_column type=\u00bb3_5&#8243; _builder_version=\u00bb3.0.47&#8243;][et_pb_text _builder_version=\u00bb3.15&#8243; header_font=\u00bb||||||||\u00bb header_3_font=\u00bb||||||||\u00bb header_3_text_color=\u00bb#004b8d\u00bb header_3_font_size=\u00bb23px\u00bb header_3_font_size_tablet=\u00bb21px\u00bb header_3_font_size_phone=\u00bb19px\u00bb header_3_font_size_last_edited=\u00bbon|phone\u00bb header_3_line_height=\u00bb1.7em\u00bb custom_padding=\u00bb5%||0px|0px\u00bb]<\/p>\n<h3>Estudios de ingenier\u00eda y auditor\u00edas<\/h3>\n<p>Lundberg realizar\u00e1 una auditor\u00eda sobre su sistema existente en su planta para una serie de prop\u00f3sitos, incluyendo: estrategias de reducci\u00f3n de costos para sistemas de proceso, aumentando la capacidad del sistema, la seguridad del sistema, su eficiencia, mejorando la estabilidad de la facilidad de operaci\u00f3n, y soluci\u00f3n de problemas e interconexi\u00f3n de un sistema con otro o con un sistema futuro. Cada auditor\u00eda se adapta a las necesidades espec\u00edficas de cada cliente y puede involucrar a varias de las \u00e1reas enumeradas.<br \/>\n[\/et_pb_text][et_pb_button button_url=\u00bb\/es\/capacidades\/estudios-ingenieria-y-auditorias\/\u00bb button_text=\u00bbLEER M\u00c1S\u00bb _builder_version=\u00bb3.21.1&#8243; background_layout=\u00bbdark\u00bb custom_margin=\u00bb20px||5%|\u00bb custom_padding=\u00bb||0%|\u00bb button_text_size__hover_enabled=\u00bboff\u00bb button_one_text_size__hover_enabled=\u00bboff\u00bb button_two_text_size__hover_enabled=\u00bboff\u00bb button_text_color__hover_enabled=\u00bboff\u00bb button_one_text_color__hover_enabled=\u00bboff\u00bb button_two_text_color__hover_enabled=\u00bboff\u00bb button_border_width__hover_enabled=\u00bboff\u00bb button_one_border_width__hover_enabled=\u00bboff\u00bb button_two_border_width__hover_enabled=\u00bboff\u00bb button_border_color__hover_enabled=\u00bboff\u00bb button_one_border_color__hover_enabled=\u00bboff\u00bb button_two_border_color__hover_enabled=\u00bboff\u00bb button_border_radius__hover_enabled=\u00bboff\u00bb button_one_border_radius__hover_enabled=\u00bboff\u00bb button_two_border_radius__hover_enabled=\u00bboff\u00bb button_letter_spacing__hover_enabled=\u00bboff\u00bb button_one_letter_spacing__hover_enabled=\u00bboff\u00bb button_two_letter_spacing__hover_enabled=\u00bboff\u00bb button_bg_color__hover_enabled=\u00bboff\u00bb button_one_bg_color__hover_enabled=\u00bboff\u00bb button_two_bg_color__hover_enabled=\u00bboff\u00bb][\/et_pb_button][\/et_pb_column][\/et_pb_row][\/et_pb_section][et_pb_section fb_built=\u00bb1&#8243; _builder_version=\u00bb3.15&#8243; use_background_color_gradient=\u00bbon\u00bb background_color_gradient_start=\u00bbrgba(235,235,235,0.17)\u00bb background_color_gradient_end=\u00bb#ebebeb\u00bb custom_padding=\u00bb0px||0px|\u00bb][et_pb_row make_fullwidth=\u00bbon\u00bb use_custom_gutter=\u00bbon\u00bb gutter_width=\u00bb1&#8243; custom_padding=\u00bb0px||0px|\u00bb make_equal=\u00bbon\u00bb padding_left_right_link_1=\u00bbtrue\u00bb padding_right_1=\u00bb50px\u00bb padding_left_1=\u00bb50px\u00bb module_class_2=\u00bbimage-column\u00bb module_class=\u00bbfifty-fifty reorder\u00bb _builder_version=\u00bb3.15&#8243; border_color_bottom=\u00bb#004b8d\u00bb][et_pb_column type=\u00bb3_5&#8243; _builder_version=\u00bb3.0.47&#8243;][et_pb_text _builder_version=\u00bb3.15&#8243; header_font=\u00bb||||||||\u00bb header_2_font=\u00bb||||||||\u00bb header_2_line_height=\u00bb1.7em\u00bb header_3_font=\u00bb||||||||\u00bb header_3_text_color=\u00bb#004b8d\u00bb header_3_font_size=\u00bb23px\u00bb header_3_font_size_tablet=\u00bb21px\u00bb header_3_font_size_phone=\u00bb19px\u00bb header_3_font_size_last_edited=\u00bbon|phone\u00bb header_3_line_height=\u00bb1.7em\u00bb custom_padding=\u00bb5%||0px|0px\u00bb]<\/p>\n<h3>Ingenier\u00eda de procesos y equipos principales<\/h3>\n<p>Lundberg proporciona servicios de ingenier\u00eda de procesos principalmente para  sistemas de proceso adquiridos a Lundberg. Sin embargo, proporcionamos servicios de ingenier\u00eda de procesos en forma de auditor\u00edas de rendimiento y estudios sobre sistemas existentes. El alcance t\u00edpico de la ingenier\u00eda de procesos de Lundberg incluye diagramas de flujo de proceso, diagramas de tuber\u00edas e instrumentos (P&#038;IDs), planos de equipos, especificaciones de instrumentos, planos de implantaci\u00f3n y manuales de operaciones y mantenimiento.<\/p>\n<p>Lundberg tambi\u00e9n suministra todos los equipos principales para nuestros sistemas. Nuestro alcance de suministro tambi\u00e9n puede incluir bombas y motores, instrumentos, tuber\u00edas de proceso, estructuras de soporte , plataformas de acceso, etc.<br \/>\n[\/et_pb_text][et_pb_button button_url=\u00bb\/es\/capacidades\/ingenieria-procesos-y-equipo-principal\/\u00bb button_text=\u00bbLEER M\u00c1S\u00bb _builder_version=\u00bb3.21.1&#8243; background_layout=\u00bbdark\u00bb custom_margin=\u00bb20px||5%|\u00bb custom_padding=\u00bb||0%|\u00bb button_text_size__hover_enabled=\u00bboff\u00bb button_one_text_size__hover_enabled=\u00bboff\u00bb button_two_text_size__hover_enabled=\u00bboff\u00bb button_text_color__hover_enabled=\u00bboff\u00bb button_one_text_color__hover_enabled=\u00bboff\u00bb button_two_text_color__hover_enabled=\u00bboff\u00bb button_border_width__hover_enabled=\u00bboff\u00bb button_one_border_width__hover_enabled=\u00bboff\u00bb button_two_border_width__hover_enabled=\u00bboff\u00bb button_border_color__hover_enabled=\u00bboff\u00bb button_one_border_color__hover_enabled=\u00bboff\u00bb button_two_border_color__hover_enabled=\u00bboff\u00bb button_border_radius__hover_enabled=\u00bboff\u00bb button_one_border_radius__hover_enabled=\u00bboff\u00bb button_two_border_radius__hover_enabled=\u00bboff\u00bb button_letter_spacing__hover_enabled=\u00bboff\u00bb button_one_letter_spacing__hover_enabled=\u00bboff\u00bb button_two_letter_spacing__hover_enabled=\u00bboff\u00bb button_bg_color__hover_enabled=\u00bboff\u00bb button_one_bg_color__hover_enabled=\u00bboff\u00bb button_two_bg_color__hover_enabled=\u00bboff\u00bb][\/et_pb_button][\/et_pb_column][et_pb_column type=\u00bb2_5&#8243; _builder_version=\u00bb3.0.47&#8243;][et_pb_image src=\u00bbhttps:\/\/lundbergtechnologies.com\/wp-content\/uploads\/2018\/09\/process-engineering.jpg\u00bb _builder_version=\u00bb3.15&#8243;][\/et_pb_image][\/et_pb_column][\/et_pb_row][\/et_pb_section][et_pb_section fb_built=\u00bb1&#8243; _builder_version=\u00bb3.15&#8243; use_background_color_gradient=\u00bbon\u00bb background_color_gradient_start=\u00bbrgba(235,235,235,0.17)\u00bb background_color_gradient_end=\u00bb#ebebeb\u00bb custom_padding=\u00bb0px||0px|\u00bb][et_pb_row make_fullwidth=\u00bbon\u00bb use_custom_gutter=\u00bbon\u00bb gutter_width=\u00bb1&#8243; custom_padding=\u00bb0px||0px|\u00bb make_equal=\u00bbon\u00bb padding_left_right_link_2=\u00bbtrue\u00bb padding_right_2=\u00bb50px\u00bb padding_left_2=\u00bb50px\u00bb module_class_1=\u00bbimage-column\u00bb module_class=\u00bbfifty-fifty\u00bb _builder_version=\u00bb3.15&#8243; border_color_bottom=\u00bb#004b8d\u00bb][et_pb_column type=\u00bb2_5&#8243; _builder_version=\u00bb3.0.47&#8243;][et_pb_image src=\u00bbhttps:\/\/lundbergtechnologies.com\/wp-content\/uploads\/2018\/09\/Evaporation-Falling-Film-Concentrators.jpg\u00bb _builder_version=\u00bb3.15&#8243;][\/et_pb_image][\/et_pb_column][et_pb_column type=\u00bb3_5&#8243; _builder_version=\u00bb3.0.47&#8243;][et_pb_text _builder_version=\u00bb3.15&#8243; header_font=\u00bb||||||||\u00bb header_3_font=\u00bb||||||||\u00bb header_3_text_color=\u00bb#004b8d\u00bb header_3_font_size=\u00bb23px\u00bb header_3_font_size_tablet=\u00bb21px\u00bb header_3_font_size_phone=\u00bb19px\u00bb header_3_font_size_last_edited=\u00bbon|phone\u00bb header_3_line_height=\u00bb1.7em\u00bb custom_padding=\u00bb5%||0px|0px\u00bb]<\/p>\n<h3>Servicios de ingenier\u00eda, adquisiciones y construcci\u00f3n (EPC)<\/h3>\n<p>Lundberg es un proveedor l\u00edder de proyectos EPC. Cada sistema importante que proporcionamos es susceptible de instalaci\u00f3n llave en mano. El proyecto puede ser tan peque\u00f1o como el reemplazo o re-entubado de un intercambiador de calor hasta la instalaci\u00f3n de un sistema de proceso completo. Las ventajas de un proyecto EPC para el cliente son la comunicaci\u00f3n directa entre el proveedor y el usuario final, la reducci\u00f3n de los errores de dise\u00f1o resultantes de la falta de comprensi\u00f3n del proceso, un ajuste en el precio de los proyectos, el precio fijo en los contratos  y un plazo de proyecto m\u00e1s corto.<br \/>\n[\/et_pb_text][et_pb_button button_url=\u00bb\/es\/capacidades\/ingenieria-llave-en-mano-servicios-epc\/\u00bb button_text=\u00bbLEER M\u00c1S\u00bb _builder_version=\u00bb3.21.1&#8243; background_layout=\u00bbdark\u00bb custom_margin=\u00bb20px||5%|\u00bb custom_padding=\u00bb||0%|\u00bb button_text_size__hover_enabled=\u00bboff\u00bb button_one_text_size__hover_enabled=\u00bboff\u00bb button_two_text_size__hover_enabled=\u00bboff\u00bb button_text_color__hover_enabled=\u00bboff\u00bb button_one_text_color__hover_enabled=\u00bboff\u00bb button_two_text_color__hover_enabled=\u00bboff\u00bb button_border_width__hover_enabled=\u00bboff\u00bb button_one_border_width__hover_enabled=\u00bboff\u00bb button_two_border_width__hover_enabled=\u00bboff\u00bb button_border_color__hover_enabled=\u00bboff\u00bb button_one_border_color__hover_enabled=\u00bboff\u00bb button_two_border_color__hover_enabled=\u00bboff\u00bb button_border_radius__hover_enabled=\u00bboff\u00bb button_one_border_radius__hover_enabled=\u00bboff\u00bb button_two_border_radius__hover_enabled=\u00bboff\u00bb button_letter_spacing__hover_enabled=\u00bboff\u00bb button_one_letter_spacing__hover_enabled=\u00bboff\u00bb button_two_letter_spacing__hover_enabled=\u00bboff\u00bb button_bg_color__hover_enabled=\u00bboff\u00bb button_one_bg_color__hover_enabled=\u00bboff\u00bb button_two_bg_color__hover_enabled=\u00bboff\u00bb][\/et_pb_button][\/et_pb_column][\/et_pb_row][\/et_pb_section][et_pb_section fb_built=\u00bb1&#8243; _builder_version=\u00bb3.15&#8243; use_background_color_gradient=\u00bbon\u00bb background_color_gradient_start=\u00bbrgba(235,235,235,0.17)\u00bb background_color_gradient_end=\u00bb#ebebeb\u00bb custom_padding=\u00bb0px||0px|\u00bb][et_pb_row make_fullwidth=\u00bbon\u00bb use_custom_gutter=\u00bbon\u00bb gutter_width=\u00bb1&#8243; custom_padding=\u00bb0px||0px|\u00bb make_equal=\u00bbon\u00bb padding_left_right_link_1=\u00bbtrue\u00bb padding_right_1=\u00bb50px\u00bb padding_left_1=\u00bb50px\u00bb module_class_2=\u00bbimage-column\u00bb module_class=\u00bbfifty-fifty reorder\u00bb _builder_version=\u00bb3.15&#8243; border_color_bottom=\u00bb#004b8d\u00bb][et_pb_column type=\u00bb3_5&#8243; _builder_version=\u00bb3.0.47&#8243;][et_pb_text _builder_version=\u00bb3.15&#8243; header_font=\u00bb||||||||\u00bb header_3_font=\u00bb||||||||\u00bb header_3_text_color=\u00bb#004b8d\u00bb header_3_font_size=\u00bb23px\u00bb header_3_font_size_tablet=\u00bb21px\u00bb header_3_font_size_phone=\u00bb19px\u00bb header_3_font_size_last_edited=\u00bbon|phone\u00bb header_3_line_height=\u00bb1.7em\u00bb custom_padding=\u00bb5%||0px|0px\u00bb]<\/p>\n<h3>Post venta y repuestos<\/h3>\n<p>Lundberg ofrece una amplia gama de servicios de posventa. Ofrecemos inspecciones, reconstrucciones, repuestos y mejoras de productos para todos los sistemas y equipos de proceso dentro de nuestras \u00e1reas de especializaci\u00f3n.<br \/>\n[\/et_pb_text][et_pb_button button_url=\u00bb\/es\/capacidades\/postventa-recambios-piezas-repuesto\/\u00bb button_text=\u00bbLEER M\u00c1S\u00bb _builder_version=\u00bb3.21.1&#8243; background_layout=\u00bbdark\u00bb custom_margin=\u00bb20px||5%|\u00bb custom_padding=\u00bb||0%|\u00bb button_text_size__hover_enabled=\u00bboff\u00bb button_one_text_size__hover_enabled=\u00bboff\u00bb button_two_text_size__hover_enabled=\u00bboff\u00bb button_text_color__hover_enabled=\u00bboff\u00bb button_one_text_color__hover_enabled=\u00bboff\u00bb button_two_text_color__hover_enabled=\u00bboff\u00bb button_border_width__hover_enabled=\u00bboff\u00bb button_one_border_width__hover_enabled=\u00bboff\u00bb button_two_border_width__hover_enabled=\u00bboff\u00bb button_border_color__hover_enabled=\u00bboff\u00bb button_one_border_color__hover_enabled=\u00bboff\u00bb button_two_border_color__hover_enabled=\u00bboff\u00bb button_border_radius__hover_enabled=\u00bboff\u00bb button_one_border_radius__hover_enabled=\u00bboff\u00bb button_two_border_radius__hover_enabled=\u00bboff\u00bb button_letter_spacing__hover_enabled=\u00bboff\u00bb button_one_letter_spacing__hover_enabled=\u00bboff\u00bb button_two_letter_spacing__hover_enabled=\u00bboff\u00bb button_bg_color__hover_enabled=\u00bboff\u00bb button_one_bg_color__hover_enabled=\u00bboff\u00bb button_two_bg_color__hover_enabled=\u00bboff\u00bb][\/et_pb_button][\/et_pb_column][et_pb_column type=\u00bb2_5&#8243; _builder_version=\u00bb3.0.47&#8243;][et_pb_image src=\u00bbhttps:\/\/lundbergtechnologies.com\/wp-content\/uploads\/2018\/09\/Evaporation-Concentrator-Vapor-Bodies.jpg\u00bb _builder_version=\u00bb3.15&#8243;][\/et_pb_image][\/et_pb_column][\/et_pb_row][\/et_pb_section]<\/p>\n","protected":false},"excerpt":{"rendered":"<p>&nbsp; Lundberg tiene los recursos y la capacidad para satisfacer las necesidades de su proyecto, sin importar las que sean. Capacidades de ingenier\u00eda que satisfacen las expectativas de los clientes Desde peque\u00f1os estudios de ingenier\u00eda hasta grandes instalaciones llave en mano de varios millones de euros, Lundberg tiene un reputado historial de entregas en plazo [&hellip;]<\/p>\n","protected":false},"author":1,"featured_media":0,"parent":0,"menu_order":0,"comment_status":"closed","ping_status":"closed","template":"","meta":{"_acf_changed":false,"_et_pb_use_builder":"on","_et_pb_old_content":"","_et_gb_content_width":"","_monsterinsights_skip_tracking":false,"_monsterinsights_sitenote_active":false,"_monsterinsights_sitenote_note":"","_monsterinsights_sitenote_category":0,"footnotes":""},"class_list":["post-220818","page","type-page","status-publish","hentry"],"acf":[],"_links":{"self":[{"href":"https:\/\/lundbergtechnologies.com\/es\/wp-json\/wp\/v2\/pages\/220818","targetHints":{"allow":["GET"]}}],"collection":[{"href":"https:\/\/lundbergtechnologies.com\/es\/wp-json\/wp\/v2\/pages"}],"about":[{"href":"https:\/\/lundbergtechnologies.com\/es\/wp-json\/wp\/v2\/types\/page"}],"author":[{"embeddable":true,"href":"https:\/\/lundbergtechnologies.com\/es\/wp-json\/wp\/v2\/users\/1"}],"replies":[{"embeddable":true,"href":"https:\/\/lundbergtechnologies.com\/es\/wp-json\/wp\/v2\/comments?post=220818"}],"version-history":[{"count":0,"href":"https:\/\/lundbergtechnologies.com\/es\/wp-json\/wp\/v2\/pages\/220818\/revisions"}],"wp:attachment":[{"href":"https:\/\/lundbergtechnologies.com\/es\/wp-json\/wp\/v2\/media?parent=220818"}],"curies":[{"name":"wp","href":"https:\/\/api.w.org\/{rel}","templated":true}]}}