{"id":220821,"date":"2019-03-25T18:43:57","date_gmt":"2019-03-26T01:43:57","guid":{"rendered":"https:\/\/lundbergtechnologies.com\/capacidades\/ingenieria-llave-en-mano-servicios-epc\/"},"modified":"2019-03-25T18:44:02","modified_gmt":"2019-03-26T01:44:02","slug":"ingenieria-llave-en-mano-servicios-epc","status":"publish","type":"page","link":"https:\/\/lundbergtechnologies.com\/es\/capacidades\/ingenieria-llave-en-mano-servicios-epc\/","title":{"rendered":"Ingenier\u00eda llave en mano. Servicios (EPC)"},"content":{"rendered":"<p>[et_pb_section bb_built=\u00bb1&#8243; custom_padding_last_edited=\u00bbon|phone\u00bb module_class=\u00bbvb-hero\u00bb _builder_version=\u00bb3.15&#8243; background_color_gradient_direction=\u00bb128deg\u00bb background_image=\u00bbhttps:\/\/lundbergtechnologies.com\/wp-content\/uploads\/2018\/09\/installation-capabilitiesEvaporation-REX-Concentrator-Heater-Lift.jpg\u00bb background_position=\u00bbcenter_right\u00bb max_width_last_edited=\u00bbon|phone\u00bb custom_margin=\u00bb|||0px\u00bb custom_padding=\u00bb30px||30px||true\u00bb custom_padding_phone=\u00bb0px|0px|0px|0px\u00bb next_background_color=\u00bb#ffffff\u00bb][et_pb_row use_custom_width=\u00bbon\u00bb width_unit=\u00bboff\u00bb custom_width_percent=\u00bb70%\u00bb custom_padding=\u00bb|||\u00bb custom_padding_tablet=\u00bb25px|||\u00bb custom_padding_phone=\u00bb38px|||\u00bb custom_margin=\u00bb|||39px\u00bb custom_padding_last_edited=\u00bbon|phone\u00bb _builder_version=\u00bb3.15&#8243; module_alignment=\u00bbleft\u00bb custom_margin_tablet=\u00bb|||45px\u00bb custom_margin_phone=\u00bb|||0px\u00bb custom_margin_last_edited=\u00bbon|phone\u00bb][et_pb_column type=\u00bb4_4&#8243;][et_pb_post_title meta=\u00bboff\u00bb featured_image=\u00bboff\u00bb module_class=\u00bbtitle-text\u00bb _builder_version=\u00bb3.15&#8243; title_font=\u00bbLato|700|||||||\u00bb title_text_align=\u00bbleft\u00bb title_font_size=\u00bb42px\u00bb title_font_size_tablet=\u00bb33px\u00bb title_font_size_phone=\u00bb26px\u00bb title_font_size_last_edited=\u00bbon|phone\u00bb background_color=\u00bbrgba(4,32,56,0.9)\u00bb custom_margin=\u00bb|100px|0px|\u00bb custom_margin_tablet=\u00bb|100px||\u00bb custom_margin_phone=\u00bb|60px||\u00bb custom_margin_last_edited=\u00bbon|phone\u00bb custom_padding=\u00bb33px||10px|35px\u00bb custom_padding_tablet=\u00bb30px|0px|15px|14px\u00bb custom_padding_phone=\u00bb|||7px\u00bb custom_padding_last_edited=\u00bbon|tablet\u00bb]<br \/>\n[\/et_pb_post_title][et_pb_text module_class=\u00bbtitle-sub-text\u00bb _builder_version=\u00bb3.15&#8243; text_text_color=\u00bb#ffffff\u00bb text_font_size=\u00bb18px\u00bb text_font_size_tablet=\u00bb17px\u00bb text_font_size_phone=\u00bb16px\u00bb text_font_size_last_edited=\u00bbon|phone\u00bb text_line_height=\u00bb1.6em\u00bb background_color=\u00bb#042038&#8243; custom_margin=\u00bb0px|100px|0px|\u00bb custom_margin_phone=\u00bb|60px||\u00bb custom_margin_last_edited=\u00bbon|phone\u00bb custom_padding=\u00bb10px|24px|34px|40px||false\u00bb custom_padding_tablet=\u00bb10px|20px||10px||false\u00bb custom_padding_phone=\u00bb10px|20px|18px|20px||true\u00bb custom_padding_last_edited=\u00bbon|desktop\u00bb]<\/p>\n<p>Desde el concepto pasando por la puesta en marcha y el impacto en su  negocio, enfocamos todos nuestros esfuerzos en la entrega final de los proyectos a nuestros clientes \u2013 el resultado es una instalaci\u00f3n de alto valor que satisface las necesidades de su proceso.<\/p>\n<p>&nbsp;<\/p>\n<p>[\/et_pb_text][\/et_pb_column][\/et_pb_row][\/et_pb_section][et_pb_section bb_built=\u00bb1&#8243; _builder_version=\u00bb3.0.47&#8243; prev_background_color=\u00bb#000000&#8243;][et_pb_row _builder_version=\u00bb3.15&#8243;][et_pb_column type=\u00bb2_5&#8243;][et_pb_image src=\u00bbhttps:\/\/lundbergtechnologies.com\/wp-content\/uploads\/2018\/09\/Evaporation_resized-Falling-Film-Evaporator-Body.jpg\u00bb always_center_on_mobile=\u00bboff\u00bb _builder_version=\u00bb3.15&#8243;]<br \/>\n[\/et_pb_image][\/et_pb_column][et_pb_column type=\u00bb3_5&#8243;][et_pb_text _builder_version=\u00bb3.15&#8243; header_4_line_height=\u00bb1.4em\u00bb]<\/p>\n<p><strong>Lundberg ha completado con \u00e9xito numerosos proyectos de ingenier\u00eda llave en mano (EPC) para nuestros clientes. Podemos ofrecer soluciones que satisfagan los requisitos de cada cliente.<\/strong><\/p>\n<p>Los proyectos EPC gestionados por Lundberg ofrecen los siguientes beneficios para nuestros clientes:<\/p>\n<ul>\n<li>Los proyectos se completan de forma segura, a tiempo y dentro del presupuesto<\/li>\n<li>Una \u00fanica fuente para proporcionar todos los servicios de ingenier\u00eda y gesti\u00f3n de proyectos necesarios elimina la necesidad de m\u00faltiples consultores y contratistas<\/li>\n<li>Una integraci\u00f3n mayor del proyecto que reduce los costes del proyecto y los plazos<\/li>\n<li>Un equipo multidisciplinar y competente que ofrece servicios y soporte en dise\u00f1o, construcci\u00f3n, fabricaci\u00f3n, adquisici\u00f3n, calidad, formaci\u00f3n de operadores y mantenimiento de sistemas<\/li>\n<\/ul>\n<p>Todo proyecto EPC llevado a cabo por Lundberg utiliza las especificaciones de las instalaciones existentes donde sean de aplicaci\u00f3n, y donde no existan, generamos nuevas especificaciones para la aprobaci\u00f3n del cliente. Adem\u00e1s, el proyecto utilizar\u00e1 su equipamiento preferido en su instalaci\u00f3n, as\u00ed como sus suministradores habituales y aquellos proveedores locales de su confianza que brindan soporte a la planta.<\/p>\n<p>[\/et_pb_text][\/et_pb_column][\/et_pb_row][\/et_pb_section]<\/p>\n","protected":false},"excerpt":{"rendered":"<p>Desde el concepto pasando por la puesta en marcha y el impacto en su negocio, enfocamos todos nuestros esfuerzos en la entrega final de los proyectos a nuestros clientes \u2013 el resultado es una instalaci\u00f3n de alto valor que satisface las necesidades de su proceso. &nbsp; Lundberg ha completado con \u00e9xito numerosos proyectos de ingenier\u00eda [&hellip;]<\/p>\n","protected":false},"author":1,"featured_media":0,"parent":220818,"menu_order":0,"comment_status":"closed","ping_status":"closed","template":"","meta":{"_acf_changed":false,"_et_pb_use_builder":"on","_et_pb_old_content":"","_et_gb_content_width":"","_monsterinsights_skip_tracking":false,"_monsterinsights_sitenote_active":false,"_monsterinsights_sitenote_note":"","_monsterinsights_sitenote_category":0,"footnotes":""},"class_list":["post-220821","page","type-page","status-publish","hentry"],"acf":[],"_links":{"self":[{"href":"https:\/\/lundbergtechnologies.com\/es\/wp-json\/wp\/v2\/pages\/220821","targetHints":{"allow":["GET"]}}],"collection":[{"href":"https:\/\/lundbergtechnologies.com\/es\/wp-json\/wp\/v2\/pages"}],"about":[{"href":"https:\/\/lundbergtechnologies.com\/es\/wp-json\/wp\/v2\/types\/page"}],"author":[{"embeddable":true,"href":"https:\/\/lundbergtechnologies.com\/es\/wp-json\/wp\/v2\/users\/1"}],"replies":[{"embeddable":true,"href":"https:\/\/lundbergtechnologies.com\/es\/wp-json\/wp\/v2\/comments?post=220821"}],"version-history":[{"count":0,"href":"https:\/\/lundbergtechnologies.com\/es\/wp-json\/wp\/v2\/pages\/220821\/revisions"}],"up":[{"embeddable":true,"href":"https:\/\/lundbergtechnologies.com\/es\/wp-json\/wp\/v2\/pages\/220818"}],"wp:attachment":[{"href":"https:\/\/lundbergtechnologies.com\/es\/wp-json\/wp\/v2\/media?parent=220821"}],"curies":[{"name":"wp","href":"https:\/\/api.w.org\/{rel}","templated":true}]}}