{"id":220822,"date":"2019-03-25T18:47:20","date_gmt":"2019-03-26T01:47:20","guid":{"rendered":"https:\/\/lundbergtechnologies.com\/capacidades\/post-venta-y-repuestos\/"},"modified":"2019-03-25T18:50:09","modified_gmt":"2019-03-26T01:50:09","slug":"postventa-recambios-piezas-repuesto","status":"publish","type":"page","link":"https:\/\/lundbergtechnologies.com\/es\/capacidades\/postventa-recambios-piezas-repuesto\/","title":{"rendered":"Post venta y repuestos"},"content":{"rendered":"<p>[et_pb_section fb_built=\u00bb1&#8243; custom_padding_last_edited=\u00bbon|phone\u00bb module_class=\u00bbvb-hero\u00bb _builder_version=\u00bb3.15&#8243; background_color_gradient_direction=\u00bb128deg\u00bb background_image=\u00bb\/wp-content\/uploads\/2018\/08\/lundberg_home_hero.jpg\u00bb background_position=\u00bbcenter_right\u00bb max_width_last_edited=\u00bbon|phone\u00bb custom_margin=\u00bb|||0px\u00bb custom_padding=\u00bb30px||30px||true\u00bb custom_padding_phone=\u00bb0px|0px|0px|0px\u00bb][et_pb_row use_custom_width=\u00bbon\u00bb width_unit=\u00bboff\u00bb custom_width_percent=\u00bb70%\u00bb custom_padding=\u00bb|||\u00bb custom_padding_tablet=\u00bb25px|||\u00bb custom_padding_phone=\u00bb38px|||\u00bb custom_margin=\u00bb|||39px\u00bb custom_padding_last_edited=\u00bbon|phone\u00bb _builder_version=\u00bb3.15&#8243; module_alignment=\u00bbleft\u00bb custom_margin_tablet=\u00bb|||45px\u00bb custom_margin_phone=\u00bb|||0px\u00bb custom_margin_last_edited=\u00bbon|phone\u00bb][et_pb_column type=\u00bb4_4&#8243; _builder_version=\u00bb3.0.47&#8243; parallax=\u00bboff\u00bb parallax_method=\u00bbon\u00bb][et_pb_post_title meta=\u00bboff\u00bb featured_image=\u00bboff\u00bb module_class=\u00bbtitle-text\u00bb _builder_version=\u00bb3.15&#8243; title_font=\u00bbLato|700|||||||\u00bb title_text_align=\u00bbleft\u00bb title_font_size=\u00bb42px\u00bb title_font_size_tablet=\u00bb33px\u00bb title_font_size_phone=\u00bb26px\u00bb title_font_size_last_edited=\u00bbon|phone\u00bb background_color=\u00bbrgba(4,32,56,0.9)\u00bb custom_margin=\u00bb|100px|0px|\u00bb custom_margin_tablet=\u00bb|100px||\u00bb custom_margin_phone=\u00bb|60px||\u00bb custom_margin_last_edited=\u00bbon|phone\u00bb custom_padding=\u00bb33px||10px|35px\u00bb custom_padding_tablet=\u00bb30px|0px|15px|14px\u00bb custom_padding_phone=\u00bb|||7px\u00bb custom_padding_last_edited=\u00bbon|tablet\u00bb][\/et_pb_post_title][et_pb_text module_class=\u00bbtitle-sub-text\u00bb _builder_version=\u00bb3.15&#8243; text_text_color=\u00bb#ffffff\u00bb text_font_size=\u00bb18px\u00bb text_font_size_tablet=\u00bb17px\u00bb text_font_size_phone=\u00bb16px\u00bb text_font_size_last_edited=\u00bbon|phone\u00bb text_line_height=\u00bb1.6em\u00bb background_color=\u00bb#042038&#8243; custom_margin=\u00bb0px|100px|0px|\u00bb custom_margin_phone=\u00bb|60px||\u00bb custom_margin_last_edited=\u00bbon|phone\u00bb custom_padding=\u00bb10px|24px|34px|40px||false\u00bb custom_padding_tablet=\u00bb10px|20px||10px||false\u00bb custom_padding_phone=\u00bb10px|20px|18px|20px||true\u00bb custom_padding_last_edited=\u00bbon|desktop\u00bb]En Lundberg nuestra m\u00e1xima prioridad es suministrar de forma fiable al clientes nuestros recambios y servicio post venta de alta calidad.<\/p>\n<p>&nbsp;<br \/>\n[\/et_pb_text][\/et_pb_column][\/et_pb_row][\/et_pb_section][et_pb_section fb_built=\u00bb1&#8243; _builder_version=\u00bb3.0.47&#8243;][et_pb_row _builder_version=\u00bb3.15&#8243;][et_pb_column type=\u00bb2_5&#8243; _builder_version=\u00bb3.0.47&#8243; parallax=\u00bboff\u00bb parallax_method=\u00bbon\u00bb][et_pb_image src=\u00bbhttps:\/\/lundbergtechnologies.com\/wp-content\/uploads\/2018\/09\/aftermarket-spare-parts.jpg\u00bb always_center_on_mobile=\u00bboff\u00bb _builder_version=\u00bb3.15&#8243;][\/et_pb_image][\/et_pb_column][et_pb_column type=\u00bb3_5&#8243; _builder_version=\u00bb3.0.47&#8243; parallax=\u00bboff\u00bb parallax_method=\u00bbon\u00bb][et_pb_text _builder_version=\u00bb3.15&#8243; header_4_line_height=\u00bb1.4em\u00bb]<strong>Las ventajas del servicio post venta y los recambios de Lundberg incluyen:<\/strong><\/p>\n<ul>\n<li>Nuestro equipo de ingenieros de campo es uno de los m\u00e1s experimentados en la industria, con d\u00e9cadas de experiencia en la instalaci\u00f3n y servicio de nuestros equipos.<\/li>\n<li>Para el servicio post venta, Lundberg se apoya en nuestro equipo propio y aplicamos las especificaciones de dise\u00f1o y material para sus piezas originales para asegurarse de que se fabrican seg\u00fan las especificaciones correctas.<\/li>\n<li>Lundberg no s\u00f3lo suministra piezas, sino que tiene la capacidad de dise\u00f1ar piezas de repuesto de forma personalizada seg\u00fan sea necesario.<\/li>\n<\/ul>\n<p><strong>Nuestro servicio postventa incluye:<\/strong><\/p>\n<ul>\n<li>Repuestos para nuestros equipos instalados<\/li>\n<li>Inspecciones en campo<\/li>\n<li>Reparaci\u00f3n y reequipamiento de equipos existentes<\/li>\n<li>Supervisi\u00f3n del proyecto<\/li>\n<li>Formaci\u00f3n de los operadores<\/li>\n<\/ul>\n<p>[\/et_pb_text][\/et_pb_column][\/et_pb_row][\/et_pb_section][et_pb_section fb_built=\u00bb1&#8243; _builder_version=\u00bb3.15&#8243; background_color=\u00bb#ebebeb\u00bb custom_padding=\u00bb125px|||\u00bb top_divider_style=\u00bbramp2&#8243; top_divider_color=\u00bb#ffffff\u00bb top_divider_height=\u00bb147px\u00bb top_divider_height_last_edited=\u00bbon|phone\u00bb][et_pb_row use_custom_width=\u00bbon\u00bb width_unit=\u00bboff\u00bb _builder_version=\u00bb3.15&#8243;][et_pb_column type=\u00bb4_4&#8243; _builder_version=\u00bb3.15&#8243; parallax=\u00bboff\u00bb parallax_method=\u00bbon\u00bb][et_pb_text module_class=\u00bbrelated_header\u00bb _builder_version=\u00bb3.15&#8243; text_font=\u00bb||||||||\u00bb header_font=\u00bb||||||||\u00bb header_3_font=\u00bb||||||||\u00bb header_3_font_size_tablet=\u00bb20px\u00bb header_3_font_size_last_edited=\u00bbon|phone\u00bb border_width_bottom=\u00bb1px\u00bb border_color_bottom=\u00bbrgba(4,32,56,0.15)\u00bb border_color_all=\u00bb#ffffff\u00bb]<\/p>\n<h3>Documentos Relacionados<\/h3>\n<p>[\/et_pb_text][et_pb_text _builder_version=\u00bb3.15&#8243;][\/et_pb_text][\/et_pb_column][\/et_pb_row][\/et_pb_section]<\/p>\n","protected":false},"excerpt":{"rendered":"<p>En Lundberg nuestra m\u00e1xima prioridad es suministrar de forma fiable al clientes nuestros recambios y servicio post venta de alta calidad. &nbsp; Las ventajas del servicio post venta y los recambios de Lundberg incluyen: Nuestro equipo de ingenieros de campo es uno de los m\u00e1s experimentados en la industria, con d\u00e9cadas de experiencia en la [&hellip;]<\/p>\n","protected":false},"author":1,"featured_media":0,"parent":220818,"menu_order":0,"comment_status":"closed","ping_status":"closed","template":"","meta":{"_acf_changed":false,"_et_pb_use_builder":"on","_et_pb_old_content":"","_et_gb_content_width":"","_monsterinsights_skip_tracking":false,"_monsterinsights_sitenote_active":false,"_monsterinsights_sitenote_note":"","_monsterinsights_sitenote_category":0,"footnotes":""},"class_list":["post-220822","page","type-page","status-publish","hentry"],"acf":[],"_links":{"self":[{"href":"https:\/\/lundbergtechnologies.com\/es\/wp-json\/wp\/v2\/pages\/220822","targetHints":{"allow":["GET"]}}],"collection":[{"href":"https:\/\/lundbergtechnologies.com\/es\/wp-json\/wp\/v2\/pages"}],"about":[{"href":"https:\/\/lundbergtechnologies.com\/es\/wp-json\/wp\/v2\/types\/page"}],"author":[{"embeddable":true,"href":"https:\/\/lundbergtechnologies.com\/es\/wp-json\/wp\/v2\/users\/1"}],"replies":[{"embeddable":true,"href":"https:\/\/lundbergtechnologies.com\/es\/wp-json\/wp\/v2\/comments?post=220822"}],"version-history":[{"count":0,"href":"https:\/\/lundbergtechnologies.com\/es\/wp-json\/wp\/v2\/pages\/220822\/revisions"}],"up":[{"embeddable":true,"href":"https:\/\/lundbergtechnologies.com\/es\/wp-json\/wp\/v2\/pages\/220818"}],"wp:attachment":[{"href":"https:\/\/lundbergtechnologies.com\/es\/wp-json\/wp\/v2\/media?parent=220822"}],"curies":[{"name":"wp","href":"https:\/\/api.w.org\/{rel}","templated":true}]}}