{"id":220899,"date":"2019-03-28T14:31:59","date_gmt":"2019-03-28T21:31:59","guid":{"rendered":"https:\/\/lundbergtechnologies.com\/patevyydet\/tekniset-tutkimukset-ja-tarkastukset\/"},"modified":"2019-03-28T14:32:05","modified_gmt":"2019-03-28T21:32:05","slug":"tekniset-tutkimukset-ja-tarkastukset","status":"publish","type":"page","link":"https:\/\/lundbergtechnologies.com\/fi\/patevyydet\/tekniset-tutkimukset-ja-tarkastukset\/","title":{"rendered":"Tekniset tutkimukset ja tarkastukset"},"content":{"rendered":"<p>[et_pb_section bb_built=&#8221;1&#8243; custom_padding_last_edited=&#8221;on|phone&#8221; module_class=&#8221;vb-hero&#8221; _builder_version=&#8221;3.15&#8243; background_color_gradient_direction=&#8221;128deg&#8221; background_image=&#8221;https:\/\/lundbergtechnologies.com\/wp-content\/uploads\/2018\/09\/Evaporation-Demopolis-Overfiew-Evaporators.jpg&#8221; max_width_last_edited=&#8221;on|phone&#8221; custom_margin=&#8221;|||0px&#8221; custom_padding=&#8221;30px||30px||true&#8221; custom_padding_phone=&#8221;0px|0px|0px|0px&#8221; next_background_color=&#8221;#ffffff&#8221;][et_pb_row use_custom_width=&#8221;on&#8221; width_unit=&#8221;off&#8221; custom_width_percent=&#8221;70%&#8221; custom_padding=&#8221;|||&#8221; custom_padding_tablet=&#8221;25px|||&#8221; custom_padding_phone=&#8221;38px|||&#8221; custom_margin=&#8221;|||39px&#8221; custom_padding_last_edited=&#8221;on|phone&#8221; _builder_version=&#8221;3.15&#8243; module_alignment=&#8221;left&#8221; custom_margin_tablet=&#8221;|||45px&#8221; custom_margin_phone=&#8221;|||0px&#8221; custom_margin_last_edited=&#8221;on|phone&#8221;][et_pb_column type=&#8221;4_4&#8243;][et_pb_post_title meta=&#8221;off&#8221; featured_image=&#8221;off&#8221; module_class=&#8221;title-text&#8221; _builder_version=&#8221;3.15&#8243; title_font=&#8221;Lato|700|||||||&#8221; title_text_align=&#8221;left&#8221; title_font_size=&#8221;42px&#8221; title_font_size_tablet=&#8221;33px&#8221; title_font_size_phone=&#8221;26px&#8221; title_font_size_last_edited=&#8221;on|phone&#8221; background_color=&#8221;rgba(4,32,56,0.9)&#8221; custom_margin=&#8221;|100px|0px|&#8221; custom_margin_tablet=&#8221;|100px||&#8221; custom_margin_phone=&#8221;|60px||&#8221; custom_margin_last_edited=&#8221;on|phone&#8221; custom_padding=&#8221;33px||10px|35px&#8221; custom_padding_tablet=&#8221;30px|0px|15px|14px&#8221; custom_padding_phone=&#8221;|||7px&#8221; custom_padding_last_edited=&#8221;on|tablet&#8221;]<br \/>\n[\/et_pb_post_title][et_pb_text module_class=&#8221;title-sub-text&#8221; _builder_version=&#8221;3.15&#8243; text_text_color=&#8221;#ffffff&#8221; text_font_size=&#8221;18px&#8221; text_font_size_tablet=&#8221;17px&#8221; text_font_size_phone=&#8221;16px&#8221; text_font_size_last_edited=&#8221;on|phone&#8221; text_line_height=&#8221;1.6em&#8221; background_color=&#8221;#042038&#8243; custom_margin=&#8221;0px|100px|0px|&#8221; custom_margin_phone=&#8221;|60px||&#8221; custom_margin_last_edited=&#8221;on|phone&#8221; custom_padding=&#8221;10px|24px|34px|40px||false&#8221; custom_padding_tablet=&#8221;10px|20px||10px||false&#8221; custom_padding_phone=&#8221;10px|20px|18px|20px||true&#8221; custom_padding_last_edited=&#8221;on|desktop&#8221;]<\/p>\n<p>Lundbergin insin\u00f6\u00f6reill\u00e4 on vuosien kokemus teknisist\u00e4 tutkimuksista ja tarkastuksista.<\/p>\n<p>&nbsp;<\/p>\n<p>[\/et_pb_text][\/et_pb_column][\/et_pb_row][\/et_pb_section][et_pb_section bb_built=&#8221;1&#8243; _builder_version=&#8221;3.0.47&#8243; prev_background_color=&#8221;#000000&#8243;][et_pb_row _builder_version=&#8221;3.15&#8243;][et_pb_column type=&#8221;2_5&#8243;][et_pb_image src=&#8221;https:\/\/lundbergtechnologies.com\/wp-content\/uploads\/2018\/09\/contact_us.jpg&#8221; always_center_on_mobile=&#8221;off&#8221; _builder_version=&#8221;3.15&#8243;]<br \/>\n[\/et_pb_image][\/et_pb_column][et_pb_column type=&#8221;3_5&#8243;][et_pb_text _builder_version=&#8221;3.15&#8243; header_4_line_height=&#8221;1.4em&#8221;]<\/p>\n<p>Perustamme tutkimuksemme ja tarkastuksemme tarpeisiinne ja vaatimuksiinne. Loppuraportti voi vaihdella j\u00e4rjestelm\u00e4tarkastuksesta, jossa huomautetaan havaituista puutteista ja annetaan suosituksia, t\u00e4ydelliseen tutkimukseen, johon voi sis\u00e4lty\u00e4 j\u00e4rjestelm\u00e4n tarkastus sek\u00e4 suositukset, suunnitteluratkaisut ja budjetin hinnoittelu.<\/p>\n<p><strong>Mahdollisuuksiin kuuluvat:<\/strong><\/p>\n<ul>\n<li>P\u00e4ivitykset j\u00e4rjestelm\u00e4n suorituskyvyn, tuotantotehon ja toimintakyvyn parantamiseksi<\/li>\n<li>Energians\u00e4\u00e4st\u00f6n k\u00e4sitteet<\/li>\n<li>Suositukset ymp\u00e4rist\u00f6nsuojelun vaatimustenmukaisuuden\/suorituskyvyn parantamiseksi<\/li>\n<\/ul>\n<p>[\/et_pb_text][\/et_pb_column][\/et_pb_row][\/et_pb_section]<\/p>\n","protected":false},"excerpt":{"rendered":"<p>Lundbergin insin\u00f6\u00f6reill\u00e4 on vuosien kokemus teknisist\u00e4 tutkimuksista ja tarkastuksista. &nbsp; Perustamme tutkimuksemme ja tarkastuksemme tarpeisiinne ja vaatimuksiinne. Loppuraportti voi vaihdella j\u00e4rjestelm\u00e4tarkastuksesta, jossa huomautetaan havaituista puutteista ja annetaan suosituksia, t\u00e4ydelliseen tutkimukseen, johon voi sis\u00e4lty\u00e4 j\u00e4rjestelm\u00e4n tarkastus sek\u00e4 suositukset, suunnitteluratkaisut ja budjetin hinnoittelu. Mahdollisuuksiin kuuluvat: P\u00e4ivitykset j\u00e4rjestelm\u00e4n suorituskyvyn, tuotantotehon ja toimintakyvyn parantamiseksi Energians\u00e4\u00e4st\u00f6n k\u00e4sitteet Suositukset ymp\u00e4rist\u00f6nsuojelun vaatimustenmukaisuuden\/suorituskyvyn [&hellip;]<\/p>\n","protected":false},"author":1,"featured_media":0,"parent":220898,"menu_order":0,"comment_status":"closed","ping_status":"closed","template":"","meta":{"_acf_changed":false,"_et_pb_use_builder":"on","_et_pb_old_content":"","_et_gb_content_width":"","_monsterinsights_skip_tracking":false,"_monsterinsights_sitenote_active":false,"_monsterinsights_sitenote_note":"","_monsterinsights_sitenote_category":0,"footnotes":""},"class_list":["post-220899","page","type-page","status-publish","hentry"],"acf":[],"_links":{"self":[{"href":"https:\/\/lundbergtechnologies.com\/fi\/wp-json\/wp\/v2\/pages\/220899","targetHints":{"allow":["GET"]}}],"collection":[{"href":"https:\/\/lundbergtechnologies.com\/fi\/wp-json\/wp\/v2\/pages"}],"about":[{"href":"https:\/\/lundbergtechnologies.com\/fi\/wp-json\/wp\/v2\/types\/page"}],"author":[{"embeddable":true,"href":"https:\/\/lundbergtechnologies.com\/fi\/wp-json\/wp\/v2\/users\/1"}],"replies":[{"embeddable":true,"href":"https:\/\/lundbergtechnologies.com\/fi\/wp-json\/wp\/v2\/comments?post=220899"}],"version-history":[{"count":0,"href":"https:\/\/lundbergtechnologies.com\/fi\/wp-json\/wp\/v2\/pages\/220899\/revisions"}],"up":[{"embeddable":true,"href":"https:\/\/lundbergtechnologies.com\/fi\/wp-json\/wp\/v2\/pages\/220898"}],"wp:attachment":[{"href":"https:\/\/lundbergtechnologies.com\/fi\/wp-json\/wp\/v2\/media?parent=220899"}],"curies":[{"name":"wp","href":"https:\/\/api.w.org\/{rel}","templated":true}]}}