{"id":220901,"date":"2019-03-28T14:35:14","date_gmt":"2019-03-28T21:35:14","guid":{"rendered":"https:\/\/lundbergtechnologies.com\/patevyydet\/suunnittelu-hankinta-ja-rakentamispalvelut-epc\/"},"modified":"2019-03-28T14:36:20","modified_gmt":"2019-03-28T21:36:20","slug":"suunnittelu-hankinta-ja-rakentaminen-epcpalvelut","status":"publish","type":"page","link":"https:\/\/lundbergtechnologies.com\/fi\/patevyydet\/suunnittelu-hankinta-ja-rakentaminen-epcpalvelut\/","title":{"rendered":"Suunnittelu-, hankinta- ja rakentamispalvelut (EPC)"},"content":{"rendered":"<p>[et_pb_section bb_built=&#8221;1&#8243; custom_padding_last_edited=&#8221;on|phone&#8221; module_class=&#8221;vb-hero&#8221; _builder_version=&#8221;3.15&#8243; background_color_gradient_direction=&#8221;128deg&#8221; background_image=&#8221;https:\/\/lundbergtechnologies.com\/wp-content\/uploads\/2018\/09\/installation-capabilitiesEvaporation-REX-Concentrator-Heater-Lift.jpg&#8221; background_position=&#8221;center_right&#8221; max_width_last_edited=&#8221;on|phone&#8221; custom_margin=&#8221;|||0px&#8221; custom_padding=&#8221;30px||30px||true&#8221; custom_padding_phone=&#8221;0px|0px|0px|0px&#8221; next_background_color=&#8221;#ffffff&#8221;][et_pb_row use_custom_width=&#8221;on&#8221; width_unit=&#8221;off&#8221; custom_width_percent=&#8221;70%&#8221; custom_padding=&#8221;|||&#8221; custom_padding_tablet=&#8221;25px|||&#8221; custom_padding_phone=&#8221;38px|||&#8221; custom_margin=&#8221;|||39px&#8221; custom_padding_last_edited=&#8221;on|phone&#8221; _builder_version=&#8221;3.15&#8243; module_alignment=&#8221;left&#8221; custom_margin_tablet=&#8221;|||45px&#8221; custom_margin_phone=&#8221;|||0px&#8221; custom_margin_last_edited=&#8221;on|phone&#8221;][et_pb_column type=&#8221;4_4&#8243;][et_pb_post_title meta=&#8221;off&#8221; featured_image=&#8221;off&#8221; module_class=&#8221;title-text&#8221; _builder_version=&#8221;3.15&#8243; title_font=&#8221;Lato|700|||||||&#8221; title_text_align=&#8221;left&#8221; title_font_size=&#8221;42px&#8221; title_font_size_tablet=&#8221;33px&#8221; title_font_size_phone=&#8221;26px&#8221; title_font_size_last_edited=&#8221;on|phone&#8221; background_color=&#8221;rgba(4,32,56,0.9)&#8221; custom_margin=&#8221;|100px|0px|&#8221; custom_margin_tablet=&#8221;|100px||&#8221; custom_margin_phone=&#8221;|60px||&#8221; custom_margin_last_edited=&#8221;on|phone&#8221; custom_padding=&#8221;33px||10px|35px&#8221; custom_padding_tablet=&#8221;30px|0px|15px|14px&#8221; custom_padding_phone=&#8221;|||7px&#8221; custom_padding_last_edited=&#8221;on|tablet&#8221;]<br \/>\n[\/et_pb_post_title][et_pb_text module_class=&#8221;title-sub-text&#8221; _builder_version=&#8221;3.15&#8243; text_text_color=&#8221;#ffffff&#8221; text_font_size=&#8221;18px&#8221; text_font_size_tablet=&#8221;17px&#8221; text_font_size_phone=&#8221;16px&#8221; text_font_size_last_edited=&#8221;on|phone&#8221; text_line_height=&#8221;1.6em&#8221; background_color=&#8221;#042038&#8243; custom_margin=&#8221;0px|100px|0px|&#8221; custom_margin_phone=&#8221;|60px||&#8221; custom_margin_last_edited=&#8221;on|phone&#8221; custom_padding=&#8221;10px|24px|34px|40px||false&#8221; custom_padding_tablet=&#8221;10px|20px||10px||false&#8221; custom_padding_phone=&#8221;10px|20px|18px|20px||true&#8221; custom_padding_last_edited=&#8221;on|desktop&#8221;]<\/p>\n<p>Suunnittelusta toteutukseen ja myyntiin keskitymme kaikkiin asiakkaidemme hankkeiden lopullisen toimittamisen vaiheisiin &#8211; tuloksena on korkealaatuinen laitteisto, joka vastaa yrityksesi tarpeita.<\/p>\n<p>&nbsp;<\/p>\n<p>[\/et_pb_text][\/et_pb_column][\/et_pb_row][\/et_pb_section][et_pb_section bb_built=&#8221;1&#8243; _builder_version=&#8221;3.0.47&#8243; prev_background_color=&#8221;#000000&#8243;][et_pb_row _builder_version=&#8221;3.15&#8243;][et_pb_column type=&#8221;2_5&#8243;][et_pb_image src=&#8221;https:\/\/lundbergtechnologies.com\/wp-content\/uploads\/2018\/09\/Evaporation_resized-Falling-Film-Evaporator-Body.jpg&#8221; always_center_on_mobile=&#8221;off&#8221; _builder_version=&#8221;3.15&#8243;]<br \/>\n[\/et_pb_image][\/et_pb_column][et_pb_column type=&#8221;3_5&#8243;][et_pb_text _builder_version=&#8221;3.15&#8243; header_4_line_height=&#8221;1.4em&#8221;]<\/p>\n<p><strong>Lundberg on saattanut onnistuneesti loppuun useita suunnittelu-, hankinta ja rakentamishankkeita (EPC) asiakkailleen. Toimitamme ratkaisuja, jotka t\u00e4ytt\u00e4v\u00e4t jokaisen asiakkaan vaatimukset.<\/strong><\/p>\n<p>Lundbergin hallinnoimat EPC-hankkeet voivat tuottaa asiakkaillemme seuraavia etuja:<\/p>\n<ul>\n<li>Hankkeet saatetaan loppuun turvallisesti, ajallaan ja budjetissa<\/li>\n<li>Yksi l\u00e4hde kaikkien tarvittavien suunnittelu- ja hankkeenhallintapalveluiden toimittamiseksi poistaa tarpeen useille konsulteille ja urakoitsijoille<\/li>\n<li>Tiukempi hankkeen integrointi v\u00e4hent\u00e4\u00e4 hankekustannuksia ja lyhent\u00e4\u00e4 aikataulua<\/li>\n<li>T\u00e4yden palvelun tiimi tarjoaa palveluja ja tukea suunnittelussa, rakentamisessa, valmistuksessa, hankinnassa, laadussa, k\u00e4ytt\u00e4j\u00e4koulutuksessa ja j\u00e4rjestelmien yll\u00e4pidossa<\/li>\n<\/ul>\n<p>Lundbergin toteuttamassa EPC-hankkeessa hy\u00f6dynnet\u00e4\u00e4n tarvittaessa olemassa olevia laitoksen laatuvaatimuksia ja sellaisen puuttuessa luodaan uudet vaatimukset asiakkaan hyv\u00e4ksynt\u00e4\u00e4 varten. Lis\u00e4ksi hankkeessa hy\u00f6dynnet\u00e4\u00e4n laitoksenne suosimia laitteita ja toimittajia sek\u00e4 paikallisia toimittajia, jotka toimittavat tukea laitokselle.<\/p>\n<p>[\/et_pb_text][\/et_pb_column][\/et_pb_row][\/et_pb_section]<\/p>\n","protected":false},"excerpt":{"rendered":"<p>Suunnittelusta toteutukseen ja myyntiin keskitymme kaikkiin asiakkaidemme hankkeiden lopullisen toimittamisen vaiheisiin &#8211; tuloksena on korkealaatuinen laitteisto, joka vastaa yrityksesi tarpeita. &nbsp; Lundberg on saattanut onnistuneesti loppuun useita suunnittelu-, hankinta ja rakentamishankkeita (EPC) asiakkailleen. Toimitamme ratkaisuja, jotka t\u00e4ytt\u00e4v\u00e4t jokaisen asiakkaan vaatimukset. Lundbergin hallinnoimat EPC-hankkeet voivat tuottaa asiakkaillemme seuraavia etuja: Hankkeet saatetaan loppuun turvallisesti, ajallaan ja budjetissa [&hellip;]<\/p>\n","protected":false},"author":1,"featured_media":0,"parent":220898,"menu_order":0,"comment_status":"closed","ping_status":"closed","template":"","meta":{"_acf_changed":false,"_et_pb_use_builder":"on","_et_pb_old_content":"","_et_gb_content_width":"","_monsterinsights_skip_tracking":false,"_monsterinsights_sitenote_active":false,"_monsterinsights_sitenote_note":"","_monsterinsights_sitenote_category":0,"footnotes":""},"class_list":["post-220901","page","type-page","status-publish","hentry"],"acf":[],"_links":{"self":[{"href":"https:\/\/lundbergtechnologies.com\/fi\/wp-json\/wp\/v2\/pages\/220901","targetHints":{"allow":["GET"]}}],"collection":[{"href":"https:\/\/lundbergtechnologies.com\/fi\/wp-json\/wp\/v2\/pages"}],"about":[{"href":"https:\/\/lundbergtechnologies.com\/fi\/wp-json\/wp\/v2\/types\/page"}],"author":[{"embeddable":true,"href":"https:\/\/lundbergtechnologies.com\/fi\/wp-json\/wp\/v2\/users\/1"}],"replies":[{"embeddable":true,"href":"https:\/\/lundbergtechnologies.com\/fi\/wp-json\/wp\/v2\/comments?post=220901"}],"version-history":[{"count":0,"href":"https:\/\/lundbergtechnologies.com\/fi\/wp-json\/wp\/v2\/pages\/220901\/revisions"}],"up":[{"embeddable":true,"href":"https:\/\/lundbergtechnologies.com\/fi\/wp-json\/wp\/v2\/pages\/220898"}],"wp:attachment":[{"href":"https:\/\/lundbergtechnologies.com\/fi\/wp-json\/wp\/v2\/media?parent=220901"}],"curies":[{"name":"wp","href":"https:\/\/api.w.org\/{rel}","templated":true}]}}