{"id":220913,"date":"2019-03-28T14:57:37","date_gmt":"2019-03-28T21:57:37","guid":{"rendered":"https:\/\/lundbergtechnologies.com\/kemiallinen-kasittely\/rikkiuunit\/"},"modified":"2019-03-28T14:57:40","modified_gmt":"2019-03-28T21:57:40","slug":"rikkiuunit","status":"publish","type":"page","link":"https:\/\/lundbergtechnologies.com\/fi\/kemiallinen-kasittely\/rikkiuunit\/","title":{"rendered":"Rikkiuunit"},"content":{"rendered":"<p>[et_pb_section bb_built=&#8221;1&#8243; custom_padding_last_edited=&#8221;on|phone&#8221; module_class=&#8221;vb-hero&#8221; _builder_version=&#8221;3.15&#8243; background_color_gradient_direction=&#8221;128deg&#8221; background_image=&#8221;\/wp-content\/uploads\/2018\/08\/lundberg_home_hero.jpg&#8221; background_position=&#8221;center_right&#8221; max_width_last_edited=&#8221;on|phone&#8221; custom_margin=&#8221;|||0px&#8221; custom_padding=&#8221;30px||30px||true&#8221; custom_padding_phone=&#8221;0px|0px|0px|0px&#8221; next_background_color=&#8221;#ffffff&#8221;][et_pb_row custom_padding=&#8221;|||&#8221; custom_padding_tablet=&#8221;25px|||&#8221; custom_padding_phone=&#8221;38px|||&#8221; custom_margin=&#8221;|||39px&#8221; custom_padding_last_edited=&#8221;on|phone&#8221; _builder_version=&#8221;3.15&#8243; module_alignment=&#8221;left&#8221; custom_margin_phone=&#8221;|||0px&#8221; custom_margin_last_edited=&#8221;on|phone&#8221; use_custom_width=&#8221;on&#8221; width_unit=&#8221;off&#8221; custom_width_percent=&#8221;70%&#8221; custom_margin_tablet=&#8221;|||45px&#8221;][et_pb_column type=&#8221;4_4&#8243;][et_pb_post_title meta=&#8221;off&#8221; featured_image=&#8221;off&#8221; module_class=&#8221;title-text&#8221; _builder_version=&#8221;3.15&#8243; title_font=&#8221;Lato|700|||||||&#8221; title_text_align=&#8221;left&#8221; title_font_size=&#8221;42px&#8221; title_font_size_tablet=&#8221;33px&#8221; title_font_size_phone=&#8221;26px&#8221; title_font_size_last_edited=&#8221;on|phone&#8221; background_color=&#8221;rgba(4,32,56,0.9)&#8221; custom_margin=&#8221;|100px|0px|&#8221; custom_margin_tablet=&#8221;|100px||&#8221; custom_margin_phone=&#8221;|60px||&#8221; custom_margin_last_edited=&#8221;on|phone&#8221; custom_padding=&#8221;33px||10px|35px&#8221; custom_padding_tablet=&#8221;30px|0px|15px|14px&#8221; custom_padding_phone=&#8221;|||7px&#8221; custom_padding_last_edited=&#8221;on|tablet&#8221; \/][et_pb_text module_class=&#8221;title-sub-text&#8221; _builder_version=&#8221;3.15&#8243; text_text_color=&#8221;#ffffff&#8221; text_font_size=&#8221;18px&#8221; text_font_size_tablet=&#8221;17px&#8221; text_font_size_phone=&#8221;16px&#8221; text_font_size_last_edited=&#8221;on|phone&#8221; text_line_height=&#8221;1.6em&#8221; background_color=&#8221;#042038&#8243; custom_margin=&#8221;0px|100px|0px|&#8221; custom_margin_phone=&#8221;|60px||&#8221; custom_margin_last_edited=&#8221;on|phone&#8221; custom_padding=&#8221;10px|24px|34px|40px||false&#8221; custom_padding_tablet=&#8221;10px|20px||10px||false&#8221; custom_padding_phone=&#8221;10px|20px|18px|20px||true&#8221; custom_padding_last_edited=&#8221;on|desktop&#8221;]<\/p>\n<p>Rikkidioksidin syntymist\u00e4 palavasta alkuaineoksesta on monenlaisia k\u00e4ytt\u00f6tarkoituksia. Sit\u00e4 k\u00e4ytet\u00e4\u00e4n selluprosessissa sek\u00e4 muilla teollisuudenaloilla m\u00e4r\u00e4st\u00e4 maissimyllyst\u00e4 saippuanvalmistukseen. Lundbergin j\u00e4rjestelm\u00e4 soveltuu kaikkiin n\u00e4ihin sovelluksiin.<\/p>\n<p>[\/et_pb_text][\/et_pb_column][\/et_pb_row][\/et_pb_section][et_pb_section bb_built=&#8221;1&#8243; prev_background_color=&#8221;#000000&#8243;][et_pb_row _builder_version=&#8221;3.15&#8243;][et_pb_column type=&#8221;2_5&#8243;][et_pb_image _builder_version=&#8221;3.15&#8243; src=&#8221;https:\/\/lundbergtechnologies.com\/wp-content\/uploads\/2018\/09\/sulfer-burners.jpg&#8221; always_center_on_mobile=&#8221;off&#8221; \/][\/et_pb_column][et_pb_column type=&#8221;3_5&#8243;][et_pb_text _builder_version=&#8221;3.15&#8243; header_4_line_height=&#8221;1.4em&#8221;]<\/p>\n<p>J\u00e4rjestelm\u00e4n koko soveltuu tehdastekniikkaan ja tarjotut kokoluokat ovat yhdest\u00e4 tonnista p\u00e4iv\u00e4ss\u00e4 yli 60 tonniin p\u00e4iv\u00e4ss\u00e4 rikkidioksidia.<\/p>\n<p>Lundbergin rikkiuunij\u00e4rjestelm\u00e4n sy\u00f6tt\u00f6aine voi olla kiinte\u00e4\u00e4 tai sulaa rikki\u00e4. Sula rikki sy\u00f6tet\u00e4\u00e4n suoraan tai rikin sulattimesta ja poltetaan paineistetussa kammiossa k\u00e4ytt\u00e4en sumutettua ilmaa. T\u00e4m\u00e4 johtaa korkeaan palamisl\u00e4mp\u00f6tilaan sek\u00e4 korkeaan rikkidioksidipitoisuuteen, mik\u00e4 minimoi rikkitrioksidin muodostumisen. Palamistuotteet voidaan j\u00e4\u00e4hdytt\u00e4\u00e4 absorboimalla ne veteen tai em\u00e4ksiseen liuokseen. Lis\u00e4ksi kuuma rikkidioksidikaasu voidaan sammuttaa ja l\u00e4hett\u00e4\u00e4 rikkihappolaitokselle. J\u00e4rjestelm\u00e4 on suunniteltu t\u00e4ydelliseen automaatioon siten, ett\u00e4 rikkidioksidin kysynn\u00e4n muutokset kompensoidaan suoraan poltettavan rikin m\u00e4\u00e4r\u00e4ss\u00e4. J\u00e4rjestelm\u00e4\u00e4 k\u00e4ytet\u00e4\u00e4n paineen alaisena niin, ett\u00e4 indusoitua puhallinta ei tarvita useimmissa tapauksissa.<\/p>\n<p>[\/et_pb_text][\/et_pb_column][\/et_pb_row][\/et_pb_section]<\/p>\n","protected":false},"excerpt":{"rendered":"<p>Rikkidioksidin syntymist\u00e4 palavasta alkuaineoksesta on monenlaisia k\u00e4ytt\u00f6tarkoituksia. Sit\u00e4 k\u00e4ytet\u00e4\u00e4n selluprosessissa sek\u00e4 muilla teollisuudenaloilla m\u00e4r\u00e4st\u00e4 maissimyllyst\u00e4 saippuanvalmistukseen. Lundbergin j\u00e4rjestelm\u00e4 soveltuu kaikkiin n\u00e4ihin sovelluksiin. J\u00e4rjestelm\u00e4n koko soveltuu tehdastekniikkaan ja tarjotut kokoluokat ovat yhdest\u00e4 tonnista p\u00e4iv\u00e4ss\u00e4 yli 60 tonniin p\u00e4iv\u00e4ss\u00e4 rikkidioksidia. Lundbergin rikkiuunij\u00e4rjestelm\u00e4n sy\u00f6tt\u00f6aine voi olla kiinte\u00e4\u00e4 tai sulaa rikki\u00e4. Sula rikki sy\u00f6tet\u00e4\u00e4n suoraan tai rikin sulattimesta ja [&hellip;]<\/p>\n","protected":false},"author":1,"featured_media":0,"parent":220911,"menu_order":0,"comment_status":"closed","ping_status":"closed","template":"","meta":{"_acf_changed":false,"_et_pb_use_builder":"on","_et_pb_old_content":"","_et_gb_content_width":"","_monsterinsights_skip_tracking":false,"_monsterinsights_sitenote_active":false,"_monsterinsights_sitenote_note":"","_monsterinsights_sitenote_category":0,"footnotes":""},"class_list":["post-220913","page","type-page","status-publish","hentry"],"acf":[],"_links":{"self":[{"href":"https:\/\/lundbergtechnologies.com\/fi\/wp-json\/wp\/v2\/pages\/220913","targetHints":{"allow":["GET"]}}],"collection":[{"href":"https:\/\/lundbergtechnologies.com\/fi\/wp-json\/wp\/v2\/pages"}],"about":[{"href":"https:\/\/lundbergtechnologies.com\/fi\/wp-json\/wp\/v2\/types\/page"}],"author":[{"embeddable":true,"href":"https:\/\/lundbergtechnologies.com\/fi\/wp-json\/wp\/v2\/users\/1"}],"replies":[{"embeddable":true,"href":"https:\/\/lundbergtechnologies.com\/fi\/wp-json\/wp\/v2\/comments?post=220913"}],"version-history":[{"count":0,"href":"https:\/\/lundbergtechnologies.com\/fi\/wp-json\/wp\/v2\/pages\/220913\/revisions"}],"up":[{"embeddable":true,"href":"https:\/\/lundbergtechnologies.com\/fi\/wp-json\/wp\/v2\/pages\/220911"}],"wp:attachment":[{"href":"https:\/\/lundbergtechnologies.com\/fi\/wp-json\/wp\/v2\/media?parent=220913"}],"curies":[{"name":"wp","href":"https:\/\/api.w.org\/{rel}","templated":true}]}}