{"id":220914,"date":"2019-03-28T14:58:30","date_gmt":"2019-03-28T21:58:30","guid":{"rendered":"https:\/\/lundbergtechnologies.com\/kemiallinen-kasittely\/mantyoljysaippuan-talteenotto\/"},"modified":"2019-03-28T14:58:33","modified_gmt":"2019-03-28T21:58:33","slug":"mantyoljysaippuan-talteenotto","status":"publish","type":"page","link":"https:\/\/lundbergtechnologies.com\/fi\/kemiallinen-kasittely\/mantyoljysaippuan-talteenotto\/","title":{"rendered":"M\u00e4nty\u00f6ljysaippuan talteenotto"},"content":{"rendered":"<p>[et_pb_section bb_built=&#8221;1&#8243; custom_padding_last_edited=&#8221;on|phone&#8221; module_class=&#8221;vb-hero&#8221; _builder_version=&#8221;3.15&#8243; background_color_gradient_direction=&#8221;128deg&#8221; background_image=&#8221;\/wp-content\/uploads\/2018\/08\/lundberg_home_hero.jpg&#8221; background_position=&#8221;center_right&#8221; max_width_last_edited=&#8221;on|phone&#8221; custom_margin=&#8221;|||0px&#8221; custom_padding=&#8221;30px||30px||true&#8221; custom_padding_phone=&#8221;0px|0px|0px|0px&#8221; next_background_color=&#8221;#ffffff&#8221;][et_pb_row custom_padding=&#8221;|||&#8221; custom_padding_tablet=&#8221;25px|||&#8221; custom_padding_phone=&#8221;38px|||&#8221; custom_margin=&#8221;|||39px&#8221; custom_padding_last_edited=&#8221;on|phone&#8221; _builder_version=&#8221;3.15&#8243; module_alignment=&#8221;left&#8221; custom_margin_phone=&#8221;|||0px&#8221; custom_margin_last_edited=&#8221;on|phone&#8221; use_custom_width=&#8221;on&#8221; width_unit=&#8221;off&#8221; custom_width_percent=&#8221;70%&#8221; custom_margin_tablet=&#8221;|||45px&#8221;][et_pb_column type=&#8221;4_4&#8243;][et_pb_post_title meta=&#8221;off&#8221; featured_image=&#8221;off&#8221; module_class=&#8221;title-text&#8221; _builder_version=&#8221;3.15&#8243; title_font=&#8221;Lato|700|||||||&#8221; title_text_align=&#8221;left&#8221; title_font_size=&#8221;42px&#8221; title_font_size_tablet=&#8221;33px&#8221; title_font_size_phone=&#8221;26px&#8221; title_font_size_last_edited=&#8221;on|phone&#8221; background_color=&#8221;rgba(4,32,56,0.9)&#8221; custom_margin=&#8221;|100px|0px|&#8221; custom_margin_tablet=&#8221;|100px||&#8221; custom_margin_phone=&#8221;|60px||&#8221; custom_margin_last_edited=&#8221;on|phone&#8221; custom_padding=&#8221;33px||10px|35px&#8221; custom_padding_tablet=&#8221;30px|0px|15px|14px&#8221; custom_padding_phone=&#8221;|||7px&#8221; custom_padding_last_edited=&#8221;on|tablet&#8221; \/][et_pb_text module_class=&#8221;title-sub-text&#8221; _builder_version=&#8221;3.15&#8243; text_text_color=&#8221;#ffffff&#8221; text_font_size=&#8221;18px&#8221; text_font_size_tablet=&#8221;17px&#8221; text_font_size_phone=&#8221;16px&#8221; text_font_size_last_edited=&#8221;on|phone&#8221; text_line_height=&#8221;1.6em&#8221; background_color=&#8221;#042038&#8243; custom_margin=&#8221;0px|100px|0px|&#8221; custom_margin_phone=&#8221;|60px||&#8221; custom_margin_last_edited=&#8221;on|phone&#8221; custom_padding=&#8221;10px|24px|34px|40px||false&#8221; custom_padding_tablet=&#8221;10px|20px||10px||false&#8221; custom_padding_phone=&#8221;10px|20px|18px|20px||true&#8221; custom_padding_last_edited=&#8221;on|desktop&#8221;]<\/p>\n<p>M\u00e4nnyist\u00e4 saatava krafthavupuutehtaiden m\u00e4nty\u00f6ljysaippua on arvokas sivutuote sek\u00e4 myrkky j\u00e4teveden k\u00e4sittelyj\u00e4rjestelm\u00e4ss\u00e4. T\u00e4st\u00e4 syyst\u00e4 on tarpeen hallita vaahtoa ja saippuaa tehtaalla.<\/p>\n<p>[\/et_pb_text][\/et_pb_column][\/et_pb_row][\/et_pb_section][et_pb_section bb_built=&#8221;1&#8243; prev_background_color=&#8221;#000000&#8243;][et_pb_row _builder_version=&#8221;3.15&#8243;][et_pb_column type=&#8221;2_5&#8243;][et_pb_image _builder_version=&#8221;3.15&#8243; src=&#8221;https:\/\/lundbergtechnologies.com\/wp-content\/uploads\/2018\/09\/tall-oil-soap-recovery.jpg&#8221; always_center_on_mobile=&#8221;off&#8221; \/][\/et_pb_column][et_pb_column type=&#8221;3_5&#8243;][et_pb_text _builder_version=&#8221;3.15&#8243; header_4_line_height=&#8221;1.4em&#8221;]<\/p>\n<p>T\u00e4m\u00e4n ongelman hoitaminen edellytt\u00e4\u00e4 useita vaiheita, mukaan lukien vaahdon k\u00e4sittely ja poisto, saippuaveden erottaminen viinist\u00e4 ja nesteen erottaminen saippualta. Lundberg voi tarjota t\u00e4ydellisen j\u00e4rjestelm\u00e4n hallita ja ker\u00e4t\u00e4 saippua mustalipe\u00e4n j\u00e4rjestelm\u00e4ss\u00e4. J\u00e4rjestelm\u00e4mme sis\u00e4lt\u00e4\u00e4 vaahdon hajottajia, saippuasta ilmaa poistavia vedenerottimia, kelluvat saippuan ker\u00e4\u00e4j\u00e4t, jotka ker\u00e4\u00e4v\u00e4t saippuan ja saippun erottimet, jotka poistavat mustalipe\u00e4n ker\u00e4tyst\u00e4 saippuasta.<\/p>\n<p>Mustalipe\u00e4ss\u00e4 saippuan liukoisuus on pienimmill\u00e4\u00e4n keskell\u00e4 haihdutinta. T\u00e4ll\u00f6in saippuan annetaan dekantoitua lipe\u00e4st\u00e4 saippuan kuorintas\u00e4ili\u00f6st\u00e4, jossa jatkuva haravointimekanismi kuorii saippuaa pinnalta. Talteenottovaiheen huolellisuudesta riippuen erotettu saippua voi sis\u00e4lt\u00e4\u00e4 suuren m\u00e4\u00e4r\u00e4n mustalipe\u00e4\u00e4. Mustalipe\u00e4n kuljettaminen m\u00e4nty\u00f6ljyn k\u00e4sittelylaitokseen maksaa, ja lis\u00e4ksi se merkitsee k\u00e4sittelyongelmia m\u00e4nty\u00f6ljyn k\u00e4sittelylaitoksessa. Lundbergin saippuan erottelija on suunniteltu v\u00e4hent\u00e4m\u00e4\u00e4n saippuan lipe\u00e4m\u00e4\u00e4r\u00e4n alle 5 prosenttiin.<\/p>\n<p>[\/et_pb_text][\/et_pb_column][\/et_pb_row][\/et_pb_section]<\/p>\n","protected":false},"excerpt":{"rendered":"<p>M\u00e4nnyist\u00e4 saatava krafthavupuutehtaiden m\u00e4nty\u00f6ljysaippua on arvokas sivutuote sek\u00e4 myrkky j\u00e4teveden k\u00e4sittelyj\u00e4rjestelm\u00e4ss\u00e4. T\u00e4st\u00e4 syyst\u00e4 on tarpeen hallita vaahtoa ja saippuaa tehtaalla. T\u00e4m\u00e4n ongelman hoitaminen edellytt\u00e4\u00e4 useita vaiheita, mukaan lukien vaahdon k\u00e4sittely ja poisto, saippuaveden erottaminen viinist\u00e4 ja nesteen erottaminen saippualta. Lundberg voi tarjota t\u00e4ydellisen j\u00e4rjestelm\u00e4n hallita ja ker\u00e4t\u00e4 saippua mustalipe\u00e4n j\u00e4rjestelm\u00e4ss\u00e4. J\u00e4rjestelm\u00e4mme sis\u00e4lt\u00e4\u00e4 vaahdon hajottajia, saippuasta [&hellip;]<\/p>\n","protected":false},"author":1,"featured_media":0,"parent":220911,"menu_order":0,"comment_status":"closed","ping_status":"closed","template":"","meta":{"_acf_changed":false,"_et_pb_use_builder":"on","_et_pb_old_content":"","_et_gb_content_width":"","_monsterinsights_skip_tracking":false,"_monsterinsights_sitenote_active":false,"_monsterinsights_sitenote_note":"","_monsterinsights_sitenote_category":0,"footnotes":""},"class_list":["post-220914","page","type-page","status-publish","hentry"],"acf":[],"_links":{"self":[{"href":"https:\/\/lundbergtechnologies.com\/fi\/wp-json\/wp\/v2\/pages\/220914","targetHints":{"allow":["GET"]}}],"collection":[{"href":"https:\/\/lundbergtechnologies.com\/fi\/wp-json\/wp\/v2\/pages"}],"about":[{"href":"https:\/\/lundbergtechnologies.com\/fi\/wp-json\/wp\/v2\/types\/page"}],"author":[{"embeddable":true,"href":"https:\/\/lundbergtechnologies.com\/fi\/wp-json\/wp\/v2\/users\/1"}],"replies":[{"embeddable":true,"href":"https:\/\/lundbergtechnologies.com\/fi\/wp-json\/wp\/v2\/comments?post=220914"}],"version-history":[{"count":0,"href":"https:\/\/lundbergtechnologies.com\/fi\/wp-json\/wp\/v2\/pages\/220914\/revisions"}],"up":[{"embeddable":true,"href":"https:\/\/lundbergtechnologies.com\/fi\/wp-json\/wp\/v2\/pages\/220911"}],"wp:attachment":[{"href":"https:\/\/lundbergtechnologies.com\/fi\/wp-json\/wp\/v2\/media?parent=220914"}],"curies":[{"name":"wp","href":"https:\/\/api.w.org\/{rel}","templated":true}]}}