{"id":220926,"date":"2019-03-28T15:18:16","date_gmt":"2019-03-28T22:18:16","guid":{"rendered":"https:\/\/lundbergtechnologies.com\/energiansaasto\/lampohierteen-tmp-lammon-talteenotto\/"},"modified":"2019-03-28T15:39:35","modified_gmt":"2019-03-28T22:39:35","slug":"lampohierteen-talteenotto","status":"publish","type":"page","link":"https:\/\/lundbergtechnologies.com\/fi\/energiansaasto\/lampohierteen-talteenotto\/","title":{"rendered":"L\u00e4mp\u00f6hierteen (TMP) l\u00e4mm\u00f6n talteenotto"},"content":{"rendered":"<p>[et_pb_section bb_built=&#8221;1&#8243; custom_padding_last_edited=&#8221;on|phone&#8221; module_class=&#8221;vb-hero&#8221; _builder_version=&#8221;3.15&#8243; background_color_gradient_direction=&#8221;128deg&#8221; background_image=&#8221;\/wp-content\/uploads\/2018\/08\/lundberg_home_hero.jpg&#8221; background_position=&#8221;center_right&#8221; max_width_last_edited=&#8221;on|phone&#8221; custom_margin=&#8221;|||0px&#8221; custom_padding=&#8221;30px||30px||true&#8221; custom_padding_phone=&#8221;0px|0px|0px|0px&#8221; next_background_color=&#8221;#ffffff&#8221;][et_pb_row use_custom_width=&#8221;on&#8221; width_unit=&#8221;off&#8221; custom_width_percent=&#8221;70%&#8221; custom_padding=&#8221;|||&#8221; custom_padding_tablet=&#8221;25px|||&#8221; custom_padding_phone=&#8221;38px|||&#8221; custom_margin=&#8221;|||39px&#8221; custom_padding_last_edited=&#8221;on|phone&#8221; _builder_version=&#8221;3.15&#8243; module_alignment=&#8221;left&#8221; custom_margin_tablet=&#8221;|||45px&#8221; custom_margin_phone=&#8221;|||0px&#8221; custom_margin_last_edited=&#8221;on|phone&#8221;][et_pb_column type=&#8221;4_4&#8243;][et_pb_post_title meta=&#8221;off&#8221; featured_image=&#8221;off&#8221; module_class=&#8221;title-text&#8221; _builder_version=&#8221;3.15&#8243; title_font=&#8221;Lato|700|||||||&#8221; title_text_align=&#8221;left&#8221; title_font_size=&#8221;42px&#8221; title_font_size_tablet=&#8221;33px&#8221; title_font_size_phone=&#8221;26px&#8221; title_font_size_last_edited=&#8221;on|phone&#8221; background_color=&#8221;rgba(4,32,56,0.9)&#8221; custom_margin=&#8221;|100px|0px|&#8221; custom_margin_tablet=&#8221;|100px||&#8221; custom_margin_phone=&#8221;|60px||&#8221; custom_margin_last_edited=&#8221;on|phone&#8221; custom_padding=&#8221;33px||10px|35px&#8221; custom_padding_tablet=&#8221;30px|0px|15px|14px&#8221; custom_padding_phone=&#8221;|||7px&#8221; custom_padding_last_edited=&#8221;on|tablet&#8221;]<br \/>\n[\/et_pb_post_title][et_pb_text module_class=&#8221;title-sub-text&#8221; _builder_version=&#8221;3.15&#8243; text_text_color=&#8221;#ffffff&#8221; text_font_size=&#8221;18px&#8221; text_font_size_tablet=&#8221;17px&#8221; text_font_size_phone=&#8221;16px&#8221; text_font_size_last_edited=&#8221;on|phone&#8221; text_line_height=&#8221;1.6em&#8221; background_color=&#8221;#042038&#8243; custom_margin=&#8221;0px|100px|0px|&#8221; custom_margin_phone=&#8221;|60px||&#8221; custom_margin_last_edited=&#8221;on|phone&#8221; custom_padding=&#8221;10px|24px|34px|40px||false&#8221; custom_padding_tablet=&#8221;10px|20px||10px||false&#8221; custom_padding_phone=&#8221;10px|20px|18px|20px||true&#8221; custom_padding_last_edited=&#8221;on|desktop&#8221;]<\/p>\n<p>L\u00e4mm\u00f6ntalteenotto TMP-laitoksesta on mahdollista useilla eri tasoilla riippuen tehtaan prosessin ja l\u00e4mm\u00f6nk\u00e4yt\u00f6n vaatimuksista.<\/p>\n<p>[\/et_pb_text][\/et_pb_column][\/et_pb_row][\/et_pb_section][et_pb_section bb_built=&#8221;1&#8243; _builder_version=&#8221;3.0.47&#8243; prev_background_color=&#8221;#000000&#8243;][et_pb_row _builder_version=&#8221;3.15&#8243;][et_pb_column type=&#8221;2_5&#8243;][et_pb_image src=&#8221;https:\/\/lundbergtechnologies.com\/wp-content\/uploads\/2018\/09\/TMP-heat-recovery.jpg&#8221; always_center_on_mobile=&#8221;off&#8221; _builder_version=&#8221;3.15&#8243;]<br \/>\n[\/et_pb_image][\/et_pb_column][et_pb_column type=&#8221;3_5&#8243;][et_pb_text _builder_version=&#8221;3.15&#8243; header_4_line_height=&#8221;1.4em&#8221;]<\/p>\n<p>Ensisijaiset TMP-jauhimet, jotka toimivat kohotetussa paineessa, puhaltavat massansa suurella paineella, mik\u00e4 aiheuttaa saastunutta h\u00f6yry\u00e4. T\u00e4m\u00e4 h\u00f6yry voidaan ottaa talteen puhtaaksi h\u00f6yryksi hieman alennetulla paineella k\u00e4ytt\u00e4en nestekalvokuumenninta.<\/p>\n<p>Koska l\u00e4mp\u00f6hierteen h\u00f6yryt sis\u00e4lt\u00e4v\u00e4t lauhtumattomia kaasuja, osa h\u00f6yryst\u00e4 on poistettava esikuumentimesta toissijaiseen lauhduttimeen. Toissijaista lauhdutinta k\u00e4ytet\u00e4\u00e4n sy\u00f6tt\u00f6veden esikuumentamiseksi, joka kulkee esikuumentimen kuoripuolelle. Muita paineessa toimivia jauhinprosesseja voidaan my\u00f6s ottaa talteen puhtaana h\u00f6yryn\u00e4.<\/p>\n<p>Usein toissijaiset, kolmannet ja hyl\u00e4tyt jauhimet ovat ilman toimintaa ja aiheuttavat saastunutta h\u00f6yry\u00e4, joka sis\u00e4lt\u00e4\u00e4 huomattavan m\u00e4\u00e4r\u00e4n ilmaa. T\u00e4m\u00e4 l\u00e4mp\u00f6 voidaan ottaa talteen joko kuumana prosessiveten\u00e4 kuori- ja putkilauhduttimien avulla tai kuumana prosessilauhteena k\u00e4ytt\u00e4en barometrista lauhdutinta.<\/p>\n<p>[\/et_pb_text][\/et_pb_column][\/et_pb_row][\/et_pb_section]<\/p>\n","protected":false},"excerpt":{"rendered":"<p>L\u00e4mm\u00f6ntalteenotto TMP-laitoksesta on mahdollista useilla eri tasoilla riippuen tehtaan prosessin ja l\u00e4mm\u00f6nk\u00e4yt\u00f6n vaatimuksista. Ensisijaiset TMP-jauhimet, jotka toimivat kohotetussa paineessa, puhaltavat massansa suurella paineella, mik\u00e4 aiheuttaa saastunutta h\u00f6yry\u00e4. T\u00e4m\u00e4 h\u00f6yry voidaan ottaa talteen puhtaaksi h\u00f6yryksi hieman alennetulla paineella k\u00e4ytt\u00e4en nestekalvokuumenninta. Koska l\u00e4mp\u00f6hierteen h\u00f6yryt sis\u00e4lt\u00e4v\u00e4t lauhtumattomia kaasuja, osa h\u00f6yryst\u00e4 on poistettava esikuumentimesta toissijaiseen lauhduttimeen. Toissijaista lauhdutinta k\u00e4ytet\u00e4\u00e4n [&hellip;]<\/p>\n","protected":false},"author":1,"featured_media":0,"parent":220924,"menu_order":0,"comment_status":"closed","ping_status":"closed","template":"","meta":{"_acf_changed":false,"_et_pb_use_builder":"on","_et_pb_old_content":"","_et_gb_content_width":"","_monsterinsights_skip_tracking":false,"_monsterinsights_sitenote_active":false,"_monsterinsights_sitenote_note":"","_monsterinsights_sitenote_category":0,"footnotes":""},"class_list":["post-220926","page","type-page","status-publish","hentry"],"acf":[],"_links":{"self":[{"href":"https:\/\/lundbergtechnologies.com\/fi\/wp-json\/wp\/v2\/pages\/220926","targetHints":{"allow":["GET"]}}],"collection":[{"href":"https:\/\/lundbergtechnologies.com\/fi\/wp-json\/wp\/v2\/pages"}],"about":[{"href":"https:\/\/lundbergtechnologies.com\/fi\/wp-json\/wp\/v2\/types\/page"}],"author":[{"embeddable":true,"href":"https:\/\/lundbergtechnologies.com\/fi\/wp-json\/wp\/v2\/users\/1"}],"replies":[{"embeddable":true,"href":"https:\/\/lundbergtechnologies.com\/fi\/wp-json\/wp\/v2\/comments?post=220926"}],"version-history":[{"count":0,"href":"https:\/\/lundbergtechnologies.com\/fi\/wp-json\/wp\/v2\/pages\/220926\/revisions"}],"up":[{"embeddable":true,"href":"https:\/\/lundbergtechnologies.com\/fi\/wp-json\/wp\/v2\/pages\/220924"}],"wp:attachment":[{"href":"https:\/\/lundbergtechnologies.com\/fi\/wp-json\/wp\/v2\/media?parent=220926"}],"curies":[{"name":"wp","href":"https:\/\/api.w.org\/{rel}","templated":true}]}}