{"id":220929,"date":"2019-03-28T15:27:21","date_gmt":"2019-03-28T22:27:21","guid":{"rendered":"https:\/\/lundbergtechnologies.com\/ymparisto\/"},"modified":"2019-07-02T15:02:59","modified_gmt":"2019-07-02T22:02:59","slug":"ymparisto","status":"publish","type":"page","link":"https:\/\/lundbergtechnologies.com\/fi\/ymparisto\/","title":{"rendered":"Ymp\u00e4rist\u00f6"},"content":{"rendered":"<p>[et_pb_section fb_built=&#8221;1&#8243; custom_padding_last_edited=&#8221;on|phone&#8221; _builder_version=&#8221;3.22.3&#8243; use_background_color_gradient=&#8221;on&#8221; background_color_gradient_start=&#8221;rgba(0,75,141,0.96)&#8221; background_color_gradient_end=&#8221;rgba(0,75,141,0)&#8221; background_color_gradient_direction=&#8221;128deg&#8221; background_color_gradient_start_position=&#8221;45%&#8221; background_color_gradient_end_position=&#8221;27%&#8221; background_color_gradient_overlays_image=&#8221;on&#8221; background_image=&#8221;https:\/\/lundbergtechnologies.com\/wp-content\/uploads\/2018\/09\/Environmental-Lime-Kiln-NCG-Nozzle-IP-Georgetown.jpg&#8221; background_position=&#8221;center_right&#8221; background_repeat=&#8221;repeat&#8221; max_width_last_edited=&#8221;on|phone&#8221; custom_margin=&#8221;|||0px&#8221; custom_padding=&#8221;30px||30px||true&#8221; custom_padding_phone=&#8221;0px|0px|0px|0px&#8221;][et_pb_row custom_padding=&#8221;50px|||&#8221; custom_padding_tablet=&#8221;25px|||&#8221; custom_padding_phone=&#8221;38px|||&#8221; custom_margin=&#8221;|0px||44px&#8221; custom_padding_last_edited=&#8221;on|phone&#8221; _builder_version=&#8221;3.25&#8243; module_alignment=&#8221;left&#8221; custom_margin_phone=&#8221;|||0px&#8221; custom_margin_last_edited=&#8221;on|phone&#8221;][et_pb_column type=&#8221;4_4&#8243; _builder_version=&#8221;3.25&#8243; custom_padding=&#8221;|||&#8221; custom_padding__hover=&#8221;|||&#8221;][et_pb_post_title meta=&#8221;off&#8221; featured_image=&#8221;off&#8221; _builder_version=&#8221;3.14&#8243; title_font=&#8221;Lato|700|||||||&#8221; title_text_align=&#8221;left&#8221; title_font_size=&#8221;42px&#8221; background_color=&#8221;#042038&#8243; custom_margin=&#8221;|100px|0px|&#8221; custom_margin_tablet=&#8221;|100px||&#8221; custom_margin_phone=&#8221;|60px||&#8221; custom_margin_last_edited=&#8221;on|phone&#8221; custom_padding=&#8221;33px||10px|35px&#8221; custom_padding_tablet=&#8221;30px|0px|15px|14px&#8221; custom_padding_phone=&#8221;|||7px&#8221; custom_padding_last_edited=&#8221;on|tablet&#8221; title_font_size_tablet=&#8221;33px&#8221; title_font_size_phone=&#8221;26px&#8221; title_font_size_last_edited=&#8221;on|phone&#8221;]<br \/>\n[\/et_pb_post_title][et_pb_text _builder_version=&#8221;3.15&#8243; text_text_color=&#8221;#ffffff&#8221; text_font_size=&#8221;18px&#8221; text_line_height=&#8221;1.6em&#8221; background_color=&#8221;#042038&#8243; custom_margin=&#8221;0px|100px|0px|&#8221; custom_margin_phone=&#8221;|60px||&#8221; custom_margin_last_edited=&#8221;on|phone&#8221; custom_padding=&#8221;10px|24px|34px|40px||false&#8221; custom_padding_tablet=&#8221;10px|20px||10px||false&#8221; custom_padding_phone=&#8221;10px|20px|18px|20px||true&#8221; custom_padding_last_edited=&#8221;on|desktop&#8221; text_font_size_tablet=&#8221;17px&#8221; text_font_size_phone=&#8221;16px&#8221; text_font_size_last_edited=&#8221;on|phone&#8221;]Lundberg on johtava r\u00e4\u00e4t\u00e4l\u00f6ityjen ilmansaasteiden hallintaj\u00e4rjestelmien toimittaja.<br \/>\n[\/et_pb_text][\/et_pb_column][\/et_pb_row][\/et_pb_section][et_pb_section fb_built=&#8221;1&#8243; _builder_version=&#8221;3.22.3&#8243; background_color=&#8221;#ffffff&#8221; custom_padding=&#8221;|||&#8221; top_divider_color=&#8221;#004b8d&#8221; bottom_divider_color=&#8221;#004b8d&#8221; bottom_divider_flip=&#8221;horizontal&#8221; bottom_divider_height_last_edited=&#8221;on|desktop&#8221;][et_pb_row custom_padding=&#8221;||71px|&#8221; custom_margin=&#8221;0px||1px|&#8221; custom_padding_last_edited=&#8221;on|desktop&#8221; padding_top_bottom_link_1=&#8221;false&#8221; padding_left_right_link_1=&#8221;true&#8221; _builder_version=&#8221;3.25&#8243; max_width=&#8221;80%&#8221; use_custom_width=&#8221;on&#8221; width_unit=&#8221;off&#8221;][et_pb_column type=&#8221;4_4&#8243; _builder_version=&#8221;3.25&#8243; custom_padding=&#8221;0px||0px|&#8221; custom_padding__hover=&#8221;|||&#8221;][et_pb_text _builder_version=&#8221;3.15&#8243; header_2_text_color=&#8221;#003c72&#8243; header_2_font_size=&#8221;27px&#8221; header_2_line_height=&#8221;1.7em&#8221; header_4_line_height=&#8221;1.7em&#8221; custom_margin=&#8221;||-1px|&#8221; custom_padding=&#8221;0px||0px||true&#8221;]<\/p>\n<h2>Tutkimuksista kokonaistoimituksiin<\/h2>\n<p>Lundberg suunnittelee ja rakentaa j\u00e4rjestelmi\u00e4 lauhtumattomien kaasujen (NCG), haihtuvien orgaanisten yhdisteiden (VOC), haitallisten ilmansaateiden ja pienhiukkasten (HAP) hallintaa varten. Lundberg tarjoaa erilaisia hankevaihtoehtoja tutkimuksista ja prosessitekniikasta t\u00e4ydellisten EPC-hankkeiden toteuttamiseen.<br \/>\n[\/et_pb_text][\/et_pb_column][\/et_pb_row][\/et_pb_section][et_pb_section fb_built=&#8221;1&#8243; _builder_version=&#8221;3.22.3&#8243; use_background_color_gradient=&#8221;on&#8221; background_color_gradient_start=&#8221;rgba(235,235,235,0.17)&#8221; background_color_gradient_end=&#8221;#ebebeb&#8221; custom_padding=&#8221;0px||0px|&#8221;][et_pb_row use_custom_gutter=&#8221;on&#8221; gutter_width=&#8221;1&#8243; custom_padding=&#8221;0px||0px|&#8221; make_equal=&#8221;on&#8221; padding_left_right_link_2=&#8221;true&#8221; module_class=&#8221;fifty-fifty et_pb_row_fullwidth&#8221; _builder_version=&#8221;3.25&#8243; border_color_bottom=&#8221;#004b8d&#8221; width=&#8221;100%&#8221; width_tablet=&#8221;100%&#8221; width_last_edited=&#8221;on|desktop&#8221; max_width=&#8221;100%&#8221; max_width_tablet=&#8221;100%&#8221; max_width_last_edited=&#8221;on|desktop&#8221; make_fullwidth=&#8221;on&#8221; column_structure=&#8221;2_5,3_5&#8243;][et_pb_column type=&#8221;2_5&#8243; module_class=&#8221;image-column&#8221; _builder_version=&#8221;3.25&#8243; custom_padding=&#8221;|||&#8221; custom_padding__hover=&#8221;|||&#8221;][et_pb_image src=&#8221;https:\/\/lundbergtechnologies.com\/wp-content\/uploads\/2018\/09\/Environmental-HVLC-NCG-Scrubber-Cooler-and-Fan.jpg&#8221; show_bottom_space=&#8221;off&#8221; align_tablet=&#8221;center&#8221; align_last_edited=&#8221;on|desktop&#8221; _builder_version=&#8221;3.23&#8243;][\/et_pb_image][\/et_pb_column][et_pb_column type=&#8221;3_5&#8243; _builder_version=&#8221;3.25&#8243; custom_padding=&#8221;|50px||50px&#8221; custom_padding__hover=&#8221;|||&#8221;][et_pb_text _builder_version=&#8221;3.15&#8243; header_3_text_color=&#8221;#004b8d&#8221; header_3_font_size=&#8221;23px&#8221; header_3_line_height=&#8221;1.7em&#8221; custom_padding=&#8221;5%||0px|0px&#8221; header_3_font_size_tablet=&#8221;21px&#8221; header_3_font_size_phone=&#8221;19px&#8221; header_3_font_size_last_edited=&#8221;on|phone&#8221;]<\/p>\n<h3>NCG-j\u00e4rjestelm\u00e4t<\/h3>\n<p>Lundberg on johtava sellu- ja paperiteollisuuden lauhtumattomien kaasujen (NCG) ilmastointij\u00e4rjestelmien toimittaja vuosikymmenien kokemuksella. T\u00e4m\u00e4 sis\u00e4lt\u00e4\u00e4 laajan kokemuksen kaikentyyppisten lauhtumattomien kaasujen (NCG) l\u00e4hteiden, mukaan lukien laimeiden (HVLC), v\u00e4kevien (LVHC) ja stripattujen kaasujen (SOG) ker\u00e4\u00e4misest\u00e4.<br \/>\n[\/et_pb_text][et_pb_button button_url=&#8221;\/fi\/ymparisto\/ncg-jarjestelmat\/&#8221; button_text=&#8221;LUE LIS\u00c4\u00c4&#8221; _builder_version=&#8221;3.21.1&#8243; background_layout=&#8221;dark&#8221; custom_margin=&#8221;20px||5%|&#8221; custom_padding=&#8221;||0%|&#8221; button_text_size__hover_enabled=&#8221;off&#8221; button_text_size__hover=&#8221;null&#8221; button_one_text_size__hover_enabled=&#8221;off&#8221; button_one_text_size__hover=&#8221;null&#8221; button_two_text_size__hover_enabled=&#8221;off&#8221; button_two_text_size__hover=&#8221;null&#8221; button_text_color__hover_enabled=&#8221;off&#8221; button_text_color__hover=&#8221;null&#8221; button_one_text_color__hover_enabled=&#8221;off&#8221; button_one_text_color__hover=&#8221;null&#8221; button_two_text_color__hover_enabled=&#8221;off&#8221; button_two_text_color__hover=&#8221;null&#8221; button_border_width__hover_enabled=&#8221;off&#8221; button_border_width__hover=&#8221;null&#8221; button_one_border_width__hover_enabled=&#8221;off&#8221; button_one_border_width__hover=&#8221;null&#8221; button_two_border_width__hover_enabled=&#8221;off&#8221; button_two_border_width__hover=&#8221;null&#8221; button_border_color__hover_enabled=&#8221;off&#8221; button_border_color__hover=&#8221;null&#8221; button_one_border_color__hover_enabled=&#8221;off&#8221; button_one_border_color__hover=&#8221;null&#8221; button_two_border_color__hover_enabled=&#8221;off&#8221; button_two_border_color__hover=&#8221;null&#8221; button_border_radius__hover_enabled=&#8221;off&#8221; button_border_radius__hover=&#8221;null&#8221; button_one_border_radius__hover_enabled=&#8221;off&#8221; button_one_border_radius__hover=&#8221;null&#8221; button_two_border_radius__hover_enabled=&#8221;off&#8221; button_two_border_radius__hover=&#8221;null&#8221; button_letter_spacing__hover_enabled=&#8221;off&#8221; button_letter_spacing__hover=&#8221;null&#8221; button_one_letter_spacing__hover_enabled=&#8221;off&#8221; button_one_letter_spacing__hover=&#8221;null&#8221; button_two_letter_spacing__hover_enabled=&#8221;off&#8221; button_two_letter_spacing__hover=&#8221;null&#8221; button_bg_color__hover_enabled=&#8221;off&#8221; button_bg_color__hover=&#8221;null&#8221; button_one_bg_color__hover_enabled=&#8221;off&#8221; button_one_bg_color__hover=&#8221;null&#8221; button_two_bg_color__hover_enabled=&#8221;off&#8221; button_two_bg_color__hover=&#8221;null&#8221;][\/et_pb_button][\/et_pb_column][\/et_pb_row][\/et_pb_section][et_pb_section fb_built=&#8221;1&#8243; _builder_version=&#8221;3.22.3&#8243; use_background_color_gradient=&#8221;on&#8221; background_color_gradient_start=&#8221;rgba(235,235,235,0.17)&#8221; background_color_gradient_end=&#8221;#ebebeb&#8221; custom_padding=&#8221;0px||0px|&#8221;][et_pb_row use_custom_gutter=&#8221;on&#8221; gutter_width=&#8221;1&#8243; custom_padding=&#8221;0px||0px|&#8221; make_equal=&#8221;on&#8221; padding_left_right_link_1=&#8221;true&#8221; module_class=&#8221;fifty-fifty reorder et_pb_row_fullwidth&#8221; _builder_version=&#8221;3.25&#8243; border_color_bottom=&#8221;#004b8d&#8221; width=&#8221;100%&#8221; width_tablet=&#8221;100%&#8221; width_last_edited=&#8221;on|desktop&#8221; max_width=&#8221;100%&#8221; max_width_tablet=&#8221;100%&#8221; max_width_last_edited=&#8221;on|desktop&#8221; make_fullwidth=&#8221;on&#8221; column_structure=&#8221;3_5,2_5&#8243;][et_pb_column type=&#8221;3_5&#8243; _builder_version=&#8221;3.25&#8243; custom_padding=&#8221;|50px||50px&#8221; custom_padding__hover=&#8221;|||&#8221;][et_pb_text _builder_version=&#8221;3.15&#8243; header_2_line_height=&#8221;1.7em&#8221; header_3_text_color=&#8221;#004b8d&#8221; header_3_font_size=&#8221;23px&#8221; header_3_line_height=&#8221;1.7em&#8221; custom_padding=&#8221;5%||0px|0px&#8221; header_3_font_size_tablet=&#8221;21px&#8221; header_3_font_size_phone=&#8221;19px&#8221; header_3_font_size_last_edited=&#8221;on|phone&#8221;]<\/p>\n<h3>Mustalipe\u00e4n hapetus<\/h3>\n<p>Lundberg oli mustan lipe\u00e4n hapettamisen edell\u00e4k\u00e4vij\u00e4 sellu- ja paperiteollisuudessa yli 45 vuotta sitten. Mustalipe\u00e4n hapettamisen tarkoitus on poistaa mustalipe\u00e4n Na2S-j\u00e4\u00e4nn\u00f6s hapettamalla se stabiiliksi natriumtiosulfaatiksi ennen suoraa haihdutusta. Olemme kehitt\u00e4neet kaksi erillist\u00e4 l\u00e4hestymistapaa j\u00e4rjestelm\u00e4n suunnitteluun. Silloin kun tilaa on, hapetus tapahtuu kahdessa yht\u00e4 suuressa s\u00e4ili\u00f6ss\u00e4. Kun tilaa ei ole, samankeskisten s\u00e4ili\u00f6iden k\u00e4ytt\u00f6 mahdollistaa kaksivaiheisen toiminnan pienemm\u00e4ll\u00e4 alueella. J\u00e4rjestelm\u00e4t on yleens\u00e4 suunniteltu suuremman lipe\u00e4m\u00e4\u00e4r\u00e4n sis\u00e4lt\u00e4ville kiinteille aineille vaahdotusongelmien v\u00e4ltt\u00e4miseksi.<br \/>\n[\/et_pb_text][et_pb_button button_url=&#8221;\/fi\/ymparisto\/mustalipean-hapetus\/&#8221; button_text=&#8221;LUE LIS\u00c4\u00c4&#8221; _builder_version=&#8221;3.21.1&#8243; background_layout=&#8221;dark&#8221; custom_margin=&#8221;20px||5%|&#8221; custom_padding=&#8221;||0%|&#8221; button_text_size__hover_enabled=&#8221;off&#8221; button_text_size__hover=&#8221;null&#8221; button_one_text_size__hover_enabled=&#8221;off&#8221; button_one_text_size__hover=&#8221;null&#8221; button_two_text_size__hover_enabled=&#8221;off&#8221; button_two_text_size__hover=&#8221;null&#8221; button_text_color__hover_enabled=&#8221;off&#8221; button_text_color__hover=&#8221;null&#8221; button_one_text_color__hover_enabled=&#8221;off&#8221; button_one_text_color__hover=&#8221;null&#8221; button_two_text_color__hover_enabled=&#8221;off&#8221; button_two_text_color__hover=&#8221;null&#8221; button_border_width__hover_enabled=&#8221;off&#8221; button_border_width__hover=&#8221;null&#8221; button_one_border_width__hover_enabled=&#8221;off&#8221; button_one_border_width__hover=&#8221;null&#8221; button_two_border_width__hover_enabled=&#8221;off&#8221; button_two_border_width__hover=&#8221;null&#8221; button_border_color__hover_enabled=&#8221;off&#8221; button_border_color__hover=&#8221;null&#8221; button_one_border_color__hover_enabled=&#8221;off&#8221; button_one_border_color__hover=&#8221;null&#8221; button_two_border_color__hover_enabled=&#8221;off&#8221; button_two_border_color__hover=&#8221;null&#8221; button_border_radius__hover_enabled=&#8221;off&#8221; button_border_radius__hover=&#8221;null&#8221; button_one_border_radius__hover_enabled=&#8221;off&#8221; button_one_border_radius__hover=&#8221;null&#8221; button_two_border_radius__hover_enabled=&#8221;off&#8221; button_two_border_radius__hover=&#8221;null&#8221; button_letter_spacing__hover_enabled=&#8221;off&#8221; button_letter_spacing__hover=&#8221;null&#8221; button_one_letter_spacing__hover_enabled=&#8221;off&#8221; button_one_letter_spacing__hover=&#8221;null&#8221; button_two_letter_spacing__hover_enabled=&#8221;off&#8221; button_two_letter_spacing__hover=&#8221;null&#8221; button_bg_color__hover_enabled=&#8221;off&#8221; button_bg_color__hover=&#8221;null&#8221; button_one_bg_color__hover_enabled=&#8221;off&#8221; button_one_bg_color__hover=&#8221;null&#8221; button_two_bg_color__hover_enabled=&#8221;off&#8221; button_two_bg_color__hover=&#8221;null&#8221;][\/et_pb_button][\/et_pb_column][et_pb_column type=&#8221;2_5&#8243; module_class=&#8221;image-column&#8221; _builder_version=&#8221;3.25&#8243; custom_padding=&#8221;|||&#8221; custom_padding__hover=&#8221;|||&#8221;][et_pb_image src=&#8221;https:\/\/lundbergtechnologies.com\/wp-content\/uploads\/2018\/09\/Environmental-HVLC-NCG-Scrubber-Cooler-and-Fan-2.jpg&#8221; align_tablet=&#8221;center&#8221; align_last_edited=&#8221;on|desktop&#8221; _builder_version=&#8221;3.23&#8243;][\/et_pb_image][\/et_pb_column][\/et_pb_row][\/et_pb_section][et_pb_section fb_built=&#8221;1&#8243; _builder_version=&#8221;3.22.3&#8243; use_background_color_gradient=&#8221;on&#8221; background_color_gradient_start=&#8221;rgba(235,235,235,0.17)&#8221; background_color_gradient_end=&#8221;#ebebeb&#8221; custom_padding=&#8221;0px||0px|&#8221;][et_pb_row use_custom_gutter=&#8221;on&#8221; gutter_width=&#8221;1&#8243; custom_padding=&#8221;0px||0px|&#8221; make_equal=&#8221;on&#8221; padding_left_right_link_2=&#8221;true&#8221; module_class=&#8221;fifty-fifty et_pb_row_fullwidth&#8221; _builder_version=&#8221;3.25&#8243; border_color_bottom=&#8221;#004b8d&#8221; width=&#8221;100%&#8221; width_tablet=&#8221;100%&#8221; width_last_edited=&#8221;on|desktop&#8221; max_width=&#8221;100%&#8221; max_width_tablet=&#8221;100%&#8221; max_width_last_edited=&#8221;on|desktop&#8221; make_fullwidth=&#8221;on&#8221; column_structure=&#8221;2_5,3_5&#8243;][et_pb_column type=&#8221;2_5&#8243; module_class=&#8221;image-column&#8221; _builder_version=&#8221;3.25&#8243; custom_padding=&#8221;|||&#8221; custom_padding__hover=&#8221;|||&#8221;][et_pb_image src=&#8221;https:\/\/lundbergtechnologies.com\/wp-content\/uploads\/2018\/09\/Stripper-Island-1-GP-Camas-large.jpg&#8221; show_bottom_space=&#8221;off&#8221; align_tablet=&#8221;center&#8221; align_last_edited=&#8221;on|desktop&#8221; _builder_version=&#8221;3.23&#8243;][\/et_pb_image][\/et_pb_column][et_pb_column type=&#8221;3_5&#8243; _builder_version=&#8221;3.25&#8243; custom_padding=&#8221;|50px||50px&#8221; custom_padding__hover=&#8221;|||&#8221;][et_pb_text _builder_version=&#8221;3.15&#8243; header_3_text_color=&#8221;#004b8d&#8221; header_3_font_size=&#8221;23px&#8221; header_3_line_height=&#8221;1.7em&#8221; custom_padding=&#8221;5%||0px|0px&#8221; header_3_font_size_tablet=&#8221;21px&#8221; header_3_font_size_phone=&#8221;19px&#8221; header_3_font_size_last_edited=&#8221;on|phone&#8221;]<\/p>\n<h3>Lauhteenpoisto<\/h3>\n<p>Ep\u00e4puhtauden prosessikondensaattien h\u00f6yrynpoisto tunnistetaan tehokkaaksi menetelm\u00e4ksi metanolin, yhteens\u00e4 v\u00e4hentyneen rikkidioksidin (TRS) ja muiden vaarallisten ilman ep\u00e4puhtauksien (HAP) poistamiseksi. Lundbergilla on itsen\u00e4iset mallit ja j\u00e4rjestelm\u00e4t, jotka voidaan integroida olemassa olevaan haihdutuslinjaan tai muuhun tehtaan prosessiin energiatehokkuuden optimoimiseksi. Meid\u00e4n strippausj\u00e4rjestelm\u00e4mme kykenev\u00e4t toimittamaan puhtaita lauhteita uudelleenk\u00e4ytt\u00f6\u00e4 varten prosessissa. J\u00e4rjestelmiss\u00e4 on my\u00f6s nesteytt\u00e4misj\u00e4rjestelm\u00e4t, jotka mahdollistavat lauhtuneiden haihtuvien aineiden haltuunoton ja uudelleenk\u00e4yt\u00f6n j\u00e4rjestelm\u00e4ss\u00e4.<br \/>\n[\/et_pb_text][et_pb_button button_url=&#8221;\/fi\/ymparisto\/lauhteenpoisto\/&#8221; button_text=&#8221;LUE LIS\u00c4\u00c4&#8221; _builder_version=&#8221;3.21.1&#8243; background_layout=&#8221;dark&#8221; custom_margin=&#8221;20px||5%|&#8221; custom_padding=&#8221;||0%|&#8221; button_text_size__hover_enabled=&#8221;off&#8221; button_text_size__hover=&#8221;null&#8221; button_one_text_size__hover_enabled=&#8221;off&#8221; button_one_text_size__hover=&#8221;null&#8221; button_two_text_size__hover_enabled=&#8221;off&#8221; button_two_text_size__hover=&#8221;null&#8221; button_text_color__hover_enabled=&#8221;off&#8221; button_text_color__hover=&#8221;null&#8221; button_one_text_color__hover_enabled=&#8221;off&#8221; button_one_text_color__hover=&#8221;null&#8221; button_two_text_color__hover_enabled=&#8221;off&#8221; button_two_text_color__hover=&#8221;null&#8221; button_border_width__hover_enabled=&#8221;off&#8221; button_border_width__hover=&#8221;null&#8221; button_one_border_width__hover_enabled=&#8221;off&#8221; button_one_border_width__hover=&#8221;null&#8221; button_two_border_width__hover_enabled=&#8221;off&#8221; button_two_border_width__hover=&#8221;null&#8221; button_border_color__hover_enabled=&#8221;off&#8221; button_border_color__hover=&#8221;null&#8221; button_one_border_color__hover_enabled=&#8221;off&#8221; button_one_border_color__hover=&#8221;null&#8221; button_two_border_color__hover_enabled=&#8221;off&#8221; button_two_border_color__hover=&#8221;null&#8221; button_border_radius__hover_enabled=&#8221;off&#8221; button_border_radius__hover=&#8221;null&#8221; button_one_border_radius__hover_enabled=&#8221;off&#8221; button_one_border_radius__hover=&#8221;null&#8221; button_two_border_radius__hover_enabled=&#8221;off&#8221; button_two_border_radius__hover=&#8221;null&#8221; button_letter_spacing__hover_enabled=&#8221;off&#8221; button_letter_spacing__hover=&#8221;null&#8221; button_one_letter_spacing__hover_enabled=&#8221;off&#8221; button_one_letter_spacing__hover=&#8221;null&#8221; button_two_letter_spacing__hover_enabled=&#8221;off&#8221; button_two_letter_spacing__hover=&#8221;null&#8221; button_bg_color__hover_enabled=&#8221;off&#8221; button_bg_color__hover=&#8221;null&#8221; button_one_bg_color__hover_enabled=&#8221;off&#8221; button_one_bg_color__hover=&#8221;null&#8221; button_two_bg_color__hover_enabled=&#8221;off&#8221; button_two_bg_color__hover=&#8221;null&#8221;][\/et_pb_button][\/et_pb_column][\/et_pb_row][\/et_pb_section][et_pb_section fb_built=&#8221;1&#8243; _builder_version=&#8221;3.22.3&#8243; background_color=&#8221;#ffffff&#8221; custom_padding=&#8221;125px|||&#8221; top_divider_style=&#8221;ramp2&#8243; top_divider_color=&#8221;#ebebeb&#8221; top_divider_height=&#8221;147px&#8221; top_divider_flip=&#8221;vertical&#8221; top_divider_height_last_edited=&#8221;on|phone&#8221;][et_pb_row _builder_version=&#8221;3.25&#8243; max_width=&#8221;80%&#8221; use_custom_width=&#8221;on&#8221; width_unit=&#8221;off&#8221; column_structure=&#8221;3_5,2_5&#8243;][et_pb_column type=&#8221;3_5&#8243; _builder_version=&#8221;3.25&#8243; custom_padding=&#8221;|||&#8221; custom_padding__hover=&#8221;|||&#8221;][et_pb_text module_class=&#8221;related_header&#8221; _builder_version=&#8221;3.15&#8243; text_font=&#8221;||||||||&#8221; header_font=&#8221;||||||||&#8221; header_3_font=&#8221;||||||||&#8221; border_width_bottom=&#8221;1px&#8221; border_color_bottom=&#8221;#004b8d&#8221; header_3_font_size_tablet=&#8221;20px&#8221; header_3_font_size_last_edited=&#8221;on|phone&#8221;]<\/p>\n<h3>Liittyv\u00e4t asiakirjat<\/h3>\n<p>[\/et_pb_text][et_pb_text _builder_version=&#8221;3.15&#8243;]<br \/>\n[\/et_pb_text][\/et_pb_column][et_pb_column type=&#8221;2_5&#8243; _builder_version=&#8221;3.25&#8243; custom_padding=&#8221;|||&#8221; custom_padding__hover=&#8221;|||&#8221;][et_pb_text module_class=&#8221;related_header&#8221; _builder_version=&#8221;3.15&#8243; text_font=&#8221;||||||||&#8221; header_font=&#8221;||||||||&#8221; header_3_font=&#8221;||||||||&#8221; border_width_bottom=&#8221;1px&#8221; border_color_bottom=&#8221;#004b8d&#8221; header_3_font_size_tablet=&#8221;20px&#8221; header_3_font_size_last_edited=&#8221;on|phone&#8221;]<\/p>\n<h3>Liittyv\u00e4t hankkeet<\/h3>\n<p>[\/et_pb_text][et_pb_filterable_portfolio fullwidth=&#8221;off&#8221; posts_number=&#8221;2&#8243; include_categories=&#8221;16&#8243; show_categories=&#8221;off&#8221; zoom_icon_color=&#8221;#003c72&#8243; hover_overlay_color=&#8221;rgba(4,32,56,0.23)&#8221; hover_icon=&#8221;%%137%%&#8221; module_class=&#8221;related_project&#8221; _builder_version=&#8221;3.19.14&#8243;]<br \/>\n[\/et_pb_filterable_portfolio][\/et_pb_column][\/et_pb_row][\/et_pb_section]<\/p>\n","protected":false},"excerpt":{"rendered":"<p>Lundberg on johtava r\u00e4\u00e4t\u00e4l\u00f6ityjen ilmansaasteiden hallintaj\u00e4rjestelmien toimittaja. Tutkimuksista kokonaistoimituksiin Lundberg suunnittelee ja rakentaa j\u00e4rjestelmi\u00e4 lauhtumattomien kaasujen (NCG), haihtuvien orgaanisten yhdisteiden (VOC), haitallisten ilmansaateiden ja pienhiukkasten (HAP) hallintaa varten. Lundberg tarjoaa erilaisia hankevaihtoehtoja tutkimuksista ja prosessitekniikasta t\u00e4ydellisten EPC-hankkeiden toteuttamiseen. NCG-j\u00e4rjestelm\u00e4t Lundberg on johtava sellu- ja paperiteollisuuden lauhtumattomien kaasujen (NCG) ilmastointij\u00e4rjestelmien toimittaja vuosikymmenien kokemuksella. T\u00e4m\u00e4 sis\u00e4lt\u00e4\u00e4 laajan [&hellip;]<\/p>\n","protected":false},"author":1,"featured_media":0,"parent":0,"menu_order":0,"comment_status":"closed","ping_status":"closed","template":"","meta":{"_acf_changed":false,"_et_pb_use_builder":"on","_et_pb_old_content":"","_et_gb_content_width":"","_monsterinsights_skip_tracking":false,"_monsterinsights_sitenote_active":false,"_monsterinsights_sitenote_note":"","_monsterinsights_sitenote_category":0,"footnotes":""},"class_list":["post-220929","page","type-page","status-publish","hentry"],"acf":[],"_links":{"self":[{"href":"https:\/\/lundbergtechnologies.com\/fi\/wp-json\/wp\/v2\/pages\/220929","targetHints":{"allow":["GET"]}}],"collection":[{"href":"https:\/\/lundbergtechnologies.com\/fi\/wp-json\/wp\/v2\/pages"}],"about":[{"href":"https:\/\/lundbergtechnologies.com\/fi\/wp-json\/wp\/v2\/types\/page"}],"author":[{"embeddable":true,"href":"https:\/\/lundbergtechnologies.com\/fi\/wp-json\/wp\/v2\/users\/1"}],"replies":[{"embeddable":true,"href":"https:\/\/lundbergtechnologies.com\/fi\/wp-json\/wp\/v2\/comments?post=220929"}],"version-history":[{"count":0,"href":"https:\/\/lundbergtechnologies.com\/fi\/wp-json\/wp\/v2\/pages\/220929\/revisions"}],"wp:attachment":[{"href":"https:\/\/lundbergtechnologies.com\/fi\/wp-json\/wp\/v2\/media?parent=220929"}],"curies":[{"name":"wp","href":"https:\/\/api.w.org\/{rel}","templated":true}]}}