{"id":220930,"date":"2019-03-28T15:28:51","date_gmt":"2019-03-28T22:28:51","guid":{"rendered":"https:\/\/lundbergtechnologies.com\/ymparisto\/ncg-jarjestelmat\/"},"modified":"2019-03-28T15:29:20","modified_gmt":"2019-03-28T22:29:20","slug":"ncg-jarjestelmat","status":"publish","type":"page","link":"https:\/\/lundbergtechnologies.com\/fi\/ymparisto\/ncg-jarjestelmat\/","title":{"rendered":"NCG-j\u00e4rjestelm\u00e4t"},"content":{"rendered":"<p>[et_pb_section fb_built=&#8221;1&#8243; custom_padding_last_edited=&#8221;on|phone&#8221; module_class=&#8221;vb-hero&#8221; _builder_version=&#8221;3.15&#8243; background_color_gradient_direction=&#8221;128deg&#8221; background_image=&#8221;\/wp-content\/uploads\/2018\/08\/lundberg_home_hero.jpg&#8221; background_position=&#8221;center_right&#8221; max_width_last_edited=&#8221;on|phone&#8221; custom_margin=&#8221;|||0px&#8221; custom_padding=&#8221;30px||30px||true&#8221; custom_padding_phone=&#8221;0px|0px|0px|0px&#8221;][et_pb_row use_custom_width=&#8221;on&#8221; width_unit=&#8221;off&#8221; custom_width_percent=&#8221;70%&#8221; custom_padding=&#8221;|||&#8221; custom_padding_tablet=&#8221;25px|||&#8221; custom_padding_phone=&#8221;38px|||&#8221; custom_margin=&#8221;|||39px&#8221; custom_padding_last_edited=&#8221;on|phone&#8221; _builder_version=&#8221;3.15&#8243; module_alignment=&#8221;left&#8221; custom_margin_tablet=&#8221;|||45px&#8221; custom_margin_phone=&#8221;|||0px&#8221; custom_margin_last_edited=&#8221;on|phone&#8221;][et_pb_column type=&#8221;4_4&#8243; _builder_version=&#8221;3.0.47&#8243; parallax=&#8221;off&#8221; parallax_method=&#8221;on&#8221;][et_pb_post_title meta=&#8221;off&#8221; featured_image=&#8221;off&#8221; module_class=&#8221;title-text&#8221; _builder_version=&#8221;3.15&#8243; title_font=&#8221;Lato|700|||||||&#8221; title_text_align=&#8221;left&#8221; title_font_size=&#8221;42px&#8221; title_font_size_tablet=&#8221;33px&#8221; title_font_size_phone=&#8221;26px&#8221; title_font_size_last_edited=&#8221;on|phone&#8221; background_color=&#8221;rgba(4,32,56,0.9)&#8221; custom_margin=&#8221;|100px|0px|&#8221; custom_margin_tablet=&#8221;|100px||&#8221; custom_margin_phone=&#8221;|60px||&#8221; custom_margin_last_edited=&#8221;on|phone&#8221; custom_padding=&#8221;33px||10px|35px&#8221; custom_padding_tablet=&#8221;30px|0px|15px|14px&#8221; custom_padding_phone=&#8221;|||7px&#8221; custom_padding_last_edited=&#8221;on|tablet&#8221;][\/et_pb_post_title][et_pb_text module_class=&#8221;title-sub-text&#8221; _builder_version=&#8221;3.15&#8243; text_font=&#8221;||||||||&#8221; text_text_color=&#8221;#ffffff&#8221; text_font_size=&#8221;18px&#8221; text_font_size_tablet=&#8221;17px&#8221; text_font_size_phone=&#8221;16px&#8221; text_font_size_last_edited=&#8221;on|phone&#8221; text_line_height=&#8221;1.6em&#8221; background_color=&#8221;#042038&#8243; custom_margin=&#8221;0px|100px|0px|&#8221; custom_margin_phone=&#8221;|60px||&#8221; custom_margin_last_edited=&#8221;on|phone&#8221; custom_padding=&#8221;10px|24px|34px|40px||false&#8221; custom_padding_tablet=&#8221;10px|20px||10px||false&#8221; custom_padding_phone=&#8221;10px|20px|18px|20px||true&#8221; custom_padding_last_edited=&#8221;on|desktop&#8221;]Lundberg suunnittelee johtavia lauhtumattomien kaasujen k\u00e4sittelyj\u00e4rjestelmi\u00e4 laimeille, tiivistetyille ja irrotettaville kaasuille. N\u00e4m\u00e4 j\u00e4rjestelm\u00e4t on suunniteltu mahdollisimman turvallisia toimintoja varten ja jotta ne t\u00e4ytt\u00e4isiv\u00e4t tiukimmat ymp\u00e4rist\u00f6m\u00e4\u00e4r\u00e4ykset ja minimoisivat mahdolliset ilmanpoistovaiheet.<br \/>\n[\/et_pb_text][\/et_pb_column][\/et_pb_row][\/et_pb_section][et_pb_section fb_built=&#8221;1&#8243; _builder_version=&#8221;3.0.47&#8243;][et_pb_row _builder_version=&#8221;3.0.48&#8243; background_size=&#8221;initial&#8221; background_position=&#8221;top_left&#8221; background_repeat=&#8221;repeat&#8221;][et_pb_column type=&#8221;2_5&#8243; _builder_version=&#8221;3.0.47&#8243; parallax=&#8221;off&#8221; parallax_method=&#8221;on&#8221;][et_pb_image src=&#8221;https:\/\/lundbergtechnologies.com\/wp-content\/uploads\/2018\/10\/Tech-Env-NCG-Systems.jpg&#8221; _builder_version=&#8221;3.15&#8243;][\/et_pb_image][\/et_pb_column][et_pb_column type=&#8221;3_5&#8243; _builder_version=&#8221;3.0.47&#8243; parallax=&#8221;off&#8221; parallax_method=&#8221;on&#8221;][et_pb_text _builder_version=&#8221;3.15&#8243;]<\/p>\n<h4><strong>Lundberg-j\u00e4rjestelmien etuihin kuuluvat seuraavat:<\/strong><\/h4>\n<ul>\n<li>J\u00e4rjestelm\u00e4mme on suunniteltu ker\u00e4\u00e4m\u00e4\u00e4n, kuljettamaan ja k\u00e4sittelem\u00e4\u00e4n j\u00e4tekaasuja turvallisesti ja tehokkaasti.<\/li>\n<li>Korkea j\u00e4rjestelm\u00e4n saatavuus t\u00e4ytt\u00e4\u00e4 helposti ja ylitt\u00e4\u00e4 Yhdysvaltain ymp\u00e4rist\u00f6nsuojeluviraston (EPA) uudet riski- ja teknologiatarkastuksen (RTR) vaatimukset<\/li>\n<li>J\u00e4tekaasujen l\u00e4mp\u00f6hapettuminen voidaan saavuttaa soodakattilassa, s\u00e4hk\u00f6kattilassa, kalkkiuunissa tai erillisess\u00e4 polttouunissa.<\/li>\n<li>J\u00e4rjestelm\u00e4t on suunniteltu t\u00e4ytt\u00e4m\u00e4\u00e4n tai ylitt\u00e4m\u00e4\u00e4n amerikkalaisen BLRBAC (Black Liquor Recovery Boiler Advisory Committee) -komitean vaatimukset, kun poltetaan j\u00e4tekaasuja soodakattilassa.<\/li>\n<li>Lis\u00e4ksi voidaan toimittaa happokaasujen jakelu hapetuksen j\u00e4lkeen.<\/li>\n<li>J\u00e4rjestelm\u00e4t voidaan suunnitella automaattisella venttiilitt\u00f6m\u00e4ll\u00e4 kuljetuksella eri polttopisteiden v\u00e4lill\u00e4.<\/li>\n<li>J\u00e4rjestelm\u00e4mme on suunniteltu minimoimaan ylim\u00e4\u00e4r\u00e4isen ilman tunkeutuminen ventiillij\u00e4rjestelm\u00e4\u00e4n.<\/li>\n<li>J\u00e4rjestelm\u00e4n lukitukset on suunniteltu suojaamaan sek\u00e4 henkil\u00f6st\u00f6\u00e4 ett\u00e4 j\u00e4rjestelm\u00e4n eheytt\u00e4.<\/li>\n<li>Putkisto- ja viem\u00e4r\u00f6intij\u00e4rjestelm\u00e4t on suunniteltu eliminoimaan lauhteen kasaantuminen putkistoon ja muuhun laitteistoon.<\/li>\n<\/ul>\n<p>[\/et_pb_text][\/et_pb_column][\/et_pb_row][\/et_pb_section]<\/p>\n","protected":false},"excerpt":{"rendered":"<p>Lundberg suunnittelee johtavia lauhtumattomien kaasujen k\u00e4sittelyj\u00e4rjestelmi\u00e4 laimeille, tiivistetyille ja irrotettaville kaasuille. N\u00e4m\u00e4 j\u00e4rjestelm\u00e4t on suunniteltu mahdollisimman turvallisia toimintoja varten ja jotta ne t\u00e4ytt\u00e4isiv\u00e4t tiukimmat ymp\u00e4rist\u00f6m\u00e4\u00e4r\u00e4ykset ja minimoisivat mahdolliset ilmanpoistovaiheet. Lundberg-j\u00e4rjestelmien etuihin kuuluvat seuraavat: J\u00e4rjestelm\u00e4mme on suunniteltu ker\u00e4\u00e4m\u00e4\u00e4n, kuljettamaan ja k\u00e4sittelem\u00e4\u00e4n j\u00e4tekaasuja turvallisesti ja tehokkaasti. Korkea j\u00e4rjestelm\u00e4n saatavuus t\u00e4ytt\u00e4\u00e4 helposti ja ylitt\u00e4\u00e4 Yhdysvaltain ymp\u00e4rist\u00f6nsuojeluviraston (EPA) uudet [&hellip;]<\/p>\n","protected":false},"author":1,"featured_media":0,"parent":220929,"menu_order":0,"comment_status":"closed","ping_status":"closed","template":"","meta":{"_acf_changed":false,"_et_pb_use_builder":"on","_et_pb_old_content":"","_et_gb_content_width":"","_monsterinsights_skip_tracking":false,"_monsterinsights_sitenote_active":false,"_monsterinsights_sitenote_note":"","_monsterinsights_sitenote_category":0,"footnotes":""},"class_list":["post-220930","page","type-page","status-publish","hentry"],"acf":[],"_links":{"self":[{"href":"https:\/\/lundbergtechnologies.com\/fi\/wp-json\/wp\/v2\/pages\/220930","targetHints":{"allow":["GET"]}}],"collection":[{"href":"https:\/\/lundbergtechnologies.com\/fi\/wp-json\/wp\/v2\/pages"}],"about":[{"href":"https:\/\/lundbergtechnologies.com\/fi\/wp-json\/wp\/v2\/types\/page"}],"author":[{"embeddable":true,"href":"https:\/\/lundbergtechnologies.com\/fi\/wp-json\/wp\/v2\/users\/1"}],"replies":[{"embeddable":true,"href":"https:\/\/lundbergtechnologies.com\/fi\/wp-json\/wp\/v2\/comments?post=220930"}],"version-history":[{"count":0,"href":"https:\/\/lundbergtechnologies.com\/fi\/wp-json\/wp\/v2\/pages\/220930\/revisions"}],"up":[{"embeddable":true,"href":"https:\/\/lundbergtechnologies.com\/fi\/wp-json\/wp\/v2\/pages\/220929"}],"wp:attachment":[{"href":"https:\/\/lundbergtechnologies.com\/fi\/wp-json\/wp\/v2\/media?parent=220930"}],"curies":[{"name":"wp","href":"https:\/\/api.w.org\/{rel}","templated":true}]}}