{"id":220931,"date":"2019-03-28T15:31:29","date_gmt":"2019-03-28T22:31:29","guid":{"rendered":"https:\/\/lundbergtechnologies.com\/ymparisto\/lampohapettimet-regeneratiiviset-lampohapettimet-ja-regeneratiiviset-katalyyttiset-hapettimet\/"},"modified":"2019-03-28T15:31:33","modified_gmt":"2019-03-28T22:31:33","slug":"lampohapettimet-regeneratiiviset-lampohapettimet-ja-regeneratiiviset-katalyyttiset-hapettimet","status":"publish","type":"page","link":"https:\/\/lundbergtechnologies.com\/fi\/ymparisto\/lampohapettimet-regeneratiiviset-lampohapettimet-ja-regeneratiiviset-katalyyttiset-hapettimet\/","title":{"rendered":"L\u00e4mp\u00f6hapettimet, regeneratiiviset l\u00e4mp\u00f6hapettimet ja regeneratiiviset katalyyttiset hapettimet"},"content":{"rendered":"<p>[et_pb_section fb_built=&#8221;1&#8243; custom_padding_last_edited=&#8221;on|phone&#8221; module_class=&#8221;vb-hero&#8221; _builder_version=&#8221;3.15&#8243; background_color_gradient_direction=&#8221;128deg&#8221; background_image=&#8221;\/wp-content\/uploads\/2018\/08\/lundberg_home_hero.jpg&#8221; background_position=&#8221;center_right&#8221; max_width_last_edited=&#8221;on|phone&#8221; custom_margin=&#8221;|||0px&#8221; custom_padding=&#8221;30px||30px||true&#8221; custom_padding_phone=&#8221;0px|0px|0px|0px&#8221;][et_pb_row use_custom_width=&#8221;on&#8221; width_unit=&#8221;off&#8221; custom_width_percent=&#8221;70%&#8221; custom_padding=&#8221;|||&#8221; custom_padding_tablet=&#8221;25px|||&#8221; custom_padding_phone=&#8221;38px|||&#8221; custom_margin=&#8221;|||39px&#8221; custom_padding_last_edited=&#8221;on|phone&#8221; _builder_version=&#8221;3.15&#8243; module_alignment=&#8221;left&#8221; custom_margin_tablet=&#8221;|||45px&#8221; custom_margin_phone=&#8221;|||0px&#8221; custom_margin_last_edited=&#8221;on|phone&#8221;][et_pb_column type=&#8221;4_4&#8243; _builder_version=&#8221;3.0.47&#8243;][et_pb_post_title meta=&#8221;off&#8221; featured_image=&#8221;off&#8221; module_class=&#8221;title-text&#8221; _builder_version=&#8221;3.15&#8243; title_font=&#8221;Lato|700|||||||&#8221; title_text_align=&#8221;left&#8221; title_font_size=&#8221;42px&#8221; title_font_size_tablet=&#8221;33px&#8221; title_font_size_phone=&#8221;26px&#8221; title_font_size_last_edited=&#8221;on|phone&#8221; background_color=&#8221;rgba(4,32,56,0.9)&#8221; custom_margin=&#8221;|100px|0px|&#8221; custom_margin_tablet=&#8221;|100px||&#8221; custom_margin_phone=&#8221;|60px||&#8221; custom_margin_last_edited=&#8221;on|phone&#8221; custom_padding=&#8221;33px||10px|35px&#8221; custom_padding_tablet=&#8221;30px|0px|15px|14px&#8221; custom_padding_phone=&#8221;|||7px&#8221; custom_padding_last_edited=&#8221;on|tablet&#8221;][\/et_pb_post_title][et_pb_text module_class=&#8221;title-sub-text&#8221; _builder_version=&#8221;3.15&#8243; text_text_color=&#8221;#ffffff&#8221; text_font_size=&#8221;18px&#8221; text_font_size_tablet=&#8221;17px&#8221; text_font_size_phone=&#8221;16px&#8221; text_font_size_last_edited=&#8221;on|phone&#8221; text_line_height=&#8221;1.6em&#8221; background_color=&#8221;#042038&#8243; custom_margin=&#8221;0px|100px|0px|&#8221; custom_margin_phone=&#8221;|60px||&#8221; custom_margin_last_edited=&#8221;on|phone&#8221; custom_padding=&#8221;10px|24px|34px|40px||false&#8221; custom_padding_tablet=&#8221;10px|20px||10px||false&#8221; custom_padding_phone=&#8221;10px|20px|18px|20px||true&#8221; custom_padding_last_edited=&#8221;on|desktop&#8221;]Lundbergin erityiset l\u00e4mp\u00f6hapetusj\u00e4rjestelm\u00e4t on kehitetty vuosien varrella koviin teollisuusymp\u00e4rist\u00f6ihin. Suunnittelumme sis\u00e4lt\u00e4v\u00e4t suoratteiset hapettimet, regeneratiiviset termiset hapettimet ja regeneratiiviset katalyyttiset hapettimet.<br \/>\n[\/et_pb_text][\/et_pb_column][\/et_pb_row][\/et_pb_section][et_pb_section fb_built=&#8221;1&#8243; _builder_version=&#8221;3.0.47&#8243;][et_pb_row _builder_version=&#8221;3.15&#8243;][et_pb_column type=&#8221;2_5&#8243; _builder_version=&#8221;3.0.47&#8243;][et_pb_image src=&#8221;https:\/\/lundbergtechnologies.com\/wp-content\/uploads\/2018\/09\/thermal-oxidizers.jpg&#8221; always_center_on_mobile=&#8221;off&#8221; _builder_version=&#8221;3.15&#8243;][\/et_pb_image][\/et_pb_column][et_pb_column type=&#8221;3_5&#8243; _builder_version=&#8221;3.0.47&#8243;][et_pb_text _builder_version=&#8221;3.15&#8243; header_4_line_height=&#8221;1.4em&#8221;]<\/p>\n<h4>N\u00e4m\u00e4 j\u00e4rjestelm\u00e4t on suunniteltu polttamaan monenlaisia teollisuuden ep\u00e4puhtauksia ja t\u00e4ytt\u00e4m\u00e4\u00e4n tai ylitt\u00e4m\u00e4\u00e4n kaikki ymp\u00e4rist\u00f6vaatimukset.<\/h4>\n<ul>\n<li>Suorakaapattujen hapettimien avulla voidaan toimia joko ensisijaisena polttokeskuksena tai varmuuspolttolaitoksena monenlaisille ilman ep\u00e4puhtauksille.<\/li>\n<li>Varmistuspolttopisteen nopeat k\u00e4ynnistysominaisuudet minimoivat polttoaineenkulutuksen.<\/li>\n<li>Lundbergin l\u00e4mp\u00f6hapetin voi t\u00e4ytt\u00e4\u00e4 kaikki typpioksidien, rikkidioksidin, hiilimonoksidin, rikkihapposumun, pelkistyneiden rikkiyhdisteiden, orgaanisten haihtuvien yhdisteiden ja hiukkasten p\u00e4\u00e4st\u00f6jen raja-arvot.<\/li>\n<li>Hukkal\u00e4mm\u00f6n tuliputkikattila, joka tuottaa keskipaineista h\u00f6yry\u00e4, voidaan asentaa suorapolttohapettimeen, jos halutaan ylim\u00e4\u00e4r\u00e4ist\u00e4 h\u00f6yryntuotantoa.<\/li>\n<li>Lundbergin GeoTherm\u00ae-regeneratiiviset l\u00e4mp\u00f6hapettimet (RTO) ja GeoCat\u00ae-regeneratiiviset katalyyttiset hapettimet (RCO) ovat osoittautuneet taloudellisiksi ja energiatehokkaiksi teknologioiksi, jotka on suunniteltu maksimoimaan orgaanisten haihtuvien yhdisteiden tuhoutuminen v\u00e4hent\u00e4en samalla polttoaineen kulutusta.<\/li>\n<li>GeoCat\u00ae-regeneratiiviset l\u00e4mp\u00f6hapettimilla voidaan v\u00e4hent\u00e4\u00e4 k\u00e4ytt\u00f6kustannuksia toimimalla alemmissa l\u00e4mp\u00f6tiloissa kuin tyypilliset regeneratiiviset l\u00e4mp\u00f6hapettimet.<\/li>\n<\/ul>\n<p>[\/et_pb_text][et_pb_button button_url=&#8221;https:\/\/www.dustex.com\/technologies\/geotherm-rto-and-geocat-rco\/&#8221; url_new_window=&#8221;on&#8221; button_text=&#8221;LIS\u00c4TIETOJA VARTEN OTA YHTEYTT\u00c4 DUSTEXIIN&#8221; admin_label=&#8221;Button &#8211; Dustex&#8221; module_class=&#8221;button_green&#8221; _builder_version=&#8221;3.21.1&#8243; custom_button=&#8221;on&#8221; button_text_color=&#8221;#ffffff&#8221; button_bg_color=&#8221;#008001&#8243; button_border_color=&#8221;#008001&#8243; button_font=&#8221;||||||||&#8221; button_bg_color_hover=&#8221;#008001&#8243; button_text_size__hover_enabled=&#8221;off&#8221; button_one_text_size__hover_enabled=&#8221;off&#8221; button_two_text_size__hover_enabled=&#8221;off&#8221; button_text_color__hover_enabled=&#8221;off&#8221; button_one_text_color__hover_enabled=&#8221;off&#8221; button_two_text_color__hover_enabled=&#8221;off&#8221; button_border_width__hover_enabled=&#8221;off&#8221; button_one_border_width__hover_enabled=&#8221;off&#8221; button_two_border_width__hover_enabled=&#8221;off&#8221; button_border_color__hover_enabled=&#8221;off&#8221; button_one_border_color__hover_enabled=&#8221;off&#8221; button_two_border_color__hover_enabled=&#8221;off&#8221; button_border_radius__hover_enabled=&#8221;off&#8221; button_one_border_radius__hover_enabled=&#8221;off&#8221; button_two_border_radius__hover_enabled=&#8221;off&#8221; button_letter_spacing__hover_enabled=&#8221;off&#8221; button_one_letter_spacing__hover_enabled=&#8221;off&#8221; button_two_letter_spacing__hover_enabled=&#8221;off&#8221; button_bg_color__hover_enabled=&#8221;on&#8221; button_bg_color__hover=&#8221;#008001&#8243; button_one_bg_color__hover_enabled=&#8221;off&#8221; button_two_bg_color__hover_enabled=&#8221;off&#8221;][\/et_pb_button][\/et_pb_column][\/et_pb_row][\/et_pb_section]<\/p>\n","protected":false},"excerpt":{"rendered":"<p>Lundbergin erityiset l\u00e4mp\u00f6hapetusj\u00e4rjestelm\u00e4t on kehitetty vuosien varrella koviin teollisuusymp\u00e4rist\u00f6ihin. Suunnittelumme sis\u00e4lt\u00e4v\u00e4t suoratteiset hapettimet, regeneratiiviset termiset hapettimet ja regeneratiiviset katalyyttiset hapettimet. N\u00e4m\u00e4 j\u00e4rjestelm\u00e4t on suunniteltu polttamaan monenlaisia teollisuuden ep\u00e4puhtauksia ja t\u00e4ytt\u00e4m\u00e4\u00e4n tai ylitt\u00e4m\u00e4\u00e4n kaikki ymp\u00e4rist\u00f6vaatimukset. Suorakaapattujen hapettimien avulla voidaan toimia joko ensisijaisena polttokeskuksena tai varmuuspolttolaitoksena monenlaisille ilman ep\u00e4puhtauksille. Varmistuspolttopisteen nopeat k\u00e4ynnistysominaisuudet minimoivat polttoaineenkulutuksen. Lundbergin l\u00e4mp\u00f6hapetin voi [&hellip;]<\/p>\n","protected":false},"author":1,"featured_media":0,"parent":220929,"menu_order":0,"comment_status":"closed","ping_status":"closed","template":"","meta":{"_acf_changed":false,"_et_pb_use_builder":"on","_et_pb_old_content":"","_et_gb_content_width":"","_monsterinsights_skip_tracking":false,"_monsterinsights_sitenote_active":false,"_monsterinsights_sitenote_note":"","_monsterinsights_sitenote_category":0,"footnotes":""},"class_list":["post-220931","page","type-page","status-publish","hentry"],"acf":[],"_links":{"self":[{"href":"https:\/\/lundbergtechnologies.com\/fi\/wp-json\/wp\/v2\/pages\/220931","targetHints":{"allow":["GET"]}}],"collection":[{"href":"https:\/\/lundbergtechnologies.com\/fi\/wp-json\/wp\/v2\/pages"}],"about":[{"href":"https:\/\/lundbergtechnologies.com\/fi\/wp-json\/wp\/v2\/types\/page"}],"author":[{"embeddable":true,"href":"https:\/\/lundbergtechnologies.com\/fi\/wp-json\/wp\/v2\/users\/1"}],"replies":[{"embeddable":true,"href":"https:\/\/lundbergtechnologies.com\/fi\/wp-json\/wp\/v2\/comments?post=220931"}],"version-history":[{"count":0,"href":"https:\/\/lundbergtechnologies.com\/fi\/wp-json\/wp\/v2\/pages\/220931\/revisions"}],"up":[{"embeddable":true,"href":"https:\/\/lundbergtechnologies.com\/fi\/wp-json\/wp\/v2\/pages\/220929"}],"wp:attachment":[{"href":"https:\/\/lundbergtechnologies.com\/fi\/wp-json\/wp\/v2\/media?parent=220931"}],"curies":[{"name":"wp","href":"https:\/\/api.w.org\/{rel}","templated":true}]}}