{"id":220946,"date":"2019-03-28T15:45:41","date_gmt":"2019-03-28T22:45:41","guid":{"rendered":"https:\/\/lundbergtechnologies.com\/haihduttimet\/"},"modified":"2019-03-28T16:10:03","modified_gmt":"2019-03-28T23:10:03","slug":"haihduttimet","status":"publish","type":"page","link":"https:\/\/lundbergtechnologies.com\/fi\/haihduttimet\/","title":{"rendered":"Haihduttimet"},"content":{"rendered":"<p>[et_pb_section fb_built=&#8221;1&#8243; custom_padding_last_edited=&#8221;on|phone&#8221; module_class=&#8221;vb-hero&#8221; _builder_version=&#8221;3.15&#8243; use_background_color_gradient=&#8221;on&#8221; background_color_gradient_start=&#8221;rgba(0,75,141,0.96)&#8221; background_color_gradient_end=&#8221;rgba(0,75,141,0)&#8221; background_color_gradient_direction=&#8221;128deg&#8221; background_color_gradient_start_position=&#8221;45%&#8221; background_color_gradient_end_position=&#8221;27%&#8221; background_color_gradient_overlays_image=&#8221;on&#8221; background_image=&#8221;https:\/\/lundbergtechnologies.com\/wp-content\/uploads\/2018\/09\/Evaporation-Demopolis-Overfiew-Evaporators.jpg&#8221; background_position=&#8221;center_right&#8221; background_repeat=&#8221;repeat&#8221; max_width_last_edited=&#8221;on|phone&#8221; custom_margin=&#8221;|||0px&#8221; custom_padding=&#8221;30px||30px||true&#8221; custom_padding_phone=&#8221;0px|0px|0px|0px&#8221;][et_pb_row custom_padding=&#8221;50px|||&#8221; custom_padding_tablet=&#8221;25px|||&#8221; custom_padding_phone=&#8221;38px|||&#8221; custom_margin=&#8221;|0px||44px&#8221; custom_padding_last_edited=&#8221;on|phone&#8221; _builder_version=&#8221;3.14&#8243; module_alignment=&#8221;left&#8221; custom_margin_phone=&#8221;|||0px&#8221; custom_margin_last_edited=&#8221;on|phone&#8221;][et_pb_column type=&#8221;4_4&#8243; _builder_version=&#8221;3.0.47&#8243;][et_pb_post_title meta=&#8221;off&#8221; featured_image=&#8221;off&#8221; _builder_version=&#8221;3.14&#8243; title_font=&#8221;Lato|700|||||||&#8221; title_text_align=&#8221;left&#8221; title_font_size=&#8221;42px&#8221; title_font_size_tablet=&#8221;33px&#8221; title_font_size_phone=&#8221;26px&#8221; title_font_size_last_edited=&#8221;on|phone&#8221; background_color=&#8221;#042038&#8243; custom_margin=&#8221;|100px|0px|&#8221; custom_margin_tablet=&#8221;|100px||&#8221; custom_margin_phone=&#8221;|60px||&#8221; custom_margin_last_edited=&#8221;on|phone&#8221; custom_padding=&#8221;33px||10px|35px&#8221; custom_padding_tablet=&#8221;30px|0px|15px|14px&#8221; custom_padding_phone=&#8221;|||7px&#8221; custom_padding_last_edited=&#8221;on|tablet&#8221;][\/et_pb_post_title][et_pb_text _builder_version=&#8221;3.15&#8243; text_text_color=&#8221;#ffffff&#8221; text_font_size=&#8221;18px&#8221; text_font_size_tablet=&#8221;17px&#8221; text_font_size_phone=&#8221;16px&#8221; text_font_size_last_edited=&#8221;on|phone&#8221; text_line_height=&#8221;1.6em&#8221; background_color=&#8221;#042038&#8243; custom_margin=&#8221;0px|100px|0px|&#8221; custom_margin_phone=&#8221;|60px||&#8221; custom_margin_last_edited=&#8221;on|phone&#8221; custom_padding=&#8221;10px|24px|34px|40px||false&#8221; custom_padding_tablet=&#8221;10px|20px||10px||false&#8221; custom_padding_phone=&#8221;10px|20px|18px|20px||true&#8221; custom_padding_last_edited=&#8221;on|desktop&#8221;]Lundberg on haihdutusteknologian johtava toimittaja. Teknologiamme sovelluksiin kuuluvat: t\u00e4ydelliset integroidut lauhdestripperit ja korkean kiinteyspitoisuuden omaavat vedenerottimet, nykyisten h\u00f6yrystysj\u00e4rjestelmien uudelleen konfigurointi, puhallusl\u00e4mm\u00f6n esih\u00f6yrystysj\u00e4rjestelm\u00e4t ja poistohaihduttimet. K\u00e4ytett\u00e4v\u00e4 teknologia on sovitettava kunkin sovelluksen erityisvaatimuksiin.<br \/>\n[\/et_pb_text][\/et_pb_column][\/et_pb_row][\/et_pb_section][et_pb_section fb_built=&#8221;1&#8243; _builder_version=&#8221;3.15&#8243; background_color=&#8221;#ffffff&#8221; custom_padding=&#8221;|||&#8221; top_divider_color=&#8221;#004b8d&#8221; bottom_divider_color=&#8221;#004b8d&#8221; bottom_divider_flip=&#8221;horizontal&#8221; bottom_divider_height_last_edited=&#8221;on|desktop&#8221;][et_pb_row use_custom_width=&#8221;on&#8221; width_unit=&#8221;off&#8221; custom_padding=&#8221;||71px|&#8221; custom_margin=&#8221;0px||1px|&#8221; custom_padding_last_edited=&#8221;on|desktop&#8221; padding_top_bottom_link_1=&#8221;false&#8221; padding_left_right_link_1=&#8221;true&#8221; padding_top_1=&#8221;0px&#8221; padding_bottom_1=&#8221;0px&#8221; _builder_version=&#8221;3.15&#8243;][et_pb_column type=&#8221;4_4&#8243; _builder_version=&#8221;3.0.47&#8243;][et_pb_text _builder_version=&#8221;3.21.1&#8243; header_2_text_color=&#8221;#003c72&#8243; header_2_font_size=&#8221;27px&#8221; header_2_line_height=&#8221;1.7em&#8221; header_4_line_height=&#8221;1.7em&#8221; custom_margin=&#8221;||-1px|&#8221; custom_padding=&#8221;0px||0px||true&#8221;]<\/p>\n<h2>Haihdutusteknologiat<\/h2>\n<p>Lundberg t\u00e4yden valikoiman putkimaisia haihdutustekniikoita, kuten nestekalvo, pitk\u00e4 pystysuora putki ja parannetut REX-pumppukiertosuunnitelmat. Haihdutuskokemuksemme vaihtelee etanolin tuotannosta sellutehtaista l\u00f6ytyviin klassisiin havupuun tai lehtipuun kraftmustalipe\u00e4j\u00e4rjestelmiin. Olemme p\u00e4tevi\u00e4 my\u00f6s vaikeasti haituvan lipe\u00e4n, kuten vehn\u00e4oljen ja sokeriruokoj\u00e4tteen k\u00e4sittelyss\u00e4.<\/p>\n<p>Teknologiamme sovelluksiin kuuluvat: t\u00e4ydelliset integroidut lauhdestripperit ja korkean kiinteyspitoisuuden omaavat vedenerottimet, puhallusl\u00e4mm\u00f6n esih\u00f6yrystysj\u00e4rjestelm\u00e4t ja poistohaihduttimet. K\u00e4ytett\u00e4v\u00e4 putkimainen teknologia on sovitettava kunkin sovelluksen erityisvaatimuksiin.<\/p>\n<p>Lundberg on nykyisten haihdutinj\u00e4rjestelmien teknisten muokkausten johtava toimittaja. Lundbergill\u00e4 on ratkaisu monenlaisiin kysymyksiin, kuten kapasiteetin lis\u00e4\u00e4minen, suuremmat kiinteiden aineiden m\u00e4\u00e4r\u00e4t, h\u00f6yryn taloudellisuuden parantaminen, lauhteen erottelu ja lipe\u00e4n kuljettaminen.<br \/>\n[\/et_pb_text][\/et_pb_column][\/et_pb_row][\/et_pb_section][et_pb_section fb_built=&#8221;1&#8243; _builder_version=&#8221;3.15&#8243; use_background_color_gradient=&#8221;on&#8221; background_color_gradient_start=&#8221;rgba(235,235,235,0.17)&#8221; background_color_gradient_end=&#8221;#ebebeb&#8221; custom_padding=&#8221;0px||0px|&#8221;][et_pb_row make_fullwidth=&#8221;on&#8221; use_custom_gutter=&#8221;on&#8221; gutter_width=&#8221;1&#8243; custom_padding=&#8221;0px||0px|&#8221; make_equal=&#8221;on&#8221; padding_left_right_link_2=&#8221;true&#8221; padding_right_2=&#8221;50px&#8221; padding_left_2=&#8221;50px&#8221; module_class_1=&#8221;image-column&#8221; module_class=&#8221;fifty-fifty&#8221; _builder_version=&#8221;3.15&#8243; border_color_bottom=&#8221;#004b8d&#8221;][et_pb_column type=&#8221;2_5&#8243; _builder_version=&#8221;3.0.47&#8243;][et_pb_image src=&#8221;https:\/\/lundbergtechnologies.com\/wp-content\/uploads\/2018\/09\/Evaporation-173-Evaporators.jpg&#8221; show_bottom_space=&#8221;off&#8221; _builder_version=&#8221;3.15&#8243;][\/et_pb_image][\/et_pb_column][et_pb_column type=&#8221;3_5&#8243; _builder_version=&#8221;3.0.47&#8243;][et_pb_text _builder_version=&#8221;3.15&#8243; header_3_text_color=&#8221;#004b8d&#8221; header_3_font_size=&#8221;23px&#8221; header_3_font_size_tablet=&#8221;21px&#8221; header_3_font_size_phone=&#8221;19px&#8221; header_3_font_size_last_edited=&#8221;on|phone&#8221; header_3_line_height=&#8221;1.7em&#8221; custom_padding=&#8221;5%||0px|0px&#8221;]<\/p>\n<h3>Monitoimihaihduttimet<\/h3>\n<p>Lundberg tarjoaa useita monitoimihaihdutinteknologioita k\u00e4ytett\u00e4v\u00e4ksi monissa eri sovelluksissa. J\u00e4rjestelm\u00e4muotoilumme perustuu laajaan kokemukseen sek\u00e4 nykyisten haihduttimien muutoksissa ett\u00e4 uusien laitteiden rakentamisessa. Jokainen hanke r\u00e4\u00e4t\u00e4l\u00f6id\u00e4\u00e4n asiakkaan prosessivaatimuksia varten. Lundberg k\u00e4ytt\u00e4\u00e4 k\u00e4ytett\u00e4viss\u00e4 olevien teknologioiden yhdistelm\u00e4\u00e4 toimittaakseen j\u00e4rjestelm\u00e4n, joka optimoi kustannukset, tehokkuuden ja luotettavuuden.<br \/>\n[\/et_pb_text][et_pb_button button_url=&#8221;\/fi\/haihduttimet\/monitoimihaihduttimet\/&#8221; button_text=&#8221;LUE LIS\u00c4\u00c4&#8221; _builder_version=&#8221;3.21.1&#8243; background_layout=&#8221;dark&#8221; custom_margin=&#8221;20px||5%|&#8221; custom_padding=&#8221;||0%|&#8221; button_text_size__hover_enabled=&#8221;off&#8221; button_one_text_size__hover_enabled=&#8221;off&#8221; button_two_text_size__hover_enabled=&#8221;off&#8221; button_text_color__hover_enabled=&#8221;off&#8221; button_one_text_color__hover_enabled=&#8221;off&#8221; button_two_text_color__hover_enabled=&#8221;off&#8221; button_border_width__hover_enabled=&#8221;off&#8221; button_one_border_width__hover_enabled=&#8221;off&#8221; button_two_border_width__hover_enabled=&#8221;off&#8221; button_border_color__hover_enabled=&#8221;off&#8221; button_one_border_color__hover_enabled=&#8221;off&#8221; button_two_border_color__hover_enabled=&#8221;off&#8221; button_border_radius__hover_enabled=&#8221;off&#8221; button_one_border_radius__hover_enabled=&#8221;off&#8221; button_two_border_radius__hover_enabled=&#8221;off&#8221; button_letter_spacing__hover_enabled=&#8221;off&#8221; button_one_letter_spacing__hover_enabled=&#8221;off&#8221; button_two_letter_spacing__hover_enabled=&#8221;off&#8221; button_bg_color__hover_enabled=&#8221;off&#8221; button_one_bg_color__hover_enabled=&#8221;off&#8221; button_two_bg_color__hover_enabled=&#8221;off&#8221;][\/et_pb_button][\/et_pb_column][\/et_pb_row][\/et_pb_section][et_pb_section fb_built=&#8221;1&#8243; _builder_version=&#8221;3.15&#8243; use_background_color_gradient=&#8221;on&#8221; background_color_gradient_start=&#8221;rgba(235,235,235,0.17)&#8221; background_color_gradient_end=&#8221;#ebebeb&#8221; custom_padding=&#8221;0px||0px|&#8221;][et_pb_row make_fullwidth=&#8221;on&#8221; use_custom_gutter=&#8221;on&#8221; gutter_width=&#8221;1&#8243; custom_padding=&#8221;0px||0px|&#8221; make_equal=&#8221;on&#8221; padding_left_right_link_1=&#8221;true&#8221; padding_right_1=&#8221;50px&#8221; padding_left_1=&#8221;50px&#8221; module_class_2=&#8221;image-column&#8221; module_class=&#8221;fifty-fifty reorder&#8221; _builder_version=&#8221;3.15&#8243; border_color_bottom=&#8221;#004b8d&#8221;][et_pb_column type=&#8221;3_5&#8243; _builder_version=&#8221;3.0.47&#8243;][et_pb_text _builder_version=&#8221;3.15&#8243; header_2_line_height=&#8221;1.7em&#8221; header_3_text_color=&#8221;#004b8d&#8221; header_3_font_size=&#8221;23px&#8221; header_3_font_size_tablet=&#8221;21px&#8221; header_3_font_size_phone=&#8221;19px&#8221; header_3_font_size_last_edited=&#8221;on|phone&#8221; header_3_line_height=&#8221;1.7em&#8221; custom_padding=&#8221;5%||0px|0px&#8221;]<\/p>\n<h3>Kiteyttimet<\/h3>\n<p>Lundberg toimittaa REX-kiertokiteytyst\u00e4 varten kiteyttimen haihdutusj\u00e4rjestelmi\u00e4 varten, joissa tarvitaan paljon kiinteit\u00e4 aineita. REX-j\u00e4rjestelm\u00e4 sis\u00e4lt\u00e4\u00e4 spiraaliputken lis\u00e4osat, jotka h\u00e4iritsev\u00e4t putken sein\u00e4m\u00e4n rajakerrosta aiheuttaen putkissa py\u00f6rrytt\u00e4v\u00e4n virtauksen jopa korkeissa viskositeeteissa. Etuihin kuuluvat l\u00e4mmittimen suuret siirtokertoimet, pienemm\u00e4t putken nopeudet ja vaaditun hevosvoiman v\u00e4heneminen verrattuna muihin korkean kiintoaineen kiteytysmalleihin.<br \/>\n[\/et_pb_text][et_pb_button button_url=&#8221;\/fi\/haihduttimet\/kiteyttimet\/&#8221; button_text=&#8221;LUE LIS\u00c4\u00c4&#8221; _builder_version=&#8221;3.21.1&#8243; background_layout=&#8221;dark&#8221; custom_margin=&#8221;20px||5%|&#8221; custom_padding=&#8221;||0%|&#8221; button_text_size__hover_enabled=&#8221;off&#8221; button_one_text_size__hover_enabled=&#8221;off&#8221; button_two_text_size__hover_enabled=&#8221;off&#8221; button_text_color__hover_enabled=&#8221;off&#8221; button_one_text_color__hover_enabled=&#8221;off&#8221; button_two_text_color__hover_enabled=&#8221;off&#8221; button_border_width__hover_enabled=&#8221;off&#8221; button_one_border_width__hover_enabled=&#8221;off&#8221; button_two_border_width__hover_enabled=&#8221;off&#8221; button_border_color__hover_enabled=&#8221;off&#8221; button_one_border_color__hover_enabled=&#8221;off&#8221; button_two_border_color__hover_enabled=&#8221;off&#8221; button_border_radius__hover_enabled=&#8221;off&#8221; button_one_border_radius__hover_enabled=&#8221;off&#8221; button_two_border_radius__hover_enabled=&#8221;off&#8221; button_letter_spacing__hover_enabled=&#8221;off&#8221; button_one_letter_spacing__hover_enabled=&#8221;off&#8221; button_two_letter_spacing__hover_enabled=&#8221;off&#8221; button_bg_color__hover_enabled=&#8221;off&#8221; button_one_bg_color__hover_enabled=&#8221;off&#8221; button_two_bg_color__hover_enabled=&#8221;off&#8221;][\/et_pb_button][\/et_pb_column][et_pb_column type=&#8221;2_5&#8243; _builder_version=&#8221;3.0.47&#8243;][et_pb_image src=&#8221;https:\/\/lundbergtechnologies.com\/wp-content\/uploads\/2018\/09\/Rex-installation-1.jpg&#8221; _builder_version=&#8221;3.15&#8243;][\/et_pb_image][\/et_pb_column][\/et_pb_row][\/et_pb_section][et_pb_section fb_built=&#8221;1&#8243; _builder_version=&#8221;3.15&#8243; use_background_color_gradient=&#8221;on&#8221; background_color_gradient_start=&#8221;rgba(235,235,235,0.17)&#8221; background_color_gradient_end=&#8221;#ebebeb&#8221; custom_padding=&#8221;0px||0px|&#8221;][et_pb_row make_fullwidth=&#8221;on&#8221; use_custom_gutter=&#8221;on&#8221; gutter_width=&#8221;1&#8243; custom_padding=&#8221;0px||0px|&#8221; make_equal=&#8221;on&#8221; padding_left_right_link_2=&#8221;true&#8221; padding_right_2=&#8221;50px&#8221; padding_left_2=&#8221;50px&#8221; module_class_1=&#8221;image-column&#8221; module_class=&#8221;fifty-fifty&#8221; _builder_version=&#8221;3.15&#8243; border_color_bottom=&#8221;#004b8d&#8221;][et_pb_column type=&#8221;2_5&#8243; _builder_version=&#8221;3.0.47&#8243;][et_pb_image src=&#8221;https:\/\/lundbergtechnologies.com\/wp-content\/uploads\/2018\/08\/lundberg_home_hero.jpg&#8221; show_bottom_space=&#8221;off&#8221; _builder_version=&#8221;3.15&#8243;][\/et_pb_image][\/et_pb_column][et_pb_column type=&#8221;3_5&#8243; _builder_version=&#8221;3.0.47&#8243;][et_pb_text _builder_version=&#8221;3.15&#8243; header_3_text_color=&#8221;#004b8d&#8221; header_3_font_size=&#8221;23px&#8221; header_3_font_size_tablet=&#8221;21px&#8221; header_3_font_size_phone=&#8221;19px&#8221; header_3_font_size_last_edited=&#8221;on|phone&#8221; header_3_line_height=&#8221;1.7em&#8221; custom_padding=&#8221;5%||0px|0px&#8221;]<\/p>\n<h3>Esihaihduttimet<\/h3>\n<p>Esihaihdutinj\u00e4rjestelm\u00e4t k\u00e4ytt\u00e4v\u00e4t matalan tason hukkal\u00e4mp\u00f6\u00e4 haihduttaakseen heikkoa lipe\u00e4\u00e4 ennen p\u00e4\u00e4haihduttimen linjaa. Kolme eniten k\u00e4ytetty\u00e4 l\u00e4mm\u00f6nl\u00e4hdett\u00e4 esihaihdutinj\u00e4rjestelm\u00e4ss\u00e4: l\u00e4mp\u00f6 puhallusj\u00e4rjestelm\u00e4st\u00e4, l\u00e4mp\u00f6 erillisest\u00e4 vedenerottimesta tai l\u00e4mp\u00f6 jatkettavasta selluloosakattilan mustalipe\u00e4n poistos\u00e4ili\u00f6st\u00e4. Lundbergin esihaihdutin voi parantaa h\u00f6yrytaloutta ja\/ tai lis\u00e4t\u00e4 haihdutinkapasiteettia.<br \/>\n[\/et_pb_text][et_pb_button button_url=&#8221;\/fi\/haihduttimet\/esihaihduttimet\/&#8221; button_text=&#8221;LUE LIS\u00c4\u00c4&#8221; _builder_version=&#8221;3.21.1&#8243; background_layout=&#8221;dark&#8221; custom_margin=&#8221;20px||5%|&#8221; custom_padding=&#8221;||0%|&#8221; button_text_size__hover_enabled=&#8221;off&#8221; button_one_text_size__hover_enabled=&#8221;off&#8221; button_two_text_size__hover_enabled=&#8221;off&#8221; button_text_color__hover_enabled=&#8221;off&#8221; button_one_text_color__hover_enabled=&#8221;off&#8221; button_two_text_color__hover_enabled=&#8221;off&#8221; button_border_width__hover_enabled=&#8221;off&#8221; button_one_border_width__hover_enabled=&#8221;off&#8221; button_two_border_width__hover_enabled=&#8221;off&#8221; button_border_color__hover_enabled=&#8221;off&#8221; button_one_border_color__hover_enabled=&#8221;off&#8221; button_two_border_color__hover_enabled=&#8221;off&#8221; button_border_radius__hover_enabled=&#8221;off&#8221; button_one_border_radius__hover_enabled=&#8221;off&#8221; button_two_border_radius__hover_enabled=&#8221;off&#8221; button_letter_spacing__hover_enabled=&#8221;off&#8221; button_one_letter_spacing__hover_enabled=&#8221;off&#8221; button_two_letter_spacing__hover_enabled=&#8221;off&#8221; button_bg_color__hover_enabled=&#8221;off&#8221; button_one_bg_color__hover_enabled=&#8221;off&#8221; button_two_bg_color__hover_enabled=&#8221;off&#8221;][\/et_pb_button][\/et_pb_column][\/et_pb_row][\/et_pb_section][et_pb_section fb_built=&#8221;1&#8243; _builder_version=&#8221;3.15&#8243; use_background_color_gradient=&#8221;on&#8221; background_color_gradient_start=&#8221;rgba(235,235,235,0.17)&#8221; background_color_gradient_end=&#8221;#ebebeb&#8221; custom_padding=&#8221;0px||0px|&#8221;][et_pb_row make_fullwidth=&#8221;on&#8221; use_custom_gutter=&#8221;on&#8221; gutter_width=&#8221;1&#8243; custom_padding=&#8221;0px||0px|&#8221; make_equal=&#8221;on&#8221; padding_left_right_link_1=&#8221;true&#8221; padding_right_1=&#8221;50px&#8221; padding_left_1=&#8221;50px&#8221; module_class_2=&#8221;image-column&#8221; module_class=&#8221;fifty-fifty reorder&#8221; _builder_version=&#8221;3.15&#8243; border_color_bottom=&#8221;#004b8d&#8221;][et_pb_column type=&#8221;3_5&#8243; _builder_version=&#8221;3.0.47&#8243;][et_pb_text _builder_version=&#8221;3.15&#8243; header_2_line_height=&#8221;1.7em&#8221; header_3_text_color=&#8221;#004b8d&#8221; header_3_font_size=&#8221;23px&#8221; header_3_font_size_tablet=&#8221;21px&#8221; header_3_font_size_phone=&#8221;19px&#8221; header_3_font_size_last_edited=&#8221;on|phone&#8221; header_3_line_height=&#8221;1.7em&#8221; custom_padding=&#8221;5%||0px|0px&#8221;]<\/p>\n<h3>Pintalauhduttimet<\/h3>\n<p>Lundberg toimittaa pintalauhduttimia useita eri h\u00f6yry- ja toimintaolosuhteita varten.[\/et_pb_text][et_pb_button button_url=&#8221;\/fi\/haihduttimet\/pintalauhduttimet\/&#8221; button_text=&#8221;LUE LIS\u00c4\u00c4&#8221; _builder_version=&#8221;3.21.1&#8243; background_layout=&#8221;dark&#8221; custom_margin=&#8221;20px||5%|&#8221; custom_padding=&#8221;||0%|&#8221; button_text_size__hover_enabled=&#8221;off&#8221; button_one_text_size__hover_enabled=&#8221;off&#8221; button_two_text_size__hover_enabled=&#8221;off&#8221; button_text_color__hover_enabled=&#8221;off&#8221; button_one_text_color__hover_enabled=&#8221;off&#8221; button_two_text_color__hover_enabled=&#8221;off&#8221; button_border_width__hover_enabled=&#8221;off&#8221; button_one_border_width__hover_enabled=&#8221;off&#8221; button_two_border_width__hover_enabled=&#8221;off&#8221; button_border_color__hover_enabled=&#8221;off&#8221; button_one_border_color__hover_enabled=&#8221;off&#8221; button_two_border_color__hover_enabled=&#8221;off&#8221; button_border_radius__hover_enabled=&#8221;off&#8221; button_one_border_radius__hover_enabled=&#8221;off&#8221; button_two_border_radius__hover_enabled=&#8221;off&#8221; button_letter_spacing__hover_enabled=&#8221;off&#8221; button_one_letter_spacing__hover_enabled=&#8221;off&#8221; button_two_letter_spacing__hover_enabled=&#8221;off&#8221; button_bg_color__hover_enabled=&#8221;off&#8221; button_one_bg_color__hover_enabled=&#8221;off&#8221; button_two_bg_color__hover_enabled=&#8221;off&#8221;][\/et_pb_button][\/et_pb_column][et_pb_column type=&#8221;2_5&#8243; _builder_version=&#8221;3.0.47&#8243;][et_pb_image src=&#8221;https:\/\/lundbergtechnologies.com\/wp-content\/uploads\/2018\/09\/Evaporation-E-6-dome-Falling-Film-Evaporator-Vapor-Body.jpg&#8221; _builder_version=&#8221;3.15&#8243;][\/et_pb_image][\/et_pb_column][\/et_pb_row][\/et_pb_section][et_pb_section fb_built=&#8221;1&#8243; _builder_version=&#8221;3.15&#8243; background_color=&#8221;#ffffff&#8221; custom_padding=&#8221;125px|||&#8221; top_divider_style=&#8221;ramp2&#8243; top_divider_color=&#8221;#ebebeb&#8221; top_divider_height=&#8221;147px&#8221; top_divider_flip=&#8221;vertical&#8221; top_divider_height_last_edited=&#8221;on|phone&#8221;][et_pb_row use_custom_width=&#8221;on&#8221; width_unit=&#8221;off&#8221; _builder_version=&#8221;3.15&#8243;][et_pb_column type=&#8221;3_5&#8243; _builder_version=&#8221;3.15&#8243;][et_pb_text module_class=&#8221;related_header&#8221; _builder_version=&#8221;3.15&#8243; text_font=&#8221;||||||||&#8221; header_font=&#8221;||||||||&#8221; header_3_font=&#8221;||||||||&#8221; header_3_font_size_tablet=&#8221;20px&#8221; header_3_font_size_last_edited=&#8221;on|phone&#8221; border_width_bottom=&#8221;1px&#8221; border_color_bottom=&#8221;#004b8d&#8221;]<\/p>\n<h3>Liittyv\u00e4t asiakirjat <\/h3>\n<p>[\/et_pb_text][et_pb_text _builder_version=&#8221;3.15&#8243;]<br \/>\n[\/et_pb_text][\/et_pb_column][et_pb_column type=&#8221;2_5&#8243; _builder_version=&#8221;3.15&#8243;][et_pb_text module_class=&#8221;related_header&#8221; _builder_version=&#8221;3.15&#8243; text_font=&#8221;||||||||&#8221; header_font=&#8221;||||||||&#8221; header_3_font=&#8221;||||||||&#8221; header_3_font_size_tablet=&#8221;20px&#8221; header_3_font_size_last_edited=&#8221;on|phone&#8221; border_width_bottom=&#8221;1px&#8221; border_color_bottom=&#8221;#004b8d&#8221;]<\/p>\n<h3>Liittyv\u00e4t hankkeet<\/h3>\n<p>[\/et_pb_text][et_pb_filterable_portfolio fullwidth=&#8221;off&#8221; posts_number=&#8221;2&#8243; include_categories=&#8221;28&#8243; show_categories=&#8221;off&#8221; hover_icon=&#8221;%%137%%&#8221; zoom_icon_color=&#8221;#003c72&#8243; hover_overlay_color=&#8221;rgba(4,32,56,0.23)&#8221; module_class=&#8221;related_project&#8221; _builder_version=&#8221;3.19.14&#8243;][\/et_pb_filterable_portfolio][\/et_pb_column][\/et_pb_row][\/et_pb_section]<\/p>\n","protected":false},"excerpt":{"rendered":"<p>Lundberg on haihdutusteknologian johtava toimittaja. Teknologiamme sovelluksiin kuuluvat: t\u00e4ydelliset integroidut lauhdestripperit ja korkean kiinteyspitoisuuden omaavat vedenerottimet, nykyisten h\u00f6yrystysj\u00e4rjestelmien uudelleen konfigurointi, puhallusl\u00e4mm\u00f6n esih\u00f6yrystysj\u00e4rjestelm\u00e4t ja poistohaihduttimet. K\u00e4ytett\u00e4v\u00e4 teknologia on sovitettava kunkin sovelluksen erityisvaatimuksiin. Haihdutusteknologiat Lundberg t\u00e4yden valikoiman putkimaisia haihdutustekniikoita, kuten nestekalvo, pitk\u00e4 pystysuora putki ja parannetut REX-pumppukiertosuunnitelmat. Haihdutuskokemuksemme vaihtelee etanolin tuotannosta sellutehtaista l\u00f6ytyviin klassisiin havupuun tai lehtipuun [&hellip;]<\/p>\n","protected":false},"author":1,"featured_media":0,"parent":0,"menu_order":0,"comment_status":"closed","ping_status":"closed","template":"","meta":{"_acf_changed":false,"_et_pb_use_builder":"on","_et_pb_old_content":"","_et_gb_content_width":"","_monsterinsights_skip_tracking":false,"_monsterinsights_sitenote_active":false,"_monsterinsights_sitenote_note":"","_monsterinsights_sitenote_category":0,"footnotes":""},"class_list":["post-220946","page","type-page","status-publish","hentry"],"acf":[],"_links":{"self":[{"href":"https:\/\/lundbergtechnologies.com\/fi\/wp-json\/wp\/v2\/pages\/220946","targetHints":{"allow":["GET"]}}],"collection":[{"href":"https:\/\/lundbergtechnologies.com\/fi\/wp-json\/wp\/v2\/pages"}],"about":[{"href":"https:\/\/lundbergtechnologies.com\/fi\/wp-json\/wp\/v2\/types\/page"}],"author":[{"embeddable":true,"href":"https:\/\/lundbergtechnologies.com\/fi\/wp-json\/wp\/v2\/users\/1"}],"replies":[{"embeddable":true,"href":"https:\/\/lundbergtechnologies.com\/fi\/wp-json\/wp\/v2\/comments?post=220946"}],"version-history":[{"count":0,"href":"https:\/\/lundbergtechnologies.com\/fi\/wp-json\/wp\/v2\/pages\/220946\/revisions"}],"wp:attachment":[{"href":"https:\/\/lundbergtechnologies.com\/fi\/wp-json\/wp\/v2\/media?parent=220946"}],"curies":[{"name":"wp","href":"https:\/\/api.w.org\/{rel}","templated":true}]}}