{"id":220948,"date":"2019-03-28T15:56:10","date_gmt":"2019-03-28T22:56:10","guid":{"rendered":"https:\/\/lundbergtechnologies.com\/haihduttimet\/kiteyttimet\/"},"modified":"2019-03-28T15:56:14","modified_gmt":"2019-03-28T22:56:14","slug":"kiteyttimet","status":"publish","type":"page","link":"https:\/\/lundbergtechnologies.com\/fi\/haihduttimet\/kiteyttimet\/","title":{"rendered":"Kiteyttimet"},"content":{"rendered":"<p>[et_pb_section fb_built=&#8221;1&#8243; custom_padding_last_edited=&#8221;on|phone&#8221; module_class=&#8221;vb-hero&#8221; _builder_version=&#8221;3.15&#8243; background_color_gradient_direction=&#8221;128deg&#8221; background_image=&#8221;\/wp-content\/uploads\/2018\/08\/lundberg_home_hero.jpg&#8221; background_position=&#8221;center_right&#8221; max_width_last_edited=&#8221;on|phone&#8221; custom_margin=&#8221;|||0px&#8221; custom_padding=&#8221;30px||30px||true&#8221; custom_padding_phone=&#8221;0px|0px|0px|0px&#8221;][et_pb_row use_custom_width=&#8221;on&#8221; width_unit=&#8221;off&#8221; custom_width_percent=&#8221;70%&#8221; custom_padding=&#8221;|||&#8221; custom_padding_tablet=&#8221;25px|||&#8221; custom_padding_phone=&#8221;38px|||&#8221; custom_margin=&#8221;|||39px&#8221; custom_padding_last_edited=&#8221;on|phone&#8221; _builder_version=&#8221;3.15&#8243; module_alignment=&#8221;left&#8221; custom_margin_tablet=&#8221;|||45px&#8221; custom_margin_phone=&#8221;|||0px&#8221; custom_margin_last_edited=&#8221;on|phone&#8221;][et_pb_column type=&#8221;4_4&#8243; _builder_version=&#8221;3.0.47&#8243; parallax=&#8221;off&#8221; parallax_method=&#8221;on&#8221;][et_pb_post_title meta=&#8221;off&#8221; featured_image=&#8221;off&#8221; module_class=&#8221;title-text&#8221; _builder_version=&#8221;3.15&#8243; title_font=&#8221;Lato|700|||||||&#8221; title_text_align=&#8221;left&#8221; title_font_size=&#8221;42px&#8221; title_font_size_tablet=&#8221;33px&#8221; title_font_size_phone=&#8221;26px&#8221; title_font_size_last_edited=&#8221;on|phone&#8221; background_color=&#8221;rgba(4,32,56,0.9)&#8221; custom_margin=&#8221;|100px|0px|&#8221; custom_margin_tablet=&#8221;|100px||&#8221; custom_margin_phone=&#8221;|60px||&#8221; custom_margin_last_edited=&#8221;on|phone&#8221; custom_padding=&#8221;33px||10px|35px&#8221; custom_padding_tablet=&#8221;30px|0px|15px|14px&#8221; custom_padding_phone=&#8221;|||7px&#8221; custom_padding_last_edited=&#8221;on|tablet&#8221;][\/et_pb_post_title][et_pb_text module_class=&#8221;title-sub-text&#8221; _builder_version=&#8221;3.15&#8243; text_text_color=&#8221;#ffffff&#8221; text_font_size=&#8221;18px&#8221; text_font_size_tablet=&#8221;17px&#8221; text_font_size_phone=&#8221;16px&#8221; text_font_size_last_edited=&#8221;on|phone&#8221; text_line_height=&#8221;1.6em&#8221; background_color=&#8221;#042038&#8243; custom_margin=&#8221;0px|100px|0px|&#8221; custom_margin_phone=&#8221;|60px||&#8221; custom_margin_last_edited=&#8221;on|phone&#8221; custom_padding=&#8221;10px|24px|34px|40px||false&#8221; custom_padding_tablet=&#8221;10px|20px||10px||false&#8221; custom_padding_phone=&#8221;10px|20px|18px|20px||true&#8221; custom_padding_last_edited=&#8221;on|desktop&#8221;]Lundberg tarjoaa mustalipe\u00e4n erotinj\u00e4rjestelmi\u00e4 yli 80 prosenttisille kiinteille aineille. N\u00e4m\u00e4 j\u00e4rjestelm\u00e4t voivat olla erillisi\u00e4, integroitu monivaiheisen haihdutusj\u00e4rjestelm\u00e4n kanssa tai integroitu esihaihdutusj\u00e4rjestelm\u00e4\u00e4n.<br \/>\n[\/et_pb_text][\/et_pb_column][\/et_pb_row][\/et_pb_section][et_pb_section fb_built=&#8221;1&#8243; _builder_version=&#8221;3.0.47&#8243;][et_pb_row _builder_version=&#8221;3.15&#8243;][et_pb_column type=&#8221;2_5&#8243; _builder_version=&#8221;3.0.47&#8243; parallax=&#8221;off&#8221; parallax_method=&#8221;on&#8221;][et_pb_image src=&#8221;https:\/\/lundbergtechnologies.com\/wp-content\/uploads\/2018\/09\/cystallizers.jpg&#8221; always_center_on_mobile=&#8221;off&#8221; _builder_version=&#8221;3.15&#8243;][\/et_pb_image][\/et_pb_column][et_pb_column type=&#8221;3_5&#8243; _builder_version=&#8221;3.0.47&#8243; parallax=&#8221;off&#8221; parallax_method=&#8221;on&#8221;][et_pb_text _builder_version=&#8221;3.15&#8243; header_4_line_height=&#8221;1.4em&#8221;]Lundberg tarjoaa pumppukiertoj\u00e4rjestelm\u00e4ll\u00e4 (FFC), nestekalvolla tai sekanestekalvolla ja t\u00e4ytt\u00e4\u00e4 pumppukiertoj\u00e4rjestelm\u00e4teknologioita asiakkaidemme tarpeiden mukaan. Erottimet integrointi haihdutusj\u00e4rjestelm\u00e4\u00e4n vaatii huolellista tasapainoa energian kustannusten ja p\u00e4\u00e4omakustannusten v\u00e4lill\u00e4. Erottimessa kiehumispisteen nousu on t\u00e4rke\u00e4 tekij\u00e4 laitteiston mitoituksessa ja kyky k\u00e4ytt\u00e4\u00e4 h\u00f6yry\u00e4 tietyll\u00e4 sijainnilla haihdutusj\u00e4rjestelm\u00e4ss\u00e4. Erottimen integrointi nykyiseen haihdutuslaitteeseen vaikeuttaa asioita entisest\u00e4\u00e4n. Lundbergin insin\u00f6\u00f6rit ottavat kaikki n\u00e4m\u00e4 ongelmat huomioon j\u00e4rjestelm\u00e4\u00e4 suunnitellessaan, jotta tehtaalle saadaan mahdollisimman kustannustehokas ja edullinen j\u00e4rjestelm\u00e4.<\/p>\n<p>Lundberg on tarjoaa ainutlaatuisesti pumppukiertoteknologiaa paperiteollisuudelle. T\u00e4m\u00e4 teknologia hy\u00f6dynt\u00e4\u00e4 pakotetun nestevirtauksen l\u00e4mmittimen putken puolelta nestett\u00e4 vastuspaineen alla kiehumisen est\u00e4miseksi. Ylikuumentunut lipe\u00e4 poistetaan rikkidioksidinpoistos\u00e4ili\u00f6\u00f6n (h\u00f6yryp\u00e4\u00e4), jossa sen annetaan laajentua ja tasaantua alemmassa l\u00e4mp\u00f6tilassa. L\u00e4mp\u00f6tilan muutos johtaa veden haihtumiseen lipe\u00e4st\u00e4. T\u00e4m\u00e4 prosessi soveltuu erityisen hyvin lipeille, joilla on suuri skaalaustaipumus, koska nesteen koostumus ei muutu l\u00e4mmityspinnalla. Lis\u00e4ksi, koska lipe\u00e4 pakotetaan putkien l\u00e4pi, putkinippu t\u00e4yttyy eik\u00e4 lipe\u00e4n jakautuminen ole ongelma.<br \/>\n[\/et_pb_text][\/et_pb_column][\/et_pb_row][\/et_pb_section]<\/p>\n","protected":false},"excerpt":{"rendered":"<p>Lundberg tarjoaa mustalipe\u00e4n erotinj\u00e4rjestelmi\u00e4 yli 80 prosenttisille kiinteille aineille. N\u00e4m\u00e4 j\u00e4rjestelm\u00e4t voivat olla erillisi\u00e4, integroitu monivaiheisen haihdutusj\u00e4rjestelm\u00e4n kanssa tai integroitu esihaihdutusj\u00e4rjestelm\u00e4\u00e4n. Lundberg tarjoaa pumppukiertoj\u00e4rjestelm\u00e4ll\u00e4 (FFC), nestekalvolla tai sekanestekalvolla ja t\u00e4ytt\u00e4\u00e4 pumppukiertoj\u00e4rjestelm\u00e4teknologioita asiakkaidemme tarpeiden mukaan. Erottimet integrointi haihdutusj\u00e4rjestelm\u00e4\u00e4n vaatii huolellista tasapainoa energian kustannusten ja p\u00e4\u00e4omakustannusten v\u00e4lill\u00e4. Erottimessa kiehumispisteen nousu on t\u00e4rke\u00e4 tekij\u00e4 laitteiston mitoituksessa ja kyky [&hellip;]<\/p>\n","protected":false},"author":1,"featured_media":0,"parent":220946,"menu_order":0,"comment_status":"closed","ping_status":"closed","template":"","meta":{"_acf_changed":false,"_et_pb_use_builder":"on","_et_pb_old_content":"","_et_gb_content_width":"","_monsterinsights_skip_tracking":false,"_monsterinsights_sitenote_active":false,"_monsterinsights_sitenote_note":"","_monsterinsights_sitenote_category":0,"footnotes":""},"class_list":["post-220948","page","type-page","status-publish","hentry"],"acf":[],"_links":{"self":[{"href":"https:\/\/lundbergtechnologies.com\/fi\/wp-json\/wp\/v2\/pages\/220948","targetHints":{"allow":["GET"]}}],"collection":[{"href":"https:\/\/lundbergtechnologies.com\/fi\/wp-json\/wp\/v2\/pages"}],"about":[{"href":"https:\/\/lundbergtechnologies.com\/fi\/wp-json\/wp\/v2\/types\/page"}],"author":[{"embeddable":true,"href":"https:\/\/lundbergtechnologies.com\/fi\/wp-json\/wp\/v2\/users\/1"}],"replies":[{"embeddable":true,"href":"https:\/\/lundbergtechnologies.com\/fi\/wp-json\/wp\/v2\/comments?post=220948"}],"version-history":[{"count":0,"href":"https:\/\/lundbergtechnologies.com\/fi\/wp-json\/wp\/v2\/pages\/220948\/revisions"}],"up":[{"embeddable":true,"href":"https:\/\/lundbergtechnologies.com\/fi\/wp-json\/wp\/v2\/pages\/220946"}],"wp:attachment":[{"href":"https:\/\/lundbergtechnologies.com\/fi\/wp-json\/wp\/v2\/media?parent=220948"}],"curies":[{"name":"wp","href":"https:\/\/api.w.org\/{rel}","templated":true}]}}