{"id":220949,"date":"2019-03-28T15:57:10","date_gmt":"2019-03-28T22:57:10","guid":{"rendered":"https:\/\/lundbergtechnologies.com\/haihduttimet\/esihaihduttimet\/"},"modified":"2019-03-28T15:57:14","modified_gmt":"2019-03-28T22:57:14","slug":"esihaihduttimet","status":"publish","type":"page","link":"https:\/\/lundbergtechnologies.com\/fi\/haihduttimet\/esihaihduttimet\/","title":{"rendered":"Esihaihduttimet"},"content":{"rendered":"<p>[et_pb_section bb_built=&#8221;1&#8243; custom_padding_last_edited=&#8221;on|phone&#8221; module_class=&#8221;vb-hero&#8221; _builder_version=&#8221;3.15&#8243; background_color_gradient_direction=&#8221;128deg&#8221; background_image=&#8221;\/wp-content\/uploads\/2018\/08\/lundberg_home_hero.jpg&#8221; background_position=&#8221;center_right&#8221; max_width_last_edited=&#8221;on|phone&#8221; custom_margin=&#8221;|||0px&#8221; custom_padding=&#8221;30px||30px||true&#8221; custom_padding_phone=&#8221;0px|0px|0px|0px&#8221; next_background_color=&#8221;#ffffff&#8221;][et_pb_row custom_padding=&#8221;|||&#8221; custom_padding_tablet=&#8221;25px|||&#8221; custom_padding_phone=&#8221;38px|||&#8221; custom_margin=&#8221;|||39px&#8221; custom_padding_last_edited=&#8221;on|phone&#8221; _builder_version=&#8221;3.15&#8243; module_alignment=&#8221;left&#8221; custom_margin_phone=&#8221;|||0px&#8221; custom_margin_last_edited=&#8221;on|phone&#8221; use_custom_width=&#8221;on&#8221; width_unit=&#8221;off&#8221; custom_width_percent=&#8221;70%&#8221; custom_margin_tablet=&#8221;|||45px&#8221;][et_pb_column type=&#8221;4_4&#8243;][et_pb_post_title meta=&#8221;off&#8221; featured_image=&#8221;off&#8221; module_class=&#8221;title-text&#8221; _builder_version=&#8221;3.15&#8243; title_font=&#8221;Lato|700|||||||&#8221; title_text_align=&#8221;left&#8221; title_font_size=&#8221;42px&#8221; title_font_size_tablet=&#8221;33px&#8221; title_font_size_phone=&#8221;26px&#8221; title_font_size_last_edited=&#8221;on|phone&#8221; background_color=&#8221;rgba(4,32,56,0.9)&#8221; custom_margin=&#8221;|100px|0px|&#8221; custom_margin_tablet=&#8221;|100px||&#8221; custom_margin_phone=&#8221;|60px||&#8221; custom_margin_last_edited=&#8221;on|phone&#8221; custom_padding=&#8221;33px||10px|35px&#8221; custom_padding_tablet=&#8221;30px|0px|15px|14px&#8221; custom_padding_phone=&#8221;|||7px&#8221; custom_padding_last_edited=&#8221;on|tablet&#8221; \/][et_pb_text module_class=&#8221;title-sub-text&#8221; _builder_version=&#8221;3.15&#8243; text_text_color=&#8221;#ffffff&#8221; text_font_size=&#8221;18px&#8221; text_font_size_tablet=&#8221;17px&#8221; text_font_size_phone=&#8221;16px&#8221; text_font_size_last_edited=&#8221;on|phone&#8221; text_line_height=&#8221;1.6em&#8221; background_color=&#8221;#042038&#8243; custom_margin=&#8221;0px|100px|0px|&#8221; custom_margin_phone=&#8221;|60px||&#8221; custom_margin_last_edited=&#8221;on|phone&#8221; custom_padding=&#8221;10px|24px|34px|40px||false&#8221; custom_padding_tablet=&#8221;10px|20px||10px||false&#8221; custom_padding_phone=&#8221;10px|20px|18px|20px||true&#8221; custom_padding_last_edited=&#8221;on|desktop&#8221;]<\/p>\n<p>Esihaihdutinj\u00e4rjestelm\u00e4t k\u00e4ytt\u00e4v\u00e4t matalan tason hukkal\u00e4mp\u00f6\u00e4 haihduttaakseen heikkoa lipe\u00e4\u00e4 ennen p\u00e4\u00e4haihduttimen tuotantolinjaa.<\/p>\n<p>[\/et_pb_text][\/et_pb_column][\/et_pb_row][\/et_pb_section][et_pb_section bb_built=&#8221;1&#8243; prev_background_color=&#8221;#000000&#8243;][et_pb_row _builder_version=&#8221;3.15&#8243;][et_pb_column type=&#8221;2_5&#8243;][et_pb_image _builder_version=&#8221;3.15&#8243; src=&#8221;https:\/\/lundbergtechnologies.com\/wp-content\/uploads\/2018\/09\/pre-evaporators.jpg&#8221; always_center_on_mobile=&#8221;off&#8221; \/][\/et_pb_column][et_pb_column type=&#8221;3_5&#8243;][et_pb_text _builder_version=&#8221;3.15&#8243; header_4_line_height=&#8221;1.4em&#8221;]<\/p>\n<p>Kolme eniten k\u00e4ytetty\u00e4 l\u00e4mm\u00f6nl\u00e4hdett\u00e4 esihaihdutinj\u00e4rjestelm\u00e4ss\u00e4: l\u00e4mp\u00f6 puhallusj\u00e4rjestelm\u00e4st\u00e4, l\u00e4mp\u00f6 erillisest\u00e4 vedenerottimesta tai l\u00e4mp\u00f6 jatkettavasta selluloosakattilan mustalipe\u00e4n poistos\u00e4ili\u00f6st\u00e4. Saavutettavan haihtumisen m\u00e4\u00e4r\u00e4 riippuu sek\u00e4 k\u00e4ytett\u00e4viss\u00e4 olevan l\u00e4mm\u00f6n m\u00e4\u00e4r\u00e4st\u00e4 ett\u00e4 j\u00e4rjestelm\u00e4n vaikutusten m\u00e4\u00e4r\u00e4st\u00e4. Aina kun esihaihdutin asennetaan on otettava huomioon sen vaikutus nykyiseen monitoimihaihduttimeen, erityisesti suurempien sy\u00f6tt\u00f6aineiden vaikutus.<\/p>\n<p>J\u00e4tel\u00e4mm\u00f6n lis\u00e4ksi er\u00e4s esih\u00f6yrystysj\u00e4rjestelm\u00e4n t\u00e4rkeimmist\u00e4 eduista on lauhteen erottelu. Esihaihdutin poistaa lipe\u00e4st\u00e4 suurimman osan pelkistyneist\u00e4 rikkiyhdisteist\u00e4 (TRS) ja orgaanisista haihtuvista yhdisteist\u00e4 (VOC), mik\u00e4 johtaa puhtaampaan haihdutusj\u00e4rjestelm\u00e4n lauhteeseen.<\/p>\n<p>[\/et_pb_text][\/et_pb_column][\/et_pb_row][\/et_pb_section]<\/p>\n","protected":false},"excerpt":{"rendered":"<p>Esihaihdutinj\u00e4rjestelm\u00e4t k\u00e4ytt\u00e4v\u00e4t matalan tason hukkal\u00e4mp\u00f6\u00e4 haihduttaakseen heikkoa lipe\u00e4\u00e4 ennen p\u00e4\u00e4haihduttimen tuotantolinjaa. Kolme eniten k\u00e4ytetty\u00e4 l\u00e4mm\u00f6nl\u00e4hdett\u00e4 esihaihdutinj\u00e4rjestelm\u00e4ss\u00e4: l\u00e4mp\u00f6 puhallusj\u00e4rjestelm\u00e4st\u00e4, l\u00e4mp\u00f6 erillisest\u00e4 vedenerottimesta tai l\u00e4mp\u00f6 jatkettavasta selluloosakattilan mustalipe\u00e4n poistos\u00e4ili\u00f6st\u00e4. Saavutettavan haihtumisen m\u00e4\u00e4r\u00e4 riippuu sek\u00e4 k\u00e4ytett\u00e4viss\u00e4 olevan l\u00e4mm\u00f6n m\u00e4\u00e4r\u00e4st\u00e4 ett\u00e4 j\u00e4rjestelm\u00e4n vaikutusten m\u00e4\u00e4r\u00e4st\u00e4. Aina kun esihaihdutin asennetaan on otettava huomioon sen vaikutus nykyiseen monitoimihaihduttimeen, erityisesti suurempien sy\u00f6tt\u00f6aineiden vaikutus. [&hellip;]<\/p>\n","protected":false},"author":1,"featured_media":0,"parent":220946,"menu_order":0,"comment_status":"closed","ping_status":"closed","template":"","meta":{"_acf_changed":false,"_et_pb_use_builder":"on","_et_pb_old_content":"","_et_gb_content_width":"","_monsterinsights_skip_tracking":false,"_monsterinsights_sitenote_active":false,"_monsterinsights_sitenote_note":"","_monsterinsights_sitenote_category":0,"footnotes":""},"class_list":["post-220949","page","type-page","status-publish","hentry"],"acf":[],"_links":{"self":[{"href":"https:\/\/lundbergtechnologies.com\/fi\/wp-json\/wp\/v2\/pages\/220949","targetHints":{"allow":["GET"]}}],"collection":[{"href":"https:\/\/lundbergtechnologies.com\/fi\/wp-json\/wp\/v2\/pages"}],"about":[{"href":"https:\/\/lundbergtechnologies.com\/fi\/wp-json\/wp\/v2\/types\/page"}],"author":[{"embeddable":true,"href":"https:\/\/lundbergtechnologies.com\/fi\/wp-json\/wp\/v2\/users\/1"}],"replies":[{"embeddable":true,"href":"https:\/\/lundbergtechnologies.com\/fi\/wp-json\/wp\/v2\/comments?post=220949"}],"version-history":[{"count":0,"href":"https:\/\/lundbergtechnologies.com\/fi\/wp-json\/wp\/v2\/pages\/220949\/revisions"}],"up":[{"embeddable":true,"href":"https:\/\/lundbergtechnologies.com\/fi\/wp-json\/wp\/v2\/pages\/220946"}],"wp:attachment":[{"href":"https:\/\/lundbergtechnologies.com\/fi\/wp-json\/wp\/v2\/media?parent=220949"}],"curies":[{"name":"wp","href":"https:\/\/api.w.org\/{rel}","templated":true}]}}