{"id":220613,"date":"2019-02-27T18:24:57","date_gmt":"2019-02-28T01:24:57","guid":{"rendered":"https:\/\/lundbergtechnologies.com\/indunstare\/"},"modified":"2019-02-27T18:40:45","modified_gmt":"2019-02-28T01:40:45","slug":"indunstare","status":"publish","type":"page","link":"https:\/\/lundbergtechnologies.com\/sv\/indunstare\/","title":{"rendered":"Indunstare"},"content":{"rendered":"<p>[et_pb_section fb_built=&#8221;1&#8243; custom_padding_last_edited=&#8221;on|phone&#8221; module_class=&#8221;vb-hero&#8221; _builder_version=&#8221;3.15&#8243; use_background_color_gradient=&#8221;on&#8221; background_color_gradient_start=&#8221;rgba(0,75,141,0.96)&#8221; background_color_gradient_end=&#8221;rgba(0,75,141,0)&#8221; background_color_gradient_direction=&#8221;128deg&#8221; background_color_gradient_start_position=&#8221;45%&#8221; background_color_gradient_end_position=&#8221;27%&#8221; background_color_gradient_overlays_image=&#8221;on&#8221; background_image=&#8221;https:\/\/lundbergtechnologies.com\/wp-content\/uploads\/2018\/09\/Evaporation-Demopolis-Overfiew-Evaporators.jpg&#8221; background_position=&#8221;center_right&#8221; background_repeat=&#8221;repeat&#8221; max_width_last_edited=&#8221;on|phone&#8221; custom_margin=&#8221;|||0px&#8221; custom_padding=&#8221;30px||30px||true&#8221; custom_padding_phone=&#8221;0px|0px|0px|0px&#8221;][et_pb_row custom_padding=&#8221;50px|||&#8221; custom_padding_tablet=&#8221;25px|||&#8221; custom_padding_phone=&#8221;38px|||&#8221; custom_margin=&#8221;|0px||44px&#8221; custom_padding_last_edited=&#8221;on|phone&#8221; _builder_version=&#8221;3.14&#8243; module_alignment=&#8221;left&#8221; custom_margin_phone=&#8221;|||0px&#8221; custom_margin_last_edited=&#8221;on|phone&#8221;][et_pb_column type=&#8221;4_4&#8243; _builder_version=&#8221;3.0.47&#8243;][et_pb_post_title meta=&#8221;off&#8221; featured_image=&#8221;off&#8221; _builder_version=&#8221;3.14&#8243; title_font=&#8221;Lato|700|||||||&#8221; title_text_align=&#8221;left&#8221; title_font_size=&#8221;42px&#8221; title_font_size_tablet=&#8221;33px&#8221; title_font_size_phone=&#8221;26px&#8221; title_font_size_last_edited=&#8221;on|phone&#8221; background_color=&#8221;#042038&#8243; custom_margin=&#8221;|100px|0px|&#8221; custom_margin_tablet=&#8221;|100px||&#8221; custom_margin_phone=&#8221;|60px||&#8221; custom_margin_last_edited=&#8221;on|phone&#8221; custom_padding=&#8221;33px||10px|35px&#8221; custom_padding_tablet=&#8221;30px|0px|15px|14px&#8221; custom_padding_phone=&#8221;|||7px&#8221; custom_padding_last_edited=&#8221;on|tablet&#8221;][\/et_pb_post_title][et_pb_text _builder_version=&#8221;3.15&#8243; text_text_color=&#8221;#ffffff&#8221; text_font_size=&#8221;18px&#8221; text_font_size_tablet=&#8221;17px&#8221; text_font_size_phone=&#8221;16px&#8221; text_font_size_last_edited=&#8221;on|phone&#8221; text_line_height=&#8221;1.6em&#8221; background_color=&#8221;#042038&#8243; custom_margin=&#8221;0px|100px|0px|&#8221; custom_margin_phone=&#8221;|60px||&#8221; custom_margin_last_edited=&#8221;on|phone&#8221; custom_padding=&#8221;10px|24px|34px|40px||false&#8221; custom_padding_tablet=&#8221;10px|20px||10px||false&#8221; custom_padding_phone=&#8221;10px|20px|18px|20px||true&#8221; custom_padding_last_edited=&#8221;on|desktop&#8221;]Lundberg \u00e4r en ledande leverant\u00f6r av indunstningstekniker. V\u00e5r teknik omfattar anv\u00e4ndningsomr\u00e5den som: fulla upps\u00e4ttningar med integrerade kondensatorstrippers och mycket solida koncentratorer, omkonfiguration av dina befintliga indunstningssystem, f\u00f6rindunstningssystem med v\u00e4rmebl\u00e5s och flash-indunstare. Tekniken som anv\u00e4nds matchar de specifika kraven f\u00f6r varje till\u00e4mpning.<br \/>\n[\/et_pb_text][\/et_pb_column][\/et_pb_row][\/et_pb_section][et_pb_section fb_built=&#8221;1&#8243; _builder_version=&#8221;3.15&#8243; background_color=&#8221;#ffffff&#8221; custom_padding=&#8221;|||&#8221; top_divider_color=&#8221;#004b8d&#8221; bottom_divider_color=&#8221;#004b8d&#8221; bottom_divider_flip=&#8221;horizontal&#8221; bottom_divider_height_last_edited=&#8221;on|desktop&#8221;][et_pb_row use_custom_width=&#8221;on&#8221; width_unit=&#8221;off&#8221; custom_padding=&#8221;||71px|&#8221; custom_margin=&#8221;0px||1px|&#8221; custom_padding_last_edited=&#8221;on|desktop&#8221; padding_top_bottom_link_1=&#8221;false&#8221; padding_left_right_link_1=&#8221;true&#8221; padding_top_1=&#8221;0px&#8221; padding_bottom_1=&#8221;0px&#8221; _builder_version=&#8221;3.15&#8243;][et_pb_column type=&#8221;4_4&#8243; _builder_version=&#8221;3.0.47&#8243;][et_pb_text _builder_version=&#8221;3.15&#8243; header_2_text_color=&#8221;#003c72&#8243; header_2_font_size=&#8221;27px&#8221; header_2_line_height=&#8221;1.7em&#8221; header_4_line_height=&#8221;1.7em&#8221; custom_margin=&#8221;||-1px|&#8221; custom_padding=&#8221;0px||0px||true&#8221;]<\/p>\n<h2>Indunstningstekniker<\/h2>\n<p>Lundberg erbjuder ett komplett sortiment med r\u00f6rformiga indunstningstekniker, bland annat tunnskikt, l\u00e5nga lodr\u00e4tta r\u00f6r och v\u00e5ra REX-f\u00f6rb\u00e4ttrade konstruktioner med fl\u00f6dad forcerad cirkulation. V\u00e5r erfarenhet inom indunstning fr\u00e5n etanolproduktion till klassiska kraftsvartlutsystem med barrved eller l\u00f6vtr\u00e4d som finns i massabruk. Vi \u00e4r \u00e4ven duktiga p\u00e5 att hantera l\u00f6sningar som \u00e4r sv\u00e5ra att indunsta som exempelvis vetehalm och blast.<\/p>\n<p>Till\u00e4mpningen av v\u00e5r teknik omfattar fulla upps\u00e4ttningar med integrerade kondensatorstrippers och mycket solida koncentratorer, indunstningssystem, f\u00f6rindunstningssystem med v\u00e4rmebl\u00e5s och flashindunstare. Den r\u00f6rformiga tekniken som anv\u00e4nds matchar de specifika kraven f\u00f6r varje till\u00e4mpning.<\/p>\n<p>Lundberg \u00e4r den ledande leverant\u00f6ren av tekniska modifikationer av befintliga indunstningssystem. Vi har l\u00f6sningarna f\u00f6r en m\u00e4ngd olika problem, bland annat kapacitetsh\u00f6jning, produkter med h\u00f6g torrhalt, f\u00f6rb\u00e4ttrad \u00e5ngekonomi, kondensatseparation och reduktion av lut\u00f6verf\u00f6ring.<br \/>\n[\/et_pb_text][\/et_pb_column][\/et_pb_row][\/et_pb_section][et_pb_section fb_built=&#8221;1&#8243; _builder_version=&#8221;3.15&#8243; use_background_color_gradient=&#8221;on&#8221; background_color_gradient_start=&#8221;rgba(235,235,235,0.17)&#8221; background_color_gradient_end=&#8221;#ebebeb&#8221; custom_padding=&#8221;0px||0px|&#8221;][et_pb_row make_fullwidth=&#8221;on&#8221; use_custom_gutter=&#8221;on&#8221; gutter_width=&#8221;1&#8243; custom_padding=&#8221;0px||0px|&#8221; make_equal=&#8221;on&#8221; padding_left_right_link_2=&#8221;true&#8221; padding_right_2=&#8221;50px&#8221; padding_left_2=&#8221;50px&#8221; module_class_1=&#8221;image-column&#8221; module_class=&#8221;fifty-fifty&#8221; _builder_version=&#8221;3.15&#8243; border_color_bottom=&#8221;#004b8d&#8221;][et_pb_column type=&#8221;2_5&#8243; _builder_version=&#8221;3.0.47&#8243;][et_pb_image src=&#8221;https:\/\/lundbergtechnologies.com\/wp-content\/uploads\/2018\/09\/Evaporation-173-Evaporators.jpg&#8221; show_bottom_space=&#8221;off&#8221; _builder_version=&#8221;3.15&#8243;][\/et_pb_image][\/et_pb_column][et_pb_column type=&#8221;3_5&#8243; _builder_version=&#8221;3.0.47&#8243;][et_pb_text _builder_version=&#8221;3.15&#8243; header_3_text_color=&#8221;#004b8d&#8221; header_3_font_size=&#8221;23px&#8221; header_3_font_size_tablet=&#8221;21px&#8221; header_3_font_size_phone=&#8221;19px&#8221; header_3_font_size_last_edited=&#8221;on|phone&#8221; header_3_line_height=&#8221;1.7em&#8221; custom_padding=&#8221;5%||0px|0px&#8221;]<\/p>\n<h3>Multipelindunstare<\/h3>\n<p>Lundberg erbjuder multipelindunstningsteknik f\u00f6r m\u00e5nga olika till\u00e4mpningar. V\u00e5r systemdesign bygger p\u00e5 l\u00e5ng erfarenhet med b\u00e5de modifiering av befintliga indunstare och bygga nya installationer. Varje projekt \u00e4r fullt anpassat efter kundens processkrav. Lundberg kommer att anv\u00e4nda en blandning av tillg\u00e4ngliga tekniker f\u00f6r att erbjuda ett system som kommer att optimera kostnader, effektivitet och p\u00e5litlighet.<br \/>\n[\/et_pb_text][et_pb_button button_url=&#8221;\/sv\/indunstare\/multipelindunstare\/&#8221; button_text=&#8221;L\u00c4S MER&#8221; _builder_version=&#8221;3.19.18&#8243; background_layout=&#8221;dark&#8221; custom_margin=&#8221;20px||5%|&#8221; custom_padding=&#8221;||0%|&#8221; button_text_size__hover_enabled=&#8221;off&#8221; button_one_text_size__hover_enabled=&#8221;off&#8221; button_two_text_size__hover_enabled=&#8221;off&#8221; button_text_color__hover_enabled=&#8221;off&#8221; button_one_text_color__hover_enabled=&#8221;off&#8221; button_two_text_color__hover_enabled=&#8221;off&#8221; button_border_width__hover_enabled=&#8221;off&#8221; button_one_border_width__hover_enabled=&#8221;off&#8221; button_two_border_width__hover_enabled=&#8221;off&#8221; button_border_color__hover_enabled=&#8221;off&#8221; button_one_border_color__hover_enabled=&#8221;off&#8221; button_two_border_color__hover_enabled=&#8221;off&#8221; button_border_radius__hover_enabled=&#8221;off&#8221; button_one_border_radius__hover_enabled=&#8221;off&#8221; button_two_border_radius__hover_enabled=&#8221;off&#8221; button_letter_spacing__hover_enabled=&#8221;off&#8221; button_one_letter_spacing__hover_enabled=&#8221;off&#8221; button_two_letter_spacing__hover_enabled=&#8221;off&#8221; button_bg_color__hover_enabled=&#8221;off&#8221; button_one_bg_color__hover_enabled=&#8221;off&#8221; button_two_bg_color__hover_enabled=&#8221;off&#8221;][\/et_pb_button][\/et_pb_column][\/et_pb_row][\/et_pb_section][et_pb_section fb_built=&#8221;1&#8243; _builder_version=&#8221;3.15&#8243; use_background_color_gradient=&#8221;on&#8221; background_color_gradient_start=&#8221;rgba(235,235,235,0.17)&#8221; background_color_gradient_end=&#8221;#ebebeb&#8221; custom_padding=&#8221;0px||0px|&#8221;][et_pb_row make_fullwidth=&#8221;on&#8221; use_custom_gutter=&#8221;on&#8221; gutter_width=&#8221;1&#8243; custom_padding=&#8221;0px||0px|&#8221; make_equal=&#8221;on&#8221; padding_left_right_link_1=&#8221;true&#8221; padding_right_1=&#8221;50px&#8221; padding_left_1=&#8221;50px&#8221; module_class_2=&#8221;image-column&#8221; module_class=&#8221;fifty-fifty reorder&#8221; _builder_version=&#8221;3.15&#8243; border_color_bottom=&#8221;#004b8d&#8221;][et_pb_column type=&#8221;3_5&#8243; _builder_version=&#8221;3.0.47&#8243;][et_pb_text _builder_version=&#8221;3.15&#8243; header_2_line_height=&#8221;1.7em&#8221; header_3_text_color=&#8221;#004b8d&#8221; header_3_font_size=&#8221;23px&#8221; header_3_font_size_tablet=&#8221;21px&#8221; header_3_font_size_phone=&#8221;19px&#8221; header_3_font_size_last_edited=&#8221;on|phone&#8221; header_3_line_height=&#8221;1.7em&#8221; custom_padding=&#8221;5%||0px|0px&#8221;]<\/p>\n<h3>Kristalliseringsanordningar<\/h3>\n<p>Lundberg erbjuder en kristalliseringsanordning med REX-forcerad cirkulation f\u00f6r indunstningssystem d\u00e4r det kr\u00e4vs h\u00f6g torrhalt. REX-systemet inkluderar spiralformade r\u00f6rinl\u00e4gg som avbryter gr\u00e4nsskiktet vid r\u00f6rv\u00e4ggen och orsakar turbulent str\u00f6mning i r\u00f6ren, till med n\u00e4r viskositeten \u00e4r h\u00f6g. Bland f\u00f6rdelarna \u00e5terfinns h\u00f6ga v\u00e4rme\u00f6verf\u00f6ringskoefficienter, l\u00e4gre r\u00f6rhastigheter och reducering av kraften som kr\u00e4vs j\u00e4mf\u00f6rt med andra konstruktioner av kristalliseringsanordningar f\u00f6r h\u00f6g torrhalt.<br \/>\n[\/et_pb_text][et_pb_button button_url=&#8221;\/sv\/indunstare\/kristalliseringsanordningar\/&#8221; button_text=&#8221;L\u00c4S MER&#8221; _builder_version=&#8221;3.19.18&#8243; background_layout=&#8221;dark&#8221; custom_margin=&#8221;20px||5%|&#8221; custom_padding=&#8221;||0%|&#8221; button_text_size__hover_enabled=&#8221;off&#8221; button_one_text_size__hover_enabled=&#8221;off&#8221; button_two_text_size__hover_enabled=&#8221;off&#8221; button_text_color__hover_enabled=&#8221;off&#8221; button_one_text_color__hover_enabled=&#8221;off&#8221; button_two_text_color__hover_enabled=&#8221;off&#8221; button_border_width__hover_enabled=&#8221;off&#8221; button_one_border_width__hover_enabled=&#8221;off&#8221; button_two_border_width__hover_enabled=&#8221;off&#8221; button_border_color__hover_enabled=&#8221;off&#8221; button_one_border_color__hover_enabled=&#8221;off&#8221; button_two_border_color__hover_enabled=&#8221;off&#8221; button_border_radius__hover_enabled=&#8221;off&#8221; button_one_border_radius__hover_enabled=&#8221;off&#8221; button_two_border_radius__hover_enabled=&#8221;off&#8221; button_letter_spacing__hover_enabled=&#8221;off&#8221; button_one_letter_spacing__hover_enabled=&#8221;off&#8221; button_two_letter_spacing__hover_enabled=&#8221;off&#8221; button_bg_color__hover_enabled=&#8221;off&#8221; button_one_bg_color__hover_enabled=&#8221;off&#8221; button_two_bg_color__hover_enabled=&#8221;off&#8221;][\/et_pb_button][\/et_pb_column][et_pb_column type=&#8221;2_5&#8243; _builder_version=&#8221;3.0.47&#8243;][et_pb_image src=&#8221;https:\/\/lundbergtechnologies.com\/wp-content\/uploads\/2018\/09\/Rex-installation-1.jpg&#8221; _builder_version=&#8221;3.15&#8243;][\/et_pb_image][\/et_pb_column][\/et_pb_row][\/et_pb_section][et_pb_section fb_built=&#8221;1&#8243; _builder_version=&#8221;3.15&#8243; use_background_color_gradient=&#8221;on&#8221; background_color_gradient_start=&#8221;rgba(235,235,235,0.17)&#8221; background_color_gradient_end=&#8221;#ebebeb&#8221; custom_padding=&#8221;0px||0px|&#8221;][et_pb_row make_fullwidth=&#8221;on&#8221; use_custom_gutter=&#8221;on&#8221; gutter_width=&#8221;1&#8243; custom_padding=&#8221;0px||0px|&#8221; make_equal=&#8221;on&#8221; padding_left_right_link_2=&#8221;true&#8221; padding_right_2=&#8221;50px&#8221; padding_left_2=&#8221;50px&#8221; module_class_1=&#8221;image-column&#8221; module_class=&#8221;fifty-fifty&#8221; _builder_version=&#8221;3.15&#8243; border_color_bottom=&#8221;#004b8d&#8221;][et_pb_column type=&#8221;2_5&#8243; _builder_version=&#8221;3.0.47&#8243;][et_pb_image src=&#8221;https:\/\/lundbergtechnologies.com\/wp-content\/uploads\/2018\/08\/lundberg_home_hero.jpg&#8221; show_bottom_space=&#8221;off&#8221; _builder_version=&#8221;3.15&#8243;][\/et_pb_image][\/et_pb_column][et_pb_column type=&#8221;3_5&#8243; _builder_version=&#8221;3.0.47&#8243;][et_pb_text _builder_version=&#8221;3.15&#8243; header_3_text_color=&#8221;#004b8d&#8221; header_3_font_size=&#8221;23px&#8221; header_3_font_size_tablet=&#8221;21px&#8221; header_3_font_size_phone=&#8221;19px&#8221; header_3_font_size_last_edited=&#8221;on|phone&#8221; header_3_line_height=&#8221;1.7em&#8221; custom_padding=&#8221;5%||0px|0px&#8221;]<\/p>\n<h3>F\u00f6rindunstare<\/h3>\n<p>F\u00f6rindunstningssystem anv\u00e4nder spillv\u00e4rme f\u00f6r att indunsta svagt lut innan den huvudsakliga indunstningsstr\u00e4ckan. Framf\u00f6rallt anv\u00e4nds tre v\u00e4rmek\u00e4llor i f\u00f6rindunstningssystem: v\u00e4rme fr\u00e5n bl\u00e5sv\u00e4rmesystem, v\u00e4rme fr\u00e5n frist\u00e5ende koncentrator eller v\u00e4rme fr\u00e5n expansionsk\u00e4rl f\u00f6r att extrahera lut i kontinuerliga kokare. En f\u00f6rindunstare fr\u00e5n Lundberg kan f\u00f6rb\u00e4ttra \u00e5ngekonomin och\/eller h\u00f6ja f\u00f6rindunstningskapaciteten.<br \/>\n[\/et_pb_text][et_pb_button button_url=&#8221;\/sv\/indunstare\/forindunstare\/&#8221; button_text=&#8221;L\u00c4S MER&#8221; _builder_version=&#8221;3.19.18&#8243; background_layout=&#8221;dark&#8221; custom_margin=&#8221;20px||5%|&#8221; custom_padding=&#8221;||0%|&#8221; button_text_size__hover_enabled=&#8221;off&#8221; button_one_text_size__hover_enabled=&#8221;off&#8221; button_two_text_size__hover_enabled=&#8221;off&#8221; button_text_color__hover_enabled=&#8221;off&#8221; button_one_text_color__hover_enabled=&#8221;off&#8221; button_two_text_color__hover_enabled=&#8221;off&#8221; button_border_width__hover_enabled=&#8221;off&#8221; button_one_border_width__hover_enabled=&#8221;off&#8221; button_two_border_width__hover_enabled=&#8221;off&#8221; button_border_color__hover_enabled=&#8221;off&#8221; button_one_border_color__hover_enabled=&#8221;off&#8221; button_two_border_color__hover_enabled=&#8221;off&#8221; button_border_radius__hover_enabled=&#8221;off&#8221; button_one_border_radius__hover_enabled=&#8221;off&#8221; button_two_border_radius__hover_enabled=&#8221;off&#8221; button_letter_spacing__hover_enabled=&#8221;off&#8221; button_one_letter_spacing__hover_enabled=&#8221;off&#8221; button_two_letter_spacing__hover_enabled=&#8221;off&#8221; button_bg_color__hover_enabled=&#8221;off&#8221; button_one_bg_color__hover_enabled=&#8221;off&#8221; button_two_bg_color__hover_enabled=&#8221;off&#8221;][\/et_pb_button][\/et_pb_column][\/et_pb_row][\/et_pb_section][et_pb_section fb_built=&#8221;1&#8243; _builder_version=&#8221;3.15&#8243; use_background_color_gradient=&#8221;on&#8221; background_color_gradient_start=&#8221;rgba(235,235,235,0.17)&#8221; background_color_gradient_end=&#8221;#ebebeb&#8221; custom_padding=&#8221;0px||0px|&#8221;][et_pb_row make_fullwidth=&#8221;on&#8221; use_custom_gutter=&#8221;on&#8221; gutter_width=&#8221;1&#8243; custom_padding=&#8221;0px||0px|&#8221; make_equal=&#8221;on&#8221; padding_left_right_link_1=&#8221;true&#8221; padding_right_1=&#8221;50px&#8221; padding_left_1=&#8221;50px&#8221; module_class_2=&#8221;image-column&#8221; module_class=&#8221;fifty-fifty reorder&#8221; _builder_version=&#8221;3.15&#8243; border_color_bottom=&#8221;#004b8d&#8221;][et_pb_column type=&#8221;3_5&#8243; _builder_version=&#8221;3.0.47&#8243;][et_pb_text _builder_version=&#8221;3.15&#8243; header_2_line_height=&#8221;1.7em&#8221; header_3_text_color=&#8221;#004b8d&#8221; header_3_font_size=&#8221;23px&#8221; header_3_font_size_tablet=&#8221;21px&#8221; header_3_font_size_phone=&#8221;19px&#8221; header_3_font_size_last_edited=&#8221;on|phone&#8221; header_3_line_height=&#8221;1.7em&#8221; custom_padding=&#8221;5%||0px|0px&#8221;]<\/p>\n<h3>Ytkondensatorer<\/h3>\n<p>Lundberg erbjuder ytkondensatorer f\u00f6r m\u00e5nga olika typer av \u00e5ng- och driftf\u00f6rh\u00e5llanden.[\/et_pb_text][et_pb_button button_url=&#8221;\/sv\/indunstare\/ytkondensatorer\/&#8221; button_text=&#8221;L\u00c4S MER&#8221; _builder_version=&#8221;3.19.18&#8243; background_layout=&#8221;dark&#8221; custom_margin=&#8221;20px||5%|&#8221; custom_padding=&#8221;||0%|&#8221; button_text_size__hover_enabled=&#8221;off&#8221; button_one_text_size__hover_enabled=&#8221;off&#8221; button_two_text_size__hover_enabled=&#8221;off&#8221; button_text_color__hover_enabled=&#8221;off&#8221; button_one_text_color__hover_enabled=&#8221;off&#8221; button_two_text_color__hover_enabled=&#8221;off&#8221; button_border_width__hover_enabled=&#8221;off&#8221; button_one_border_width__hover_enabled=&#8221;off&#8221; button_two_border_width__hover_enabled=&#8221;off&#8221; button_border_color__hover_enabled=&#8221;off&#8221; button_one_border_color__hover_enabled=&#8221;off&#8221; button_two_border_color__hover_enabled=&#8221;off&#8221; button_border_radius__hover_enabled=&#8221;off&#8221; button_one_border_radius__hover_enabled=&#8221;off&#8221; button_two_border_radius__hover_enabled=&#8221;off&#8221; button_letter_spacing__hover_enabled=&#8221;off&#8221; button_one_letter_spacing__hover_enabled=&#8221;off&#8221; button_two_letter_spacing__hover_enabled=&#8221;off&#8221; button_bg_color__hover_enabled=&#8221;off&#8221; button_one_bg_color__hover_enabled=&#8221;off&#8221; button_two_bg_color__hover_enabled=&#8221;off&#8221;][\/et_pb_button][\/et_pb_column][et_pb_column type=&#8221;2_5&#8243; _builder_version=&#8221;3.0.47&#8243;][et_pb_image src=&#8221;https:\/\/lundbergtechnologies.com\/wp-content\/uploads\/2018\/09\/Evaporation-E-6-dome-Falling-Film-Evaporator-Vapor-Body.jpg&#8221; _builder_version=&#8221;3.15&#8243;][\/et_pb_image][\/et_pb_column][\/et_pb_row][\/et_pb_section][et_pb_section fb_built=&#8221;1&#8243; _builder_version=&#8221;3.15&#8243; background_color=&#8221;#ffffff&#8221; custom_padding=&#8221;125px|||&#8221; top_divider_style=&#8221;ramp2&#8243; top_divider_color=&#8221;#ebebeb&#8221; top_divider_height=&#8221;147px&#8221; top_divider_flip=&#8221;vertical&#8221; top_divider_height_last_edited=&#8221;on|phone&#8221;][et_pb_row use_custom_width=&#8221;on&#8221; width_unit=&#8221;off&#8221; _builder_version=&#8221;3.15&#8243;][et_pb_column type=&#8221;3_5&#8243; _builder_version=&#8221;3.15&#8243;][et_pb_text module_class=&#8221;related_header&#8221; _builder_version=&#8221;3.15&#8243; text_font=&#8221;||||||||&#8221; header_font=&#8221;||||||||&#8221; header_3_font=&#8221;||||||||&#8221; header_3_font_size_tablet=&#8221;20px&#8221; header_3_font_size_last_edited=&#8221;on|phone&#8221; border_width_bottom=&#8221;1px&#8221; border_color_bottom=&#8221;#004b8d&#8221;]<\/p>\n<h3>Relaterade dokument<\/h3>\n<p>[\/et_pb_text][et_pb_text _builder_version=&#8221;3.15&#8243;]<br \/>\n[\/et_pb_text][\/et_pb_column][et_pb_column type=&#8221;2_5&#8243; _builder_version=&#8221;3.15&#8243;][et_pb_text module_class=&#8221;related_header&#8221; _builder_version=&#8221;3.15&#8243; text_font=&#8221;||||||||&#8221; header_font=&#8221;||||||||&#8221; header_3_font=&#8221;||||||||&#8221; header_3_font_size_tablet=&#8221;20px&#8221; header_3_font_size_last_edited=&#8221;on|phone&#8221; border_width_bottom=&#8221;1px&#8221; border_color_bottom=&#8221;#004b8d&#8221;]<\/p>\n<h3>Relaterade projekt<\/h3>\n<p>[\/et_pb_text][et_pb_filterable_portfolio fullwidth=&#8221;off&#8221; posts_number=&#8221;2&#8243; include_categories=&#8221;28&#8243; show_categories=&#8221;off&#8221; hover_icon=&#8221;%%137%%&#8221; zoom_icon_color=&#8221;#003c72&#8243; hover_overlay_color=&#8221;rgba(4,32,56,0.23)&#8221; module_class=&#8221;related_project&#8221; _builder_version=&#8221;3.19.14&#8243;][\/et_pb_filterable_portfolio][\/et_pb_column][\/et_pb_row][\/et_pb_section]<\/p>\n","protected":false},"excerpt":{"rendered":"<p>Lundberg \u00e4r en ledande leverant\u00f6r av indunstningstekniker. V\u00e5r teknik omfattar anv\u00e4ndningsomr\u00e5den som: fulla upps\u00e4ttningar med integrerade kondensatorstrippers och mycket solida koncentratorer, omkonfiguration av dina befintliga indunstningssystem, f\u00f6rindunstningssystem med v\u00e4rmebl\u00e5s och flash-indunstare. Tekniken som anv\u00e4nds matchar de specifika kraven f\u00f6r varje till\u00e4mpning. Indunstningstekniker Lundberg erbjuder ett komplett sortiment med r\u00f6rformiga indunstningstekniker, bland annat tunnskikt, l\u00e5nga lodr\u00e4tta [&hellip;]<\/p>\n","protected":false},"author":1,"featured_media":0,"parent":0,"menu_order":0,"comment_status":"closed","ping_status":"closed","template":"","meta":{"_acf_changed":false,"_et_pb_use_builder":"on","_et_pb_old_content":"","_et_gb_content_width":"","_monsterinsights_skip_tracking":false,"_monsterinsights_sitenote_active":false,"_monsterinsights_sitenote_note":"","_monsterinsights_sitenote_category":0,"footnotes":""},"class_list":["post-220613","page","type-page","status-publish","hentry"],"acf":[],"_links":{"self":[{"href":"https:\/\/lundbergtechnologies.com\/sv\/wp-json\/wp\/v2\/pages\/220613","targetHints":{"allow":["GET"]}}],"collection":[{"href":"https:\/\/lundbergtechnologies.com\/sv\/wp-json\/wp\/v2\/pages"}],"about":[{"href":"https:\/\/lundbergtechnologies.com\/sv\/wp-json\/wp\/v2\/types\/page"}],"author":[{"embeddable":true,"href":"https:\/\/lundbergtechnologies.com\/sv\/wp-json\/wp\/v2\/users\/1"}],"replies":[{"embeddable":true,"href":"https:\/\/lundbergtechnologies.com\/sv\/wp-json\/wp\/v2\/comments?post=220613"}],"version-history":[{"count":0,"href":"https:\/\/lundbergtechnologies.com\/sv\/wp-json\/wp\/v2\/pages\/220613\/revisions"}],"wp:attachment":[{"href":"https:\/\/lundbergtechnologies.com\/sv\/wp-json\/wp\/v2\/media?parent=220613"}],"curies":[{"name":"wp","href":"https:\/\/api.w.org\/{rel}","templated":true}]}}