{"id":220619,"date":"2019-02-27T18:34:01","date_gmt":"2019-02-28T01:34:01","guid":{"rendered":"https:\/\/lundbergtechnologies.com\/indunstare\/kristalliseringsanordningar\/"},"modified":"2019-02-27T18:34:05","modified_gmt":"2019-02-28T01:34:05","slug":"kristalliseringsanordningar","status":"publish","type":"page","link":"https:\/\/lundbergtechnologies.com\/sv\/indunstare\/kristalliseringsanordningar\/","title":{"rendered":"Kristalliseringsanordningar"},"content":{"rendered":"<p>[et_pb_section fb_built=&#8221;1&#8243; custom_padding_last_edited=&#8221;on|phone&#8221; module_class=&#8221;vb-hero&#8221; _builder_version=&#8221;3.15&#8243; background_color_gradient_direction=&#8221;128deg&#8221; background_image=&#8221;\/wp-content\/uploads\/2018\/08\/lundberg_home_hero.jpg&#8221; background_position=&#8221;center_right&#8221; max_width_last_edited=&#8221;on|phone&#8221; custom_margin=&#8221;|||0px&#8221; custom_padding=&#8221;30px||30px||true&#8221; custom_padding_phone=&#8221;0px|0px|0px|0px&#8221;][et_pb_row use_custom_width=&#8221;on&#8221; width_unit=&#8221;off&#8221; custom_width_percent=&#8221;70%&#8221; custom_padding=&#8221;|||&#8221; custom_padding_tablet=&#8221;25px|||&#8221; custom_padding_phone=&#8221;38px|||&#8221; custom_margin=&#8221;|||39px&#8221; custom_padding_last_edited=&#8221;on|phone&#8221; _builder_version=&#8221;3.15&#8243; module_alignment=&#8221;left&#8221; custom_margin_tablet=&#8221;|||45px&#8221; custom_margin_phone=&#8221;|||0px&#8221; custom_margin_last_edited=&#8221;on|phone&#8221;][et_pb_column type=&#8221;4_4&#8243; _builder_version=&#8221;3.0.47&#8243; parallax=&#8221;off&#8221; parallax_method=&#8221;on&#8221;][et_pb_post_title meta=&#8221;off&#8221; featured_image=&#8221;off&#8221; module_class=&#8221;title-text&#8221; _builder_version=&#8221;3.15&#8243; title_font=&#8221;Lato|700|||||||&#8221; title_text_align=&#8221;left&#8221; title_font_size=&#8221;42px&#8221; title_font_size_tablet=&#8221;33px&#8221; title_font_size_phone=&#8221;26px&#8221; title_font_size_last_edited=&#8221;on|phone&#8221; background_color=&#8221;rgba(4,32,56,0.9)&#8221; custom_margin=&#8221;|100px|0px|&#8221; custom_margin_tablet=&#8221;|100px||&#8221; custom_margin_phone=&#8221;|60px||&#8221; custom_margin_last_edited=&#8221;on|phone&#8221; custom_padding=&#8221;33px||10px|35px&#8221; custom_padding_tablet=&#8221;30px|0px|15px|14px&#8221; custom_padding_phone=&#8221;|||7px&#8221; custom_padding_last_edited=&#8221;on|tablet&#8221;][\/et_pb_post_title][et_pb_text module_class=&#8221;title-sub-text&#8221; _builder_version=&#8221;3.15&#8243; text_text_color=&#8221;#ffffff&#8221; text_font_size=&#8221;18px&#8221; text_font_size_tablet=&#8221;17px&#8221; text_font_size_phone=&#8221;16px&#8221; text_font_size_last_edited=&#8221;on|phone&#8221; text_line_height=&#8221;1.6em&#8221; background_color=&#8221;#042038&#8243; custom_margin=&#8221;0px|100px|0px|&#8221; custom_margin_phone=&#8221;|60px||&#8221; custom_margin_last_edited=&#8221;on|phone&#8221; custom_padding=&#8221;10px|24px|34px|40px||false&#8221; custom_padding_tablet=&#8221;10px|20px||10px||false&#8221; custom_padding_phone=&#8221;10px|20px|18px|20px||true&#8221; custom_padding_last_edited=&#8221;on|desktop&#8221;]Lundberg erbjuder svartlut-koncentratorsystem f\u00f6r torrhalter som \u00f6verstiger 80 procent. Dessa system kan vara frist\u00e5ende, integrerade med multipelindunstare eller integrerade med ett f\u00f6rindunstningssystem.<br \/>\n[\/et_pb_text][\/et_pb_column][\/et_pb_row][\/et_pb_section][et_pb_section fb_built=&#8221;1&#8243; _builder_version=&#8221;3.0.47&#8243;][et_pb_row _builder_version=&#8221;3.15&#8243;][et_pb_column type=&#8221;2_5&#8243; _builder_version=&#8221;3.0.47&#8243; parallax=&#8221;off&#8221; parallax_method=&#8221;on&#8221;][et_pb_image src=&#8221;https:\/\/lundbergtechnologies.com\/wp-content\/uploads\/2018\/09\/cystallizers.jpg&#8221; always_center_on_mobile=&#8221;off&#8221; _builder_version=&#8221;3.15&#8243;][\/et_pb_image][\/et_pb_column][et_pb_column type=&#8221;3_5&#8243; _builder_version=&#8221;3.0.47&#8243; parallax=&#8221;off&#8221; parallax_method=&#8221;on&#8221;][et_pb_text _builder_version=&#8221;3.15&#8243; header_4_line_height=&#8221;1.4em&#8221;]Lundberg erbjuder fl\u00f6dad forcerad cirkulation (FFC), tunnskikt eller en blandning av tunnskikt och fl\u00f6dad forcerad cirkulation, beroende p\u00e5 v\u00e5ra kunders behov. Att integrera koncentratorn i ett indunstningssystem kr\u00e4ver en omsorgsfull balans mellan energi- och kapitalkostnader. I koncentratorn blir stigningen av lutens kokpunkt en viktig faktor i utrustningens dimensionering och kapaciteten att anv\u00e4nda \u00e5ngan vid en given plats i indunstningssystemet. Integration av en koncentrator i en befintlig indunstningsupps\u00e4ttning g\u00f6r det hela \u00e4nnu mer komplicerat. Lundbergs ingenj\u00f6rer tar alla dessa faktorer i ber\u00e4kning n\u00e4r de konstruerar koncentratorsystemet f\u00f6r att erbjuda bruket det mest kostnadseffektiva och ekonomiska systemet.<\/p>\n<p>Lundberg \u00e4r unika inom tekniken bakom koncentratorer med fl\u00f6dad forcerad cirkulation f\u00f6r pappersindustrin. Denna teknik anv\u00e4nder forcerad lutcirkulation genom v\u00e4rmarens r\u00f6rsida och lutet har ett mottryck f\u00f6r att f\u00f6rhindra kokning. Det superv\u00e4rmda lutet leds till ett expansionsk\u00e4rl d\u00e4r den kan expandera och j\u00e4mnas ut vid en l\u00e4gre temperatur. Temperaturf\u00f6r\u00e4ndringen resulterar i vattenf\u00f6r\u00e5ngning fr\u00e5n lutet. Denna process \u00e4r s\u00e4rskilt l\u00e4mplig f\u00f6r lut med tendens till stor skalning, eftersom det inte sker n\u00e5gon f\u00f6r\u00e4ndring av lutet p\u00e5 v\u00e4rmningsytan. Dessutom eftersom lutet forceras genom r\u00f6ren, fl\u00f6das r\u00f6rbuntet och det finns inga problem med lutdistributionen.<br \/>\n[\/et_pb_text][\/et_pb_column][\/et_pb_row][\/et_pb_section]<\/p>\n","protected":false},"excerpt":{"rendered":"<p>Lundberg erbjuder svartlut-koncentratorsystem f\u00f6r torrhalter som \u00f6verstiger 80 procent. Dessa system kan vara frist\u00e5ende, integrerade med multipelindunstare eller integrerade med ett f\u00f6rindunstningssystem. Lundberg erbjuder fl\u00f6dad forcerad cirkulation (FFC), tunnskikt eller en blandning av tunnskikt och fl\u00f6dad forcerad cirkulation, beroende p\u00e5 v\u00e5ra kunders behov. Att integrera koncentratorn i ett indunstningssystem kr\u00e4ver en omsorgsfull balans mellan energi- [&hellip;]<\/p>\n","protected":false},"author":1,"featured_media":0,"parent":220613,"menu_order":0,"comment_status":"closed","ping_status":"closed","template":"","meta":{"_acf_changed":false,"_et_pb_use_builder":"on","_et_pb_old_content":"","_et_gb_content_width":"","_monsterinsights_skip_tracking":false,"_monsterinsights_sitenote_active":false,"_monsterinsights_sitenote_note":"","_monsterinsights_sitenote_category":0,"footnotes":""},"class_list":["post-220619","page","type-page","status-publish","hentry"],"acf":[],"_links":{"self":[{"href":"https:\/\/lundbergtechnologies.com\/sv\/wp-json\/wp\/v2\/pages\/220619","targetHints":{"allow":["GET"]}}],"collection":[{"href":"https:\/\/lundbergtechnologies.com\/sv\/wp-json\/wp\/v2\/pages"}],"about":[{"href":"https:\/\/lundbergtechnologies.com\/sv\/wp-json\/wp\/v2\/types\/page"}],"author":[{"embeddable":true,"href":"https:\/\/lundbergtechnologies.com\/sv\/wp-json\/wp\/v2\/users\/1"}],"replies":[{"embeddable":true,"href":"https:\/\/lundbergtechnologies.com\/sv\/wp-json\/wp\/v2\/comments?post=220619"}],"version-history":[{"count":0,"href":"https:\/\/lundbergtechnologies.com\/sv\/wp-json\/wp\/v2\/pages\/220619\/revisions"}],"up":[{"embeddable":true,"href":"https:\/\/lundbergtechnologies.com\/sv\/wp-json\/wp\/v2\/pages\/220613"}],"wp:attachment":[{"href":"https:\/\/lundbergtechnologies.com\/sv\/wp-json\/wp\/v2\/media?parent=220619"}],"curies":[{"name":"wp","href":"https:\/\/api.w.org\/{rel}","templated":true}]}}