{"id":220620,"date":"2019-02-27T18:35:02","date_gmt":"2019-02-28T01:35:02","guid":{"rendered":"https:\/\/lundbergtechnologies.com\/indunstare\/multipelindunstare\/"},"modified":"2019-02-27T18:35:06","modified_gmt":"2019-02-28T01:35:06","slug":"multipelindunstare","status":"publish","type":"page","link":"https:\/\/lundbergtechnologies.com\/sv\/indunstare\/multipelindunstare\/","title":{"rendered":"Multipelindunstare"},"content":{"rendered":"<p>[et_pb_section bb_built=&#8221;1&#8243; custom_padding_last_edited=&#8221;on|phone&#8221; module_class=&#8221;vb-hero&#8221; _builder_version=&#8221;3.15&#8243; background_color_gradient_direction=&#8221;128deg&#8221; background_image=&#8221;\/wp-content\/uploads\/2018\/08\/lundberg_home_hero.jpg&#8221; background_position=&#8221;center_right&#8221; max_width_last_edited=&#8221;on|phone&#8221; custom_margin=&#8221;|||0px&#8221; custom_padding=&#8221;30px||30px||true&#8221; custom_padding_phone=&#8221;0px|0px|0px|0px&#8221; next_background_color=&#8221;#ffffff&#8221;][et_pb_row custom_padding=&#8221;|||&#8221; custom_padding_tablet=&#8221;25px|||&#8221; custom_padding_phone=&#8221;38px|||&#8221; custom_margin=&#8221;|||39px&#8221; custom_padding_last_edited=&#8221;on|phone&#8221; _builder_version=&#8221;3.15&#8243; module_alignment=&#8221;left&#8221; custom_margin_phone=&#8221;|||0px&#8221; custom_margin_last_edited=&#8221;on|phone&#8221; use_custom_width=&#8221;on&#8221; width_unit=&#8221;off&#8221; custom_width_percent=&#8221;70%&#8221; custom_margin_tablet=&#8221;|||45px&#8221;][et_pb_column type=&#8221;4_4&#8243;][et_pb_post_title meta=&#8221;off&#8221; featured_image=&#8221;off&#8221; module_class=&#8221;title-text&#8221; _builder_version=&#8221;3.15&#8243; title_font=&#8221;Lato|700|||||||&#8221; title_text_align=&#8221;left&#8221; title_font_size=&#8221;42px&#8221; title_font_size_tablet=&#8221;33px&#8221; title_font_size_phone=&#8221;26px&#8221; title_font_size_last_edited=&#8221;on|phone&#8221; background_color=&#8221;rgba(4,32,56,0.9)&#8221; custom_margin=&#8221;|100px|0px|&#8221; custom_margin_tablet=&#8221;|100px||&#8221; custom_margin_phone=&#8221;|60px||&#8221; custom_margin_last_edited=&#8221;on|phone&#8221; custom_padding=&#8221;33px||10px|35px&#8221; custom_padding_tablet=&#8221;30px|0px|15px|14px&#8221; custom_padding_phone=&#8221;|||7px&#8221; custom_padding_last_edited=&#8221;on|tablet&#8221; \/][et_pb_text module_class=&#8221;title-sub-text&#8221; _builder_version=&#8221;3.15&#8243; text_text_color=&#8221;#ffffff&#8221; text_font_size=&#8221;18px&#8221; text_font_size_tablet=&#8221;17px&#8221; text_font_size_phone=&#8221;16px&#8221; text_font_size_last_edited=&#8221;on|phone&#8221; text_line_height=&#8221;1.6em&#8221; background_color=&#8221;#042038&#8243; custom_margin=&#8221;0px|100px|0px|&#8221; custom_margin_phone=&#8221;|60px||&#8221; custom_margin_last_edited=&#8221;on|phone&#8221; custom_padding=&#8221;10px|24px|34px|40px||false&#8221; custom_padding_tablet=&#8221;10px|20px||10px||false&#8221; custom_padding_phone=&#8221;10px|20px|18px|20px||true&#8221; custom_padding_last_edited=&#8221;on|desktop&#8221;]<\/p>\n<p>Lundberg erbjuder en full upps\u00e4ttning med indunstare bland annat integrerad koncentrator och kondensatstrippningssystem enligt vad som beh\u00f6vs.<\/p>\n<p>[\/et_pb_text][\/et_pb_column][\/et_pb_row][\/et_pb_section][et_pb_section bb_built=&#8221;1&#8243; prev_background_color=&#8221;#000000&#8243;][et_pb_row _builder_version=&#8221;3.15&#8243;][et_pb_column type=&#8221;2_5&#8243;][et_pb_image _builder_version=&#8221;3.15&#8243; src=&#8221;https:\/\/lundbergtechnologies.com\/wp-content\/uploads\/2018\/09\/multiple-effect-evaporators.jpg&#8221; always_center_on_mobile=&#8221;off&#8221; \/][\/et_pb_column][et_pb_column type=&#8221;3_5&#8243;][et_pb_text _builder_version=&#8221;3.15&#8243; header_4_line_height=&#8221;1.4em&#8221;]<\/p>\n<p>Systemen som vi erbjuder \u00e4r konstruerade f\u00f6r att hantera den specifika naturen f\u00f6r lutet i fr\u00e5ga, fr\u00e5n de enklaste barrvedsluten till de mest komplicerade luten som vetehalm och blast. Vi erbjuder system f\u00f6r alla typer av kokningsprocesser, bland annat sulfat, sulfit och sodabaserade system. Alla av Lundbergs indunstningssystem har en r\u00f6rformig konstruktion. Vi \u00f6verv\u00e4ger ett antal faktorer i konstruktionen av ett indunstningssystem f\u00f6r att erbjuda den b\u00e4sta l\u00f6sningen f\u00f6r lutet i fr\u00e5ga, bland annat ekonomi, skalningstendenser och produktens \u00f6nskade torrhalt.<\/p>\n<p>Lutfl\u00f6dessekvensen f\u00f6r indunstningssystemet \u00e4r konstruerad f\u00f6r att maximera systemets \u00e5ngekonomi och kondensatseparation. Antalet indunstningseffekter kan vara allt fr\u00e5n fem till \u00e5tta, beroende p\u00e5 kundens behov och tekniken som har valts.<\/p>\n<p>V\u00e4rmen fr\u00e5n kondensatstrippern kan \u00e5tervinnas i indunstaren genom att integrera \u00e5terloppskylaren. \u00c5terloppskylaren kan v\u00e4rma upp inter-effektlut, generera ren \u00e5nga f\u00f6r att driva indunstarens f\u00f6rsta effekt eller kan anv\u00e4ndas som en tunnskiktsindunstare.<\/p>\n<p>[\/et_pb_text][\/et_pb_column][\/et_pb_row][\/et_pb_section]<\/p>\n","protected":false},"excerpt":{"rendered":"<p>Lundberg erbjuder en full upps\u00e4ttning med indunstare bland annat integrerad koncentrator och kondensatstrippningssystem enligt vad som beh\u00f6vs. Systemen som vi erbjuder \u00e4r konstruerade f\u00f6r att hantera den specifika naturen f\u00f6r lutet i fr\u00e5ga, fr\u00e5n de enklaste barrvedsluten till de mest komplicerade luten som vetehalm och blast. Vi erbjuder system f\u00f6r alla typer av kokningsprocesser, bland [&hellip;]<\/p>\n","protected":false},"author":1,"featured_media":0,"parent":220613,"menu_order":0,"comment_status":"closed","ping_status":"closed","template":"","meta":{"_acf_changed":false,"_et_pb_use_builder":"on","_et_pb_old_content":"","_et_gb_content_width":"","_monsterinsights_skip_tracking":false,"_monsterinsights_sitenote_active":false,"_monsterinsights_sitenote_note":"","_monsterinsights_sitenote_category":0,"footnotes":""},"class_list":["post-220620","page","type-page","status-publish","hentry"],"acf":[],"_links":{"self":[{"href":"https:\/\/lundbergtechnologies.com\/sv\/wp-json\/wp\/v2\/pages\/220620","targetHints":{"allow":["GET"]}}],"collection":[{"href":"https:\/\/lundbergtechnologies.com\/sv\/wp-json\/wp\/v2\/pages"}],"about":[{"href":"https:\/\/lundbergtechnologies.com\/sv\/wp-json\/wp\/v2\/types\/page"}],"author":[{"embeddable":true,"href":"https:\/\/lundbergtechnologies.com\/sv\/wp-json\/wp\/v2\/users\/1"}],"replies":[{"embeddable":true,"href":"https:\/\/lundbergtechnologies.com\/sv\/wp-json\/wp\/v2\/comments?post=220620"}],"version-history":[{"count":0,"href":"https:\/\/lundbergtechnologies.com\/sv\/wp-json\/wp\/v2\/pages\/220620\/revisions"}],"up":[{"embeddable":true,"href":"https:\/\/lundbergtechnologies.com\/sv\/wp-json\/wp\/v2\/pages\/220613"}],"wp:attachment":[{"href":"https:\/\/lundbergtechnologies.com\/sv\/wp-json\/wp\/v2\/media?parent=220620"}],"curies":[{"name":"wp","href":"https:\/\/api.w.org\/{rel}","templated":true}]}}