{"id":220621,"date":"2019-02-27T18:36:20","date_gmt":"2019-02-28T01:36:20","guid":{"rendered":"https:\/\/lundbergtechnologies.com\/indunstare\/forindunstare\/"},"modified":"2019-02-27T18:36:24","modified_gmt":"2019-02-28T01:36:24","slug":"forindunstare","status":"publish","type":"page","link":"https:\/\/lundbergtechnologies.com\/sv\/indunstare\/forindunstare\/","title":{"rendered":"F\u00f6rindunstare"},"content":{"rendered":"<p>[et_pb_section bb_built=&#8221;1&#8243; custom_padding_last_edited=&#8221;on|phone&#8221; module_class=&#8221;vb-hero&#8221; _builder_version=&#8221;3.15&#8243; background_color_gradient_direction=&#8221;128deg&#8221; background_image=&#8221;\/wp-content\/uploads\/2018\/08\/lundberg_home_hero.jpg&#8221; background_position=&#8221;center_right&#8221; max_width_last_edited=&#8221;on|phone&#8221; custom_margin=&#8221;|||0px&#8221; custom_padding=&#8221;30px||30px||true&#8221; custom_padding_phone=&#8221;0px|0px|0px|0px&#8221; next_background_color=&#8221;#ffffff&#8221;][et_pb_row custom_padding=&#8221;|||&#8221; custom_padding_tablet=&#8221;25px|||&#8221; custom_padding_phone=&#8221;38px|||&#8221; custom_margin=&#8221;|||39px&#8221; custom_padding_last_edited=&#8221;on|phone&#8221; _builder_version=&#8221;3.15&#8243; module_alignment=&#8221;left&#8221; custom_margin_phone=&#8221;|||0px&#8221; custom_margin_last_edited=&#8221;on|phone&#8221; use_custom_width=&#8221;on&#8221; width_unit=&#8221;off&#8221; custom_width_percent=&#8221;70%&#8221; custom_margin_tablet=&#8221;|||45px&#8221;][et_pb_column type=&#8221;4_4&#8243;][et_pb_post_title meta=&#8221;off&#8221; featured_image=&#8221;off&#8221; module_class=&#8221;title-text&#8221; _builder_version=&#8221;3.15&#8243; title_font=&#8221;Lato|700|||||||&#8221; title_text_align=&#8221;left&#8221; title_font_size=&#8221;42px&#8221; title_font_size_tablet=&#8221;33px&#8221; title_font_size_phone=&#8221;26px&#8221; title_font_size_last_edited=&#8221;on|phone&#8221; background_color=&#8221;rgba(4,32,56,0.9)&#8221; custom_margin=&#8221;|100px|0px|&#8221; custom_margin_tablet=&#8221;|100px||&#8221; custom_margin_phone=&#8221;|60px||&#8221; custom_margin_last_edited=&#8221;on|phone&#8221; custom_padding=&#8221;33px||10px|35px&#8221; custom_padding_tablet=&#8221;30px|0px|15px|14px&#8221; custom_padding_phone=&#8221;|||7px&#8221; custom_padding_last_edited=&#8221;on|tablet&#8221; \/][et_pb_text module_class=&#8221;title-sub-text&#8221; _builder_version=&#8221;3.15&#8243; text_text_color=&#8221;#ffffff&#8221; text_font_size=&#8221;18px&#8221; text_font_size_tablet=&#8221;17px&#8221; text_font_size_phone=&#8221;16px&#8221; text_font_size_last_edited=&#8221;on|phone&#8221; text_line_height=&#8221;1.6em&#8221; background_color=&#8221;#042038&#8243; custom_margin=&#8221;0px|100px|0px|&#8221; custom_margin_phone=&#8221;|60px||&#8221; custom_margin_last_edited=&#8221;on|phone&#8221; custom_padding=&#8221;10px|24px|34px|40px||false&#8221; custom_padding_tablet=&#8221;10px|20px||10px||false&#8221; custom_padding_phone=&#8221;10px|20px|18px|20px||true&#8221; custom_padding_last_edited=&#8221;on|desktop&#8221;]<\/p>\n<p>F\u00f6rindunstningssystem anv\u00e4nder spillv\u00e4rme f\u00f6r att indunsta svagt lut innan den huvudsakliga indunstningsstr\u00e4ckan.<\/p>\n<p>[\/et_pb_text][\/et_pb_column][\/et_pb_row][\/et_pb_section][et_pb_section bb_built=&#8221;1&#8243; prev_background_color=&#8221;#000000&#8243;][et_pb_row _builder_version=&#8221;3.15&#8243;][et_pb_column type=&#8221;2_5&#8243;][et_pb_image _builder_version=&#8221;3.15&#8243; src=&#8221;https:\/\/lundbergtechnologies.com\/wp-content\/uploads\/2018\/09\/pre-evaporators.jpg&#8221; always_center_on_mobile=&#8221;off&#8221; \/][\/et_pb_column][et_pb_column type=&#8221;3_5&#8243;][et_pb_text _builder_version=&#8221;3.15&#8243; header_4_line_height=&#8221;1.4em&#8221;]<\/p>\n<p>Framf\u00f6rallt anv\u00e4nds tre v\u00e4rmek\u00e4llor i f\u00f6rindunstningssystem: v\u00e4rme fr\u00e5n bl\u00e5sv\u00e4rmesystem, v\u00e4rme fr\u00e5n frist\u00e5ende koncentrator eller v\u00e4rme fr\u00e5n expansionsk\u00e4rl f\u00f6r att extrahera lut i kontinuerliga kokare. M\u00e4ngden indunstning som kan uppn\u00e5s beror p\u00e5 b\u00e5de tillg\u00e4nglig v\u00e4rmem\u00e4ngd och antalet effekter i systemet. N\u00e4r \u00e4n en f\u00f6rindunstare installeras, m\u00e5ste det beaktas dess inverkan p\u00e5 befintliga multipelindunstningssystem, s\u00e4rskilt effekten fr\u00e5n matade \u00e4mnen med h\u00f6g torrhalt.<\/p>\n<p>Ut\u00f6ver att anv\u00e4nda spillv\u00e4rme, \u00e4r kondensatsepareringen en av de stora f\u00f6rdelarna med f\u00f6rindunstningssystem. F\u00f6rindunstaren strippar huvudmassan fr\u00e5n TRS och VOC fr\u00e5n lut som uppst\u00e5r i indunstningssystemets kondensat som \u00e4r v\u00e4sentligt renare.<\/p>\n<p>[\/et_pb_text][\/et_pb_column][\/et_pb_row][\/et_pb_section]<\/p>\n","protected":false},"excerpt":{"rendered":"<p>F\u00f6rindunstningssystem anv\u00e4nder spillv\u00e4rme f\u00f6r att indunsta svagt lut innan den huvudsakliga indunstningsstr\u00e4ckan. Framf\u00f6rallt anv\u00e4nds tre v\u00e4rmek\u00e4llor i f\u00f6rindunstningssystem: v\u00e4rme fr\u00e5n bl\u00e5sv\u00e4rmesystem, v\u00e4rme fr\u00e5n frist\u00e5ende koncentrator eller v\u00e4rme fr\u00e5n expansionsk\u00e4rl f\u00f6r att extrahera lut i kontinuerliga kokare. M\u00e4ngden indunstning som kan uppn\u00e5s beror p\u00e5 b\u00e5de tillg\u00e4nglig v\u00e4rmem\u00e4ngd och antalet effekter i systemet. N\u00e4r \u00e4n en f\u00f6rindunstare [&hellip;]<\/p>\n","protected":false},"author":1,"featured_media":0,"parent":220613,"menu_order":0,"comment_status":"closed","ping_status":"closed","template":"","meta":{"_acf_changed":false,"_et_pb_use_builder":"on","_et_pb_old_content":"","_et_gb_content_width":"","_monsterinsights_skip_tracking":false,"_monsterinsights_sitenote_active":false,"_monsterinsights_sitenote_note":"","_monsterinsights_sitenote_category":0,"footnotes":""},"class_list":["post-220621","page","type-page","status-publish","hentry"],"acf":[],"_links":{"self":[{"href":"https:\/\/lundbergtechnologies.com\/sv\/wp-json\/wp\/v2\/pages\/220621","targetHints":{"allow":["GET"]}}],"collection":[{"href":"https:\/\/lundbergtechnologies.com\/sv\/wp-json\/wp\/v2\/pages"}],"about":[{"href":"https:\/\/lundbergtechnologies.com\/sv\/wp-json\/wp\/v2\/types\/page"}],"author":[{"embeddable":true,"href":"https:\/\/lundbergtechnologies.com\/sv\/wp-json\/wp\/v2\/users\/1"}],"replies":[{"embeddable":true,"href":"https:\/\/lundbergtechnologies.com\/sv\/wp-json\/wp\/v2\/comments?post=220621"}],"version-history":[{"count":0,"href":"https:\/\/lundbergtechnologies.com\/sv\/wp-json\/wp\/v2\/pages\/220621\/revisions"}],"up":[{"embeddable":true,"href":"https:\/\/lundbergtechnologies.com\/sv\/wp-json\/wp\/v2\/pages\/220613"}],"wp:attachment":[{"href":"https:\/\/lundbergtechnologies.com\/sv\/wp-json\/wp\/v2\/media?parent=220621"}],"curies":[{"name":"wp","href":"https:\/\/api.w.org\/{rel}","templated":true}]}}