{"id":220629,"date":"2019-02-27T18:44:47","date_gmt":"2019-02-28T01:44:47","guid":{"rendered":"https:\/\/lundbergtechnologies.com\/miljo\/oxidation-av-svartlut\/"},"modified":"2019-02-27T18:44:51","modified_gmt":"2019-02-28T01:44:51","slug":"oxidation-av-svartlut","status":"publish","type":"page","link":"https:\/\/lundbergtechnologies.com\/sv\/miljo\/oxidation-av-svartlut\/","title":{"rendered":"Oxidation av svartlut"},"content":{"rendered":"<p>[et_pb_section fb_built=&#8221;1&#8243; custom_padding_last_edited=&#8221;on|phone&#8221; module_class=&#8221;vb-hero&#8221; _builder_version=&#8221;3.15&#8243; background_color_gradient_direction=&#8221;128deg&#8221; background_image=&#8221;\/wp-content\/uploads\/2018\/08\/lundberg_home_hero.jpg&#8221; background_position=&#8221;center_right&#8221; max_width_last_edited=&#8221;on|phone&#8221; custom_margin=&#8221;|||0px&#8221; custom_padding=&#8221;30px||30px||true&#8221; custom_padding_phone=&#8221;0px|0px|0px|0px&#8221;][et_pb_row use_custom_width=&#8221;on&#8221; width_unit=&#8221;off&#8221; custom_width_percent=&#8221;70%&#8221; custom_padding=&#8221;|||&#8221; custom_padding_tablet=&#8221;25px|||&#8221; custom_padding_phone=&#8221;38px|||&#8221; custom_margin=&#8221;|||39px&#8221; custom_padding_last_edited=&#8221;on|phone&#8221; _builder_version=&#8221;3.15&#8243; module_alignment=&#8221;left&#8221; custom_margin_tablet=&#8221;|||45px&#8221; custom_margin_phone=&#8221;|||0px&#8221; custom_margin_last_edited=&#8221;on|phone&#8221;][et_pb_column type=&#8221;4_4&#8243; _builder_version=&#8221;3.0.47&#8243; parallax=&#8221;off&#8221; parallax_method=&#8221;on&#8221;][et_pb_post_title meta=&#8221;off&#8221; featured_image=&#8221;off&#8221; module_class=&#8221;title-text&#8221; _builder_version=&#8221;3.15&#8243; title_font=&#8221;Lato|700|||||||&#8221; title_text_align=&#8221;left&#8221; title_font_size=&#8221;42px&#8221; title_font_size_tablet=&#8221;33px&#8221; title_font_size_phone=&#8221;26px&#8221; title_font_size_last_edited=&#8221;on|phone&#8221; background_color=&#8221;rgba(4,32,56,0.9)&#8221; custom_margin=&#8221;|100px|0px|&#8221; custom_margin_tablet=&#8221;|100px||&#8221; custom_margin_phone=&#8221;|60px||&#8221; custom_margin_last_edited=&#8221;on|phone&#8221; custom_padding=&#8221;33px||10px|35px&#8221; custom_padding_tablet=&#8221;30px|0px|15px|14px&#8221; custom_padding_phone=&#8221;|||7px&#8221; custom_padding_last_edited=&#8221;on|tablet&#8221;][\/et_pb_post_title][et_pb_text module_class=&#8221;title-sub-text&#8221; _builder_version=&#8221;3.15&#8243; text_text_color=&#8221;#ffffff&#8221; text_font_size=&#8221;18px&#8221; text_font_size_tablet=&#8221;17px&#8221; text_font_size_phone=&#8221;16px&#8221; text_font_size_last_edited=&#8221;on|phone&#8221; text_line_height=&#8221;1.6em&#8221; background_color=&#8221;#042038&#8243; custom_margin=&#8221;0px|100px|0px|&#8221; custom_margin_phone=&#8221;|60px||&#8221; custom_margin_last_edited=&#8221;on|phone&#8221; custom_padding=&#8221;10px|24px|34px|40px||false&#8221; custom_padding_tablet=&#8221;10px|20px||10px||false&#8221; custom_padding_phone=&#8221;10px|20px|18px|20px||true&#8221; custom_padding_last_edited=&#8221;on|desktop&#8221;]Lundberg var pionj\u00e4rer inom konsten att oxidera svartlut. M\u00e5nga sodapannor anv\u00e4nder fortfarande indunstning med direktkontakt f\u00f6r att \u00f6ka torrhalten som f\u00f6rbr\u00e4nns i pannan.<\/p>\n<p>&nbsp;<br \/>\n[\/et_pb_text][\/et_pb_column][\/et_pb_row][\/et_pb_section][et_pb_section fb_built=&#8221;1&#8243; _builder_version=&#8221;3.0.47&#8243;][et_pb_row _builder_version=&#8221;3.15&#8243;][et_pb_column type=&#8221;2_5&#8243; _builder_version=&#8221;3.0.47&#8243; parallax=&#8221;off&#8221; parallax_method=&#8221;on&#8221;][et_pb_image src=&#8221;https:\/\/lundbergtechnologies.com\/wp-content\/uploads\/2018\/10\/Tech-Env-BLOX.jpg&#8221; always_center_on_mobile=&#8221;off&#8221; _builder_version=&#8221;3.15&#8243;][\/et_pb_image][\/et_pb_column][et_pb_column type=&#8221;3_5&#8243; _builder_version=&#8221;3.0.47&#8243; parallax=&#8221;off&#8221; parallax_method=&#8221;on&#8221;][et_pb_text _builder_version=&#8221;3.15&#8243; header_4_line_height=&#8221;1.4em&#8221;]<\/p>\n<ul>\n<li>Oxidationssystem kan installeras p\u00e5 antingen det svaga eller starka lutet, men det starka f\u00f6redras.<\/li>\n<li>Lundberg anv\u00e4nder en egenutvecklad spridare f\u00f6r att maximera kontakten mellan luften och svartlutet f\u00f6r att f\u00f6rb\u00e4ttra effektiviteten och minimera br\u00e4nslef\u00f6rbrukningen f\u00f6r detta kritiska milj\u00f6kontrollsystem.<\/li>\n<\/ul>\n<p>[\/et_pb_text][\/et_pb_column][\/et_pb_row][\/et_pb_section]<\/p>\n","protected":false},"excerpt":{"rendered":"<p>Lundberg var pionj\u00e4rer inom konsten att oxidera svartlut. M\u00e5nga sodapannor anv\u00e4nder fortfarande indunstning med direktkontakt f\u00f6r att \u00f6ka torrhalten som f\u00f6rbr\u00e4nns i pannan. &nbsp; Oxidationssystem kan installeras p\u00e5 antingen det svaga eller starka lutet, men det starka f\u00f6redras. Lundberg anv\u00e4nder en egenutvecklad spridare f\u00f6r att maximera kontakten mellan luften och svartlutet f\u00f6r att f\u00f6rb\u00e4ttra effektiviteten [&hellip;]<\/p>\n","protected":false},"author":1,"featured_media":0,"parent":220612,"menu_order":0,"comment_status":"closed","ping_status":"closed","template":"","meta":{"_acf_changed":false,"_et_pb_use_builder":"on","_et_pb_old_content":"<p>[et_pb_section bb_built=\"1\" custom_padding_last_edited=\"on|phone\" module_class=\"vb-hero\" _builder_version=\"3.15\" background_color_gradient_direction=\"128deg\" background_image=\"\/wp-content\/uploads\/2018\/08\/lundberg_home_hero.jpg\" background_position=\"center_right\" max_width_last_edited=\"on|phone\" custom_margin=\"|||0px\" custom_padding=\"30px||30px||true\" custom_padding_phone=\"0px|0px|0px|0px\" next_background_color=\"#ffffff\"][et_pb_row custom_padding=\"|||\" custom_padding_tablet=\"25px|||\" custom_padding_phone=\"38px|||\" custom_margin=\"|||39px\" custom_padding_last_edited=\"on|phone\" _builder_version=\"3.15\" module_alignment=\"left\" custom_margin_phone=\"|||0px\" custom_margin_last_edited=\"on|phone\" use_custom_width=\"on\" width_unit=\"off\" custom_width_percent=\"70%\" custom_margin_tablet=\"|||45px\"][et_pb_column type=\"4_4\"][et_pb_post_title meta=\"off\" featured_image=\"off\" module_class=\"title-text\" _builder_version=\"3.15\" title_font=\"Lato|700|||||||\" title_text_align=\"left\" title_font_size=\"42px\" title_font_size_tablet=\"33px\" title_font_size_phone=\"26px\" title_font_size_last_edited=\"on|phone\" background_color=\"rgba(4,32,56,0.9)\" custom_margin=\"|100px|0px|\" custom_margin_tablet=\"|100px||\" custom_margin_phone=\"|60px||\" custom_margin_last_edited=\"on|phone\" custom_padding=\"33px||10px|35px\" custom_padding_tablet=\"30px|0px|15px|14px\" custom_padding_phone=\"|||7px\" custom_padding_last_edited=\"on|tablet\" \/][et_pb_text module_class=\"title-sub-text\" _builder_version=\"3.15\" text_text_color=\"#ffffff\" text_font_size=\"18px\" text_font_size_tablet=\"17px\" text_font_size_phone=\"16px\" text_font_size_last_edited=\"on|phone\" text_line_height=\"1.6em\" background_color=\"#042038\" custom_margin=\"0px|100px|0px|\" custom_margin_phone=\"|60px||\" custom_margin_last_edited=\"on|phone\" custom_padding=\"10px|24px|34px|40px||false\" custom_padding_tablet=\"10px|20px||10px||false\" custom_padding_phone=\"10px|20px|18px|20px||true\" custom_padding_last_edited=\"on|desktop\"]<\/p><p>The Lundberg dedicated thermal oxidizer systems have been developed over the years for harsh industrial environments. Our designs include direct fired oxidizers, regenerative thermal oxidizers, and regenerative catalytic oxidizers.<\/p><p>[\/et_pb_text][\/et_pb_column][\/et_pb_row][\/et_pb_section][et_pb_section bb_built=\"1\" prev_background_color=\"#000000\" next_background_color=\"#ebebeb\"][et_pb_row _builder_version=\"3.15\"][et_pb_column type=\"2_5\"][et_pb_image _builder_version=\"3.15\" src=\"https:\/\/lundbergtechnologies.com\/wp-content\/uploads\/2018\/09\/thermal-oxidizers.jpg\" always_center_on_mobile=\"off\" \/][\/et_pb_column][et_pb_column type=\"3_5\"][et_pb_text _builder_version=\"3.15\" header_4_line_height=\"1.4em\"]<\/p><h4>These systems are designed to combust a wide variety of industrial pollutants and to meet or exceed all environmental requirements.<\/h4><ul><li>Our direct fired oxidizers can serve as either a primary incineration point or a back-up incineration point for a wide variety of air pollutants.<\/li><li>Fast start-up capabilities for a back-up incineration point minimizes fuel consumption.<\/li><li>Lundberg\u2019s thermal oxidizer can meet all current limits for the emissions of NOx, sulfur dioxide, carbon monoxide, sulfuric acid mist, TRS, VOC and particulate.<\/li><li>A fire tube waste heat boiler to generate medium pressure steam can be installed on your direct fired oxidizer if additional steam production is desired.<\/li><li>Lundberg\u2019s GeoTherm\u00ae Regenerative Thermal Oxidizers (RTO) and GeoCat\u00ae Regenerative Catalytic Oxidizers (RCO) are a proven economical and energy-efficient family of technologies designed to maximize the destruction of VOC\u2019s while minimizing fuel consumption.<\/li><li>A GeoCat\u00ae RTO can reduce operating costs by operating at lower temperatures than typical RTO\u2019s.<\/li><\/ul><p>[\/et_pb_text][\/et_pb_column][\/et_pb_row][\/et_pb_section][et_pb_section bb_built=\"1\" specialty=\"off\" prev_background_color=\"#ffffff\" _builder_version=\"3.15\" background_color=\"#ebebeb\"][et_pb_row _builder_version=\"3.15\"][et_pb_column type=\"4_4\"][et_pb_text _builder_version=\"3.15\" header_line_height=\"1.4em\"]<\/p><h4>Related:<\/h4><p>[\/et_pb_text][\/et_pb_column][\/et_pb_row][et_pb_row _builder_version=\"3.15\"][et_pb_column type=\"1_2\"][et_pb_text _builder_version=\"3.15\"]<\/p><p>[Insert Data Table with Related Documents]<\/p><p>[\/et_pb_text][\/et_pb_column][et_pb_column type=\"1_2\"][\/et_pb_column][\/et_pb_row][\/et_pb_section]<\/p>","_et_gb_content_width":"","_monsterinsights_skip_tracking":false,"_monsterinsights_sitenote_active":false,"_monsterinsights_sitenote_note":"","_monsterinsights_sitenote_category":0,"footnotes":""},"class_list":["post-220629","page","type-page","status-publish","hentry"],"acf":[],"_links":{"self":[{"href":"https:\/\/lundbergtechnologies.com\/sv\/wp-json\/wp\/v2\/pages\/220629","targetHints":{"allow":["GET"]}}],"collection":[{"href":"https:\/\/lundbergtechnologies.com\/sv\/wp-json\/wp\/v2\/pages"}],"about":[{"href":"https:\/\/lundbergtechnologies.com\/sv\/wp-json\/wp\/v2\/types\/page"}],"author":[{"embeddable":true,"href":"https:\/\/lundbergtechnologies.com\/sv\/wp-json\/wp\/v2\/users\/1"}],"replies":[{"embeddable":true,"href":"https:\/\/lundbergtechnologies.com\/sv\/wp-json\/wp\/v2\/comments?post=220629"}],"version-history":[{"count":0,"href":"https:\/\/lundbergtechnologies.com\/sv\/wp-json\/wp\/v2\/pages\/220629\/revisions"}],"up":[{"embeddable":true,"href":"https:\/\/lundbergtechnologies.com\/sv\/wp-json\/wp\/v2\/pages\/220612"}],"wp:attachment":[{"href":"https:\/\/lundbergtechnologies.com\/sv\/wp-json\/wp\/v2\/media?parent=220629"}],"curies":[{"name":"wp","href":"https:\/\/api.w.org\/{rel}","templated":true}]}}