{"id":220631,"date":"2019-02-27T18:49:37","date_gmt":"2019-02-28T01:49:37","guid":{"rendered":"https:\/\/lundbergtechnologies.com\/miljo\/ncg-system\/"},"modified":"2019-02-27T18:49:41","modified_gmt":"2019-02-28T01:49:41","slug":"ncg-system","status":"publish","type":"page","link":"https:\/\/lundbergtechnologies.com\/sv\/miljo\/ncg-system\/","title":{"rendered":"NCG-system"},"content":{"rendered":"<p>[et_pb_section fb_built=&#8221;1&#8243; custom_padding_last_edited=&#8221;on|phone&#8221; module_class=&#8221;vb-hero&#8221; _builder_version=&#8221;3.15&#8243; background_color_gradient_direction=&#8221;128deg&#8221; background_image=&#8221;\/wp-content\/uploads\/2018\/08\/lundberg_home_hero.jpg&#8221; background_position=&#8221;center_right&#8221; max_width_last_edited=&#8221;on|phone&#8221; custom_margin=&#8221;|||0px&#8221; custom_padding=&#8221;30px||30px||true&#8221; custom_padding_phone=&#8221;0px|0px|0px|0px&#8221;][et_pb_row use_custom_width=&#8221;on&#8221; width_unit=&#8221;off&#8221; custom_width_percent=&#8221;70%&#8221; custom_padding=&#8221;|||&#8221; custom_padding_tablet=&#8221;25px|||&#8221; custom_padding_phone=&#8221;38px|||&#8221; custom_margin=&#8221;|||39px&#8221; custom_padding_last_edited=&#8221;on|phone&#8221; _builder_version=&#8221;3.15&#8243; module_alignment=&#8221;left&#8221; custom_margin_tablet=&#8221;|||45px&#8221; custom_margin_phone=&#8221;|||0px&#8221; custom_margin_last_edited=&#8221;on|phone&#8221;][et_pb_column type=&#8221;4_4&#8243; _builder_version=&#8221;3.0.47&#8243; parallax=&#8221;off&#8221; parallax_method=&#8221;on&#8221;][et_pb_post_title meta=&#8221;off&#8221; featured_image=&#8221;off&#8221; module_class=&#8221;title-text&#8221; _builder_version=&#8221;3.15&#8243; title_font=&#8221;Lato|700|||||||&#8221; title_text_align=&#8221;left&#8221; title_font_size=&#8221;42px&#8221; title_font_size_tablet=&#8221;33px&#8221; title_font_size_phone=&#8221;26px&#8221; title_font_size_last_edited=&#8221;on|phone&#8221; background_color=&#8221;rgba(4,32,56,0.9)&#8221; custom_margin=&#8221;|100px|0px|&#8221; custom_margin_tablet=&#8221;|100px||&#8221; custom_margin_phone=&#8221;|60px||&#8221; custom_margin_last_edited=&#8221;on|phone&#8221; custom_padding=&#8221;33px||10px|35px&#8221; custom_padding_tablet=&#8221;30px|0px|15px|14px&#8221; custom_padding_phone=&#8221;|||7px&#8221; custom_padding_last_edited=&#8221;on|tablet&#8221;][\/et_pb_post_title][et_pb_text module_class=&#8221;title-sub-text&#8221; _builder_version=&#8221;3.15&#8243; text_font=&#8221;||||||||&#8221; text_text_color=&#8221;#ffffff&#8221; text_font_size=&#8221;18px&#8221; text_font_size_tablet=&#8221;17px&#8221; text_font_size_phone=&#8221;16px&#8221; text_font_size_last_edited=&#8221;on|phone&#8221; text_line_height=&#8221;1.6em&#8221; background_color=&#8221;#042038&#8243; custom_margin=&#8221;0px|100px|0px|&#8221; custom_margin_phone=&#8221;|60px||&#8221; custom_margin_last_edited=&#8221;on|phone&#8221; custom_padding=&#8221;10px|24px|34px|40px||false&#8221; custom_padding_tablet=&#8221;10px|20px||10px||false&#8221; custom_padding_phone=&#8221;10px|20px|18px|20px||true&#8221; custom_padding_last_edited=&#8221;on|desktop&#8221;]Lundberg konstruerar toppmoderna hanteringssystem f\u00f6r icke-kondenserbara gaser f\u00f6r utsp\u00e4dda, koncentrerade och stripperavgaser. Dessa system \u00e4r konstruerade f\u00f6r s\u00e4krast m\u00f6jliga drift och f\u00f6r att uppfylla de striktaste milj\u00f6reglerna och f\u00f6r att minimera potentiella avluftningsepisoder.<br \/>\n[\/et_pb_text][\/et_pb_column][\/et_pb_row][\/et_pb_section][et_pb_section fb_built=&#8221;1&#8243; _builder_version=&#8221;3.0.47&#8243;][et_pb_row _builder_version=&#8221;3.0.48&#8243; background_size=&#8221;initial&#8221; background_position=&#8221;top_left&#8221; background_repeat=&#8221;repeat&#8221;][et_pb_column type=&#8221;2_5&#8243; _builder_version=&#8221;3.0.47&#8243; parallax=&#8221;off&#8221; parallax_method=&#8221;on&#8221;][et_pb_image src=&#8221;https:\/\/lundbergtechnologies.com\/wp-content\/uploads\/2018\/10\/Tech-Env-NCG-Systems.jpg&#8221; _builder_version=&#8221;3.15&#8243;][\/et_pb_image][\/et_pb_column][et_pb_column type=&#8221;3_5&#8243; _builder_version=&#8221;3.0.47&#8243; parallax=&#8221;off&#8221; parallax_method=&#8221;on&#8221;][et_pb_text _builder_version=&#8221;3.15&#8243;]<\/p>\n<h4><strong>Bland f\u00f6rdelarna med Lundbergs system finns:<\/strong><\/h4>\n<ul>\n<li>V\u00e5ra system \u00e4r designade f\u00f6r att s\u00e4kert och effektivt samla in, transportera och behandla restgaser.<\/li>\n<li>H\u00f6g systemtillg\u00e4nglighet som b\u00e5de uppfyller och g\u00e5r l\u00e4ngre \u00e4n USA:s nya EPA-krav f\u00f6r RTR.<\/li>\n<li>Termisk oxidation av restgaser kan uppn\u00e5s genom sodapannor, kraftpannor, kalkugnar eller dedicerade f\u00f6rbr\u00e4nningsugnar.<\/li>\n<li>Systemen \u00e4r utformade f\u00f6r att uppfylla eller \u00f6vertr\u00e4ffa BLRBAC n\u00e4r restgaser f\u00f6rbr\u00e4nns i sodapannan.<\/li>\n<li>Det erbjuds \u00e4ven rening av sura gaser efter oxidation.<\/li>\n<li>Systemen kan konstrueras med automatisk ventileringsfri \u00f6verf\u00f6ring mellan olika f\u00f6rbr\u00e4nningspunkter.<\/li>\n<li>V\u00e5ra system \u00e4r konstruerade f\u00f6r att minimera intr\u00e5nget av \u00f6verskottsluft i ventilationssystemet.<\/li>\n<li>Det finns systeml\u00e5s f\u00f6r att skydda s\u00e5v\u00e4l personal som systemet.<\/li>\n<li>R\u00f6rlednings- och dr\u00e4neringssystem \u00e4r utformade f\u00f6r att eliminera risken f\u00f6r uppbyggnad av kondensat i r\u00f6rledningar och annan utrustning.<\/li>\n<\/ul>\n<p>[\/et_pb_text][\/et_pb_column][\/et_pb_row][\/et_pb_section]<\/p>\n","protected":false},"excerpt":{"rendered":"<p>Lundberg konstruerar toppmoderna hanteringssystem f\u00f6r icke-kondenserbara gaser f\u00f6r utsp\u00e4dda, koncentrerade och stripperavgaser. Dessa system \u00e4r konstruerade f\u00f6r s\u00e4krast m\u00f6jliga drift och f\u00f6r att uppfylla de striktaste milj\u00f6reglerna och f\u00f6r att minimera potentiella avluftningsepisoder. Bland f\u00f6rdelarna med Lundbergs system finns: V\u00e5ra system \u00e4r designade f\u00f6r att s\u00e4kert och effektivt samla in, transportera och behandla restgaser. H\u00f6g [&hellip;]<\/p>\n","protected":false},"author":1,"featured_media":0,"parent":220612,"menu_order":0,"comment_status":"closed","ping_status":"closed","template":"","meta":{"_acf_changed":false,"_et_pb_use_builder":"on","_et_pb_old_content":"","_et_gb_content_width":"","_monsterinsights_skip_tracking":false,"_monsterinsights_sitenote_active":false,"_monsterinsights_sitenote_note":"","_monsterinsights_sitenote_category":0,"footnotes":""},"class_list":["post-220631","page","type-page","status-publish","hentry"],"acf":[],"_links":{"self":[{"href":"https:\/\/lundbergtechnologies.com\/sv\/wp-json\/wp\/v2\/pages\/220631","targetHints":{"allow":["GET"]}}],"collection":[{"href":"https:\/\/lundbergtechnologies.com\/sv\/wp-json\/wp\/v2\/pages"}],"about":[{"href":"https:\/\/lundbergtechnologies.com\/sv\/wp-json\/wp\/v2\/types\/page"}],"author":[{"embeddable":true,"href":"https:\/\/lundbergtechnologies.com\/sv\/wp-json\/wp\/v2\/users\/1"}],"replies":[{"embeddable":true,"href":"https:\/\/lundbergtechnologies.com\/sv\/wp-json\/wp\/v2\/comments?post=220631"}],"version-history":[{"count":0,"href":"https:\/\/lundbergtechnologies.com\/sv\/wp-json\/wp\/v2\/pages\/220631\/revisions"}],"up":[{"embeddable":true,"href":"https:\/\/lundbergtechnologies.com\/sv\/wp-json\/wp\/v2\/pages\/220612"}],"wp:attachment":[{"href":"https:\/\/lundbergtechnologies.com\/sv\/wp-json\/wp\/v2\/media?parent=220631"}],"curies":[{"name":"wp","href":"https:\/\/api.w.org\/{rel}","templated":true}]}}