{"id":220632,"date":"2019-02-27T18:51:42","date_gmt":"2019-02-28T01:51:42","guid":{"rendered":"https:\/\/lundbergtechnologies.com\/miljo\/termisk-oxidator-rtoer-och-rcoer\/"},"modified":"2019-02-27T18:51:46","modified_gmt":"2019-02-28T01:51:46","slug":"termisk-oxidator-rtoer-och-rcoer","status":"publish","type":"page","link":"https:\/\/lundbergtechnologies.com\/sv\/miljo\/termisk-oxidator-rtoer-och-rcoer\/","title":{"rendered":"Termisk oxidator, RTO:er och RCO:er"},"content":{"rendered":"<p>[et_pb_section fb_built=&#8221;1&#8243; custom_padding_last_edited=&#8221;on|phone&#8221; module_class=&#8221;vb-hero&#8221; _builder_version=&#8221;3.15&#8243; background_color_gradient_direction=&#8221;128deg&#8221; background_image=&#8221;\/wp-content\/uploads\/2018\/08\/lundberg_home_hero.jpg&#8221; background_position=&#8221;center_right&#8221; max_width_last_edited=&#8221;on|phone&#8221; custom_margin=&#8221;|||0px&#8221; custom_padding=&#8221;30px||30px||true&#8221; custom_padding_phone=&#8221;0px|0px|0px|0px&#8221;][et_pb_row use_custom_width=&#8221;on&#8221; width_unit=&#8221;off&#8221; custom_width_percent=&#8221;70%&#8221; custom_padding=&#8221;|||&#8221; custom_padding_tablet=&#8221;25px|||&#8221; custom_padding_phone=&#8221;38px|||&#8221; custom_margin=&#8221;|||39px&#8221; custom_padding_last_edited=&#8221;on|phone&#8221; _builder_version=&#8221;3.15&#8243; module_alignment=&#8221;left&#8221; custom_margin_tablet=&#8221;|||45px&#8221; custom_margin_phone=&#8221;|||0px&#8221; custom_margin_last_edited=&#8221;on|phone&#8221;][et_pb_column type=&#8221;4_4&#8243; _builder_version=&#8221;3.0.47&#8243; parallax=&#8221;off&#8221; parallax_method=&#8221;on&#8221;][et_pb_post_title meta=&#8221;off&#8221; featured_image=&#8221;off&#8221; module_class=&#8221;title-text&#8221; _builder_version=&#8221;3.15&#8243; title_font=&#8221;Lato|700|||||||&#8221; title_text_align=&#8221;left&#8221; title_font_size=&#8221;42px&#8221; title_font_size_tablet=&#8221;33px&#8221; title_font_size_phone=&#8221;26px&#8221; title_font_size_last_edited=&#8221;on|phone&#8221; background_color=&#8221;rgba(4,32,56,0.9)&#8221; custom_margin=&#8221;|100px|0px|&#8221; custom_margin_tablet=&#8221;|100px||&#8221; custom_margin_phone=&#8221;|60px||&#8221; custom_margin_last_edited=&#8221;on|phone&#8221; custom_padding=&#8221;33px||10px|35px&#8221; custom_padding_tablet=&#8221;30px|0px|15px|14px&#8221; custom_padding_phone=&#8221;|||7px&#8221; custom_padding_last_edited=&#8221;on|tablet&#8221;][\/et_pb_post_title][et_pb_text module_class=&#8221;title-sub-text&#8221; _builder_version=&#8221;3.15&#8243; text_text_color=&#8221;#ffffff&#8221; text_font_size=&#8221;18px&#8221; text_font_size_tablet=&#8221;17px&#8221; text_font_size_phone=&#8221;16px&#8221; text_font_size_last_edited=&#8221;on|phone&#8221; text_line_height=&#8221;1.6em&#8221; background_color=&#8221;#042038&#8243; custom_margin=&#8221;0px|100px|0px|&#8221; custom_margin_phone=&#8221;|60px||&#8221; custom_margin_last_edited=&#8221;on|phone&#8221; custom_padding=&#8221;10px|24px|34px|40px||false&#8221; custom_padding_tablet=&#8221;10px|20px||10px||false&#8221; custom_padding_phone=&#8221;10px|20px|18px|20px||true&#8221; custom_padding_last_edited=&#8221;on|desktop&#8221;]Lundbergs dedicerade termiska oxidationssystem har utvecklats under \u00e5ren f\u00f6r tuffa industriella milj\u00f6er. V\u00e5ra konstruktioner inkluderar direkt eldade oxidatorer, regenerativa termiska oxidatorer och regenerativa katalytiska oxidatorer.<br \/>\n[\/et_pb_text][\/et_pb_column][\/et_pb_row][\/et_pb_section][et_pb_section fb_built=&#8221;1&#8243; _builder_version=&#8221;3.0.47&#8243;][et_pb_row _builder_version=&#8221;3.15&#8243;][et_pb_column type=&#8221;2_5&#8243; _builder_version=&#8221;3.0.47&#8243; parallax=&#8221;off&#8221; parallax_method=&#8221;on&#8221;][et_pb_image src=&#8221;https:\/\/lundbergtechnologies.com\/wp-content\/uploads\/2018\/09\/thermal-oxidizers.jpg&#8221; always_center_on_mobile=&#8221;off&#8221; _builder_version=&#8221;3.15&#8243;][\/et_pb_image][\/et_pb_column][et_pb_column type=&#8221;3_5&#8243; _builder_version=&#8221;3.0.47&#8243; parallax=&#8221;off&#8221; parallax_method=&#8221;on&#8221;][et_pb_text _builder_version=&#8221;3.15&#8243; header_4_line_height=&#8221;1.4em&#8221;]<\/p>\n<h4>Dessa system \u00e4r konstruerade f\u00f6r att f\u00f6rbr\u00e4nna en m\u00e4ngd industriella f\u00f6roreningar och f\u00f6r att uppfylla eller g\u00e5 l\u00e4ngre \u00e4n alla milj\u00f6krav.<\/h4>\n<ul>\n<li>V\u00e5ra direkt eldade oxidatorer kan utg\u00f6ra en prim\u00e4r oxidationspunkt eller en reservf\u00f6rbr\u00e4nningspunkt f\u00f6r en m\u00e4ngd olika luftf\u00f6roreningar.<\/li>\n<li>Snabba uppstartsegenskaper f\u00f6r reservf\u00f6rbr\u00e4nningspunkt minimerar br\u00e4nslef\u00f6rbrukningen.<\/li>\n<li>Lundbergs termiska oxidatorer kan uppfylla alla nuvarande gr\u00e4nser f\u00f6r utsl\u00e4pp av NOx, svaveldioxid, kolmonoxid, svavelhaltig sur dimma, TRS, VOC och partiklar.<\/li>\n<li>En eldr\u00f6rspanna f\u00f6r att generera \u00e5nga med medeltryck kan installeras p\u00e5 din direkt eldade oxidator om det \u00f6nskas ytterligare \u00e5ngproduktion.<\/li>\n<li>Lundbergs GeoTherm\u00ae regenerativa termiska oxidatorer (RTO) och GeoCat\u00ae regenerativa katalytiska oxidatorer (RCO) \u00e4r en dokumenterat ekonomisk och energieffektiv teknikfamilj som \u00e4r konstruerad f\u00f6r att maximera f\u00f6rst\u00f6relsen av VOC samtidigt som br\u00e4nslef\u00f6rbrukningen minimeras.<\/li>\n<li>En GeoCat\u00ae RTO kan reducera driftkostnaderna genom att drivas med l\u00e4gre temperaturer \u00e4n typiska RTO:er.<\/li>\n<\/ul>\n<p>[\/et_pb_text][et_pb_button button_url=&#8221;https:\/\/www.dustex.com\/technologies\/geotherm-rto-and-geocat-rco\/&#8221; url_new_window=&#8221;on&#8221; button_text=&#8221;KONTAKTA DUSTEX F\u00d6R MER INFORMATION&#8221; admin_label=&#8221;Button &#8211; Dustex&#8221; _builder_version=&#8221;3.17.4&#8243; custom_button=&#8221;on&#8221; button_text_color=&#8221;#ffffff&#8221; button_bg_color=&#8221;#008001&#8243; button_border_color=&#8221;#008001&#8243; button_font=&#8221;||||||||&#8221; button_bg_color_hover=&#8221;#008001&#8243; button_text_size__hover_enabled=&#8221;off&#8221; button_one_text_size__hover_enabled=&#8221;off&#8221; button_two_text_size__hover_enabled=&#8221;off&#8221; button_text_color__hover_enabled=&#8221;off&#8221; button_one_text_color__hover_enabled=&#8221;off&#8221; button_two_text_color__hover_enabled=&#8221;off&#8221; button_border_width__hover_enabled=&#8221;off&#8221; button_one_border_width__hover_enabled=&#8221;off&#8221; button_two_border_width__hover_enabled=&#8221;off&#8221; button_border_color__hover_enabled=&#8221;off&#8221; button_one_border_color__hover_enabled=&#8221;off&#8221; button_two_border_color__hover_enabled=&#8221;off&#8221; button_border_radius__hover_enabled=&#8221;off&#8221; button_one_border_radius__hover_enabled=&#8221;off&#8221; button_two_border_radius__hover_enabled=&#8221;off&#8221; button_letter_spacing__hover_enabled=&#8221;off&#8221; button_one_letter_spacing__hover_enabled=&#8221;off&#8221; button_two_letter_spacing__hover_enabled=&#8221;off&#8221; button_bg_color__hover_enabled=&#8221;on&#8221; button_bg_color__hover=&#8221;#008001&#8243; button_one_bg_color__hover_enabled=&#8221;off&#8221; button_two_bg_color__hover_enabled=&#8221;off&#8221; module_class=&#8221;button_green&#8221;][\/et_pb_button][\/et_pb_column][\/et_pb_row][\/et_pb_section]<\/p>\n","protected":false},"excerpt":{"rendered":"<p>Lundbergs dedicerade termiska oxidationssystem har utvecklats under \u00e5ren f\u00f6r tuffa industriella milj\u00f6er. V\u00e5ra konstruktioner inkluderar direkt eldade oxidatorer, regenerativa termiska oxidatorer och regenerativa katalytiska oxidatorer. Dessa system \u00e4r konstruerade f\u00f6r att f\u00f6rbr\u00e4nna en m\u00e4ngd industriella f\u00f6roreningar och f\u00f6r att uppfylla eller g\u00e5 l\u00e4ngre \u00e4n alla milj\u00f6krav. V\u00e5ra direkt eldade oxidatorer kan utg\u00f6ra en prim\u00e4r oxidationspunkt [&hellip;]<\/p>\n","protected":false},"author":1,"featured_media":0,"parent":220612,"menu_order":0,"comment_status":"closed","ping_status":"closed","template":"","meta":{"_acf_changed":false,"_et_pb_use_builder":"on","_et_pb_old_content":"","_et_gb_content_width":"","_monsterinsights_skip_tracking":false,"_monsterinsights_sitenote_active":false,"_monsterinsights_sitenote_note":"","_monsterinsights_sitenote_category":0,"footnotes":""},"class_list":["post-220632","page","type-page","status-publish","hentry"],"acf":[],"_links":{"self":[{"href":"https:\/\/lundbergtechnologies.com\/sv\/wp-json\/wp\/v2\/pages\/220632","targetHints":{"allow":["GET"]}}],"collection":[{"href":"https:\/\/lundbergtechnologies.com\/sv\/wp-json\/wp\/v2\/pages"}],"about":[{"href":"https:\/\/lundbergtechnologies.com\/sv\/wp-json\/wp\/v2\/types\/page"}],"author":[{"embeddable":true,"href":"https:\/\/lundbergtechnologies.com\/sv\/wp-json\/wp\/v2\/users\/1"}],"replies":[{"embeddable":true,"href":"https:\/\/lundbergtechnologies.com\/sv\/wp-json\/wp\/v2\/comments?post=220632"}],"version-history":[{"count":0,"href":"https:\/\/lundbergtechnologies.com\/sv\/wp-json\/wp\/v2\/pages\/220632\/revisions"}],"up":[{"embeddable":true,"href":"https:\/\/lundbergtechnologies.com\/sv\/wp-json\/wp\/v2\/pages\/220612"}],"wp:attachment":[{"href":"https:\/\/lundbergtechnologies.com\/sv\/wp-json\/wp\/v2\/media?parent=220632"}],"curies":[{"name":"wp","href":"https:\/\/api.w.org\/{rel}","templated":true}]}}