{"id":220643,"date":"2019-02-27T19:08:52","date_gmt":"2019-02-28T02:08:52","guid":{"rendered":"https:\/\/lundbergtechnologies.com\/energibesparingar\/indirekt-uppvarmning-av-svartlut\/"},"modified":"2019-02-27T19:08:55","modified_gmt":"2019-02-28T02:08:55","slug":"indirekt-uppvarmning-av-svartlut","status":"publish","type":"page","link":"https:\/\/lundbergtechnologies.com\/sv\/energibesparingar\/indirekt-uppvarmning-av-svartlut\/","title":{"rendered":"Indirekt uppv\u00e4rmning av svartlut"},"content":{"rendered":"<p>[et_pb_section bb_built=&#8221;1&#8243; custom_padding_last_edited=&#8221;on|phone&#8221; module_class=&#8221;vb-hero&#8221; _builder_version=&#8221;3.15&#8243; background_color_gradient_direction=&#8221;128deg&#8221; background_image=&#8221;\/wp-content\/uploads\/2018\/08\/lundberg_home_hero.jpg&#8221; background_position=&#8221;center_right&#8221; max_width_last_edited=&#8221;on|phone&#8221; custom_margin=&#8221;|||0px&#8221; custom_padding=&#8221;30px||30px||true&#8221; custom_padding_phone=&#8221;0px|0px|0px|0px&#8221; next_background_color=&#8221;#ffffff&#8221;][et_pb_row custom_padding=&#8221;|||&#8221; custom_padding_tablet=&#8221;25px|||&#8221; custom_padding_phone=&#8221;38px|||&#8221; custom_margin=&#8221;|||39px&#8221; custom_padding_last_edited=&#8221;on|phone&#8221; _builder_version=&#8221;3.15&#8243; module_alignment=&#8221;left&#8221; custom_margin_phone=&#8221;|||0px&#8221; custom_margin_last_edited=&#8221;on|phone&#8221; use_custom_width=&#8221;on&#8221; width_unit=&#8221;off&#8221; custom_width_percent=&#8221;70%&#8221; custom_margin_tablet=&#8221;|||45px&#8221;][et_pb_column type=&#8221;4_4&#8243;][et_pb_post_title meta=&#8221;off&#8221; featured_image=&#8221;off&#8221; module_class=&#8221;title-text&#8221; _builder_version=&#8221;3.15&#8243; title_font=&#8221;Lato|700|||||||&#8221; title_text_align=&#8221;left&#8221; title_font_size=&#8221;42px&#8221; title_font_size_tablet=&#8221;33px&#8221; title_font_size_phone=&#8221;26px&#8221; title_font_size_last_edited=&#8221;on|phone&#8221; background_color=&#8221;rgba(4,32,56,0.9)&#8221; custom_margin=&#8221;|100px|0px|&#8221; custom_margin_tablet=&#8221;|100px||&#8221; custom_margin_phone=&#8221;|60px||&#8221; custom_margin_last_edited=&#8221;on|phone&#8221; custom_padding=&#8221;33px||10px|35px&#8221; custom_padding_tablet=&#8221;30px|0px|15px|14px&#8221; custom_padding_phone=&#8221;|||7px&#8221; custom_padding_last_edited=&#8221;on|tablet&#8221; \/][et_pb_text module_class=&#8221;title-sub-text&#8221; _builder_version=&#8221;3.15&#8243; text_text_color=&#8221;#ffffff&#8221; text_font_size=&#8221;18px&#8221; text_font_size_tablet=&#8221;17px&#8221; text_font_size_phone=&#8221;16px&#8221; text_font_size_last_edited=&#8221;on|phone&#8221; text_line_height=&#8221;1.6em&#8221; background_color=&#8221;#042038&#8243; custom_margin=&#8221;0px|100px|0px|&#8221; custom_margin_phone=&#8221;|60px||&#8221; custom_margin_last_edited=&#8221;on|phone&#8221; custom_padding=&#8221;10px|24px|34px|40px||false&#8221; custom_padding_tablet=&#8221;10px|20px||10px||false&#8221; custom_padding_phone=&#8221;10px|20px|18px|20px||true&#8221; custom_padding_last_edited=&#8221;on|desktop&#8221;]<\/p>\n<p>Lundberg var en pionj\u00e4r inom tekniken med indirekt uppv\u00e4rmning av svartlut \u00e5r 1982.<\/p>\n<p>[\/et_pb_text][\/et_pb_column][\/et_pb_row][\/et_pb_section][et_pb_section bb_built=&#8221;1&#8243; prev_background_color=&#8221;#000000&#8243;][et_pb_row _builder_version=&#8221;3.15&#8243;][et_pb_column type=&#8221;2_5&#8243;][et_pb_image _builder_version=&#8221;3.15&#8243; src=&#8221;https:\/\/lundbergtechnologies.com\/wp-content\/uploads\/2018\/09\/indirect-black-liquor-heating.jpg&#8221; always_center_on_mobile=&#8221;off&#8221; \/][\/et_pb_column][et_pb_column type=&#8221;3_5&#8243;][et_pb_text _builder_version=&#8221;3.15&#8243; header_4_line_height=&#8221;1.4em&#8221;]<\/p>\n<h4>Det finns m\u00e5nga f\u00f6rdelar med indirekt uppv\u00e4rmning av svartlut:<\/h4>\n<ul>\n<li>Lufttemperaturen kan bevaras exaktare \u00e4n med en direkt enhet och det ger b\u00e4ttre kontroll \u00f6ver f\u00f6rbr\u00e4nningen och reduktion av \u00f6verf\u00f6ringar.<\/li>\n<li>Det finns inte n\u00e5gon utsp\u00e4dning av luten med \u00e5ngkondensat. Detta resulterar i en \u00f6kning av f\u00f6rbr\u00e4nningen av fast \u00e4mnen eller indunstare\/koncentrator.<\/li>\n<li>Indirekt uppv\u00e4rmning av lut g\u00f6r det m\u00f6jligt med \u00e5tervinning av rent \u00e5ngkondensat.<\/li>\n<li>Avsaknaden av direkt \u00e5nginsprutning eliminerar risken f\u00f6r utsp\u00e4dning av svartlut under s\u00e4ker br\u00e4nningskoncentration.<\/li>\n<\/ul>\n<p>Lundbergs v\u00e4rmesystem anv\u00e4nder lutcirkulering f\u00f6r att bevara hastigheten inom kokaren med olika kokhastigheter. Platsen f\u00f6r v\u00e4rmenedstr\u00f6mmen fr\u00e5n pannans munstycksmatarpumpar och anv\u00e4ndningen av en recirkuleringspump f\u00f6r att f\u00f6rskjuta tryckfallet genom v\u00e4rmaren, inneb\u00e4r att kunden inte beh\u00f6ver modifiera eller \u00e4ndra sina munstycksmatarpumpar. Tryckfall i v\u00e4rmaren minimeras med anv\u00e4ndning av fl\u00f6desf\u00f6rh\u00f6jande REX-inl\u00e4gg inuti r\u00f6ren som fr\u00e4mjar turbulens, och g\u00f6r det m\u00f6jligt att minska det totala recirkulerade fl\u00f6det.<\/p>\n<p>Lundbergs recirkulerade system kommer att k\u00f6ras mer \u00e4n en m\u00e5nad mellan reng\u00f6ringar och p\u00e5 m\u00e5nga platser k\u00f6rs de till sodapannan tas ned f\u00f6r vattenspolning. Direktkontaktv\u00e4rmare kan anv\u00e4ndas som reserv n\u00e4r det kr\u00e4vs reng\u00f6ring. Reng\u00f6ring av v\u00e4rmaren sker med svagt svartlut, processkondensat eller bruksvatten. N\u00e4r reng\u00f6ringen \u00e4r klar kan v\u00e4rmaren s\u00e4ttas i drift igen utan att avbryta panndriften.<\/p>\n<p>[\/et_pb_text][\/et_pb_column][\/et_pb_row][\/et_pb_section]<\/p>\n","protected":false},"excerpt":{"rendered":"<p>Lundberg var en pionj\u00e4r inom tekniken med indirekt uppv\u00e4rmning av svartlut \u00e5r 1982. Det finns m\u00e5nga f\u00f6rdelar med indirekt uppv\u00e4rmning av svartlut: Lufttemperaturen kan bevaras exaktare \u00e4n med en direkt enhet och det ger b\u00e4ttre kontroll \u00f6ver f\u00f6rbr\u00e4nningen och reduktion av \u00f6verf\u00f6ringar. Det finns inte n\u00e5gon utsp\u00e4dning av luten med \u00e5ngkondensat. Detta resulterar i en [&hellip;]<\/p>\n","protected":false},"author":1,"featured_media":0,"parent":220611,"menu_order":0,"comment_status":"closed","ping_status":"closed","template":"","meta":{"_acf_changed":false,"_et_pb_use_builder":"on","_et_pb_old_content":"","_et_gb_content_width":"","_monsterinsights_skip_tracking":false,"_monsterinsights_sitenote_active":false,"_monsterinsights_sitenote_note":"","_monsterinsights_sitenote_category":0,"footnotes":""},"class_list":["post-220643","page","type-page","status-publish","hentry"],"acf":[],"_links":{"self":[{"href":"https:\/\/lundbergtechnologies.com\/sv\/wp-json\/wp\/v2\/pages\/220643","targetHints":{"allow":["GET"]}}],"collection":[{"href":"https:\/\/lundbergtechnologies.com\/sv\/wp-json\/wp\/v2\/pages"}],"about":[{"href":"https:\/\/lundbergtechnologies.com\/sv\/wp-json\/wp\/v2\/types\/page"}],"author":[{"embeddable":true,"href":"https:\/\/lundbergtechnologies.com\/sv\/wp-json\/wp\/v2\/users\/1"}],"replies":[{"embeddable":true,"href":"https:\/\/lundbergtechnologies.com\/sv\/wp-json\/wp\/v2\/comments?post=220643"}],"version-history":[{"count":0,"href":"https:\/\/lundbergtechnologies.com\/sv\/wp-json\/wp\/v2\/pages\/220643\/revisions"}],"up":[{"embeddable":true,"href":"https:\/\/lundbergtechnologies.com\/sv\/wp-json\/wp\/v2\/pages\/220611"}],"wp:attachment":[{"href":"https:\/\/lundbergtechnologies.com\/sv\/wp-json\/wp\/v2\/media?parent=220643"}],"curies":[{"name":"wp","href":"https:\/\/api.w.org\/{rel}","templated":true}]}}