{"id":220644,"date":"2019-02-27T19:10:37","date_gmt":"2019-02-28T02:10:37","guid":{"rendered":"https:\/\/lundbergtechnologies.com\/energibesparingar\/varmeatervinning-fran-termomekanisk-uppslutning-tmp\/"},"modified":"2019-02-27T19:10:41","modified_gmt":"2019-02-28T02:10:41","slug":"varmeatervinning-fran-termomekanisk-uppslutning-tmp","status":"publish","type":"page","link":"https:\/\/lundbergtechnologies.com\/sv\/energibesparingar\/varmeatervinning-fran-termomekanisk-uppslutning-tmp\/","title":{"rendered":"V\u00e4rme\u00e5tervinning fr\u00e5n termomekanisk uppslutning (TMP)"},"content":{"rendered":"<p>[et_pb_section bb_built=&#8221;1&#8243; custom_padding_last_edited=&#8221;on|phone&#8221; module_class=&#8221;vb-hero&#8221; _builder_version=&#8221;3.15&#8243; background_color_gradient_direction=&#8221;128deg&#8221; background_image=&#8221;\/wp-content\/uploads\/2018\/08\/lundberg_home_hero.jpg&#8221; background_position=&#8221;center_right&#8221; max_width_last_edited=&#8221;on|phone&#8221; custom_margin=&#8221;|||0px&#8221; custom_padding=&#8221;30px||30px||true&#8221; custom_padding_phone=&#8221;0px|0px|0px|0px&#8221; next_background_color=&#8221;#ffffff&#8221;][et_pb_row use_custom_width=&#8221;on&#8221; width_unit=&#8221;off&#8221; custom_width_percent=&#8221;70%&#8221; custom_padding=&#8221;|||&#8221; custom_padding_tablet=&#8221;25px|||&#8221; custom_padding_phone=&#8221;38px|||&#8221; custom_margin=&#8221;|||39px&#8221; custom_padding_last_edited=&#8221;on|phone&#8221; _builder_version=&#8221;3.15&#8243; module_alignment=&#8221;left&#8221; custom_margin_tablet=&#8221;|||45px&#8221; custom_margin_phone=&#8221;|||0px&#8221; custom_margin_last_edited=&#8221;on|phone&#8221;][et_pb_column type=&#8221;4_4&#8243;][et_pb_post_title meta=&#8221;off&#8221; featured_image=&#8221;off&#8221; module_class=&#8221;title-text&#8221; _builder_version=&#8221;3.15&#8243; title_font=&#8221;Lato|700|||||||&#8221; title_text_align=&#8221;left&#8221; title_font_size=&#8221;42px&#8221; title_font_size_tablet=&#8221;33px&#8221; title_font_size_phone=&#8221;26px&#8221; title_font_size_last_edited=&#8221;on|phone&#8221; background_color=&#8221;rgba(4,32,56,0.9)&#8221; custom_margin=&#8221;|100px|0px|&#8221; custom_margin_tablet=&#8221;|100px||&#8221; custom_margin_phone=&#8221;|60px||&#8221; custom_margin_last_edited=&#8221;on|phone&#8221; custom_padding=&#8221;33px||10px|35px&#8221; custom_padding_tablet=&#8221;30px|0px|15px|14px&#8221; custom_padding_phone=&#8221;|||7px&#8221; custom_padding_last_edited=&#8221;on|tablet&#8221;]<br \/>\n[\/et_pb_post_title][et_pb_text module_class=&#8221;title-sub-text&#8221; _builder_version=&#8221;3.15&#8243; text_text_color=&#8221;#ffffff&#8221; text_font_size=&#8221;18px&#8221; text_font_size_tablet=&#8221;17px&#8221; text_font_size_phone=&#8221;16px&#8221; text_font_size_last_edited=&#8221;on|phone&#8221; text_line_height=&#8221;1.6em&#8221; background_color=&#8221;#042038&#8243; custom_margin=&#8221;0px|100px|0px|&#8221; custom_margin_phone=&#8221;|60px||&#8221; custom_margin_last_edited=&#8221;on|phone&#8221; custom_padding=&#8221;10px|24px|34px|40px||false&#8221; custom_padding_tablet=&#8221;10px|20px||10px||false&#8221; custom_padding_phone=&#8221;10px|20px|18px|20px||true&#8221; custom_padding_last_edited=&#8221;on|desktop&#8221;]<\/p>\n<p>V\u00e4rme\u00e5tervinning fr\u00e5n ett TMP-anl\u00e4ggningar erbjuds p\u00e5 ett antal olika niv\u00e5er beroende p\u00e5 ditt bruks krav p\u00e5 process och v\u00e4rmeanv\u00e4ndning.<\/p>\n<p>[\/et_pb_text][\/et_pb_column][\/et_pb_row][\/et_pb_section][et_pb_section bb_built=&#8221;1&#8243; _builder_version=&#8221;3.0.47&#8243; prev_background_color=&#8221;#000000&#8243;][et_pb_row _builder_version=&#8221;3.15&#8243;][et_pb_column type=&#8221;2_5&#8243;][et_pb_image src=&#8221;https:\/\/lundbergtechnologies.com\/wp-content\/uploads\/2018\/09\/TMP-heat-recovery.jpg&#8221; always_center_on_mobile=&#8221;off&#8221; _builder_version=&#8221;3.15&#8243;]<br \/>\n[\/et_pb_image][\/et_pb_column][et_pb_column type=&#8221;3_5&#8243;][et_pb_text _builder_version=&#8221;3.15&#8243; header_4_line_height=&#8221;1.4em&#8221;]<\/p>\n<p>Prim\u00e4ra TMP-raffin\u00f6rer drivs med ett h\u00f6gt tryck, bl\u00e5ser massan vid h\u00f6gt tryck och genererar f\u00f6rorenad \u00e5nga. Denna \u00e5nga kan \u00e5tervinnas som ren \u00e5nga genom en n\u00e5got reducerat tryck med hj\u00e4lp av en tunnskikts\u00e5terkokare.<\/p>\n<p>Eftersom TMP-\u00e5ngor inneh\u00e5ller NCG, m\u00e5ste en del av \u00e5ngan ventileras fr\u00e5n \u00e5terkokaren till en sekund\u00e4r kondensator. Den sekund\u00e4ra kondensatorn anv\u00e4nds f\u00f6r att f\u00f6rv\u00e4rma kokarens matarvatten som g\u00e5r till skalsidan p\u00e5 \u00e5terkokaren. Andra raffin\u00f6rprocesser som k\u00f6rs med tryck kan ocks\u00e5 \u00e5tervinnas som ren \u00e5nga.<\/p>\n<p>Ofta drivs sekund\u00e4r, terti\u00e4r och utsorteringsraffin\u00f6rer atmosf\u00e4riskt och genererar f\u00f6rorenad \u00e5nga som inneh\u00e5ller en betydande m\u00e4ngd luft. Denna \u00e5nga kan \u00e5tervinnas som antingen varmt processvatten med skal och r\u00f6rkondensatorer eller som varmt processkondensat med en barometrisk kondensator.<\/p>\n<p>[\/et_pb_text][\/et_pb_column][\/et_pb_row][\/et_pb_section]<\/p>\n","protected":false},"excerpt":{"rendered":"<p>V\u00e4rme\u00e5tervinning fr\u00e5n ett TMP-anl\u00e4ggningar erbjuds p\u00e5 ett antal olika niv\u00e5er beroende p\u00e5 ditt bruks krav p\u00e5 process och v\u00e4rmeanv\u00e4ndning. Prim\u00e4ra TMP-raffin\u00f6rer drivs med ett h\u00f6gt tryck, bl\u00e5ser massan vid h\u00f6gt tryck och genererar f\u00f6rorenad \u00e5nga. Denna \u00e5nga kan \u00e5tervinnas som ren \u00e5nga genom en n\u00e5got reducerat tryck med hj\u00e4lp av en tunnskikts\u00e5terkokare. Eftersom TMP-\u00e5ngor inneh\u00e5ller [&hellip;]<\/p>\n","protected":false},"author":1,"featured_media":0,"parent":220611,"menu_order":0,"comment_status":"closed","ping_status":"closed","template":"","meta":{"_acf_changed":false,"_et_pb_use_builder":"on","_et_pb_old_content":"","_et_gb_content_width":"","_monsterinsights_skip_tracking":false,"_monsterinsights_sitenote_active":false,"_monsterinsights_sitenote_note":"","_monsterinsights_sitenote_category":0,"footnotes":""},"class_list":["post-220644","page","type-page","status-publish","hentry"],"acf":[],"_links":{"self":[{"href":"https:\/\/lundbergtechnologies.com\/sv\/wp-json\/wp\/v2\/pages\/220644","targetHints":{"allow":["GET"]}}],"collection":[{"href":"https:\/\/lundbergtechnologies.com\/sv\/wp-json\/wp\/v2\/pages"}],"about":[{"href":"https:\/\/lundbergtechnologies.com\/sv\/wp-json\/wp\/v2\/types\/page"}],"author":[{"embeddable":true,"href":"https:\/\/lundbergtechnologies.com\/sv\/wp-json\/wp\/v2\/users\/1"}],"replies":[{"embeddable":true,"href":"https:\/\/lundbergtechnologies.com\/sv\/wp-json\/wp\/v2\/comments?post=220644"}],"version-history":[{"count":0,"href":"https:\/\/lundbergtechnologies.com\/sv\/wp-json\/wp\/v2\/pages\/220644\/revisions"}],"up":[{"embeddable":true,"href":"https:\/\/lundbergtechnologies.com\/sv\/wp-json\/wp\/v2\/pages\/220611"}],"wp:attachment":[{"href":"https:\/\/lundbergtechnologies.com\/sv\/wp-json\/wp\/v2\/media?parent=220644"}],"curies":[{"name":"wp","href":"https:\/\/api.w.org\/{rel}","templated":true}]}}