{"id":220646,"date":"2019-02-27T19:13:46","date_gmt":"2019-02-28T02:13:46","guid":{"rendered":"https:\/\/lundbergtechnologies.com\/kemisk-bearbetning\/svavelbrannare\/"},"modified":"2019-02-27T19:13:49","modified_gmt":"2019-02-28T02:13:49","slug":"svavelbrannare","status":"publish","type":"page","link":"https:\/\/lundbergtechnologies.com\/sv\/kemisk-bearbetning\/svavelbrannare\/","title":{"rendered":"Svavelbr\u00e4nnare"},"content":{"rendered":"<p>[et_pb_section bb_built=&#8221;1&#8243; custom_padding_last_edited=&#8221;on|phone&#8221; module_class=&#8221;vb-hero&#8221; _builder_version=&#8221;3.15&#8243; background_color_gradient_direction=&#8221;128deg&#8221; background_image=&#8221;\/wp-content\/uploads\/2018\/08\/lundberg_home_hero.jpg&#8221; background_position=&#8221;center_right&#8221; max_width_last_edited=&#8221;on|phone&#8221; custom_margin=&#8221;|||0px&#8221; custom_padding=&#8221;30px||30px||true&#8221; custom_padding_phone=&#8221;0px|0px|0px|0px&#8221; next_background_color=&#8221;#ffffff&#8221;][et_pb_row custom_padding=&#8221;|||&#8221; custom_padding_tablet=&#8221;25px|||&#8221; custom_padding_phone=&#8221;38px|||&#8221; custom_margin=&#8221;|||39px&#8221; custom_padding_last_edited=&#8221;on|phone&#8221; _builder_version=&#8221;3.15&#8243; module_alignment=&#8221;left&#8221; custom_margin_phone=&#8221;|||0px&#8221; custom_margin_last_edited=&#8221;on|phone&#8221; use_custom_width=&#8221;on&#8221; width_unit=&#8221;off&#8221; custom_width_percent=&#8221;70%&#8221; custom_margin_tablet=&#8221;|||45px&#8221;][et_pb_column type=&#8221;4_4&#8243;][et_pb_post_title meta=&#8221;off&#8221; featured_image=&#8221;off&#8221; module_class=&#8221;title-text&#8221; _builder_version=&#8221;3.15&#8243; title_font=&#8221;Lato|700|||||||&#8221; title_text_align=&#8221;left&#8221; title_font_size=&#8221;42px&#8221; title_font_size_tablet=&#8221;33px&#8221; title_font_size_phone=&#8221;26px&#8221; title_font_size_last_edited=&#8221;on|phone&#8221; background_color=&#8221;rgba(4,32,56,0.9)&#8221; custom_margin=&#8221;|100px|0px|&#8221; custom_margin_tablet=&#8221;|100px||&#8221; custom_margin_phone=&#8221;|60px||&#8221; custom_margin_last_edited=&#8221;on|phone&#8221; custom_padding=&#8221;33px||10px|35px&#8221; custom_padding_tablet=&#8221;30px|0px|15px|14px&#8221; custom_padding_phone=&#8221;|||7px&#8221; custom_padding_last_edited=&#8221;on|tablet&#8221; \/][et_pb_text module_class=&#8221;title-sub-text&#8221; _builder_version=&#8221;3.15&#8243; text_text_color=&#8221;#ffffff&#8221; text_font_size=&#8221;18px&#8221; text_font_size_tablet=&#8221;17px&#8221; text_font_size_phone=&#8221;16px&#8221; text_font_size_last_edited=&#8221;on|phone&#8221; text_line_height=&#8221;1.6em&#8221; background_color=&#8221;#042038&#8243; custom_margin=&#8221;0px|100px|0px|&#8221; custom_margin_phone=&#8221;|60px||&#8221; custom_margin_last_edited=&#8221;on|phone&#8221; custom_padding=&#8221;10px|24px|34px|40px||false&#8221; custom_padding_tablet=&#8221;10px|20px||10px||false&#8221; custom_padding_phone=&#8221;10px|20px|18px|20px||true&#8221; custom_padding_last_edited=&#8221;on|desktop&#8221;]<\/p>\n<p>Genereringen av svaveldioxid fr\u00e5n brinnande elementalt svavel har m\u00e5nga till\u00e4mpningsomr\u00e5den. Det anv\u00e4nds i uppslutningsprocessen s\u00e5v\u00e4l som i andra industrier fr\u00e5n v\u00e5t majsmalning till tv\u00e5ltillverkning. Lundbergs system passar alla dessa till\u00e4mpningar.<\/p>\n<p>[\/et_pb_text][\/et_pb_column][\/et_pb_row][\/et_pb_section][et_pb_section bb_built=&#8221;1&#8243; prev_background_color=&#8221;#000000&#8243;][et_pb_row _builder_version=&#8221;3.15&#8243;][et_pb_column type=&#8221;2_5&#8243;][et_pb_image _builder_version=&#8221;3.15&#8243; src=&#8221;https:\/\/lundbergtechnologies.com\/wp-content\/uploads\/2018\/09\/sulfer-burners.jpg&#8221; always_center_on_mobile=&#8221;off&#8221; \/][\/et_pb_column][et_pb_column type=&#8221;3_5&#8243;][et_pb_text _builder_version=&#8221;3.15&#8243; header_4_line_height=&#8221;1.4em&#8221;]<\/p>\n<p>Systemets storlek anpassas efter bruket och de storlekar som erbjuds \u00e4r fr\u00e5n 1 ton till \u00f6ver 60 ton svaveldioxid per dag.<\/p>\n<p>Matningen till Lundbergs system f\u00f6r svavelf\u00f6rbr\u00e4nning kan vara fast svavel eller sm\u00e4lt svavel. Det sm\u00e4lta svavlet matas direkt fr\u00e5n en svavelsm\u00e4ltare och f\u00f6rbr\u00e4nns i en trycksatt kammare med luftsprejning. Detta resulterar i en h\u00f6g f\u00f6rbr\u00e4nningstemperatur s\u00e5v\u00e4l som en h\u00f6g svaveldioxidkoncentration, och minimerar d\u00e4rmed genereringen av svaveltrioxid. F\u00f6rbr\u00e4nningsprodukter kan kylas ned f\u00f6r att absorbera vatten eller en lut. Vidare kan den varma svaveldioxiden luftkylas och skickas till en svavelsyraanl\u00e4ggning. Systemet \u00e4r designat f\u00f6r att slutf\u00f6ra automatisering s\u00e5 att f\u00f6r\u00e4ndringar i svaveldioxidbehoven kompenseras direkt med m\u00e4ngden svavel som f\u00f6rbr\u00e4nns. Systemet drivs under tryck s\u00e5 att det inte kr\u00e4vs n\u00e5gon sugfl\u00e4kt f\u00f6r de flesta till\u00e4mpningarna.<\/p>\n<p>[\/et_pb_text][\/et_pb_column][\/et_pb_row][\/et_pb_section]<\/p>\n","protected":false},"excerpt":{"rendered":"<p>Genereringen av svaveldioxid fr\u00e5n brinnande elementalt svavel har m\u00e5nga till\u00e4mpningsomr\u00e5den. Det anv\u00e4nds i uppslutningsprocessen s\u00e5v\u00e4l som i andra industrier fr\u00e5n v\u00e5t majsmalning till tv\u00e5ltillverkning. Lundbergs system passar alla dessa till\u00e4mpningar. Systemets storlek anpassas efter bruket och de storlekar som erbjuds \u00e4r fr\u00e5n 1 ton till \u00f6ver 60 ton svaveldioxid per dag. Matningen till Lundbergs system [&hellip;]<\/p>\n","protected":false},"author":1,"featured_media":0,"parent":220609,"menu_order":0,"comment_status":"closed","ping_status":"closed","template":"","meta":{"_acf_changed":false,"_et_pb_use_builder":"on","_et_pb_old_content":"","_et_gb_content_width":"","_monsterinsights_skip_tracking":false,"_monsterinsights_sitenote_active":false,"_monsterinsights_sitenote_note":"","_monsterinsights_sitenote_category":0,"footnotes":""},"class_list":["post-220646","page","type-page","status-publish","hentry"],"acf":[],"_links":{"self":[{"href":"https:\/\/lundbergtechnologies.com\/sv\/wp-json\/wp\/v2\/pages\/220646","targetHints":{"allow":["GET"]}}],"collection":[{"href":"https:\/\/lundbergtechnologies.com\/sv\/wp-json\/wp\/v2\/pages"}],"about":[{"href":"https:\/\/lundbergtechnologies.com\/sv\/wp-json\/wp\/v2\/types\/page"}],"author":[{"embeddable":true,"href":"https:\/\/lundbergtechnologies.com\/sv\/wp-json\/wp\/v2\/users\/1"}],"replies":[{"embeddable":true,"href":"https:\/\/lundbergtechnologies.com\/sv\/wp-json\/wp\/v2\/comments?post=220646"}],"version-history":[{"count":0,"href":"https:\/\/lundbergtechnologies.com\/sv\/wp-json\/wp\/v2\/pages\/220646\/revisions"}],"up":[{"embeddable":true,"href":"https:\/\/lundbergtechnologies.com\/sv\/wp-json\/wp\/v2\/pages\/220609"}],"wp:attachment":[{"href":"https:\/\/lundbergtechnologies.com\/sv\/wp-json\/wp\/v2\/media?parent=220646"}],"curies":[{"name":"wp","href":"https:\/\/api.w.org\/{rel}","templated":true}]}}