{"id":220647,"date":"2019-02-27T19:15:00","date_gmt":"2019-02-28T02:15:00","guid":{"rendered":"https:\/\/lundbergtechnologies.com\/kemisk-bearbetning\/atervinning-av-talloljesapa\/"},"modified":"2019-02-27T19:15:07","modified_gmt":"2019-02-28T02:15:07","slug":"atervinning-av-talloljesapa","status":"publish","type":"page","link":"https:\/\/lundbergtechnologies.com\/sv\/kemisk-bearbetning\/atervinning-av-talloljesapa\/","title":{"rendered":"\u00c5tervinning av talloljes\u00e5pa"},"content":{"rendered":"<p>[et_pb_section bb_built=&#8221;1&#8243; custom_padding_last_edited=&#8221;on|phone&#8221; module_class=&#8221;vb-hero&#8221; _builder_version=&#8221;3.15&#8243; background_color_gradient_direction=&#8221;128deg&#8221; background_image=&#8221;\/wp-content\/uploads\/2018\/08\/lundberg_home_hero.jpg&#8221; background_position=&#8221;center_right&#8221; max_width_last_edited=&#8221;on|phone&#8221; custom_margin=&#8221;|||0px&#8221; custom_padding=&#8221;30px||30px||true&#8221; custom_padding_phone=&#8221;0px|0px|0px|0px&#8221; next_background_color=&#8221;#ffffff&#8221;][et_pb_row custom_padding=&#8221;|||&#8221; custom_padding_tablet=&#8221;25px|||&#8221; custom_padding_phone=&#8221;38px|||&#8221; custom_margin=&#8221;|||39px&#8221; custom_padding_last_edited=&#8221;on|phone&#8221; _builder_version=&#8221;3.15&#8243; module_alignment=&#8221;left&#8221; custom_margin_phone=&#8221;|||0px&#8221; custom_margin_last_edited=&#8221;on|phone&#8221; use_custom_width=&#8221;on&#8221; width_unit=&#8221;off&#8221; custom_width_percent=&#8221;70%&#8221; custom_margin_tablet=&#8221;|||45px&#8221;][et_pb_column type=&#8221;4_4&#8243;][et_pb_post_title meta=&#8221;off&#8221; featured_image=&#8221;off&#8221; module_class=&#8221;title-text&#8221; _builder_version=&#8221;3.15&#8243; title_font=&#8221;Lato|700|||||||&#8221; title_text_align=&#8221;left&#8221; title_font_size=&#8221;42px&#8221; title_font_size_tablet=&#8221;33px&#8221; title_font_size_phone=&#8221;26px&#8221; title_font_size_last_edited=&#8221;on|phone&#8221; background_color=&#8221;rgba(4,32,56,0.9)&#8221; custom_margin=&#8221;|100px|0px|&#8221; custom_margin_tablet=&#8221;|100px||&#8221; custom_margin_phone=&#8221;|60px||&#8221; custom_margin_last_edited=&#8221;on|phone&#8221; custom_padding=&#8221;33px||10px|35px&#8221; custom_padding_tablet=&#8221;30px|0px|15px|14px&#8221; custom_padding_phone=&#8221;|||7px&#8221; custom_padding_last_edited=&#8221;on|tablet&#8221; \/][et_pb_text module_class=&#8221;title-sub-text&#8221; _builder_version=&#8221;3.15&#8243; text_text_color=&#8221;#ffffff&#8221; text_font_size=&#8221;18px&#8221; text_font_size_tablet=&#8221;17px&#8221; text_font_size_phone=&#8221;16px&#8221; text_font_size_last_edited=&#8221;on|phone&#8221; text_line_height=&#8221;1.6em&#8221; background_color=&#8221;#042038&#8243; custom_margin=&#8221;0px|100px|0px|&#8221; custom_margin_phone=&#8221;|60px||&#8221; custom_margin_last_edited=&#8221;on|phone&#8221; custom_padding=&#8221;10px|24px|34px|40px||false&#8221; custom_padding_tablet=&#8221;10px|20px||10px||false&#8221; custom_padding_phone=&#8221;10px|20px|18px|20px||true&#8221; custom_padding_last_edited=&#8221;on|desktop&#8221;]<\/p>\n<p>I sulfatmassabruk d\u00e4r tall anv\u00e4nds \u00e4r talloljes\u00e5pa en viktig biprodukt s\u00e5v\u00e4l som ett gift i behandlingsystemet f\u00f6r spillvatten. D\u00e4rf\u00f6r \u00e4r det n\u00f6dv\u00e4ndigt att behandla skum och s\u00e5pa p\u00e5 bruket korrekt.<\/p>\n<p>[\/et_pb_text][\/et_pb_column][\/et_pb_row][\/et_pb_section][et_pb_section bb_built=&#8221;1&#8243; prev_background_color=&#8221;#000000&#8243;][et_pb_row _builder_version=&#8221;3.15&#8243;][et_pb_column type=&#8221;2_5&#8243;][et_pb_image _builder_version=&#8221;3.15&#8243; src=&#8221;https:\/\/lundbergtechnologies.com\/wp-content\/uploads\/2018\/09\/tall-oil-soap-recovery.jpg&#8221; always_center_on_mobile=&#8221;off&#8221; \/][\/et_pb_column][et_pb_column type=&#8221;3_5&#8243;][et_pb_text _builder_version=&#8221;3.15&#8243; header_4_line_height=&#8221;1.4em&#8221;]<\/p>\n<p>Att hantera detta problem kr\u00e4ver ett antal steg, bland annat hantering och avluftning av s\u00e5pa, separering av s\u00e5pa fr\u00e5n lut och separation av lut fr\u00e5n s\u00e5pan. Lundberg kan erbjuda ett komplett system f\u00f6r att hantera och samla in s\u00e5pa i ditt svartlutssystem. V\u00e5ra system omfattar Skumslakers f\u00f6r att bryta s\u00e5pan, koncentratorer f\u00f6r att avlufta s\u00e5pan, flytande s\u00e5paskummare f\u00f6r att samla in s\u00e5pan och s\u00e5pseparator f\u00f6r att f\u00e5 bort svartlut fr\u00e5n den insamlade s\u00e5pan.<\/p>\n<p>S\u00e5pa i svartlut \u00e4r vid sin l\u00e4gsta uppl\u00f6slighet halvv\u00e4gs genom en indunstningsupps\u00e4ttning. H\u00e4r kan s\u00e5pan dekantera fr\u00e5n lutet i en s\u00e5pskumningstank med en kontinuerlig rensningsmekanism som skummar s\u00e5pan fr\u00e5n toppen. Beroende p\u00e5 hur omsorgsfull man \u00e4r under stegen f\u00f6r \u00e5tervinning kan den separerade s\u00e5pan inneh\u00e5lla en stor m\u00e4ngd svartlut. Det kostar inte bara pengar att frakta svartluten till processanl\u00e4ggning f\u00f6r talloljan, utan det \u00e4r \u00e4ven ett problem vid oljeprocessanl\u00e4ggningen. Lundbergs s\u00e5paseparator \u00e4r konstruerad f\u00f6r att minska luthalten i s\u00e5pan till under 5 procent.<\/p>\n<p>[\/et_pb_text][\/et_pb_column][\/et_pb_row][\/et_pb_section]<\/p>\n","protected":false},"excerpt":{"rendered":"<p>I sulfatmassabruk d\u00e4r tall anv\u00e4nds \u00e4r talloljes\u00e5pa en viktig biprodukt s\u00e5v\u00e4l som ett gift i behandlingsystemet f\u00f6r spillvatten. D\u00e4rf\u00f6r \u00e4r det n\u00f6dv\u00e4ndigt att behandla skum och s\u00e5pa p\u00e5 bruket korrekt. Att hantera detta problem kr\u00e4ver ett antal steg, bland annat hantering och avluftning av s\u00e5pa, separering av s\u00e5pa fr\u00e5n lut och separation av lut fr\u00e5n [&hellip;]<\/p>\n","protected":false},"author":1,"featured_media":0,"parent":220609,"menu_order":0,"comment_status":"closed","ping_status":"closed","template":"","meta":{"_acf_changed":false,"_et_pb_use_builder":"on","_et_pb_old_content":"","_et_gb_content_width":"","_monsterinsights_skip_tracking":false,"_monsterinsights_sitenote_active":false,"_monsterinsights_sitenote_note":"","_monsterinsights_sitenote_category":0,"footnotes":""},"class_list":["post-220647","page","type-page","status-publish","hentry"],"acf":[],"_links":{"self":[{"href":"https:\/\/lundbergtechnologies.com\/sv\/wp-json\/wp\/v2\/pages\/220647","targetHints":{"allow":["GET"]}}],"collection":[{"href":"https:\/\/lundbergtechnologies.com\/sv\/wp-json\/wp\/v2\/pages"}],"about":[{"href":"https:\/\/lundbergtechnologies.com\/sv\/wp-json\/wp\/v2\/types\/page"}],"author":[{"embeddable":true,"href":"https:\/\/lundbergtechnologies.com\/sv\/wp-json\/wp\/v2\/users\/1"}],"replies":[{"embeddable":true,"href":"https:\/\/lundbergtechnologies.com\/sv\/wp-json\/wp\/v2\/comments?post=220647"}],"version-history":[{"count":0,"href":"https:\/\/lundbergtechnologies.com\/sv\/wp-json\/wp\/v2\/pages\/220647\/revisions"}],"up":[{"embeddable":true,"href":"https:\/\/lundbergtechnologies.com\/sv\/wp-json\/wp\/v2\/pages\/220609"}],"wp:attachment":[{"href":"https:\/\/lundbergtechnologies.com\/sv\/wp-json\/wp\/v2\/media?parent=220647"}],"curies":[{"name":"wp","href":"https:\/\/api.w.org\/{rel}","templated":true}]}}