{"id":220667,"date":"2019-02-27T19:33:51","date_gmt":"2019-02-28T02:33:51","guid":{"rendered":"https:\/\/lundbergtechnologies.com\/eftermarknad-och-reservdelar\/"},"modified":"2019-02-27T19:33:56","modified_gmt":"2019-02-28T02:33:56","slug":"eftermarknad-och-reservdelar","status":"publish","type":"page","link":"https:\/\/lundbergtechnologies.com\/sv\/kompetenser\/eftermarknad-och-reservdelar\/","title":{"rendered":"Eftermarknad och reservdelar"},"content":{"rendered":"<p>[et_pb_section fb_built=&#8221;1&#8243; custom_padding_last_edited=&#8221;on|phone&#8221; module_class=&#8221;vb-hero&#8221; _builder_version=&#8221;3.15&#8243; background_color_gradient_direction=&#8221;128deg&#8221; background_image=&#8221;\/wp-content\/uploads\/2018\/08\/lundberg_home_hero.jpg&#8221; background_position=&#8221;center_right&#8221; max_width_last_edited=&#8221;on|phone&#8221; custom_margin=&#8221;|||0px&#8221; custom_padding=&#8221;30px||30px||true&#8221; custom_padding_phone=&#8221;0px|0px|0px|0px&#8221;][et_pb_row use_custom_width=&#8221;on&#8221; width_unit=&#8221;off&#8221; custom_width_percent=&#8221;70%&#8221; custom_padding=&#8221;|||&#8221; custom_padding_tablet=&#8221;25px|||&#8221; custom_padding_phone=&#8221;38px|||&#8221; custom_margin=&#8221;|||39px&#8221; custom_padding_last_edited=&#8221;on|phone&#8221; _builder_version=&#8221;3.15&#8243; module_alignment=&#8221;left&#8221; custom_margin_tablet=&#8221;|||45px&#8221; custom_margin_phone=&#8221;|||0px&#8221; custom_margin_last_edited=&#8221;on|phone&#8221;][et_pb_column type=&#8221;4_4&#8243; _builder_version=&#8221;3.0.47&#8243; parallax=&#8221;off&#8221; parallax_method=&#8221;on&#8221;][et_pb_post_title meta=&#8221;off&#8221; featured_image=&#8221;off&#8221; module_class=&#8221;title-text&#8221; _builder_version=&#8221;3.15&#8243; title_font=&#8221;Lato|700|||||||&#8221; title_text_align=&#8221;left&#8221; title_font_size=&#8221;42px&#8221; title_font_size_tablet=&#8221;33px&#8221; title_font_size_phone=&#8221;26px&#8221; title_font_size_last_edited=&#8221;on|phone&#8221; background_color=&#8221;rgba(4,32,56,0.9)&#8221; custom_margin=&#8221;|100px|0px|&#8221; custom_margin_tablet=&#8221;|100px||&#8221; custom_margin_phone=&#8221;|60px||&#8221; custom_margin_last_edited=&#8221;on|phone&#8221; custom_padding=&#8221;33px||10px|35px&#8221; custom_padding_tablet=&#8221;30px|0px|15px|14px&#8221; custom_padding_phone=&#8221;|||7px&#8221; custom_padding_last_edited=&#8221;on|tablet&#8221;][\/et_pb_post_title][et_pb_text module_class=&#8221;title-sub-text&#8221; _builder_version=&#8221;3.15&#8243; text_text_color=&#8221;#ffffff&#8221; text_font_size=&#8221;18px&#8221; text_font_size_tablet=&#8221;17px&#8221; text_font_size_phone=&#8221;16px&#8221; text_font_size_last_edited=&#8221;on|phone&#8221; text_line_height=&#8221;1.6em&#8221; background_color=&#8221;#042038&#8243; custom_margin=&#8221;0px|100px|0px|&#8221; custom_margin_phone=&#8221;|60px||&#8221; custom_margin_last_edited=&#8221;on|phone&#8221; custom_padding=&#8221;10px|24px|34px|40px||false&#8221; custom_padding_tablet=&#8221;10px|20px||10px||false&#8221; custom_padding_phone=&#8221;10px|20px|18px|20px||true&#8221; custom_padding_last_edited=&#8221;on|desktop&#8221;]P\u00e5 Lundberg \u00e4r v\u00e5r fr\u00e4msta prioritet att tillf\u00f6rlitligt f\u00f6rse v\u00e5ra kunder med v\u00e5ra h\u00f6gkvalitativa eftermarknadsdelar och tj\u00e4nster.<\/p>\n<p>&nbsp;<br \/>\n[\/et_pb_text][\/et_pb_column][\/et_pb_row][\/et_pb_section][et_pb_section fb_built=&#8221;1&#8243; _builder_version=&#8221;3.0.47&#8243;][et_pb_row _builder_version=&#8221;3.15&#8243;][et_pb_column type=&#8221;2_5&#8243; _builder_version=&#8221;3.0.47&#8243; parallax=&#8221;off&#8221; parallax_method=&#8221;on&#8221;][et_pb_image src=&#8221;https:\/\/lundbergtechnologies.com\/wp-content\/uploads\/2018\/09\/aftermarket-spare-parts.jpg&#8221; always_center_on_mobile=&#8221;off&#8221; _builder_version=&#8221;3.15&#8243;][\/et_pb_image][\/et_pb_column][et_pb_column type=&#8221;3_5&#8243; _builder_version=&#8221;3.0.47&#8243; parallax=&#8221;off&#8221; parallax_method=&#8221;on&#8221;][et_pb_text _builder_version=&#8221;3.15&#8243; header_4_line_height=&#8221;1.4em&#8221;]<strong>F\u00f6rdelarna med att komma till Lundberg f\u00f6r dina eftermarknadsdelar och tj\u00e4nster omfattar:<\/strong><\/p>\n<ul>\n<li>V\u00e5r servicegrupp \u00e4r en av de mest erfarna i branschen med m\u00e5nga \u00e5rs erfarenhet av installation och service av v\u00e5r utrustning.<\/li>\n<li>Lundberg ger support efter f\u00f6rs\u00e4ljningen f\u00f6r v\u00e5r egenutvecklade utrustning, och vi har konstruktions- och materialspecifikationerna f\u00f6r dina originaldelar f\u00f6r att s\u00e4kerst\u00e4lla att de \u00e4r tillverkade med r\u00e4tt specifikationer.<\/li>\n<li>Lundberg levererar inte bara delar, utan har \u00e4ven kapacitet att skr\u00e4ddarsy ers\u00e4ttningsdelar efter behov.<\/li>\n<\/ul>\n<p><strong>V\u00e5ra eftermarknadstj\u00e4nster omfattar:<\/strong><\/p>\n<ul>\n<li>Reservdelar f\u00f6r v\u00e5r installerade utrustningsbas<\/li>\n<li>F\u00e4ltserviceinspektioner<\/li>\n<li>Reparationer och efterjustering av din befintliga utrustning<\/li>\n<li>Projekt\u00f6versikt<\/li>\n<li>Operat\u00f6rsutbildning<\/li>\n<\/ul>\n<p>[\/et_pb_text][\/et_pb_column][\/et_pb_row][\/et_pb_section][et_pb_section fb_built=&#8221;1&#8243; _builder_version=&#8221;3.15&#8243; background_color=&#8221;#ebebeb&#8221; custom_padding=&#8221;125px|||&#8221; top_divider_style=&#8221;ramp2&#8243; top_divider_color=&#8221;#ffffff&#8221; top_divider_height=&#8221;147px&#8221; top_divider_height_last_edited=&#8221;on|phone&#8221;][et_pb_row use_custom_width=&#8221;on&#8221; width_unit=&#8221;off&#8221; _builder_version=&#8221;3.15&#8243;][et_pb_column type=&#8221;4_4&#8243; _builder_version=&#8221;3.15&#8243; parallax=&#8221;off&#8221; parallax_method=&#8221;on&#8221;][et_pb_text module_class=&#8221;related_header&#8221; _builder_version=&#8221;3.15&#8243; text_font=&#8221;||||||||&#8221; header_font=&#8221;||||||||&#8221; header_3_font=&#8221;||||||||&#8221; header_3_font_size_tablet=&#8221;20px&#8221; header_3_font_size_last_edited=&#8221;on|phone&#8221; border_width_bottom=&#8221;1px&#8221; border_color_bottom=&#8221;rgba(4,32,56,0.15)&#8221; border_color_all=&#8221;#ffffff&#8221;]<\/p>\n<h3>Relaterade dokument<\/h3>\n<p>[\/et_pb_text][et_pb_text _builder_version=&#8221;3.15&#8243;]<\/p>\n\n<p>[\/et_pb_text][\/et_pb_column][\/et_pb_row][\/et_pb_section]<\/p>\n","protected":false},"excerpt":{"rendered":"<p>P\u00e5 Lundberg \u00e4r v\u00e5r fr\u00e4msta prioritet att tillf\u00f6rlitligt f\u00f6rse v\u00e5ra kunder med v\u00e5ra h\u00f6gkvalitativa eftermarknadsdelar och tj\u00e4nster. &nbsp; F\u00f6rdelarna med att komma till Lundberg f\u00f6r dina eftermarknadsdelar och tj\u00e4nster omfattar: V\u00e5r servicegrupp \u00e4r en av de mest erfarna i branschen med m\u00e5nga \u00e5rs erfarenhet av installation och service av v\u00e5r utrustning. Lundberg ger support efter [&hellip;]<\/p>\n","protected":false},"author":1,"featured_media":0,"parent":220671,"menu_order":0,"comment_status":"closed","ping_status":"closed","template":"","meta":{"_acf_changed":false,"_et_pb_use_builder":"on","_et_pb_old_content":"","_et_gb_content_width":"","_monsterinsights_skip_tracking":false,"_monsterinsights_sitenote_active":false,"_monsterinsights_sitenote_note":"","_monsterinsights_sitenote_category":0,"footnotes":""},"class_list":["post-220667","page","type-page","status-publish","hentry"],"acf":[],"_links":{"self":[{"href":"https:\/\/lundbergtechnologies.com\/sv\/wp-json\/wp\/v2\/pages\/220667","targetHints":{"allow":["GET"]}}],"collection":[{"href":"https:\/\/lundbergtechnologies.com\/sv\/wp-json\/wp\/v2\/pages"}],"about":[{"href":"https:\/\/lundbergtechnologies.com\/sv\/wp-json\/wp\/v2\/types\/page"}],"author":[{"embeddable":true,"href":"https:\/\/lundbergtechnologies.com\/sv\/wp-json\/wp\/v2\/users\/1"}],"replies":[{"embeddable":true,"href":"https:\/\/lundbergtechnologies.com\/sv\/wp-json\/wp\/v2\/comments?post=220667"}],"version-history":[{"count":0,"href":"https:\/\/lundbergtechnologies.com\/sv\/wp-json\/wp\/v2\/pages\/220667\/revisions"}],"up":[{"embeddable":true,"href":"https:\/\/lundbergtechnologies.com\/sv\/wp-json\/wp\/v2\/pages\/220671"}],"wp:attachment":[{"href":"https:\/\/lundbergtechnologies.com\/sv\/wp-json\/wp\/v2\/media?parent=220667"}],"curies":[{"name":"wp","href":"https:\/\/api.w.org\/{rel}","templated":true}]}}