{"id":220668,"date":"2019-02-27T19:35:47","date_gmt":"2019-02-28T02:35:47","guid":{"rendered":"https:\/\/lundbergtechnologies.com\/tjanster-for-projektering-upphandling-och-utforande-epc\/"},"modified":"2019-02-27T19:35:50","modified_gmt":"2019-02-28T02:35:50","slug":"tjanster-for-projektering-upphandling-och-utforande-epc","status":"publish","type":"page","link":"https:\/\/lundbergtechnologies.com\/sv\/kompetenser\/tjanster-for-projektering-upphandling-och-utforande-epc\/","title":{"rendered":"Tj\u00e4nster f\u00f6r projektering, upphandling och utf\u00f6rande (EPC)"},"content":{"rendered":"<p>[et_pb_section bb_built=&#8221;1&#8243; custom_padding_last_edited=&#8221;on|phone&#8221; module_class=&#8221;vb-hero&#8221; _builder_version=&#8221;3.15&#8243; background_color_gradient_direction=&#8221;128deg&#8221; background_image=&#8221;https:\/\/lundbergtechnologies.com\/wp-content\/uploads\/2018\/09\/installation-capabilitiesEvaporation-REX-Concentrator-Heater-Lift.jpg&#8221; background_position=&#8221;center_right&#8221; max_width_last_edited=&#8221;on|phone&#8221; custom_margin=&#8221;|||0px&#8221; custom_padding=&#8221;30px||30px||true&#8221; custom_padding_phone=&#8221;0px|0px|0px|0px&#8221; next_background_color=&#8221;#ffffff&#8221;][et_pb_row use_custom_width=&#8221;on&#8221; width_unit=&#8221;off&#8221; custom_width_percent=&#8221;70%&#8221; custom_padding=&#8221;|||&#8221; custom_padding_tablet=&#8221;25px|||&#8221; custom_padding_phone=&#8221;38px|||&#8221; custom_margin=&#8221;|||39px&#8221; custom_padding_last_edited=&#8221;on|phone&#8221; _builder_version=&#8221;3.15&#8243; module_alignment=&#8221;left&#8221; custom_margin_tablet=&#8221;|||45px&#8221; custom_margin_phone=&#8221;|||0px&#8221; custom_margin_last_edited=&#8221;on|phone&#8221;][et_pb_column type=&#8221;4_4&#8243;][et_pb_post_title meta=&#8221;off&#8221; featured_image=&#8221;off&#8221; module_class=&#8221;title-text&#8221; _builder_version=&#8221;3.15&#8243; title_font=&#8221;Lato|700|||||||&#8221; title_text_align=&#8221;left&#8221; title_font_size=&#8221;42px&#8221; title_font_size_tablet=&#8221;33px&#8221; title_font_size_phone=&#8221;26px&#8221; title_font_size_last_edited=&#8221;on|phone&#8221; background_color=&#8221;rgba(4,32,56,0.9)&#8221; custom_margin=&#8221;|100px|0px|&#8221; custom_margin_tablet=&#8221;|100px||&#8221; custom_margin_phone=&#8221;|60px||&#8221; custom_margin_last_edited=&#8221;on|phone&#8221; custom_padding=&#8221;33px||10px|35px&#8221; custom_padding_tablet=&#8221;30px|0px|15px|14px&#8221; custom_padding_phone=&#8221;|||7px&#8221; custom_padding_last_edited=&#8221;on|tablet&#8221;]<br \/>\n[\/et_pb_post_title][et_pb_text module_class=&#8221;title-sub-text&#8221; _builder_version=&#8221;3.15&#8243; text_text_color=&#8221;#ffffff&#8221; text_font_size=&#8221;18px&#8221; text_font_size_tablet=&#8221;17px&#8221; text_font_size_phone=&#8221;16px&#8221; text_font_size_last_edited=&#8221;on|phone&#8221; text_line_height=&#8221;1.6em&#8221; background_color=&#8221;#042038&#8243; custom_margin=&#8221;0px|100px|0px|&#8221; custom_margin_phone=&#8221;|60px||&#8221; custom_margin_last_edited=&#8221;on|phone&#8221; custom_padding=&#8221;10px|24px|34px|40px||false&#8221; custom_padding_tablet=&#8221;10px|20px||10px||false&#8221; custom_padding_phone=&#8221;10px|20px|18px|20px||true&#8221; custom_padding_last_edited=&#8221;on|desktop&#8221;]<\/p>\n<p>Fr\u00e5n koncept till idrifts\u00e4ttning och oms\u00e4ttning, vi fokuserar p\u00e5 den slutliga leveransen av v\u00e5ra kunders projekt \u2013 resultatet \u00e4r en h\u00f6gv\u00e4rdesinstallation som uppfyller din verksamhets krav.<\/p>\n<p>[\/et_pb_text][\/et_pb_column][\/et_pb_row][\/et_pb_section][et_pb_section bb_built=&#8221;1&#8243; _builder_version=&#8221;3.0.47&#8243; prev_background_color=&#8221;#000000&#8243;][et_pb_row _builder_version=&#8221;3.15&#8243;][et_pb_column type=&#8221;2_5&#8243;][et_pb_image src=&#8221;https:\/\/lundbergtechnologies.com\/wp-content\/uploads\/2018\/09\/Evaporation_resized-Falling-Film-Evaporator-Body.jpg&#8221; always_center_on_mobile=&#8221;off&#8221; _builder_version=&#8221;3.15&#8243;]<br \/>\n[\/et_pb_image][\/et_pb_column][et_pb_column type=&#8221;3_5&#8243;][et_pb_text _builder_version=&#8221;3.15&#8243; header_4_line_height=&#8221;1.4em&#8221;]<\/p>\n<p><strong>Lundberg har framg\u00e5ngsrikt slutf\u00f6rt m\u00e5nga projekt med projektering, upphandling och utf\u00f6rande (EPC) f\u00f6r v\u00e5ra kunder. Vi kan leverera l\u00f6sningar som uppfyller varje kunds krav.<\/strong><\/p>\n<p>EPC-projekt som leds av Lundberg kan ge v\u00e5ra kunder f\u00f6ljande f\u00f6rdelar:<\/p>\n<ul>\n<li>Projekt slutf\u00f6rs s\u00e4kert, i tid och inom budget<\/li>\n<li>En enda k\u00e4lla som erbjuder alla n\u00f6dv\u00e4ndiga ingenj\u00f6rs- och projektledningstj\u00e4nster, vilket tar bort behovet av flera olika konsulter och entrepren\u00f6rer<\/li>\n<li>Tajtare projektintegration f\u00e5r ned s\u00e5v\u00e4l projektkostnader som utf\u00f6randetiden<\/li>\n<li>Team med komplett kompetens erbjuder tj\u00e4nster och support inom, konstruktion, byggnation, tillverkning, upphandling, kvalitet, operat\u00f6rsutbildning och systemunderh\u00e5ll<\/li>\n<\/ul>\n<p>N\u00e4r vi p\u00e5 Lundberg genomf\u00f6r ett EPC-projekt anv\u00e4nde vi befintliga anl\u00e4ggningsspecifikationer n\u00e4r s\u00e5dana finns, och annars skapar vi nya specifikationer f\u00f6r kundgodk\u00e4nnande. Vidare kommer projektet anv\u00e4nda din anl\u00e4ggnings f\u00f6redragna utrustning och leverant\u00f6rer, s\u00e5v\u00e4l som lokala leverant\u00f6rer som erbjuder anl\u00e4ggningen support.<\/p>\n<p>[\/et_pb_text][\/et_pb_column][\/et_pb_row][\/et_pb_section]<\/p>\n","protected":false},"excerpt":{"rendered":"<p>Fr\u00e5n koncept till idrifts\u00e4ttning och oms\u00e4ttning, vi fokuserar p\u00e5 den slutliga leveransen av v\u00e5ra kunders projekt \u2013 resultatet \u00e4r en h\u00f6gv\u00e4rdesinstallation som uppfyller din verksamhets krav. Lundberg har framg\u00e5ngsrikt slutf\u00f6rt m\u00e5nga projekt med projektering, upphandling och utf\u00f6rande (EPC) f\u00f6r v\u00e5ra kunder. Vi kan leverera l\u00f6sningar som uppfyller varje kunds krav. EPC-projekt som leds av Lundberg [&hellip;]<\/p>\n","protected":false},"author":1,"featured_media":0,"parent":220671,"menu_order":0,"comment_status":"closed","ping_status":"closed","template":"","meta":{"_acf_changed":false,"_et_pb_use_builder":"on","_et_pb_old_content":"","_et_gb_content_width":"","_monsterinsights_skip_tracking":false,"_monsterinsights_sitenote_active":false,"_monsterinsights_sitenote_note":"","_monsterinsights_sitenote_category":0,"footnotes":""},"class_list":["post-220668","page","type-page","status-publish","hentry"],"acf":[],"_links":{"self":[{"href":"https:\/\/lundbergtechnologies.com\/sv\/wp-json\/wp\/v2\/pages\/220668","targetHints":{"allow":["GET"]}}],"collection":[{"href":"https:\/\/lundbergtechnologies.com\/sv\/wp-json\/wp\/v2\/pages"}],"about":[{"href":"https:\/\/lundbergtechnologies.com\/sv\/wp-json\/wp\/v2\/types\/page"}],"author":[{"embeddable":true,"href":"https:\/\/lundbergtechnologies.com\/sv\/wp-json\/wp\/v2\/users\/1"}],"replies":[{"embeddable":true,"href":"https:\/\/lundbergtechnologies.com\/sv\/wp-json\/wp\/v2\/comments?post=220668"}],"version-history":[{"count":0,"href":"https:\/\/lundbergtechnologies.com\/sv\/wp-json\/wp\/v2\/pages\/220668\/revisions"}],"up":[{"embeddable":true,"href":"https:\/\/lundbergtechnologies.com\/sv\/wp-json\/wp\/v2\/pages\/220671"}],"wp:attachment":[{"href":"https:\/\/lundbergtechnologies.com\/sv\/wp-json\/wp\/v2\/media?parent=220668"}],"curies":[{"name":"wp","href":"https:\/\/api.w.org\/{rel}","templated":true}]}}