{"id":220671,"date":"2019-02-27T19:42:16","date_gmt":"2019-02-28T02:42:16","guid":{"rendered":"https:\/\/lundbergtechnologies.com\/kompetenser\/"},"modified":"2019-02-27T19:42:20","modified_gmt":"2019-02-28T02:42:20","slug":"kompetenser","status":"publish","type":"page","link":"https:\/\/lundbergtechnologies.com\/sv\/kompetenser\/","title":{"rendered":"Kompetenser"},"content":{"rendered":"<p>[et_pb_section fb_built=&#8221;1&#8243; custom_padding_last_edited=&#8221;on|phone&#8221; module_class=&#8221;vb-hero&#8221; _builder_version=&#8221;3.15&#8243; use_background_color_gradient=&#8221;on&#8221; background_color_gradient_start=&#8221;rgba(0,75,141,0.96)&#8221; background_color_gradient_end=&#8221;rgba(0,75,141,0)&#8221; background_color_gradient_direction=&#8221;128deg&#8221; background_color_gradient_start_position=&#8221;45%&#8221; background_color_gradient_end_position=&#8221;27%&#8221; background_color_gradient_overlays_image=&#8221;on&#8221; background_image=&#8221;https:\/\/lundbergtechnologies.com\/wp-content\/uploads\/2018\/09\/Capabilities.jpg&#8221; background_position=&#8221;top_right&#8221; background_repeat=&#8221;repeat-x&#8221; max_width_last_edited=&#8221;on|phone&#8221; custom_margin=&#8221;|||0px&#8221; custom_padding=&#8221;30px||30px||true&#8221; custom_padding_phone=&#8221;0px|0px|0px|0px&#8221;][et_pb_row custom_padding=&#8221;50px|||&#8221; custom_padding_tablet=&#8221;25px|||&#8221; custom_padding_phone=&#8221;38px|||&#8221; custom_margin=&#8221;|0px||44px&#8221; custom_padding_last_edited=&#8221;on|phone&#8221; _builder_version=&#8221;3.14&#8243; module_alignment=&#8221;left&#8221; custom_margin_phone=&#8221;|||0px&#8221; custom_margin_last_edited=&#8221;on|phone&#8221;][et_pb_column type=&#8221;4_4&#8243; _builder_version=&#8221;3.0.47&#8243; parallax=&#8221;off&#8221; parallax_method=&#8221;on&#8221;][et_pb_post_title meta=&#8221;off&#8221; featured_image=&#8221;off&#8221; _builder_version=&#8221;3.15&#8243; title_font=&#8221;Lato|700|||||||&#8221; title_text_align=&#8221;left&#8221; title_font_size=&#8221;42px&#8221; title_font_size_tablet=&#8221;33px&#8221; title_font_size_phone=&#8221;26px&#8221; title_font_size_last_edited=&#8221;on|phone&#8221; background_color=&#8221;#042038&#8243; max_width=&#8221;68%&#8221; max_width_tablet=&#8221;57%&#8221; max_width_phone=&#8221;68%&#8221; max_width_last_edited=&#8221;on|phone&#8221; custom_margin=&#8221;|100px|0px|&#8221; custom_margin_tablet=&#8221;|100px||&#8221; custom_margin_phone=&#8221;|60px||&#8221; custom_margin_last_edited=&#8221;on|phone&#8221; custom_padding=&#8221;33px||10px|35px&#8221; custom_padding_tablet=&#8221;30px|0px|15px|14px&#8221; custom_padding_phone=&#8221;|||7px&#8221; custom_padding_last_edited=&#8221;on|tablet&#8221;]&nbsp;<br \/>\n[\/et_pb_post_title][et_pb_text _builder_version=&#8221;3.15&#8243; text_font=&#8221;||||||||&#8221; text_text_color=&#8221;#ffffff&#8221; text_font_size=&#8221;18px&#8221; text_font_size_tablet=&#8221;17px&#8221; text_font_size_phone=&#8221;16px&#8221; text_font_size_last_edited=&#8221;on|phone&#8221; text_line_height=&#8221;1.6em&#8221; background_color=&#8221;#042038&#8243; max_width=&#8221;68%&#8221; max_width_tablet=&#8221;57%&#8221; max_width_phone=&#8221;68%&#8221; max_width_last_edited=&#8221;on|phone&#8221; custom_margin=&#8221;0px|100px|0px|&#8221; custom_margin_phone=&#8221;|60px||&#8221; custom_margin_last_edited=&#8221;on|phone&#8221; custom_padding=&#8221;10px|24px|34px|40px||false&#8221; custom_padding_tablet=&#8221;10px|20px||10px||false&#8221; custom_padding_phone=&#8221;10px|20px|18px|20px||true&#8221; custom_padding_last_edited=&#8221;on|desktop&#8221;]Lundberg har resurserna och kompetensen att uppfylla dina projektbehov, oavsett vilka de \u00e4r.<br \/>\n[\/et_pb_text][\/et_pb_column][\/et_pb_row][\/et_pb_section][et_pb_section fb_built=&#8221;1&#8243; _builder_version=&#8221;3.15&#8243; background_color=&#8221;#ffffff&#8221; custom_margin=&#8221;0px||0px|&#8221; custom_padding=&#8221;82px||82px|0px|true&#8221; top_divider_color=&#8221;#004b8d&#8221; bottom_divider_color=&#8221;#004b8d&#8221; bottom_divider_height_last_edited=&#8221;on|desktop&#8221;][et_pb_row use_custom_width=&#8221;on&#8221; width_unit=&#8221;off&#8221; custom_padding=&#8221;||71px|&#8221; custom_margin=&#8221;0px||1px|&#8221; custom_padding_last_edited=&#8221;on|desktop&#8221; padding_top_bottom_link_1=&#8221;false&#8221; padding_left_right_link_1=&#8221;true&#8221; padding_top_1=&#8221;0px&#8221; padding_bottom_1=&#8221;0px&#8221; _builder_version=&#8221;3.15&#8243;][et_pb_column type=&#8221;4_4&#8243; _builder_version=&#8221;3.0.47&#8243; padding_bottom=&#8221;0px&#8221; padding_top=&#8221;0px&#8221; parallax=&#8221;off&#8221; parallax_method=&#8221;on&#8221;][et_pb_text _builder_version=&#8221;3.15&#8243; header_font=&#8221;||||||||&#8221; header_2_font=&#8221;||||||||&#8221; header_2_text_color=&#8221;#003c72&#8243; header_2_font_size=&#8221;27px&#8221; header_2_line_height=&#8221;1.7em&#8221; header_4_font=&#8221;||||||||&#8221; header_4_line_height=&#8221;1.7em&#8221; custom_margin=&#8221;||-1px|&#8221; custom_padding=&#8221;0px||0px||true&#8221;]<\/p>\n<h2>Teknikkompetensen uppfyller kundernas f\u00f6rv\u00e4ntningar<\/h2>\n<p>Fr\u00e5n sm\u00e5 ingenj\u00f6rstekniska studier till stora nyckelf\u00e4rdiga m\u00e5ngmiljonsinstallationer. Lundberg har meriterna som bevisar att vi kan leverera tillf\u00f6rlitligt i tid och p\u00e5 budget. V\u00e5ra tekniska granskningar kan hj\u00e4lpa dig att hitta problemen i befintliga system eller utveckla en projektomfattning f\u00f6r ett nytt system.<\/p>\n<p>N\u00e4r ett system har k\u00f6pts in, d\u00e5 kommer Lundberg att erbjuda processdesignen f\u00f6r ditt system, s\u00e5v\u00e4l som att konstruera och leverera all utrustning som beh\u00f6vs f\u00f6r att driva systemet. Vi erbjuder \u00e4ven komplett detaljerade teknikdesigntj\u00e4nster, bland annat civila, mekaniska, r\u00f6rledning, instrument och elektriska. Och Lundberg erbjuder installationstj\u00e4nster som g\u00e5r fr\u00e5n byggchefer p\u00e5 plats till hela EPC-projekt.<br \/>\n[\/et_pb_text][\/et_pb_column][\/et_pb_row][\/et_pb_section][et_pb_section fb_built=&#8221;1&#8243; fullwidth=&#8221;on&#8221; _builder_version=&#8221;3.15&#8243;][\/et_pb_section][et_pb_section fb_built=&#8221;1&#8243; _builder_version=&#8221;3.15&#8243; use_background_color_gradient=&#8221;on&#8221; background_color_gradient_start=&#8221;rgba(235,235,235,0.17)&#8221; background_color_gradient_end=&#8221;#ebebeb&#8221; custom_padding=&#8221;0px||0px|&#8221;][et_pb_row make_fullwidth=&#8221;on&#8221; use_custom_gutter=&#8221;on&#8221; gutter_width=&#8221;1&#8243; custom_padding=&#8221;0px||0px|&#8221; make_equal=&#8221;on&#8221; padding_left_right_link_2=&#8221;true&#8221; padding_right_2=&#8221;50px&#8221; padding_left_2=&#8221;50px&#8221; module_class_1=&#8221;image-column&#8221; module_class=&#8221;fifty-fifty&#8221; _builder_version=&#8221;3.15&#8243; border_color_bottom=&#8221;#004b8d&#8221;][et_pb_column type=&#8221;2_5&#8243; _builder_version=&#8221;3.0.47&#8243; parallax=&#8221;off&#8221; parallax_method=&#8221;on&#8221; module_class=&#8221;image-column&#8221;][et_pb_image src=&#8221;https:\/\/lundbergtechnologies.com\/wp-content\/uploads\/2018\/09\/contact_us.jpg&#8221; show_bottom_space=&#8221;off&#8221; _builder_version=&#8221;3.15&#8243;][\/et_pb_image][\/et_pb_column][et_pb_column type=&#8221;3_5&#8243; _builder_version=&#8221;3.0.47&#8243; padding_left=&#8221;50px&#8221; padding_right=&#8221;50px&#8221; parallax=&#8221;off&#8221; parallax_method=&#8221;on&#8221;][et_pb_text _builder_version=&#8221;3.15&#8243; header_font=&#8221;||||||||&#8221; header_3_font=&#8221;||||||||&#8221; header_3_text_color=&#8221;#004b8d&#8221; header_3_font_size=&#8221;23px&#8221; header_3_font_size_tablet=&#8221;21px&#8221; header_3_font_size_phone=&#8221;19px&#8221; header_3_font_size_last_edited=&#8221;on|phone&#8221; header_3_line_height=&#8221;1.7em&#8221; custom_padding=&#8221;5%||0px|0px&#8221;]<\/p>\n<h3>Ingenj\u00f6rstekniska studier och revisioner<\/h3>\n<p>Lundberg kommer att erbjuda en revision av dina nuvarande anl\u00e4ggningssystem i ett antal syften, bland annat: strategier f\u00f6r kostnadsbesparingar f\u00f6r processystem, \u00f6kad systemkapacitet, systems\u00e4kerhet, systemeffektivitet, f\u00f6rb\u00e4ttrad stabilitet av l\u00e4tthanterlighet och probleml\u00f6sning samt integrera ett system med ett annat eller ett framtida system. Varje granskning \u00e4r skr\u00e4ddarsydd efter kundens specifika behov och kan omfatta ett antal av de angivna omr\u00e5dena.<br \/>\n[\/et_pb_text][et_pb_button button_url=&#8221;https:\/\/lundbergtechnologies.com\/sv\/ingenjorstekniska-studier-och-revisioner\/&#8221; button_text=&#8221;L\u00c4S MER&#8221; _builder_version=&#8221;3.15&#8243; background_layout=&#8221;dark&#8221; custom_margin=&#8221;20px||5%|&#8221; custom_padding=&#8221;||0%|&#8221;][\/et_pb_button][\/et_pb_column][\/et_pb_row][\/et_pb_section][et_pb_section fb_built=&#8221;1&#8243; _builder_version=&#8221;3.15&#8243; use_background_color_gradient=&#8221;on&#8221; background_color_gradient_start=&#8221;rgba(235,235,235,0.17)&#8221; background_color_gradient_end=&#8221;#ebebeb&#8221; custom_padding=&#8221;0px||0px|&#8221;][et_pb_row make_fullwidth=&#8221;on&#8221; use_custom_gutter=&#8221;on&#8221; gutter_width=&#8221;1&#8243; custom_padding=&#8221;0px||0px|&#8221; make_equal=&#8221;on&#8221; padding_left_right_link_1=&#8221;true&#8221; padding_right_1=&#8221;50px&#8221; padding_left_1=&#8221;50px&#8221; module_class_2=&#8221;image-column&#8221; module_class=&#8221;fifty-fifty reorder&#8221; _builder_version=&#8221;3.15&#8243; border_color_bottom=&#8221;#004b8d&#8221;][et_pb_column type=&#8221;3_5&#8243; _builder_version=&#8221;3.0.47&#8243; padding_left=&#8221;50px&#8221; padding_right=&#8221;50px&#8221; parallax=&#8221;off&#8221; parallax_method=&#8221;on&#8221;][et_pb_text _builder_version=&#8221;3.15&#8243; header_font=&#8221;||||||||&#8221; header_2_font=&#8221;||||||||&#8221; header_2_line_height=&#8221;1.7em&#8221; header_3_font=&#8221;||||||||&#8221; header_3_text_color=&#8221;#004b8d&#8221; header_3_font_size=&#8221;23px&#8221; header_3_font_size_tablet=&#8221;21px&#8221; header_3_font_size_phone=&#8221;19px&#8221; header_3_font_size_last_edited=&#8221;on|phone&#8221; header_3_line_height=&#8221;1.7em&#8221; custom_padding=&#8221;5%||0px|0px&#8221;]<\/p>\n<h3>Processteknik och stor utrustning<\/h3>\n<p>Lundberg erbjuder processtekniktj\u00e4nster, framf\u00f6rallt i samband med ett processystem som k\u00f6pts fr\u00e5n Lundberg. Men vi erbjuder emellertid processystemtj\u00e4nster i form av prestandagranskningar och studier av befintliga system. Lundberg erbjuder vanligtvis processteknik som omfattar processfl\u00f6desdiagram, r\u00f6rledning och instrumentdiagram (P&#038;IDs), ritningar, instrumentspecifikationer, allm\u00e4nna anordningar och drift- samt underh\u00e5llsmanualer.<br \/>\nLundberg erbjuder \u00e4ven alla stora utrustningssystem f\u00f6r processystem som k\u00f6ps av oss. I v\u00e5rt utbud finns \u00e4ven pumpar och motorer, instrument, processr\u00f6rledningar, st\u00f6dsst\u00e5l, \u00e5tkomstplattformar osv.<\/p>\n<p>[\/et_pb_text][et_pb_button button_url=&#8221;https:\/\/lundbergtechnologies.com\/sv\/processteknik-och-stor-utrustning\/&#8221; button_text=&#8221;L\u00c4S MER&#8221; _builder_version=&#8221;3.15&#8243; background_layout=&#8221;dark&#8221; custom_margin=&#8221;20px||5%|&#8221; custom_padding=&#8221;||0%|&#8221;][\/et_pb_button][\/et_pb_column][et_pb_column type=&#8221;2_5&#8243; _builder_version=&#8221;3.0.47&#8243; parallax=&#8221;off&#8221; parallax_method=&#8221;on&#8221; module_class=&#8221;image-column&#8221;][et_pb_image src=&#8221;https:\/\/lundbergtechnologies.com\/wp-content\/uploads\/2018\/09\/process-engineering.jpg&#8221; _builder_version=&#8221;3.15&#8243;][\/et_pb_image][\/et_pb_column][\/et_pb_row][\/et_pb_section][et_pb_section fb_built=&#8221;1&#8243; _builder_version=&#8221;3.15&#8243; use_background_color_gradient=&#8221;on&#8221; background_color_gradient_start=&#8221;rgba(235,235,235,0.17)&#8221; background_color_gradient_end=&#8221;#ebebeb&#8221; custom_padding=&#8221;0px||0px|&#8221;][et_pb_row make_fullwidth=&#8221;on&#8221; use_custom_gutter=&#8221;on&#8221; gutter_width=&#8221;1&#8243; custom_padding=&#8221;0px||0px|&#8221; make_equal=&#8221;on&#8221; padding_left_right_link_2=&#8221;true&#8221; padding_right_2=&#8221;50px&#8221; padding_left_2=&#8221;50px&#8221; module_class_1=&#8221;image-column&#8221; module_class=&#8221;fifty-fifty&#8221; _builder_version=&#8221;3.15&#8243; border_color_bottom=&#8221;#004b8d&#8221;][et_pb_column type=&#8221;2_5&#8243; _builder_version=&#8221;3.0.47&#8243; parallax=&#8221;off&#8221; parallax_method=&#8221;on&#8221; module_class=&#8221;image-column&#8221;][et_pb_image src=&#8221;https:\/\/lundbergtechnologies.com\/wp-content\/uploads\/2018\/09\/Evaporation-Falling-Film-Concentrators.jpg&#8221; _builder_version=&#8221;3.15&#8243;][\/et_pb_image][\/et_pb_column][et_pb_column type=&#8221;3_5&#8243; _builder_version=&#8221;3.0.47&#8243; padding_left=&#8221;50px&#8221; padding_right=&#8221;50px&#8221; parallax=&#8221;off&#8221; parallax_method=&#8221;on&#8221;][et_pb_text _builder_version=&#8221;3.15&#8243; header_font=&#8221;||||||||&#8221; header_3_font=&#8221;||||||||&#8221; header_3_text_color=&#8221;#004b8d&#8221; header_3_font_size=&#8221;23px&#8221; header_3_font_size_tablet=&#8221;21px&#8221; header_3_font_size_phone=&#8221;19px&#8221; header_3_font_size_last_edited=&#8221;on|phone&#8221; header_3_line_height=&#8221;1.7em&#8221; custom_padding=&#8221;5%||0px|0px&#8221;]<\/p>\n<h3>Tj\u00e4nster f\u00f6r projektering, upphandling och utf\u00f6rande (EPC)<\/h3>\n<p><span>Lundberg \u00e4r en ledande leverant\u00f6r av EPC-projekt. Varje st\u00f6rre system som vi erbjuder passar f\u00f6r installation p\u00e5 en nyckelf\u00e4rdig basis. Projektet kan vara s\u00e5 litet som byte av r\u00f6r till en v\u00e4rmev\u00e4xlare, upp till installationen av ett komplett processystem. F\u00f6rdelarna med ett EPC-projekt f\u00f6r kunden \u00e4r direkt kommunikation mellan leverant\u00f6ren och slutanv\u00e4ndaren, f\u00e4rre konstruktionsmisstag p\u00e5 grund av bristande processf\u00f6rst\u00e5else, s\u00e4nkt projektpris, fast kontraktspris och snabbare projektschema.<\/span><\/p>\n<p>[\/et_pb_text][et_pb_button button_url=&#8221;https:\/\/lundbergtechnologies.com\/sv\/tjanster-for-projektering-upphandling-och-utforande-epc\/&#8221; button_text=&#8221;L\u00c4S MER&#8221; _builder_version=&#8221;3.15&#8243; background_layout=&#8221;dark&#8221; custom_margin=&#8221;20px||5%|&#8221; custom_padding=&#8221;||0%|&#8221;][\/et_pb_button][\/et_pb_column][\/et_pb_row][\/et_pb_section][et_pb_section fb_built=&#8221;1&#8243; _builder_version=&#8221;3.15&#8243; use_background_color_gradient=&#8221;on&#8221; background_color_gradient_start=&#8221;rgba(235,235,235,0.17)&#8221; background_color_gradient_end=&#8221;#ebebeb&#8221; custom_padding=&#8221;0px||0px|&#8221;][et_pb_row make_fullwidth=&#8221;on&#8221; use_custom_gutter=&#8221;on&#8221; gutter_width=&#8221;1&#8243; custom_padding=&#8221;0px||0px|&#8221; make_equal=&#8221;on&#8221; padding_left_right_link_1=&#8221;true&#8221; padding_right_1=&#8221;50px&#8221; padding_left_1=&#8221;50px&#8221; module_class_2=&#8221;image-column&#8221; module_class=&#8221;fifty-fifty reorder&#8221; _builder_version=&#8221;3.15&#8243; border_color_bottom=&#8221;#004b8d&#8221;][et_pb_column type=&#8221;3_5&#8243; _builder_version=&#8221;3.0.47&#8243; padding_left=&#8221;50px&#8221; padding_right=&#8221;50px&#8221; parallax=&#8221;off&#8221; parallax_method=&#8221;on&#8221;][et_pb_text _builder_version=&#8221;3.15&#8243; header_font=&#8221;||||||||&#8221; header_3_font=&#8221;||||||||&#8221; header_3_text_color=&#8221;#004b8d&#8221; header_3_font_size=&#8221;23px&#8221; header_3_font_size_tablet=&#8221;21px&#8221; header_3_font_size_phone=&#8221;19px&#8221; header_3_font_size_last_edited=&#8221;on|phone&#8221; header_3_line_height=&#8221;1.7em&#8221; custom_padding=&#8221;5%||0px|0px&#8221;]<\/p>\n<h3>Eftermarknad och reservdelar<\/h3>\n<p><span>Lundberg erbjuder ett omfattande utbud med eftermarknadstj\u00e4nster. Vi erbjuder inspektioner, ombyggnationer, reservdelar och produktf\u00f6rb\u00e4ttringar f\u00f6r alla processystem och utrustning inom v\u00e5rt expertisomr\u00e5de.<\/span><\/p>\n<p>[\/et_pb_text][et_pb_button button_url=&#8221;https:\/\/lundbergtechnologies.com\/sv\/eftermarknad-och-reservdelar\/&#8221; button_text=&#8221;L\u00c4S MER&#8221; _builder_version=&#8221;3.15&#8243; background_layout=&#8221;dark&#8221; custom_margin=&#8221;20px||5%|&#8221; custom_padding=&#8221;||0%|&#8221;][\/et_pb_button][\/et_pb_column][et_pb_column type=&#8221;2_5&#8243; _builder_version=&#8221;3.0.47&#8243; parallax=&#8221;off&#8221; parallax_method=&#8221;on&#8221; module_class=&#8221;image-column&#8221;][et_pb_image src=&#8221;https:\/\/lundbergtechnologies.com\/wp-content\/uploads\/2018\/09\/Evaporation-Concentrator-Vapor-Bodies.jpg&#8221; _builder_version=&#8221;3.15&#8243;][\/et_pb_image][\/et_pb_column][\/et_pb_row][\/et_pb_section]<\/p>\n","protected":false},"excerpt":{"rendered":"<p>&nbsp; Lundberg har resurserna och kompetensen att uppfylla dina projektbehov, oavsett vilka de \u00e4r. Teknikkompetensen uppfyller kundernas f\u00f6rv\u00e4ntningar Fr\u00e5n sm\u00e5 ingenj\u00f6rstekniska studier till stora nyckelf\u00e4rdiga m\u00e5ngmiljonsinstallationer. Lundberg har meriterna som bevisar att vi kan leverera tillf\u00f6rlitligt i tid och p\u00e5 budget. V\u00e5ra tekniska granskningar kan hj\u00e4lpa dig att hitta problemen i befintliga system eller utveckla [&hellip;]<\/p>\n","protected":false},"author":1,"featured_media":0,"parent":0,"menu_order":0,"comment_status":"closed","ping_status":"closed","template":"","meta":{"_acf_changed":false,"_et_pb_use_builder":"on","_et_pb_old_content":"","_et_gb_content_width":"","_monsterinsights_skip_tracking":false,"_monsterinsights_sitenote_active":false,"_monsterinsights_sitenote_note":"","_monsterinsights_sitenote_category":0,"footnotes":""},"class_list":["post-220671","page","type-page","status-publish","hentry"],"acf":[],"_links":{"self":[{"href":"https:\/\/lundbergtechnologies.com\/sv\/wp-json\/wp\/v2\/pages\/220671","targetHints":{"allow":["GET"]}}],"collection":[{"href":"https:\/\/lundbergtechnologies.com\/sv\/wp-json\/wp\/v2\/pages"}],"about":[{"href":"https:\/\/lundbergtechnologies.com\/sv\/wp-json\/wp\/v2\/types\/page"}],"author":[{"embeddable":true,"href":"https:\/\/lundbergtechnologies.com\/sv\/wp-json\/wp\/v2\/users\/1"}],"replies":[{"embeddable":true,"href":"https:\/\/lundbergtechnologies.com\/sv\/wp-json\/wp\/v2\/comments?post=220671"}],"version-history":[{"count":0,"href":"https:\/\/lundbergtechnologies.com\/sv\/wp-json\/wp\/v2\/pages\/220671\/revisions"}],"wp:attachment":[{"href":"https:\/\/lundbergtechnologies.com\/sv\/wp-json\/wp\/v2\/media?parent=220671"}],"curies":[{"name":"wp","href":"https:\/\/api.w.org\/{rel}","templated":true}]}}